{"id":675,"date":"2025-01-31T10:27:24","date_gmt":"2025-01-31T09:27:24","guid":{"rendered":"https:\/\/ellypara.com\/?post_type=product&#038;p=675"},"modified":"2025-01-31T10:27:24","modified_gmt":"2025-01-31T09:27:24","slug":"gum-brosse-a-dents-activital-souple-581","status":"publish","type":"product","link":"https:\/\/ellypara.com\/index.php\/produit\/gum-brosse-a-dents-activital-souple-581\/","title":{"rendered":"Gum Brosse \u00e0 Dents ActiVital Souple 581"},"content":{"rendered":"<p><strong>Gum ActiVital Brosse \u00c0 Dents Ultra Compacte Souple 581<\/strong>\u00a0est con\u00e7ue pour pr\u00e9server les dents et gencives au quotidien.<\/p>\n<p>Ses micro-brins, en touffes triangulaires et rectangulaires, s\u2019ajustent \u00e0 la forme de la dent, contribuant \u00e0 l\u2019\u00e9limination de la plaque m\u00eame dans les zones difficiles d\u2019acc\u00e8s, telles que les espaces interdentaires et le sillon gingival. Sa t\u00eate ultra-compacte offre un acc\u00e8s plus ais\u00e9 aux zones difficiles \u00e0 atteindre.<\/p>\n<p>Capuchon hygi\u00e9nique fourni.<\/p>\n<p><strong>Mode d\u2019emploi<\/strong><\/p>\n<p>Mouiller la brosse et ajouter une dose de dentifrice.<\/p>\n<p>Placer la brosse \u00e0 dents \u00e0 un angle de 45\u00b0 avec les gencives et brosser en mouvements circulaires sans appuyer trop fort.<\/p>\n<p>Le temps de brossage doit \u00eatre d\u2019au moins 2 minutes, pour toutes les surfaces dentaires.<\/p>\n<p>Se brosser la langue ou utiliser un gratte-langue, pour \u00e9liminer les bact\u00e9ries restantes et garder l\u2019haleine fra\u00eeche.<\/p>\n<p>Se rincer la bouche.<\/p>\n<p><strong>Composition<\/strong><\/p>\n<p>Manche ergonomique et cou tr\u00e8s fin.<\/p>\n<p><strong>Conseil<\/strong><\/p>\n<p>Pour maintenir une bonne hygi\u00e8ne bucco-dentaire, il est n\u00e9cessaire de se brosser les dents avec un dentifrice fluor\u00e9 deux \u00e0 trois fois par jour, dont une le soir. Une dur\u00e9e de 2 minutes est n\u00e9cessaire pour assurer un bon nettoyage. Vous pouvez compl\u00e9ter votre routine d\u2019hygi\u00e8ne buccale avec l\u2019utilisation d\u2019un gratte-langue, d\u2019une brossette interdentaire et d\u2019un bain de bouche afin d\u2019atteindre les coins les moins accessibles.<\/p>\n<p>Les poils de la brosse s\u2019usant avec le temps, il est donc conseill\u00e9 de changer de brosse tous les 3 mois, voire plus t\u00f4t en cas de d\u00e9t\u00e9rioration \u00e9vidente. N\u2019oubliez pas que si l\u2019extr\u00e9mit\u00e9 des poils est tr\u00e8s endommag\u00e9e, elle peut ne pas offrir un nettoyage optimal et risque de provoquer des micro-traumatismes aux gencives.<\/p>\n<p>Il est important de consulter r\u00e9guli\u00e8rement votre dentiste pour assurer une bonne hygi\u00e8ne et une bonne sant\u00e9 bucco-dentaire.<\/p>\n","protected":false},"excerpt":{"rendered":"<div class=\"product-short-description\">\n<p>La brosse \u00e0 dents Gum Activital 581 est une brosse \u00e0 dents manuelle pour r\u00e9duire la gingivite et pr\u00e9venir les \u00e9ventuels probl\u00e8mes dentaires avant qu\u2019ils ne surviennent.<\/p>\n<\/div>\n<form class=\"cart\" action=\"https:\/\/www.maparatunisie.tn\/produit\/gum-brosse-a-dents-activital-souple-compact-581\/\" enctype=\"multipart\/form-data\" method=\"post\">\n<div class=\"ux-quantity quantity buttons_added\"><\/div>\n<\/form>\n","protected":false},"featured_media":676,"comment_status":"open","ping_status":"closed","template":"","meta":{"ocean_post_layout":"","ocean_both_sidebars_style":"","ocean_both_sidebars_content_width":0,"ocean_both_sidebars_sidebars_width":0,"ocean_sidebar":"0","ocean_second_sidebar":"0","ocean_disable_margins":"enable","ocean_add_body_class":"","ocean_shortcode_before_top_bar":"","ocean_shortcode_after_top_bar":"","ocean_shortcode_before_header":"","ocean_shortcode_after_header":"","ocean_has_shortcode":"","ocean_shortcode_after_title":"","ocean_shortcode_before_footer_widgets":"","ocean_shortcode_after_footer_widgets":"","ocean_shortcode_before_footer_bottom":"","ocean_shortcode_after_footer_bottom":"","ocean_display_top_bar":"default","ocean_display_header":"default","ocean_header_style":"","ocean_center_header_left_menu":"0","ocean_custom_header_template":"0","ocean_custom_logo":0,"ocean_custom_retina_logo":0,"ocean_custom_logo_max_width":0,"ocean_custom_logo_tablet_max_width":0,"ocean_custom_logo_mobile_max_width":0,"ocean_custom_logo_max_height":0,"ocean_custom_logo_tablet_max_height":0,"ocean_custom_logo_mobile_max_height":0,"ocean_header_custom_menu":"0","ocean_menu_typo_font_family":"0","ocean_menu_typo_font_subset":"","ocean_menu_typo_font_size":0,"ocean_menu_typo_font_size_tablet":0,"ocean_menu_typo_font_size_mobile":0,"ocean_menu_typo_font_size_unit":"px","ocean_menu_typo_font_weight":"","ocean_menu_typo_font_weight_tablet":"","ocean_menu_typo_font_weight_mobile":"","ocean_menu_typo_transform":"","ocean_menu_typo_transform_tablet":"","ocean_menu_typo_transform_mobile":"","ocean_menu_typo_line_height":0,"ocean_menu_typo_line_height_tablet":0,"ocean_menu_typo_line_height_mobile":0,"ocean_menu_typo_line_height_unit":"","ocean_menu_typo_spacing":0,"ocean_menu_typo_spacing_tablet":0,"ocean_menu_typo_spacing_mobile":0,"ocean_menu_typo_spacing_unit":"","ocean_menu_link_color":"","ocean_menu_link_color_hover":"","ocean_menu_link_color_active":"","ocean_menu_link_background":"","ocean_menu_link_hover_background":"","ocean_menu_link_active_background":"","ocean_menu_social_links_bg":"","ocean_menu_social_hover_links_bg":"","ocean_menu_social_links_color":"","ocean_menu_social_hover_links_color":"","ocean_disable_title":"default","ocean_disable_heading":"default","ocean_post_title":"","ocean_post_subheading":"","ocean_post_title_style":"","ocean_post_title_background_color":"","ocean_post_title_background":0,"ocean_post_title_bg_image_position":"","ocean_post_title_bg_image_attachment":"","ocean_post_title_bg_image_repeat":"","ocean_post_title_bg_image_size":"","ocean_post_title_height":0,"ocean_post_title_bg_overlay":0.5,"ocean_post_title_bg_overlay_color":"","ocean_disable_breadcrumbs":"default","ocean_breadcrumbs_color":"","ocean_breadcrumbs_separator_color":"","ocean_breadcrumbs_links_color":"","ocean_breadcrumbs_links_hover_color":"","ocean_display_footer_widgets":"default","ocean_display_footer_bottom":"default","ocean_custom_footer_template":"0"},"product_brand":[],"product_cat":[90,44,88],"product_tag":[],"class_list":{"0":"post-675","1":"product","2":"type-product","3":"status-publish","4":"has-post-thumbnail","6":"product_cat-brosses-a-dents","7":"product_cat-hygiene","8":"product_cat-soins-buccodentaires","10":"entry","11":"has-media","13":"first","14":"instock","15":"taxable","16":"shipping-taxable","17":"purchasable","18":"product-type-simple","19":"has-product-nav","20":"col","21":"span_1_of_3","22":"owp-content-center","23":"owp-thumbs-layout-horizontal","24":"owp-btn-normal","25":"owp-tabs-layout-horizontal"},"_links":{"self":[{"href":"https:\/\/ellypara.com\/index.php\/wp-json\/wp\/v2\/product\/675","targetHints":{"allow":["GET"]}}],"collection":[{"href":"https:\/\/ellypara.com\/index.php\/wp-json\/wp\/v2\/product"}],"about":[{"href":"https:\/\/ellypara.com\/index.php\/wp-json\/wp\/v2\/types\/product"}],"replies":[{"embeddable":true,"href":"https:\/\/ellypara.com\/index.php\/wp-json\/wp\/v2\/comments?post=675"}],"wp:featuredmedia":[{"embeddable":true,"href":"https:\/\/ellypara.com\/index.php\/wp-json\/wp\/v2\/media\/676"}],"wp:attachment":[{"href":"https:\/\/ellypara.com\/index.php\/wp-json\/wp\/v2\/media?parent=675"}],"wp:term":[{"taxonomy":"product_brand","embeddable":true,"href":"https:\/\/ellypara.com\/index.php\/wp-json\/wp\/v2\/product_brand?post=675"},{"taxonomy":"product_cat","embeddable":true,"href":"https:\/\/ellypara.com\/index.php\/wp-json\/wp\/v2\/product_cat?post=675"},{"taxonomy":"product_tag","embeddable":true,"href":"https:\/\/ellypara.com\/index.php\/wp-json\/wp\/v2\/product_tag?post=675"}],"curies":[{"name":"wp","href":"https:\/\/api.w.org\/{rel}","templated":true}]}}