{"id":687,"date":"2025-01-31T10:42:33","date_gmt":"2025-01-31T09:42:33","guid":{"rendered":"https:\/\/ellypara.com\/?post_type=product&#038;p=687"},"modified":"2025-01-31T11:02:30","modified_gmt":"2025-01-31T10:02:30","slug":"gum-brosse-a-dents-timer-light-souple-junior-903","status":"publish","type":"product","link":"https:\/\/ellypara.com\/index.php\/produit\/gum-brosse-a-dents-timer-light-souple-junior-903\/","title":{"rendered":"Gum Brosse \u00e0 Dents Timer Light Souple Junior 903"},"content":{"rendered":"<p><strong>Gum Timer Light Brosse \u00e0 Dents Souple Junior<\/strong>\u00a0int\u00e8gre dans son dispositif un timer lumineux d\u2019une minute qui permet d\u2019illuminer la brosse et d\u2019indiquer le temps de brossage par arcade.<\/p>\n<p>Cette brosse \u00e0 dents est dot\u00e9es de brins souples et soyeux pour un brossage des dents en douceur.<\/p>\n<p>Elle convient et s\u2019adapte \u00e0 la bouche des enfants d\u00e8s 6 ans gr\u00e2ce \u00e0 sa t\u00eate compacte antichoc.<\/p>\n<p>De plus, cette brosse \u00e0 dents au manche ergonomique, est dot\u00e9e d\u2019une ventouse qui maintient la brosse \u00e0 la verticale pour des brins propres \u00e0 chaque utilisation.<\/p>\n<p><strong>Coloris al\u00e9atoire \u2013 Une brosse \u00e0 dents + pile LR41.<\/strong><\/p>\n<p>&nbsp;<\/p>\n<p><strong>Indications :<\/strong><\/p>\n<p>Pour l\u2019hygi\u00e8ne bucco-dentaire.<\/p>\n<p>Convient aux enfants d\u00e8s 6 ans.<\/p>\n<p>&nbsp;<\/p>\n<p><strong>Conseils d\u2019utilisation :<\/strong><\/p>\n<p>Il est recommand\u00e9 de se brosser les dents 2 minutes apr\u00e8s chaque repas.<\/p>\n","protected":false},"excerpt":{"rendered":"<div class=\"product-short-description\">\n<p>GUM Brosse \u00e0 Dents Timer Light Junior 6+ 903 est une brosse \u00e0 dent pour enfant d\u00e8s 6 ans, qui contient un clignotant pour aider \u00e0 chasser les r\u00e9sidus et la plaque dentaire de la bouche.<\/p>\n<\/div>\n<form class=\"cart\" action=\"https:\/\/www.maparatunisie.tn\/produit\/gum-brosse-a-dents-timer-light-souple-junior-903\/\" enctype=\"multipart\/form-data\" method=\"post\">\n<div class=\"ux-quantity quantity buttons_added\"><\/div>\n<\/form>\n","protected":false},"featured_media":688,"comment_status":"open","ping_status":"closed","template":"","meta":{"ocean_post_layout":"","ocean_both_sidebars_style":"","ocean_both_sidebars_content_width":0,"ocean_both_sidebars_sidebars_width":0,"ocean_sidebar":"0","ocean_second_sidebar":"0","ocean_disable_margins":"enable","ocean_add_body_class":"","ocean_shortcode_before_top_bar":"","ocean_shortcode_after_top_bar":"","ocean_shortcode_before_header":"","ocean_shortcode_after_header":"","ocean_has_shortcode":"","ocean_shortcode_after_title":"","ocean_shortcode_before_footer_widgets":"","ocean_shortcode_after_footer_widgets":"","ocean_shortcode_before_footer_bottom":"","ocean_shortcode_after_footer_bottom":"","ocean_display_top_bar":"default","ocean_display_header":"default","ocean_header_style":"","ocean_center_header_left_menu":"0","ocean_custom_header_template":"0","ocean_custom_logo":0,"ocean_custom_retina_logo":0,"ocean_custom_logo_max_width":0,"ocean_custom_logo_tablet_max_width":0,"ocean_custom_logo_mobile_max_width":0,"ocean_custom_logo_max_height":0,"ocean_custom_logo_tablet_max_height":0,"ocean_custom_logo_mobile_max_height":0,"ocean_header_custom_menu":"0","ocean_menu_typo_font_family":"0","ocean_menu_typo_font_subset":"","ocean_menu_typo_font_size":0,"ocean_menu_typo_font_size_tablet":0,"ocean_menu_typo_font_size_mobile":0,"ocean_menu_typo_font_size_unit":"px","ocean_menu_typo_font_weight":"","ocean_menu_typo_font_weight_tablet":"","ocean_menu_typo_font_weight_mobile":"","ocean_menu_typo_transform":"","ocean_menu_typo_transform_tablet":"","ocean_menu_typo_transform_mobile":"","ocean_menu_typo_line_height":0,"ocean_menu_typo_line_height_tablet":0,"ocean_menu_typo_line_height_mobile":0,"ocean_menu_typo_line_height_unit":"","ocean_menu_typo_spacing":0,"ocean_menu_typo_spacing_tablet":0,"ocean_menu_typo_spacing_mobile":0,"ocean_menu_typo_spacing_unit":"","ocean_menu_link_color":"","ocean_menu_link_color_hover":"","ocean_menu_link_color_active":"","ocean_menu_link_background":"","ocean_menu_link_hover_background":"","ocean_menu_link_active_background":"","ocean_menu_social_links_bg":"","ocean_menu_social_hover_links_bg":"","ocean_menu_social_links_color":"","ocean_menu_social_hover_links_color":"","ocean_disable_title":"default","ocean_disable_heading":"default","ocean_post_title":"","ocean_post_subheading":"","ocean_post_title_style":"","ocean_post_title_background_color":"","ocean_post_title_background":0,"ocean_post_title_bg_image_position":"","ocean_post_title_bg_image_attachment":"","ocean_post_title_bg_image_repeat":"","ocean_post_title_bg_image_size":"","ocean_post_title_height":0,"ocean_post_title_bg_overlay":0.5,"ocean_post_title_bg_overlay_color":"","ocean_disable_breadcrumbs":"default","ocean_breadcrumbs_color":"","ocean_breadcrumbs_separator_color":"","ocean_breadcrumbs_links_color":"","ocean_breadcrumbs_links_hover_color":"","ocean_display_footer_widgets":"default","ocean_display_footer_bottom":"default","ocean_custom_footer_template":"0"},"product_brand":[],"product_cat":[90,91,44,88],"product_tag":[],"class_list":{"0":"post-687","1":"product","2":"type-product","3":"status-publish","4":"has-post-thumbnail","6":"product_cat-brosses-a-dents","7":"product_cat-brosses-a-dents-enfants","8":"product_cat-hygiene","9":"product_cat-soins-buccodentaires","11":"entry","12":"has-media","14":"first","15":"instock","16":"taxable","17":"shipping-taxable","18":"purchasable","19":"product-type-simple","20":"has-product-nav","21":"col","22":"span_1_of_3","23":"owp-content-center","24":"owp-thumbs-layout-horizontal","25":"owp-btn-normal","26":"owp-tabs-layout-horizontal"},"_links":{"self":[{"href":"https:\/\/ellypara.com\/index.php\/wp-json\/wp\/v2\/product\/687","targetHints":{"allow":["GET"]}}],"collection":[{"href":"https:\/\/ellypara.com\/index.php\/wp-json\/wp\/v2\/product"}],"about":[{"href":"https:\/\/ellypara.com\/index.php\/wp-json\/wp\/v2\/types\/product"}],"replies":[{"embeddable":true,"href":"https:\/\/ellypara.com\/index.php\/wp-json\/wp\/v2\/comments?post=687"}],"wp:featuredmedia":[{"embeddable":true,"href":"https:\/\/ellypara.com\/index.php\/wp-json\/wp\/v2\/media\/688"}],"wp:attachment":[{"href":"https:\/\/ellypara.com\/index.php\/wp-json\/wp\/v2\/media?parent=687"}],"wp:term":[{"taxonomy":"product_brand","embeddable":true,"href":"https:\/\/ellypara.com\/index.php\/wp-json\/wp\/v2\/product_brand?post=687"},{"taxonomy":"product_cat","embeddable":true,"href":"https:\/\/ellypara.com\/index.php\/wp-json\/wp\/v2\/product_cat?post=687"},{"taxonomy":"product_tag","embeddable":true,"href":"https:\/\/ellypara.com\/index.php\/wp-json\/wp\/v2\/product_tag?post=687"}],"curies":[{"name":"wp","href":"https:\/\/api.w.org\/{rel}","templated":true}]}}