{"id":721,"date":"2025-01-31T11:46:53","date_gmt":"2025-01-31T10:46:53","guid":{"rendered":"https:\/\/ellypara.com\/?post_type=product&#038;p=721"},"modified":"2025-01-31T11:46:53","modified_gmt":"2025-01-31T10:46:53","slug":"gum-brossette-interdentaire-travler-16mm-1614","status":"publish","type":"product","link":"https:\/\/ellypara.com\/index.php\/produit\/gum-brossette-interdentaire-travler-16mm-1614\/","title":{"rendered":"GUM Brossette Interdentaire Travler 1,6mm 1614"},"content":{"rendered":"<p>Gum Trav-ler Brossette Interdentaire 1614 1,6mm 4 Unit\u00e9s sont des brossettes interdentaires coniques permettant un nettoyage interdentaire tout en assurant un maximum de confort et d\u2019efficacit\u00e9.<\/p>\n<p>Gr\u00e2ce \u00e0 son manche flexible ergonomique et ses brins triangulaires impr\u00e9gn\u00e9s d\u2019un antiseptique, elles aident \u00e0 \u00e9liminer la plaque dentaire et nettoient en douceur.<\/p>\n<p>Pour le brossage d\u2019un espace interdentaire de 1,6 mm de diam\u00e8tre.<\/p>\n<p>Lot de 4 brossettes interdentaires.<\/p>\n<p><strong>Mode d\u2019emploi<\/strong><\/p>\n<p>Apr\u00e8s le brossage habituel, utiliser la brossette interdentaire pour acc\u00e9der aux espaces qui se situent entre les dents.<\/p>\n<p>Introduire la brossette interdentaire et effectuer de l\u00e9gers mouvements, vers l\u2019int\u00e9rieur et vers l\u2019ext\u00e9rieur.<\/p>\n<p>&nbsp;<\/p>\n<p><strong>Composition<\/strong><\/p>\n<p>Fibres synth\u00e9tiques en nylon impr\u00e9gn\u00e9es de chlorhexidine.<\/p>\n<p><strong>Conseil<\/strong><\/p>\n<p>Les bact\u00e9ries responsables des caries survivent dans les espaces entre les dents, l\u00e0 o\u00f9 les poils des brosses \u00e0 dents ne peuvent pas les atteindre. Les brossettes interdentaires aident donc \u00e0 \u00e9liminer la plaque dentaire et les particules alimentaires entre les dents et sous la ligne des gencives. Associ\u00e9es \u00e0 l\u2019utilisation d\u2019un bain de bouche, elles sont un bon compl\u00e9ment apr\u00e8s le brossage manuel ou \u00e9lectrique.<\/p>\n<p>Il est important de choisir une forme et une taille de brossette interdentaire qui puisse facilement p\u00e9n\u00e9trer dans les espaces, sans pression excessive.<\/p>\n<p>Enfin, consultez r\u00e9guli\u00e8rement votre dentiste pour assurer une bonne hygi\u00e8ne et une bonne sant\u00e9 bucco-dentaire.<\/p>\n","protected":false},"excerpt":{"rendered":"<div class=\"product-short-description\">\n<p>Les Brossettes Interdentaires 1.6mm de la gamme TRAV-LER de G.U.M. \u00e9liminent professionnellement jusqu\u2019\u00e0 25% suppl\u00e9mentaire de la plaque dentaire.<\/p>\n<\/div>\n<form class=\"cart\" action=\"https:\/\/www.maparatunisie.tn\/produit\/gum-brossettes-traveler-fine-conique-bte-de-4-1614\/\" enctype=\"multipart\/form-data\" method=\"post\">\n<div class=\"ux-quantity quantity buttons_added\"><\/div>\n<\/form>\n","protected":false},"featured_media":722,"comment_status":"open","ping_status":"closed","template":"","meta":{"ocean_post_layout":"","ocean_both_sidebars_style":"","ocean_both_sidebars_content_width":0,"ocean_both_sidebars_sidebars_width":0,"ocean_sidebar":"0","ocean_second_sidebar":"0","ocean_disable_margins":"enable","ocean_add_body_class":"","ocean_shortcode_before_top_bar":"","ocean_shortcode_after_top_bar":"","ocean_shortcode_before_header":"","ocean_shortcode_after_header":"","ocean_has_shortcode":"","ocean_shortcode_after_title":"","ocean_shortcode_before_footer_widgets":"","ocean_shortcode_after_footer_widgets":"","ocean_shortcode_before_footer_bottom":"","ocean_shortcode_after_footer_bottom":"","ocean_display_top_bar":"default","ocean_display_header":"default","ocean_header_style":"","ocean_center_header_left_menu":"0","ocean_custom_header_template":"0","ocean_custom_logo":0,"ocean_custom_retina_logo":0,"ocean_custom_logo_max_width":0,"ocean_custom_logo_tablet_max_width":0,"ocean_custom_logo_mobile_max_width":0,"ocean_custom_logo_max_height":0,"ocean_custom_logo_tablet_max_height":0,"ocean_custom_logo_mobile_max_height":0,"ocean_header_custom_menu":"0","ocean_menu_typo_font_family":"0","ocean_menu_typo_font_subset":"","ocean_menu_typo_font_size":0,"ocean_menu_typo_font_size_tablet":0,"ocean_menu_typo_font_size_mobile":0,"ocean_menu_typo_font_size_unit":"px","ocean_menu_typo_font_weight":"","ocean_menu_typo_font_weight_tablet":"","ocean_menu_typo_font_weight_mobile":"","ocean_menu_typo_transform":"","ocean_menu_typo_transform_tablet":"","ocean_menu_typo_transform_mobile":"","ocean_menu_typo_line_height":0,"ocean_menu_typo_line_height_tablet":0,"ocean_menu_typo_line_height_mobile":0,"ocean_menu_typo_line_height_unit":"","ocean_menu_typo_spacing":0,"ocean_menu_typo_spacing_tablet":0,"ocean_menu_typo_spacing_mobile":0,"ocean_menu_typo_spacing_unit":"","ocean_menu_link_color":"","ocean_menu_link_color_hover":"","ocean_menu_link_color_active":"","ocean_menu_link_background":"","ocean_menu_link_hover_background":"","ocean_menu_link_active_background":"","ocean_menu_social_links_bg":"","ocean_menu_social_hover_links_bg":"","ocean_menu_social_links_color":"","ocean_menu_social_hover_links_color":"","ocean_disable_title":"default","ocean_disable_heading":"default","ocean_post_title":"","ocean_post_subheading":"","ocean_post_title_style":"","ocean_post_title_background_color":"","ocean_post_title_background":0,"ocean_post_title_bg_image_position":"","ocean_post_title_bg_image_attachment":"","ocean_post_title_bg_image_repeat":"","ocean_post_title_bg_image_size":"","ocean_post_title_height":0,"ocean_post_title_bg_overlay":0.5,"ocean_post_title_bg_overlay_color":"","ocean_disable_breadcrumbs":"default","ocean_breadcrumbs_color":"","ocean_breadcrumbs_separator_color":"","ocean_breadcrumbs_links_color":"","ocean_breadcrumbs_links_hover_color":"","ocean_display_footer_widgets":"default","ocean_display_footer_bottom":"default","ocean_custom_footer_template":"0"},"product_brand":[],"product_cat":[95,44,88],"product_tag":[],"class_list":{"0":"post-721","1":"product","2":"type-product","3":"status-publish","4":"has-post-thumbnail","6":"product_cat-fil-dentaire-brossette-accessoires","7":"product_cat-hygiene","8":"product_cat-soins-buccodentaires","10":"entry","11":"has-media","13":"first","14":"outofstock","15":"taxable","16":"shipping-taxable","17":"purchasable","18":"product-type-simple","19":"has-product-nav","20":"col","21":"span_1_of_3","22":"owp-content-center","23":"owp-thumbs-layout-horizontal","24":"owp-btn-normal","25":"owp-tabs-layout-horizontal","26":"has-no-thumbnails"},"_links":{"self":[{"href":"https:\/\/ellypara.com\/index.php\/wp-json\/wp\/v2\/product\/721","targetHints":{"allow":["GET"]}}],"collection":[{"href":"https:\/\/ellypara.com\/index.php\/wp-json\/wp\/v2\/product"}],"about":[{"href":"https:\/\/ellypara.com\/index.php\/wp-json\/wp\/v2\/types\/product"}],"replies":[{"embeddable":true,"href":"https:\/\/ellypara.com\/index.php\/wp-json\/wp\/v2\/comments?post=721"}],"wp:featuredmedia":[{"embeddable":true,"href":"https:\/\/ellypara.com\/index.php\/wp-json\/wp\/v2\/media\/722"}],"wp:attachment":[{"href":"https:\/\/ellypara.com\/index.php\/wp-json\/wp\/v2\/media?parent=721"}],"wp:term":[{"taxonomy":"product_brand","embeddable":true,"href":"https:\/\/ellypara.com\/index.php\/wp-json\/wp\/v2\/product_brand?post=721"},{"taxonomy":"product_cat","embeddable":true,"href":"https:\/\/ellypara.com\/index.php\/wp-json\/wp\/v2\/product_cat?post=721"},{"taxonomy":"product_tag","embeddable":true,"href":"https:\/\/ellypara.com\/index.php\/wp-json\/wp\/v2\/product_tag?post=721"}],"curies":[{"name":"wp","href":"https:\/\/api.w.org\/{rel}","templated":true}]}}