{"id":725,"date":"2025-01-31T11:50:37","date_gmt":"2025-01-31T10:50:37","guid":{"rendered":"https:\/\/ellypara.com\/?post_type=product&#038;p=725"},"modified":"2025-01-31T11:50:37","modified_gmt":"2025-01-31T10:50:37","slug":"gum-brossette-interdentaire-travler-26mm-1619","status":"publish","type":"product","link":"https:\/\/ellypara.com\/index.php\/produit\/gum-brossette-interdentaire-travler-26mm-1619\/","title":{"rendered":"GUM Brossette Interdentaire Travler 2,6mm 1619"},"content":{"rendered":"<p><strong>Gum Brossette Interdentaire Trav Ler 2,6mm 4 unit\u00e9s<\/strong>\u00a0permet d\u2019\u00e9liminer les r\u00e9sidus alimentaires et la plaque dentaire en profondeur en atteignant les endroits inaccessibles avec une simple brosse \u00e0 dents.Alli\u00e9e indispensable du brossage quotidien, la brossette interdentaire repr\u00e9sente une solution pratique et efficace.<br \/>\nAvec son manche flexible \u00e0 90\u00b0 et ses brins impr\u00e9gn\u00e9s de Chlorhxidine, un agent antibact\u00e9rien, cette brossette offre une \u00e9limination optimale de la plaque interdentaire.<\/p>\n<p>Pour qu\u2019elle puisse facilement passer entre vos dents, il est important de choisir la bonne taille :<\/p>\n<p>Il existe 9 tailles diff\u00e9rentes de brossettes.<\/p>\n<p><strong>Indications :<\/strong><\/p>\n<p>Hygi\u00e8ne bucco-dentaire<\/p>\n<p><strong>Conseils d\u2019utilisation :<\/strong><\/p>\n<p>Utiliser en compl\u00e9ment du brossage classique des dents.<\/p>\n<p>Introduire d\u00e9licatement la brossette dans l\u2019espace interdentaire et effectuer plusieurs fois un mouvement de va-et-vient.<\/p>\n<p>Possibilit\u00e9 de couder la tige plastique pour mieux acc\u00e9der aux zones post\u00e9rieures.<\/p>\n<p>Ne jamais forcer et tenter de passer une brossette si les dents sont trop serr\u00e9es ou si l\u2019espace interdentaire est trop \u00e9troit.<\/p>\n<p>Dans ce cas, utiliser de pr\u00e9f\u00e9rence du fil dentaire.<\/p>\n<p>&nbsp;<\/p>\n<p><strong>Composition :<\/strong><\/p>\n<p>Manche en mati\u00e8re plastique, brins impr\u00e9gn\u00e9s de chlorhexidine<\/p>\n","protected":false},"excerpt":{"rendered":"<p>Pour une hygi\u00e8ne bucco-dentaire parfaite, ces brossettes nettoient facilement vos espaces interdentaires.<\/p>\n","protected":false},"featured_media":726,"comment_status":"open","ping_status":"closed","template":"","meta":{"ocean_post_layout":"","ocean_both_sidebars_style":"","ocean_both_sidebars_content_width":0,"ocean_both_sidebars_sidebars_width":0,"ocean_sidebar":"0","ocean_second_sidebar":"0","ocean_disable_margins":"enable","ocean_add_body_class":"","ocean_shortcode_before_top_bar":"","ocean_shortcode_after_top_bar":"","ocean_shortcode_before_header":"","ocean_shortcode_after_header":"","ocean_has_shortcode":"","ocean_shortcode_after_title":"","ocean_shortcode_before_footer_widgets":"","ocean_shortcode_after_footer_widgets":"","ocean_shortcode_before_footer_bottom":"","ocean_shortcode_after_footer_bottom":"","ocean_display_top_bar":"default","ocean_display_header":"default","ocean_header_style":"","ocean_center_header_left_menu":"0","ocean_custom_header_template":"0","ocean_custom_logo":0,"ocean_custom_retina_logo":0,"ocean_custom_logo_max_width":0,"ocean_custom_logo_tablet_max_width":0,"ocean_custom_logo_mobile_max_width":0,"ocean_custom_logo_max_height":0,"ocean_custom_logo_tablet_max_height":0,"ocean_custom_logo_mobile_max_height":0,"ocean_header_custom_menu":"0","ocean_menu_typo_font_family":"0","ocean_menu_typo_font_subset":"","ocean_menu_typo_font_size":0,"ocean_menu_typo_font_size_tablet":0,"ocean_menu_typo_font_size_mobile":0,"ocean_menu_typo_font_size_unit":"px","ocean_menu_typo_font_weight":"","ocean_menu_typo_font_weight_tablet":"","ocean_menu_typo_font_weight_mobile":"","ocean_menu_typo_transform":"","ocean_menu_typo_transform_tablet":"","ocean_menu_typo_transform_mobile":"","ocean_menu_typo_line_height":0,"ocean_menu_typo_line_height_tablet":0,"ocean_menu_typo_line_height_mobile":0,"ocean_menu_typo_line_height_unit":"","ocean_menu_typo_spacing":0,"ocean_menu_typo_spacing_tablet":0,"ocean_menu_typo_spacing_mobile":0,"ocean_menu_typo_spacing_unit":"","ocean_menu_link_color":"","ocean_menu_link_color_hover":"","ocean_menu_link_color_active":"","ocean_menu_link_background":"","ocean_menu_link_hover_background":"","ocean_menu_link_active_background":"","ocean_menu_social_links_bg":"","ocean_menu_social_hover_links_bg":"","ocean_menu_social_links_color":"","ocean_menu_social_hover_links_color":"","ocean_disable_title":"default","ocean_disable_heading":"default","ocean_post_title":"","ocean_post_subheading":"","ocean_post_title_style":"","ocean_post_title_background_color":"","ocean_post_title_background":0,"ocean_post_title_bg_image_position":"","ocean_post_title_bg_image_attachment":"","ocean_post_title_bg_image_repeat":"","ocean_post_title_bg_image_size":"","ocean_post_title_height":0,"ocean_post_title_bg_overlay":0.5,"ocean_post_title_bg_overlay_color":"","ocean_disable_breadcrumbs":"default","ocean_breadcrumbs_color":"","ocean_breadcrumbs_separator_color":"","ocean_breadcrumbs_links_color":"","ocean_breadcrumbs_links_hover_color":"","ocean_display_footer_widgets":"default","ocean_display_footer_bottom":"default","ocean_custom_footer_template":"0"},"product_brand":[],"product_cat":[95,44,88],"product_tag":[],"class_list":{"0":"post-725","1":"product","2":"type-product","3":"status-publish","4":"has-post-thumbnail","6":"product_cat-fil-dentaire-brossette-accessoires","7":"product_cat-hygiene","8":"product_cat-soins-buccodentaires","10":"entry","11":"has-media","13":"first","14":"instock","15":"taxable","16":"shipping-taxable","17":"purchasable","18":"product-type-simple","19":"has-product-nav","20":"col","21":"span_1_of_3","22":"owp-content-center","23":"owp-thumbs-layout-horizontal","24":"owp-btn-normal","25":"owp-tabs-layout-horizontal","26":"has-no-thumbnails"},"_links":{"self":[{"href":"https:\/\/ellypara.com\/index.php\/wp-json\/wp\/v2\/product\/725","targetHints":{"allow":["GET"]}}],"collection":[{"href":"https:\/\/ellypara.com\/index.php\/wp-json\/wp\/v2\/product"}],"about":[{"href":"https:\/\/ellypara.com\/index.php\/wp-json\/wp\/v2\/types\/product"}],"replies":[{"embeddable":true,"href":"https:\/\/ellypara.com\/index.php\/wp-json\/wp\/v2\/comments?post=725"}],"wp:featuredmedia":[{"embeddable":true,"href":"https:\/\/ellypara.com\/index.php\/wp-json\/wp\/v2\/media\/726"}],"wp:attachment":[{"href":"https:\/\/ellypara.com\/index.php\/wp-json\/wp\/v2\/media?parent=725"}],"wp:term":[{"taxonomy":"product_brand","embeddable":true,"href":"https:\/\/ellypara.com\/index.php\/wp-json\/wp\/v2\/product_brand?post=725"},{"taxonomy":"product_cat","embeddable":true,"href":"https:\/\/ellypara.com\/index.php\/wp-json\/wp\/v2\/product_cat?post=725"},{"taxonomy":"product_tag","embeddable":true,"href":"https:\/\/ellypara.com\/index.php\/wp-json\/wp\/v2\/product_tag?post=725"}],"curies":[{"name":"wp","href":"https:\/\/api.w.org\/{rel}","templated":true}]}}