{"id":729,"date":"2025-01-31T11:56:52","date_gmt":"2025-01-31T10:56:52","guid":{"rendered":"https:\/\/ellypara.com\/?post_type=product&#038;p=729"},"modified":"2025-01-31T11:56:52","modified_gmt":"2025-01-31T10:56:52","slug":"gum-sensivital-dentifrice-fluore-75ml","status":"publish","type":"product","link":"https:\/\/ellypara.com\/index.php\/produit\/gum-sensivital-dentifrice-fluore-75ml\/","title":{"rendered":"GUM Sensivital+ Dentifrice Fluor\u00e9 75ml"},"content":{"rendered":"<p>Si vous ressentez une douleur dentaire lors de la consommation de boissons d\u2019aliments froids, chauds, acides ou sucr\u00e9s, ou lors du brossage ou en respirant de l\u2019air froid, vous pourriez souffrir de sensibilit\u00e9 dentaire.<\/p>\n<p>GUM Sensivital+ Dentifrice Fluor\u00e9 75 ml est un dentifrice fluor\u00e9 \u00e0 la formule cliniquement prouv\u00e9e, qui soulage rapidement la sensibilit\u00e9 dentaire.<\/p>\n<p>Ce dentifrice procure une protection rapide et longue dur\u00e9e contre la sensibilit\u00e9 dentaire, gr\u00e2ce \u00e0 la formation d\u2019une couche protectrice sur les dents et un agent d\u00e9sensibilisant efficace. Il aide \u00e0 pr\u00e9venir les caries de l\u2019\u00e9mail et de la racine gr\u00e2ce \u00e0 une combinaison brevet\u00e9e de fluor et isomalt, ainsi qu\u2019\u00e0 un actif naturel issu de l\u2019\u00e9corce d\u2019orange.<\/p>\n<p>Action anti-plaque. Ne contient pas de SLS ni de nanoparticules. Go\u00fbt menthe.<\/p>\n<p><strong>CONSEIL D\u2019UTILISATION<\/strong><\/p>\n<p>Il est recommand\u00e9 de se brosser les dents deux fois par jour en cas de dents sensibles.<\/p>\n<p>Adultes et enfants d\u00e8s 7 ans.<\/p>\n<p>Indication : Dentifrice fluor\u00e9 pour dents sensibles.<\/p>\n<p><strong>COMPOSITION<\/strong><\/p>\n<p>Glycerin, Aqua, Hydrated Silica, Isomalt, Potassium Nitrate, Hydroxyapatite, PVM\/MA Copolymer, Lauryl Glucoside, Peg-40 Hydrogenated Castor Oil, Sodium Monofluorophosphate, Aroma, Cellulose Gum, Sodium Hydroxide, Sodium Saccharin, Cocamidopropyl Betaine, Hesperidin, Sucralose, Sodium Chloride, Cetylpyridinium Chloride, Sodium Benzoate, CI 42090.<\/p>\n<p>Contient 1,1% de monofluorophosphate de sodium (1450ppm d\u2019ions fluor).<\/p>\n","protected":false},"excerpt":{"rendered":"<div class=\"product-short-description\">\n<p>Gum SensiVital+ Dentifrice Fluor\u00e9 75ml est con\u00e7u pour prot\u00e9ger et renforcer l\u2019\u00e9mail, tout en d\u00e9sensibilisant les nerfs et en prenant soin des gencives.<\/p>\n<\/div>\n<form class=\"cart\" action=\"https:\/\/www.maparatunisie.tn\/produit\/gum-dentifrice-sensivital-75ml\/\" enctype=\"multipart\/form-data\" method=\"post\">\n<div class=\"ux-quantity quantity buttons_added\"><\/div>\n<\/form>\n","protected":false},"featured_media":730,"comment_status":"open","ping_status":"closed","template":"","meta":{"ocean_post_layout":"","ocean_both_sidebars_style":"","ocean_both_sidebars_content_width":0,"ocean_both_sidebars_sidebars_width":0,"ocean_sidebar":"0","ocean_second_sidebar":"0","ocean_disable_margins":"enable","ocean_add_body_class":"","ocean_shortcode_before_top_bar":"","ocean_shortcode_after_top_bar":"","ocean_shortcode_before_header":"","ocean_shortcode_after_header":"","ocean_has_shortcode":"","ocean_shortcode_after_title":"","ocean_shortcode_before_footer_widgets":"","ocean_shortcode_after_footer_widgets":"","ocean_shortcode_before_footer_bottom":"","ocean_shortcode_after_footer_bottom":"","ocean_display_top_bar":"default","ocean_display_header":"default","ocean_header_style":"","ocean_center_header_left_menu":"0","ocean_custom_header_template":"0","ocean_custom_logo":0,"ocean_custom_retina_logo":0,"ocean_custom_logo_max_width":0,"ocean_custom_logo_tablet_max_width":0,"ocean_custom_logo_mobile_max_width":0,"ocean_custom_logo_max_height":0,"ocean_custom_logo_tablet_max_height":0,"ocean_custom_logo_mobile_max_height":0,"ocean_header_custom_menu":"0","ocean_menu_typo_font_family":"0","ocean_menu_typo_font_subset":"","ocean_menu_typo_font_size":0,"ocean_menu_typo_font_size_tablet":0,"ocean_menu_typo_font_size_mobile":0,"ocean_menu_typo_font_size_unit":"px","ocean_menu_typo_font_weight":"","ocean_menu_typo_font_weight_tablet":"","ocean_menu_typo_font_weight_mobile":"","ocean_menu_typo_transform":"","ocean_menu_typo_transform_tablet":"","ocean_menu_typo_transform_mobile":"","ocean_menu_typo_line_height":0,"ocean_menu_typo_line_height_tablet":0,"ocean_menu_typo_line_height_mobile":0,"ocean_menu_typo_line_height_unit":"","ocean_menu_typo_spacing":0,"ocean_menu_typo_spacing_tablet":0,"ocean_menu_typo_spacing_mobile":0,"ocean_menu_typo_spacing_unit":"","ocean_menu_link_color":"","ocean_menu_link_color_hover":"","ocean_menu_link_color_active":"","ocean_menu_link_background":"","ocean_menu_link_hover_background":"","ocean_menu_link_active_background":"","ocean_menu_social_links_bg":"","ocean_menu_social_hover_links_bg":"","ocean_menu_social_links_color":"","ocean_menu_social_hover_links_color":"","ocean_disable_title":"default","ocean_disable_heading":"default","ocean_post_title":"","ocean_post_subheading":"","ocean_post_title_style":"","ocean_post_title_background_color":"","ocean_post_title_background":0,"ocean_post_title_bg_image_position":"","ocean_post_title_bg_image_attachment":"","ocean_post_title_bg_image_repeat":"","ocean_post_title_bg_image_size":"","ocean_post_title_height":0,"ocean_post_title_bg_overlay":0.5,"ocean_post_title_bg_overlay_color":"","ocean_disable_breadcrumbs":"default","ocean_breadcrumbs_color":"","ocean_breadcrumbs_separator_color":"","ocean_breadcrumbs_links_color":"","ocean_breadcrumbs_links_hover_color":"","ocean_display_footer_widgets":"default","ocean_display_footer_bottom":"default","ocean_custom_footer_template":"0"},"product_brand":[],"product_cat":[93,44,88],"product_tag":[],"class_list":{"0":"post-729","1":"product","2":"type-product","3":"status-publish","4":"has-post-thumbnail","6":"product_cat-dentifrices","7":"product_cat-hygiene","8":"product_cat-soins-buccodentaires","10":"entry","11":"has-media","13":"first","14":"instock","15":"sale","16":"taxable","17":"shipping-taxable","18":"purchasable","19":"product-type-simple","20":"has-product-nav","21":"col","22":"span_1_of_3","23":"owp-content-center","24":"owp-thumbs-layout-horizontal","25":"owp-btn-normal","26":"owp-tabs-layout-horizontal","27":"has-no-thumbnails"},"_links":{"self":[{"href":"https:\/\/ellypara.com\/index.php\/wp-json\/wp\/v2\/product\/729","targetHints":{"allow":["GET"]}}],"collection":[{"href":"https:\/\/ellypara.com\/index.php\/wp-json\/wp\/v2\/product"}],"about":[{"href":"https:\/\/ellypara.com\/index.php\/wp-json\/wp\/v2\/types\/product"}],"replies":[{"embeddable":true,"href":"https:\/\/ellypara.com\/index.php\/wp-json\/wp\/v2\/comments?post=729"}],"wp:featuredmedia":[{"embeddable":true,"href":"https:\/\/ellypara.com\/index.php\/wp-json\/wp\/v2\/media\/730"}],"wp:attachment":[{"href":"https:\/\/ellypara.com\/index.php\/wp-json\/wp\/v2\/media?parent=729"}],"wp:term":[{"taxonomy":"product_brand","embeddable":true,"href":"https:\/\/ellypara.com\/index.php\/wp-json\/wp\/v2\/product_brand?post=729"},{"taxonomy":"product_cat","embeddable":true,"href":"https:\/\/ellypara.com\/index.php\/wp-json\/wp\/v2\/product_cat?post=729"},{"taxonomy":"product_tag","embeddable":true,"href":"https:\/\/ellypara.com\/index.php\/wp-json\/wp\/v2\/product_tag?post=729"}],"curies":[{"name":"wp","href":"https:\/\/api.w.org\/{rel}","templated":true}]}}