{"id":733,"date":"2025-01-31T12:04:04","date_gmt":"2025-01-31T11:04:04","guid":{"rendered":"https:\/\/ellypara.com\/?post_type=product&#038;p=733"},"modified":"2025-01-31T12:04:05","modified_gmt":"2025-01-31T11:04:05","slug":"gum-bio-dentifrice-fresh-mint-et-aloe-vera-75ml","status":"publish","type":"product","link":"https:\/\/ellypara.com\/index.php\/produit\/gum-bio-dentifrice-fresh-mint-et-aloe-vera-75ml\/","title":{"rendered":"GUM Bio Dentifrice Fresh Mint et Aloe Vera 75ml"},"content":{"rendered":"<p>GUM Bio Dentifrice Fresh Mint With Aloe Vera 75ml\u00a0 assure une hygi\u00e8ne bucco-dentaire au quotidien optimale. Il prot\u00e8ge et renforce les dents et les gencives jour apr\u00e8s jour tout en laissant une haleine fra\u00eeche pour longtemps.<\/p>\n<p>Formulation douce avec 99% d\u2019ingr\u00e9dients d\u2019origine naturelle, et 22% d\u2019ingr\u00e9dients issus de l\u2019agriculture biologique : Aloe vera et menthe poivr\u00e9e. Contient du fluorure de Sodium (1450 ppm) pour favoriser la pr\u00e9vention des caries et remin\u00e9ralise l\u2019\u00e9mail. Aide \u00e0 apaiser les gencives suite au brossage avec l\u2019Aloe vera. Naturellement frais avec son ar\u00f4me de menthe.<\/p>\n<p>&nbsp;<\/p>\n<p><strong>CONSEIL D\u2019UTILISATION :<\/strong><\/p>\n<p>Appliquer avec une brosse \u00e0 dents souple ou medium et se brosser les dents apr\u00e8s chaque repas, ou au moins deux fois par jour pendant au moins 2 minutes.<br \/>\nPour adultes et enfants \u00e0 partir de 7 ans. Ne pas utiliser en cas d\u2019hypersensibilit\u00e9 \u00e0 l\u2019un des constituants de la solution.<br \/>\nGarder hors de port\u00e9e des enfants. En usage externe. Ne pas avaler<\/p>\n<p><strong>COMPOSITON :<\/strong><\/p>\n<p>Sorbitol, Hydrated Silica, Mentha Piperita Leaf Water (20%)*, Aqua, Aloe Barbadensis Leaf Juice (2%)*, Lauryl Glucoside, Xanthan Gum, Aroma, Sodium Fluoride, Sodium Benzoate, Stevia Rebaudiana Extract, Citric Acid, Potassium Sorbate, Limonene.<br \/>\n*Ingredients issus de l\u2019Agriculture Biologique<\/p>\n","protected":false},"excerpt":{"rendered":"<div class=\"product-short-description\">\n<p>GUM dentifrice menthe fraiche aloe vera bio 75 ml est un dentifrice fluor\u00e9 qui favorise la pr\u00e9vention des caries, renforce l\u2019\u00e9mail, rafra\u00eechit l\u2019haleine et fortifie les dents et les gencives.<\/p>\n<\/div>\n<form class=\"cart\" action=\"https:\/\/www.maparatunisie.tn\/produit\/gum-bio-dentifrice-fresh-mint-with-aloe-vera-75ml\/\" enctype=\"multipart\/form-data\" method=\"post\">\n<div class=\"ux-quantity quantity buttons_added\"><\/div>\n<\/form>\n","protected":false},"featured_media":734,"comment_status":"open","ping_status":"closed","template":"","meta":{"ocean_post_layout":"","ocean_both_sidebars_style":"","ocean_both_sidebars_content_width":0,"ocean_both_sidebars_sidebars_width":0,"ocean_sidebar":"0","ocean_second_sidebar":"0","ocean_disable_margins":"enable","ocean_add_body_class":"","ocean_shortcode_before_top_bar":"","ocean_shortcode_after_top_bar":"","ocean_shortcode_before_header":"","ocean_shortcode_after_header":"","ocean_has_shortcode":"","ocean_shortcode_after_title":"","ocean_shortcode_before_footer_widgets":"","ocean_shortcode_after_footer_widgets":"","ocean_shortcode_before_footer_bottom":"","ocean_shortcode_after_footer_bottom":"","ocean_display_top_bar":"default","ocean_display_header":"default","ocean_header_style":"","ocean_center_header_left_menu":"0","ocean_custom_header_template":"0","ocean_custom_logo":0,"ocean_custom_retina_logo":0,"ocean_custom_logo_max_width":0,"ocean_custom_logo_tablet_max_width":0,"ocean_custom_logo_mobile_max_width":0,"ocean_custom_logo_max_height":0,"ocean_custom_logo_tablet_max_height":0,"ocean_custom_logo_mobile_max_height":0,"ocean_header_custom_menu":"0","ocean_menu_typo_font_family":"0","ocean_menu_typo_font_subset":"","ocean_menu_typo_font_size":0,"ocean_menu_typo_font_size_tablet":0,"ocean_menu_typo_font_size_mobile":0,"ocean_menu_typo_font_size_unit":"px","ocean_menu_typo_font_weight":"","ocean_menu_typo_font_weight_tablet":"","ocean_menu_typo_font_weight_mobile":"","ocean_menu_typo_transform":"","ocean_menu_typo_transform_tablet":"","ocean_menu_typo_transform_mobile":"","ocean_menu_typo_line_height":0,"ocean_menu_typo_line_height_tablet":0,"ocean_menu_typo_line_height_mobile":0,"ocean_menu_typo_line_height_unit":"","ocean_menu_typo_spacing":0,"ocean_menu_typo_spacing_tablet":0,"ocean_menu_typo_spacing_mobile":0,"ocean_menu_typo_spacing_unit":"","ocean_menu_link_color":"","ocean_menu_link_color_hover":"","ocean_menu_link_color_active":"","ocean_menu_link_background":"","ocean_menu_link_hover_background":"","ocean_menu_link_active_background":"","ocean_menu_social_links_bg":"","ocean_menu_social_hover_links_bg":"","ocean_menu_social_links_color":"","ocean_menu_social_hover_links_color":"","ocean_disable_title":"default","ocean_disable_heading":"default","ocean_post_title":"","ocean_post_subheading":"","ocean_post_title_style":"","ocean_post_title_background_color":"","ocean_post_title_background":0,"ocean_post_title_bg_image_position":"","ocean_post_title_bg_image_attachment":"","ocean_post_title_bg_image_repeat":"","ocean_post_title_bg_image_size":"","ocean_post_title_height":0,"ocean_post_title_bg_overlay":0.5,"ocean_post_title_bg_overlay_color":"","ocean_disable_breadcrumbs":"default","ocean_breadcrumbs_color":"","ocean_breadcrumbs_separator_color":"","ocean_breadcrumbs_links_color":"","ocean_breadcrumbs_links_hover_color":"","ocean_display_footer_widgets":"default","ocean_display_footer_bottom":"default","ocean_custom_footer_template":"0"},"product_brand":[],"product_cat":[93,44,88],"product_tag":[],"class_list":{"0":"post-733","1":"product","2":"type-product","3":"status-publish","4":"has-post-thumbnail","6":"product_cat-dentifrices","7":"product_cat-hygiene","8":"product_cat-soins-buccodentaires","10":"entry","11":"has-media","13":"first","14":"instock","15":"sale","16":"taxable","17":"shipping-taxable","18":"purchasable","19":"product-type-simple","20":"has-product-nav","21":"col","22":"span_1_of_3","23":"owp-content-center","24":"owp-thumbs-layout-horizontal","25":"owp-btn-normal","26":"owp-tabs-layout-horizontal","27":"has-no-thumbnails"},"_links":{"self":[{"href":"https:\/\/ellypara.com\/index.php\/wp-json\/wp\/v2\/product\/733","targetHints":{"allow":["GET"]}}],"collection":[{"href":"https:\/\/ellypara.com\/index.php\/wp-json\/wp\/v2\/product"}],"about":[{"href":"https:\/\/ellypara.com\/index.php\/wp-json\/wp\/v2\/types\/product"}],"replies":[{"embeddable":true,"href":"https:\/\/ellypara.com\/index.php\/wp-json\/wp\/v2\/comments?post=733"}],"wp:featuredmedia":[{"embeddable":true,"href":"https:\/\/ellypara.com\/index.php\/wp-json\/wp\/v2\/media\/734"}],"wp:attachment":[{"href":"https:\/\/ellypara.com\/index.php\/wp-json\/wp\/v2\/media?parent=733"}],"wp:term":[{"taxonomy":"product_brand","embeddable":true,"href":"https:\/\/ellypara.com\/index.php\/wp-json\/wp\/v2\/product_brand?post=733"},{"taxonomy":"product_cat","embeddable":true,"href":"https:\/\/ellypara.com\/index.php\/wp-json\/wp\/v2\/product_cat?post=733"},{"taxonomy":"product_tag","embeddable":true,"href":"https:\/\/ellypara.com\/index.php\/wp-json\/wp\/v2\/product_tag?post=733"}],"curies":[{"name":"wp","href":"https:\/\/api.w.org\/{rel}","templated":true}]}}