{"id":739,"date":"2025-01-31T12:14:07","date_gmt":"2025-01-31T11:14:07","guid":{"rendered":"https:\/\/ellypara.com\/?post_type=product&#038;p=739"},"modified":"2025-01-31T12:14:08","modified_gmt":"2025-01-31T11:14:08","slug":"gum-ortho-gel-dentifrice-75ml","status":"publish","type":"product","link":"https:\/\/ellypara.com\/index.php\/produit\/gum-ortho-gel-dentifrice-75ml\/","title":{"rendered":"GUM Ortho Gel Dentifrice 75ml"},"content":{"rendered":"<p>Le\u00a0<strong>gel dentifrice orthodontique GUM<\/strong>\u00ae est un produit anti-plaque con\u00e7u pour renforcer la\u00a0<strong>pr\u00e9vention de la carie dentaire et prot\u00e9ger les gencives sensibles des personnes portant des appareils orthodontiques<\/strong>.<\/p>\n<p>Ce dentifrice a une excellente formule avec les caract\u00e9ristiques suivantes :<\/p>\n<p>\u2013 Fluorure et Isomal pour pr\u00e9venir les\u00a0<strong>taches blanches et les caries<\/strong>.<br \/>\n\u2013 Le CPC a une activit\u00e9 antibact\u00e9rienne\u00a0<strong>qui r\u00e9duit la formation de plaque dentaire<\/strong>\u00a0;<br \/>\n\u2013 Bisabolol, extrait de gingembre, Aloe Vera et vitamine E pour pr\u00e9venir l\u2019irritation des gencives ;<br \/>\n\u2013 Sa formule ne contient pas de laurylsulfate de sodium, car il peut irriter les gencives et les tissus mous.<\/p>\n<p>Ce dentifrice a une d\u00e9licieuse\u00a0<strong>saveur de menthe<\/strong>\u00a0qui rafra\u00eechit la bouche en profondeur. Son format gel permet une meilleure application sur et autour des appareils orthodontiques.<\/p>\n<p>Pr\u00e9venez les caries et prot\u00e9gez vos gencives avec le gel dentifrice GUM Ortho !<\/p>\n<p><strong>Mode d\u2019emploi<\/strong><\/p>\n<p>Brossez-vous les dents au moins trois fois par jour, apr\u00e8s les repas principaux ;<\/p>\n<p><strong>Composition<\/strong><\/p>\n<p>Aqua, Sorbitol, Hydrated Silica, Isomalt, PEG-8, Lauryl Glucoside, Aroma, Xanthan Gum, Cocamidopropyl Betaine, Panthenol, Sodium Saccharin, Sodium Fluoride, Allantoin, Sodium Methylparaben, Tocopheryl Acetate, Bisabolol, Zingiber Officinale Root Extract, Cetylpyridinium Chloride, Aloe Barbadensis Leaf Juice, CI 47005, CI 42090, Potassium Sorbate, Sodium Benzoate, Limonene.<\/p>\n<p><strong>Conseil<\/strong><\/p>\n<p>L\u2019aloe vera est particuli\u00e8rement connu pour son utilisation topique. Gr\u00e2ce au mucilage (gel) et \u00e0 la grande quantit\u00e9 d\u2019eau qu\u2019il contient, il procure un effet barri\u00e8re face \u00e0 la d\u00e9shydratation de la peau. On le retrouve notamment dans des soins pour peau grasse, peau sensible et dans des produits solaires comme les apr\u00e8s-soleil (aftersun), mais aussi dans certains dentifrices.<\/p>\n<p>Les produits cosm\u00e9tiques qui contiennent de l\u2019extrait d\u2019aloe vera ont donc des propri\u00e9t\u00e9s hydratantes, apaisantes et cicatrisantes sur la peau. De plus, ils apportent une sensation de fra\u00eecheur sur les peaux irrit\u00e9es. Cet ingr\u00e9dient est adapt\u00e9 \u00e0 tous les types de peaux.<\/p>\n","protected":false},"excerpt":{"rendered":"<div class=\"product-short-description\">\n<p>Le dentifrice Ortho Gum est un dentifrice sp\u00e9cifiquement formul\u00e9 pour renforcer l\u2019\u00e9mail des dents et prot\u00e9ger les gencives des irritations.<\/p>\n<\/div>\n<form class=\"cart\" action=\"https:\/\/www.maparatunisie.tn\/produit\/gum-dentifrice-ortho-75ml\/\" enctype=\"multipart\/form-data\" method=\"post\">\n<div class=\"ux-quantity quantity buttons_added\"><\/div>\n<\/form>\n","protected":false},"featured_media":740,"comment_status":"open","ping_status":"closed","template":"","meta":{"ocean_post_layout":"","ocean_both_sidebars_style":"","ocean_both_sidebars_content_width":0,"ocean_both_sidebars_sidebars_width":0,"ocean_sidebar":"0","ocean_second_sidebar":"0","ocean_disable_margins":"enable","ocean_add_body_class":"","ocean_shortcode_before_top_bar":"","ocean_shortcode_after_top_bar":"","ocean_shortcode_before_header":"","ocean_shortcode_after_header":"","ocean_has_shortcode":"","ocean_shortcode_after_title":"","ocean_shortcode_before_footer_widgets":"","ocean_shortcode_after_footer_widgets":"","ocean_shortcode_before_footer_bottom":"","ocean_shortcode_after_footer_bottom":"","ocean_display_top_bar":"default","ocean_display_header":"default","ocean_header_style":"","ocean_center_header_left_menu":"0","ocean_custom_header_template":"0","ocean_custom_logo":0,"ocean_custom_retina_logo":0,"ocean_custom_logo_max_width":0,"ocean_custom_logo_tablet_max_width":0,"ocean_custom_logo_mobile_max_width":0,"ocean_custom_logo_max_height":0,"ocean_custom_logo_tablet_max_height":0,"ocean_custom_logo_mobile_max_height":0,"ocean_header_custom_menu":"0","ocean_menu_typo_font_family":"0","ocean_menu_typo_font_subset":"","ocean_menu_typo_font_size":0,"ocean_menu_typo_font_size_tablet":0,"ocean_menu_typo_font_size_mobile":0,"ocean_menu_typo_font_size_unit":"px","ocean_menu_typo_font_weight":"","ocean_menu_typo_font_weight_tablet":"","ocean_menu_typo_font_weight_mobile":"","ocean_menu_typo_transform":"","ocean_menu_typo_transform_tablet":"","ocean_menu_typo_transform_mobile":"","ocean_menu_typo_line_height":0,"ocean_menu_typo_line_height_tablet":0,"ocean_menu_typo_line_height_mobile":0,"ocean_menu_typo_line_height_unit":"","ocean_menu_typo_spacing":0,"ocean_menu_typo_spacing_tablet":0,"ocean_menu_typo_spacing_mobile":0,"ocean_menu_typo_spacing_unit":"","ocean_menu_link_color":"","ocean_menu_link_color_hover":"","ocean_menu_link_color_active":"","ocean_menu_link_background":"","ocean_menu_link_hover_background":"","ocean_menu_link_active_background":"","ocean_menu_social_links_bg":"","ocean_menu_social_hover_links_bg":"","ocean_menu_social_links_color":"","ocean_menu_social_hover_links_color":"","ocean_disable_title":"default","ocean_disable_heading":"default","ocean_post_title":"","ocean_post_subheading":"","ocean_post_title_style":"","ocean_post_title_background_color":"","ocean_post_title_background":0,"ocean_post_title_bg_image_position":"","ocean_post_title_bg_image_attachment":"","ocean_post_title_bg_image_repeat":"","ocean_post_title_bg_image_size":"","ocean_post_title_height":0,"ocean_post_title_bg_overlay":0.5,"ocean_post_title_bg_overlay_color":"","ocean_disable_breadcrumbs":"default","ocean_breadcrumbs_color":"","ocean_breadcrumbs_separator_color":"","ocean_breadcrumbs_links_color":"","ocean_breadcrumbs_links_hover_color":"","ocean_display_footer_widgets":"default","ocean_display_footer_bottom":"default","ocean_custom_footer_template":"0"},"product_brand":[],"product_cat":[93,44,88],"product_tag":[],"class_list":{"0":"post-739","1":"product","2":"type-product","3":"status-publish","4":"has-post-thumbnail","6":"product_cat-dentifrices","7":"product_cat-hygiene","8":"product_cat-soins-buccodentaires","10":"entry","11":"has-media","13":"first","14":"instock","15":"sale","16":"taxable","17":"shipping-taxable","18":"purchasable","19":"product-type-simple","20":"has-product-nav","21":"col","22":"span_1_of_3","23":"owp-content-center","24":"owp-thumbs-layout-horizontal","25":"owp-btn-normal","26":"owp-tabs-layout-horizontal","27":"has-no-thumbnails"},"_links":{"self":[{"href":"https:\/\/ellypara.com\/index.php\/wp-json\/wp\/v2\/product\/739","targetHints":{"allow":["GET"]}}],"collection":[{"href":"https:\/\/ellypara.com\/index.php\/wp-json\/wp\/v2\/product"}],"about":[{"href":"https:\/\/ellypara.com\/index.php\/wp-json\/wp\/v2\/types\/product"}],"replies":[{"embeddable":true,"href":"https:\/\/ellypara.com\/index.php\/wp-json\/wp\/v2\/comments?post=739"}],"wp:featuredmedia":[{"embeddable":true,"href":"https:\/\/ellypara.com\/index.php\/wp-json\/wp\/v2\/media\/740"}],"wp:attachment":[{"href":"https:\/\/ellypara.com\/index.php\/wp-json\/wp\/v2\/media?parent=739"}],"wp:term":[{"taxonomy":"product_brand","embeddable":true,"href":"https:\/\/ellypara.com\/index.php\/wp-json\/wp\/v2\/product_brand?post=739"},{"taxonomy":"product_cat","embeddable":true,"href":"https:\/\/ellypara.com\/index.php\/wp-json\/wp\/v2\/product_cat?post=739"},{"taxonomy":"product_tag","embeddable":true,"href":"https:\/\/ellypara.com\/index.php\/wp-json\/wp\/v2\/product_tag?post=739"}],"curies":[{"name":"wp","href":"https:\/\/api.w.org\/{rel}","templated":true}]}}