{"id":741,"date":"2025-01-31T12:20:37","date_gmt":"2025-01-31T11:20:37","guid":{"rendered":"https:\/\/ellypara.com\/?post_type=product&#038;p=741"},"modified":"2025-01-31T12:20:38","modified_gmt":"2025-01-31T11:20:38","slug":"fluocaril-bain-de-bouche-bi-fluore-500ml","status":"publish","type":"product","link":"https:\/\/ellypara.com\/index.php\/produit\/fluocaril-bain-de-bouche-bi-fluore-500ml\/","title":{"rendered":"FLUOCARIL Bain De Bouche Bi-Fluor\u00e9 500ml"},"content":{"rendered":"<p><strong>FLUOCARIL Bain De Bouche Bi-fluor\u00e9 500ml<\/strong><\/p>\n<p>Bain de bouche formul\u00e9 avec une forte concentration de fluorure qui agit efficacement contre les caries dentaires.<\/p>\n<p>Avec 250ppm de fluor, le bain de bouche Bi-Fluor\u00e9 Fluocaril agit de trois fa\u00e7ons diff\u00e9rentes :<\/p>\n<p>Contribue \u00e0 la r\u00e9duction de la formation de la plaque dentaire.<br \/>\nAide \u00e0 la remin\u00e9ralisation de l\u2019\u00e9mail.<br \/>\nAide \u00e0 pr\u00e9venir les caries.<br \/>\nAvec son ar\u00f4me menthe, il permet \u00e9galement de rafra\u00eechir l\u2019haleine.<\/p>\n<p>Tenir hors de la port\u00e9e des enfants. D\u00e9conseill\u00e9 pour les enfants de moins de 6 ans. Ne pas diluer, avaler ou boire le produit.<\/p>\n<p><strong>Conseils d\u2019utilisation<\/strong><\/p>\n<p>Utilisez tous les jours matin et soir apr\u00e8s le brossage des dents. Remplissez le bouchon doseur jusqu\u2019\u00e0 la ligne de 20 ml. Rincez-vous la bouche abondamment pendant 30 secondes puis recrachez. Ne pas diluer, avaler ou boire le produit.<\/p>\n<p><strong>Ingr\u00e9dients<\/strong><\/p>\n<p>Aqua, Hydrogenated Starch Hydrolysate, PEG-40 Hydrogenated Castor Oil, Potassium Citrate, Glycine, Benzyl Alcohol, Phenoxyethanol, Sodium Lauryl Sulfate, Aroma, Zinc Sulfate, Sodium Saccharin, Sodium Fluoride, Sodium Monofluorophosphate, Eugenol, Limonene, CI 42051, CI 47005.<\/p>\n","protected":false},"excerpt":{"rendered":"<div class=\"product-short-description\">\n<p>bain de bouche bi-fluor\u00e9 25mg de Fluocaril, le soin compl\u00e9mentaire pour une bonne hygi\u00e8ne bucco-dentaire et une haleine fra\u00eeche.<\/p>\n<\/div>\n<form class=\"cart\" action=\"https:\/\/www.maparatunisie.tn\/produit\/fluocaril-bain-de-bouche-bi-fluore\/\" enctype=\"multipart\/form-data\" method=\"post\">\n<div class=\"ux-quantity quantity buttons_added\"><\/div>\n<\/form>\n","protected":false},"featured_media":742,"comment_status":"open","ping_status":"closed","template":"","meta":{"ocean_post_layout":"","ocean_both_sidebars_style":"","ocean_both_sidebars_content_width":0,"ocean_both_sidebars_sidebars_width":0,"ocean_sidebar":"0","ocean_second_sidebar":"0","ocean_disable_margins":"enable","ocean_add_body_class":"","ocean_shortcode_before_top_bar":"","ocean_shortcode_after_top_bar":"","ocean_shortcode_before_header":"","ocean_shortcode_after_header":"","ocean_has_shortcode":"","ocean_shortcode_after_title":"","ocean_shortcode_before_footer_widgets":"","ocean_shortcode_after_footer_widgets":"","ocean_shortcode_before_footer_bottom":"","ocean_shortcode_after_footer_bottom":"","ocean_display_top_bar":"default","ocean_display_header":"default","ocean_header_style":"","ocean_center_header_left_menu":"0","ocean_custom_header_template":"0","ocean_custom_logo":0,"ocean_custom_retina_logo":0,"ocean_custom_logo_max_width":0,"ocean_custom_logo_tablet_max_width":0,"ocean_custom_logo_mobile_max_width":0,"ocean_custom_logo_max_height":0,"ocean_custom_logo_tablet_max_height":0,"ocean_custom_logo_mobile_max_height":0,"ocean_header_custom_menu":"0","ocean_menu_typo_font_family":"0","ocean_menu_typo_font_subset":"","ocean_menu_typo_font_size":0,"ocean_menu_typo_font_size_tablet":0,"ocean_menu_typo_font_size_mobile":0,"ocean_menu_typo_font_size_unit":"px","ocean_menu_typo_font_weight":"","ocean_menu_typo_font_weight_tablet":"","ocean_menu_typo_font_weight_mobile":"","ocean_menu_typo_transform":"","ocean_menu_typo_transform_tablet":"","ocean_menu_typo_transform_mobile":"","ocean_menu_typo_line_height":0,"ocean_menu_typo_line_height_tablet":0,"ocean_menu_typo_line_height_mobile":0,"ocean_menu_typo_line_height_unit":"","ocean_menu_typo_spacing":0,"ocean_menu_typo_spacing_tablet":0,"ocean_menu_typo_spacing_mobile":0,"ocean_menu_typo_spacing_unit":"","ocean_menu_link_color":"","ocean_menu_link_color_hover":"","ocean_menu_link_color_active":"","ocean_menu_link_background":"","ocean_menu_link_hover_background":"","ocean_menu_link_active_background":"","ocean_menu_social_links_bg":"","ocean_menu_social_hover_links_bg":"","ocean_menu_social_links_color":"","ocean_menu_social_hover_links_color":"","ocean_disable_title":"default","ocean_disable_heading":"default","ocean_post_title":"","ocean_post_subheading":"","ocean_post_title_style":"","ocean_post_title_background_color":"","ocean_post_title_background":0,"ocean_post_title_bg_image_position":"","ocean_post_title_bg_image_attachment":"","ocean_post_title_bg_image_repeat":"","ocean_post_title_bg_image_size":"","ocean_post_title_height":0,"ocean_post_title_bg_overlay":0.5,"ocean_post_title_bg_overlay_color":"","ocean_disable_breadcrumbs":"default","ocean_breadcrumbs_color":"","ocean_breadcrumbs_separator_color":"","ocean_breadcrumbs_links_color":"","ocean_breadcrumbs_links_hover_color":"","ocean_display_footer_widgets":"default","ocean_display_footer_bottom":"default","ocean_custom_footer_template":"0"},"product_brand":[],"product_cat":[94,44,88],"product_tag":[],"class_list":{"0":"post-741","1":"product","2":"type-product","3":"status-publish","4":"has-post-thumbnail","6":"product_cat-bain-de-bouche-et-solution-gingivale","7":"product_cat-hygiene","8":"product_cat-soins-buccodentaires","10":"entry","11":"has-media","13":"first","14":"instock","15":"taxable","16":"shipping-taxable","17":"purchasable","18":"product-type-simple","19":"has-product-nav","20":"col","21":"span_1_of_3","22":"owp-content-center","23":"owp-thumbs-layout-horizontal","24":"owp-btn-normal","25":"owp-tabs-layout-horizontal","26":"has-no-thumbnails"},"_links":{"self":[{"href":"https:\/\/ellypara.com\/index.php\/wp-json\/wp\/v2\/product\/741","targetHints":{"allow":["GET"]}}],"collection":[{"href":"https:\/\/ellypara.com\/index.php\/wp-json\/wp\/v2\/product"}],"about":[{"href":"https:\/\/ellypara.com\/index.php\/wp-json\/wp\/v2\/types\/product"}],"replies":[{"embeddable":true,"href":"https:\/\/ellypara.com\/index.php\/wp-json\/wp\/v2\/comments?post=741"}],"wp:featuredmedia":[{"embeddable":true,"href":"https:\/\/ellypara.com\/index.php\/wp-json\/wp\/v2\/media\/742"}],"wp:attachment":[{"href":"https:\/\/ellypara.com\/index.php\/wp-json\/wp\/v2\/media?parent=741"}],"wp:term":[{"taxonomy":"product_brand","embeddable":true,"href":"https:\/\/ellypara.com\/index.php\/wp-json\/wp\/v2\/product_brand?post=741"},{"taxonomy":"product_cat","embeddable":true,"href":"https:\/\/ellypara.com\/index.php\/wp-json\/wp\/v2\/product_cat?post=741"},{"taxonomy":"product_tag","embeddable":true,"href":"https:\/\/ellypara.com\/index.php\/wp-json\/wp\/v2\/product_tag?post=741"}],"curies":[{"name":"wp","href":"https:\/\/api.w.org\/{rel}","templated":true}]}}