{"id":743,"date":"2025-01-31T12:25:50","date_gmt":"2025-01-31T11:25:50","guid":{"rendered":"https:\/\/ellypara.com\/?post_type=product&#038;p=743"},"modified":"2025-01-31T12:25:51","modified_gmt":"2025-01-31T11:25:51","slug":"fluocaril-dentifrice-blancheur-bi-fluore-145mg-2-x-75ml","status":"publish","type":"product","link":"https:\/\/ellypara.com\/index.php\/produit\/fluocaril-dentifrice-blancheur-bi-fluore-145mg-2-x-75ml\/","title":{"rendered":"FLUOCARIL Dentifrice Blancheur Bi-Fluor\u00e9 145mg 2 x 75ml"},"content":{"rendered":"<p><strong>FLUOCARIL Dentifrice Blancheur Bi-fluor\u00e9 145mg 2 x 75ml<\/strong><\/p>\n<p>Un dentifrice qui assure une hygi\u00e8ne bucco-dentaire irr\u00e9prochable<br \/>\nGr\u00e2ce \u00e0 sa teneur optimale en fluor, le\u00a0<strong>dentifrice Fluocaril bi-fluor\u00e9<\/strong>\u00a0renforce l\u2019\u00e9mail et aide \u00e0 pr\u00e9venir les caries. Ce\u00a0<strong>soin des dents<\/strong>\u00a0contribue \u00e0 r\u00e9tablir la\u00a0<strong>blancheur naturelle des dents<\/strong>\u00a0et \u00e0 limiter l\u2019apparition de taches.<\/p>\n<p><strong>Une action blancheur sur les taches de surface<\/strong><\/p>\n<p>Le\u00a0<strong>dentifrice Fluocaril<\/strong>\u00a0bi-fluor\u00e9 vous aide \u00e0 prendre soin de vos dents au quotidien car il permet de :<\/p>\n<ul>\n<li>nettoyer les dents et \u00e9liminer la plaque dentaire<\/li>\n<li>contribuer \u00e0 pr\u00e9venir les caries<\/li>\n<li><strong>renforcer l\u2019\u00e9clat et la blancheur<\/strong>\u00a0naturelle de l\u2019\u00e9mail<\/li>\n<li>diminuer l\u2019apparition de taches et de colorations superficielles sur les dents<\/li>\n<\/ul>\n<p>Ce dentifrice s\u2019adresse aux personnes qui souhaitent adopter une bonne\u00a0<strong>hygi\u00e8ne bucco-dentaire<\/strong>\u00a0et conserver des dents blanches jour apr\u00e8s jour. Sa formule l\u00e9g\u00e8rement abrasive aide \u00e0 \u00e9liminer les taches de surface, occasionn\u00e9es notamment par le caf\u00e9, le th\u00e9 ou le tabac. Ce\u00a0<strong>soin des dents<\/strong>\u00a0forme une couche protectrice qui limite l\u2019apparition de nouvelles taches.<\/p>\n<p><strong>Un apport optimal en fluor pour renforcer l\u2019\u00e9mail<\/strong><\/p>\n<p>Ce dentifrice\u00a0<strong>Fluocaril<\/strong>\u00a0facilite les\u00a0<strong>soins dentaires<\/strong>\u00a0quotidiens gr\u00e2ce \u00e0 son apport optimal en fluor. Cet oligo-\u00e9l\u00e9ment est particuli\u00e8rement utile en mati\u00e8re d\u2019<strong>hygi\u00e8ne bucco-dentaire<\/strong>\u00a0gr\u00e2ce \u00e0 son action b\u00e9n\u00e9fique sur la min\u00e9ralisation des dents. Le fluor agit \u00e9galement sur la pr\u00e9vention des attaques acides en emp\u00eachant les bact\u00e9ries de se d\u00e9velopper dans la cavit\u00e9 buccale, m\u00eame apr\u00e8s le brossage.<\/p>\n<p>La formule de ce dentifrice fait appel \u00e0 2 types de fluors : le fluorure de sodium (350 ppm) agit de mani\u00e8re imm\u00e9diate pour renforcer l\u2019\u00e9mail dentaire et aide \u00e0 pr\u00e9venir les caries tandis que le fluorure d\u2019\u00e9tain (1100 ppm) assure une\u00a0<strong>protection longue dur\u00e9e<\/strong>.<\/p>\n<p>Le\u00a0<strong>dentifrice Fluocaril<\/strong>\u00a0bi-fluor\u00e9 aide \u00e0 conserver des dents blanches. Gr\u00e2ce \u00e0 un apport \u00e9quilibr\u00e9 en fluorures, il renforce l\u2019\u00e9mail et contribue \u00e0 pr\u00e9venir les caries.<\/p>\n<p><strong>DENTIFRICE BLANCHEUR BI-FLUOR\u00c9 FLUOCARIL : POUR DES DENTS BLANCHES ET SAINES<\/strong><\/p>\n<p>ce\u00a0<strong>Dentrifrice Fluocaril<\/strong>\u00a0a \u00e9t\u00e9 sp\u00e9cialement \u00e9tudi\u00e9 pour\u00a0<strong>favoriser l\u2019\u00e9limination de la plaque dentaire<\/strong>, ainsi que pour\u00a0<strong>polir l\u2019\u00e9mail en douceur<\/strong>. Avec sa formule unique bi-fluor\u00e9e qui comporte du fluorure de sodium et du monofluorophosphate de sodium, il se montre \u00e9galement efficace pour la\u00a0<strong>pr\u00e9vention des caries<\/strong>\u00a0et pour le\u00a0<strong>renforcement de l\u2019\u00e9mail<\/strong>, et il permet ainsi de diminuer l\u2019apparition de colorations superficielles sur l\u2019\u00e9mail tout\u00a0<strong>en renfor\u00e7ant l\u2019\u00e9clat et la blancheur naturelle du sourire<\/strong>. La F\u00e9d\u00e9ration Dentaire Internationale (FDI) reconna\u00eet d\u2019ailleurs qu\u2019un brossage \u00e0 deux reprises dans la journ\u00e9e avec le\u00a0<strong>Dentifrice Blancheur Bi-fluor\u00e9 Fluocaril<\/strong>\u00a0contribue au\u00a0<strong>maintien d\u2019une bonne sant\u00e9 dentaire<\/strong>.<\/p>\n<p><strong>Conseil d\u2019utilisation<\/strong><\/p>\n<p>D\u00e9posez une petite quantit\u00e9 de dentifrice sur la brosse, proc\u00e9dez \u00e0 un brossage m\u00e9ticuleux de toutes les facettes des dents puis rincez. Ce dentifrice doit \u00eatre utilis\u00e9 sous la surveillance d\u2019un adulte jusqu\u2019\u00e0 l\u2019\u00e2ge de 6 ans pour en minimiser l\u2019ingestion. Un avis m\u00e9dical est conseill\u00e9 en cas d\u2019apports en fluorures provenant d\u2019autres sources.<\/p>\n<p><strong>Composition<\/strong><\/p>\n<p>Formule INCI : Aqua, Sorbitol, Hydrated Silica, Tetrapotassium Pyrophosphate, Sodium Lauryl Sulfate, Aroma, Cellulose Gum, Cl 77891, Sodium Fluoride, Carbomer, Trisodium Phosphate,<\/p>\n","protected":false},"excerpt":{"rendered":"<p>Fluocaril Dentifrice Bi-fluor\u00e9 Blancheur 145mg<br \/>\nAide \u00e0 pr\u00e9venir les caries et renforce l\u2019email<\/p>\n","protected":false},"featured_media":744,"comment_status":"open","ping_status":"closed","template":"","meta":{"ocean_post_layout":"","ocean_both_sidebars_style":"","ocean_both_sidebars_content_width":0,"ocean_both_sidebars_sidebars_width":0,"ocean_sidebar":"0","ocean_second_sidebar":"0","ocean_disable_margins":"enable","ocean_add_body_class":"","ocean_shortcode_before_top_bar":"","ocean_shortcode_after_top_bar":"","ocean_shortcode_before_header":"","ocean_shortcode_after_header":"","ocean_has_shortcode":"","ocean_shortcode_after_title":"","ocean_shortcode_before_footer_widgets":"","ocean_shortcode_after_footer_widgets":"","ocean_shortcode_before_footer_bottom":"","ocean_shortcode_after_footer_bottom":"","ocean_display_top_bar":"default","ocean_display_header":"default","ocean_header_style":"","ocean_center_header_left_menu":"0","ocean_custom_header_template":"0","ocean_custom_logo":0,"ocean_custom_retina_logo":0,"ocean_custom_logo_max_width":0,"ocean_custom_logo_tablet_max_width":0,"ocean_custom_logo_mobile_max_width":0,"ocean_custom_logo_max_height":0,"ocean_custom_logo_tablet_max_height":0,"ocean_custom_logo_mobile_max_height":0,"ocean_header_custom_menu":"0","ocean_menu_typo_font_family":"0","ocean_menu_typo_font_subset":"","ocean_menu_typo_font_size":0,"ocean_menu_typo_font_size_tablet":0,"ocean_menu_typo_font_size_mobile":0,"ocean_menu_typo_font_size_unit":"px","ocean_menu_typo_font_weight":"","ocean_menu_typo_font_weight_tablet":"","ocean_menu_typo_font_weight_mobile":"","ocean_menu_typo_transform":"","ocean_menu_typo_transform_tablet":"","ocean_menu_typo_transform_mobile":"","ocean_menu_typo_line_height":0,"ocean_menu_typo_line_height_tablet":0,"ocean_menu_typo_line_height_mobile":0,"ocean_menu_typo_line_height_unit":"","ocean_menu_typo_spacing":0,"ocean_menu_typo_spacing_tablet":0,"ocean_menu_typo_spacing_mobile":0,"ocean_menu_typo_spacing_unit":"","ocean_menu_link_color":"","ocean_menu_link_color_hover":"","ocean_menu_link_color_active":"","ocean_menu_link_background":"","ocean_menu_link_hover_background":"","ocean_menu_link_active_background":"","ocean_menu_social_links_bg":"","ocean_menu_social_hover_links_bg":"","ocean_menu_social_links_color":"","ocean_menu_social_hover_links_color":"","ocean_disable_title":"default","ocean_disable_heading":"default","ocean_post_title":"","ocean_post_subheading":"","ocean_post_title_style":"","ocean_post_title_background_color":"","ocean_post_title_background":0,"ocean_post_title_bg_image_position":"","ocean_post_title_bg_image_attachment":"","ocean_post_title_bg_image_repeat":"","ocean_post_title_bg_image_size":"","ocean_post_title_height":0,"ocean_post_title_bg_overlay":0.5,"ocean_post_title_bg_overlay_color":"","ocean_disable_breadcrumbs":"default","ocean_breadcrumbs_color":"","ocean_breadcrumbs_separator_color":"","ocean_breadcrumbs_links_color":"","ocean_breadcrumbs_links_hover_color":"","ocean_display_footer_widgets":"default","ocean_display_footer_bottom":"default","ocean_custom_footer_template":"0"},"product_brand":[],"product_cat":[93,44,88],"product_tag":[],"class_list":{"0":"post-743","1":"product","2":"type-product","3":"status-publish","4":"has-post-thumbnail","6":"product_cat-dentifrices","7":"product_cat-hygiene","8":"product_cat-soins-buccodentaires","10":"entry","11":"has-media","13":"first","14":"instock","15":"taxable","16":"shipping-taxable","17":"purchasable","18":"product-type-simple","19":"has-product-nav","20":"col","21":"span_1_of_3","22":"owp-content-center","23":"owp-thumbs-layout-horizontal","24":"owp-btn-normal","25":"owp-tabs-layout-horizontal","26":"has-no-thumbnails"},"_links":{"self":[{"href":"https:\/\/ellypara.com\/index.php\/wp-json\/wp\/v2\/product\/743","targetHints":{"allow":["GET"]}}],"collection":[{"href":"https:\/\/ellypara.com\/index.php\/wp-json\/wp\/v2\/product"}],"about":[{"href":"https:\/\/ellypara.com\/index.php\/wp-json\/wp\/v2\/types\/product"}],"replies":[{"embeddable":true,"href":"https:\/\/ellypara.com\/index.php\/wp-json\/wp\/v2\/comments?post=743"}],"wp:featuredmedia":[{"embeddable":true,"href":"https:\/\/ellypara.com\/index.php\/wp-json\/wp\/v2\/media\/744"}],"wp:attachment":[{"href":"https:\/\/ellypara.com\/index.php\/wp-json\/wp\/v2\/media?parent=743"}],"wp:term":[{"taxonomy":"product_brand","embeddable":true,"href":"https:\/\/ellypara.com\/index.php\/wp-json\/wp\/v2\/product_brand?post=743"},{"taxonomy":"product_cat","embeddable":true,"href":"https:\/\/ellypara.com\/index.php\/wp-json\/wp\/v2\/product_cat?post=743"},{"taxonomy":"product_tag","embeddable":true,"href":"https:\/\/ellypara.com\/index.php\/wp-json\/wp\/v2\/product_tag?post=743"}],"curies":[{"name":"wp","href":"https:\/\/api.w.org\/{rel}","templated":true}]}}