{"id":745,"date":"2025-01-31T12:31:33","date_gmt":"2025-01-31T11:31:33","guid":{"rendered":"https:\/\/ellypara.com\/?post_type=product&#038;p=745"},"modified":"2025-01-31T12:31:33","modified_gmt":"2025-01-31T11:31:33","slug":"fluocaril-dentifrice-gencives-bi-fluore-145mg-2-x-75-ml","status":"publish","type":"product","link":"https:\/\/ellypara.com\/index.php\/produit\/fluocaril-dentifrice-gencives-bi-fluore-145mg-2-x-75-ml\/","title":{"rendered":"FLUOCARIL Dentifrice Gencives Bi-Fluor\u00e9 145mg 2 x 75 ml"},"content":{"rendered":"<p><strong>FLUOCARIL Dentifrice Gencives Bi-fluor\u00e9 145mg 2 x 75ml<\/strong><\/p>\n<p>Exclusivement vendu en pharmacie et parapharmacie, le dentifrice Fluocaril Bi-Fluor\u00e9 145mg Gencives est indiqu\u00e9 pour aider \u00e0 r\u00e9duire et pr\u00e9venir les probl\u00e8mes de gencives.<\/p>\n<p>Tout en contribuant \u00e0 la r\u00e9duction et \u00e0 la pr\u00e9vention des probl\u00e8mes de gencives, ce dentifrice vous permet \u00e9galement de prot\u00e9ger vos dents des caries gr\u00e2ce \u00e0 sa teneur en fluor.<\/p>\n<p>La F\u00e9d\u00e9ration Dentaire Internationale (FDI) reconna\u00eet qu\u2019un brossage deux fois par jour avec un dentifrice fluor\u00e9 comme Fluocaril Bi-Fluor\u00e9 145mg Gencives contribue \u00e0 maintenir une bonne sant\u00e9 dentaire.<\/p>\n<p>Enfants de six ans ou moins : utiliser une quantit\u00e9 de dentifrice de la taille d\u2019un petit pois sous la surveillance d\u2019un adulte afin d\u2019en minimiser l\u2019ingestion. En cas d\u2019apport de fluorures provenant d\u2019autres sources, consultez un dentiste ou un m\u00e9decin.<\/p>\n<article class=\"desc-longue\">Pour une utilisation optimale du\u00a0<strong>Dentifrice Bi-Fluor\u00e9 Gencives 145 mg<\/strong>, proc\u00e9der \u00e0 un brossage r\u00e9gulier et soigneux \u00e0 la suite de chaque repas, pendant un minimum de 2 minutes, le tout dans le sens vertical de la gencive et vers l\u2019extr\u00e9mit\u00e9 de la dent. Chez les enfants de 6 ans ou moins, la surveillance d\u2019un adulte est requise pour minimiser les risques d\u2019ingestion, et la quantit\u00e9 de dentifrice \u00e0 utiliser \u00e9quivaut \u00e0 la taille d\u2019un petit pois.\u00a0<\/article>\n","protected":false},"excerpt":{"rendered":"<div class=\"product-short-description\">\n<p>Besoin d\u2019un dentifrice pour aider \u00e0 pr\u00e9venir les probl\u00e8mes de gencives ? Testez le dentifrice Fluocaril Bi-Fluor\u00e9 145mg Gencives.<\/p>\n<\/div>\n","protected":false},"featured_media":746,"comment_status":"open","ping_status":"closed","template":"","meta":{"ocean_post_layout":"","ocean_both_sidebars_style":"","ocean_both_sidebars_content_width":0,"ocean_both_sidebars_sidebars_width":0,"ocean_sidebar":"0","ocean_second_sidebar":"0","ocean_disable_margins":"enable","ocean_add_body_class":"","ocean_shortcode_before_top_bar":"","ocean_shortcode_after_top_bar":"","ocean_shortcode_before_header":"","ocean_shortcode_after_header":"","ocean_has_shortcode":"","ocean_shortcode_after_title":"","ocean_shortcode_before_footer_widgets":"","ocean_shortcode_after_footer_widgets":"","ocean_shortcode_before_footer_bottom":"","ocean_shortcode_after_footer_bottom":"","ocean_display_top_bar":"default","ocean_display_header":"default","ocean_header_style":"","ocean_center_header_left_menu":"0","ocean_custom_header_template":"0","ocean_custom_logo":0,"ocean_custom_retina_logo":0,"ocean_custom_logo_max_width":0,"ocean_custom_logo_tablet_max_width":0,"ocean_custom_logo_mobile_max_width":0,"ocean_custom_logo_max_height":0,"ocean_custom_logo_tablet_max_height":0,"ocean_custom_logo_mobile_max_height":0,"ocean_header_custom_menu":"0","ocean_menu_typo_font_family":"0","ocean_menu_typo_font_subset":"","ocean_menu_typo_font_size":0,"ocean_menu_typo_font_size_tablet":0,"ocean_menu_typo_font_size_mobile":0,"ocean_menu_typo_font_size_unit":"px","ocean_menu_typo_font_weight":"","ocean_menu_typo_font_weight_tablet":"","ocean_menu_typo_font_weight_mobile":"","ocean_menu_typo_transform":"","ocean_menu_typo_transform_tablet":"","ocean_menu_typo_transform_mobile":"","ocean_menu_typo_line_height":0,"ocean_menu_typo_line_height_tablet":0,"ocean_menu_typo_line_height_mobile":0,"ocean_menu_typo_line_height_unit":"","ocean_menu_typo_spacing":0,"ocean_menu_typo_spacing_tablet":0,"ocean_menu_typo_spacing_mobile":0,"ocean_menu_typo_spacing_unit":"","ocean_menu_link_color":"","ocean_menu_link_color_hover":"","ocean_menu_link_color_active":"","ocean_menu_link_background":"","ocean_menu_link_hover_background":"","ocean_menu_link_active_background":"","ocean_menu_social_links_bg":"","ocean_menu_social_hover_links_bg":"","ocean_menu_social_links_color":"","ocean_menu_social_hover_links_color":"","ocean_disable_title":"default","ocean_disable_heading":"default","ocean_post_title":"","ocean_post_subheading":"","ocean_post_title_style":"","ocean_post_title_background_color":"","ocean_post_title_background":0,"ocean_post_title_bg_image_position":"","ocean_post_title_bg_image_attachment":"","ocean_post_title_bg_image_repeat":"","ocean_post_title_bg_image_size":"","ocean_post_title_height":0,"ocean_post_title_bg_overlay":0.5,"ocean_post_title_bg_overlay_color":"","ocean_disable_breadcrumbs":"default","ocean_breadcrumbs_color":"","ocean_breadcrumbs_separator_color":"","ocean_breadcrumbs_links_color":"","ocean_breadcrumbs_links_hover_color":"","ocean_display_footer_widgets":"default","ocean_display_footer_bottom":"default","ocean_custom_footer_template":"0"},"product_brand":[],"product_cat":[93,44,88],"product_tag":[],"class_list":{"0":"post-745","1":"product","2":"type-product","3":"status-publish","4":"has-post-thumbnail","6":"product_cat-dentifrices","7":"product_cat-hygiene","8":"product_cat-soins-buccodentaires","10":"entry","11":"has-media","13":"first","14":"instock","15":"taxable","16":"shipping-taxable","17":"purchasable","18":"product-type-simple","19":"has-product-nav","20":"col","21":"span_1_of_3","22":"owp-content-center","23":"owp-thumbs-layout-horizontal","24":"owp-btn-normal","25":"owp-tabs-layout-horizontal","26":"has-no-thumbnails"},"_links":{"self":[{"href":"https:\/\/ellypara.com\/index.php\/wp-json\/wp\/v2\/product\/745","targetHints":{"allow":["GET"]}}],"collection":[{"href":"https:\/\/ellypara.com\/index.php\/wp-json\/wp\/v2\/product"}],"about":[{"href":"https:\/\/ellypara.com\/index.php\/wp-json\/wp\/v2\/types\/product"}],"replies":[{"embeddable":true,"href":"https:\/\/ellypara.com\/index.php\/wp-json\/wp\/v2\/comments?post=745"}],"wp:featuredmedia":[{"embeddable":true,"href":"https:\/\/ellypara.com\/index.php\/wp-json\/wp\/v2\/media\/746"}],"wp:attachment":[{"href":"https:\/\/ellypara.com\/index.php\/wp-json\/wp\/v2\/media?parent=745"}],"wp:term":[{"taxonomy":"product_brand","embeddable":true,"href":"https:\/\/ellypara.com\/index.php\/wp-json\/wp\/v2\/product_brand?post=745"},{"taxonomy":"product_cat","embeddable":true,"href":"https:\/\/ellypara.com\/index.php\/wp-json\/wp\/v2\/product_cat?post=745"},{"taxonomy":"product_tag","embeddable":true,"href":"https:\/\/ellypara.com\/index.php\/wp-json\/wp\/v2\/product_tag?post=745"}],"curies":[{"name":"wp","href":"https:\/\/api.w.org\/{rel}","templated":true}]}}