{"id":747,"date":"2025-01-31T12:35:21","date_gmt":"2025-01-31T11:35:21","guid":{"rendered":"https:\/\/ellypara.com\/?post_type=product&#038;p=747"},"modified":"2025-01-31T12:35:22","modified_gmt":"2025-01-31T11:35:22","slug":"fluocaril-dentifrice-menthe-bi-fluore-145mg-2-x-75ml","status":"publish","type":"product","link":"https:\/\/ellypara.com\/index.php\/produit\/fluocaril-dentifrice-menthe-bi-fluore-145mg-2-x-75ml\/","title":{"rendered":"FLUOCARIL Dentifrice Menthe Bi-fluor\u00e9 145mg 2 x 75ml"},"content":{"rendered":"<p><strong>FLUOCARIL Dentifrice Menthe Bi-fluor\u00e9 145mg 2 x 75ml<\/strong><\/p>\n<p>Pour les personnes qui souffrent de caries survenant fr\u00e9quemment, d\u00e9couvrez vite le dentifrice bi-fluor\u00e9 Fluocaril 145 mg en parfum menthe.<\/p>\n<p>Le\u00a0<strong>dentifrice bi-fluor\u00e9 Fluocaril 145 mg Menthe<\/strong>\u00a0est formul\u00e9 afin de vous aider \u00e0 renforcer votre \u00e9mail et \u00e0 pr\u00e9venir l\u2019apparition de nouvelles caries. Son parfum de menthe vous procure \u00e9galement une agr\u00e9able sensation d\u2019haleine fra\u00eeche. Il poss\u00e8de une formule bi-fluor\u00e9e qui associe\u00a0<strong>2 sels fluor\u00e9s<\/strong>, ce qui lui conf\u00e8re une action durable en mati\u00e8re de protection et de renforcement de l\u2019\u00e9mail et de pr\u00e9vention des caries.<\/p>\n<p><strong>POURQUOI UTILISER LE DENTIFRICE BI-FLUOR\u00c9 FLUOCARIL 145 MG MENTHE ?<\/strong><\/p>\n<p>Utiliser un dentifrice fluor\u00e9 tel que le dentifrice bi-fluor\u00e9 Fluocaril 145 mg contribue au\u00a0<strong>maintien d\u2019une bonne sant\u00e9 dentaire<\/strong>. Celui-ci peut \u00eatre utilis\u00e9 chez l\u2019adulte et l\u2019enfant, en diminuant la quantit\u00e9 utilis\u00e9e pour les enfants de moins de 6 ans (voir nos Conseils d\u2019utilisation).<\/p>\n<p>Le\u00a0<strong>dentifrice bi-fluor\u00e9 Fluocaril 145 mg Menthe<\/strong>\u00a0contient 145 mg de fluorure pour 100 g de dentifrice. Sa formule est \u00e9galement enrichie en zinc, efficace contre les bact\u00e9ries \u00e0 l\u2019origine de la plaque dentaire. Utilis\u00e9 r\u00e9guli\u00e8rement et associ\u00e9 \u00e0 un brossage soigneux, il va renforcer l\u2019\u00e9mail de vos dents et diminuer le risque de caries.<\/p>\n<p>Les conditionnements disponibles sur le site de votre pharmacie en ligne pour le dentifrice bi-fluor\u00e9 Fluocaril 145 mg go\u00fbt Menthe : tube de 75 ml, ou lot de 2 tubes de 75 ml.<\/p>\n","protected":false},"excerpt":{"rendered":"<div class=\"product-short-description\">\n<p>Pour les personnes qui souffrent de caries survenant fr\u00e9quemment, d\u00e9couvrez vite le dentifrice bi-fluor\u00e9 Fluocaril 145 mg en parfum menthe.<\/p>\n<\/div>\n<form class=\"cart\" action=\"https:\/\/www.maparatunisie.tn\/produit\/fluocaril-dentifrice-menthe-bi-fluore-145mg-2-x-75ml\/\" enctype=\"multipart\/form-data\" method=\"post\">\n<div class=\"ux-quantity quantity buttons_added\"><\/div>\n<\/form>\n","protected":false},"featured_media":748,"comment_status":"open","ping_status":"closed","template":"","meta":{"ocean_post_layout":"","ocean_both_sidebars_style":"","ocean_both_sidebars_content_width":0,"ocean_both_sidebars_sidebars_width":0,"ocean_sidebar":"0","ocean_second_sidebar":"0","ocean_disable_margins":"enable","ocean_add_body_class":"","ocean_shortcode_before_top_bar":"","ocean_shortcode_after_top_bar":"","ocean_shortcode_before_header":"","ocean_shortcode_after_header":"","ocean_has_shortcode":"","ocean_shortcode_after_title":"","ocean_shortcode_before_footer_widgets":"","ocean_shortcode_after_footer_widgets":"","ocean_shortcode_before_footer_bottom":"","ocean_shortcode_after_footer_bottom":"","ocean_display_top_bar":"default","ocean_display_header":"default","ocean_header_style":"","ocean_center_header_left_menu":"0","ocean_custom_header_template":"0","ocean_custom_logo":0,"ocean_custom_retina_logo":0,"ocean_custom_logo_max_width":0,"ocean_custom_logo_tablet_max_width":0,"ocean_custom_logo_mobile_max_width":0,"ocean_custom_logo_max_height":0,"ocean_custom_logo_tablet_max_height":0,"ocean_custom_logo_mobile_max_height":0,"ocean_header_custom_menu":"0","ocean_menu_typo_font_family":"0","ocean_menu_typo_font_subset":"","ocean_menu_typo_font_size":0,"ocean_menu_typo_font_size_tablet":0,"ocean_menu_typo_font_size_mobile":0,"ocean_menu_typo_font_size_unit":"px","ocean_menu_typo_font_weight":"","ocean_menu_typo_font_weight_tablet":"","ocean_menu_typo_font_weight_mobile":"","ocean_menu_typo_transform":"","ocean_menu_typo_transform_tablet":"","ocean_menu_typo_transform_mobile":"","ocean_menu_typo_line_height":0,"ocean_menu_typo_line_height_tablet":0,"ocean_menu_typo_line_height_mobile":0,"ocean_menu_typo_line_height_unit":"","ocean_menu_typo_spacing":0,"ocean_menu_typo_spacing_tablet":0,"ocean_menu_typo_spacing_mobile":0,"ocean_menu_typo_spacing_unit":"","ocean_menu_link_color":"","ocean_menu_link_color_hover":"","ocean_menu_link_color_active":"","ocean_menu_link_background":"","ocean_menu_link_hover_background":"","ocean_menu_link_active_background":"","ocean_menu_social_links_bg":"","ocean_menu_social_hover_links_bg":"","ocean_menu_social_links_color":"","ocean_menu_social_hover_links_color":"","ocean_disable_title":"default","ocean_disable_heading":"default","ocean_post_title":"","ocean_post_subheading":"","ocean_post_title_style":"","ocean_post_title_background_color":"","ocean_post_title_background":0,"ocean_post_title_bg_image_position":"","ocean_post_title_bg_image_attachment":"","ocean_post_title_bg_image_repeat":"","ocean_post_title_bg_image_size":"","ocean_post_title_height":0,"ocean_post_title_bg_overlay":0.5,"ocean_post_title_bg_overlay_color":"","ocean_disable_breadcrumbs":"default","ocean_breadcrumbs_color":"","ocean_breadcrumbs_separator_color":"","ocean_breadcrumbs_links_color":"","ocean_breadcrumbs_links_hover_color":"","ocean_display_footer_widgets":"default","ocean_display_footer_bottom":"default","ocean_custom_footer_template":"0"},"product_brand":[],"product_cat":[93,44,88],"product_tag":[],"class_list":{"0":"post-747","1":"product","2":"type-product","3":"status-publish","4":"has-post-thumbnail","6":"product_cat-dentifrices","7":"product_cat-hygiene","8":"product_cat-soins-buccodentaires","10":"entry","11":"has-media","13":"first","14":"instock","15":"taxable","16":"shipping-taxable","17":"purchasable","18":"product-type-simple","19":"has-product-nav","20":"col","21":"span_1_of_3","22":"owp-content-center","23":"owp-thumbs-layout-horizontal","24":"owp-btn-normal","25":"owp-tabs-layout-horizontal","26":"has-no-thumbnails"},"_links":{"self":[{"href":"https:\/\/ellypara.com\/index.php\/wp-json\/wp\/v2\/product\/747","targetHints":{"allow":["GET"]}}],"collection":[{"href":"https:\/\/ellypara.com\/index.php\/wp-json\/wp\/v2\/product"}],"about":[{"href":"https:\/\/ellypara.com\/index.php\/wp-json\/wp\/v2\/types\/product"}],"replies":[{"embeddable":true,"href":"https:\/\/ellypara.com\/index.php\/wp-json\/wp\/v2\/comments?post=747"}],"wp:featuredmedia":[{"embeddable":true,"href":"https:\/\/ellypara.com\/index.php\/wp-json\/wp\/v2\/media\/748"}],"wp:attachment":[{"href":"https:\/\/ellypara.com\/index.php\/wp-json\/wp\/v2\/media?parent=747"}],"wp:term":[{"taxonomy":"product_brand","embeddable":true,"href":"https:\/\/ellypara.com\/index.php\/wp-json\/wp\/v2\/product_brand?post=747"},{"taxonomy":"product_cat","embeddable":true,"href":"https:\/\/ellypara.com\/index.php\/wp-json\/wp\/v2\/product_cat?post=747"},{"taxonomy":"product_tag","embeddable":true,"href":"https:\/\/ellypara.com\/index.php\/wp-json\/wp\/v2\/product_tag?post=747"}],"curies":[{"name":"wp","href":"https:\/\/api.w.org\/{rel}","templated":true}]}}