{"id":749,"date":"2025-01-31T12:45:54","date_gmt":"2025-01-31T11:45:54","guid":{"rendered":"https:\/\/ellypara.com\/?post_type=product&#038;p=749"},"modified":"2025-01-31T12:45:55","modified_gmt":"2025-01-31T11:45:55","slug":"fluocaril-brosse-a-dent-souple-precision-interdentaire","status":"publish","type":"product","link":"https:\/\/ellypara.com\/index.php\/produit\/fluocaril-brosse-a-dent-souple-precision-interdentaire\/","title":{"rendered":"FLUOCARIL Brosse \u00e0 Dent Souple Precision Interdentaire"},"content":{"rendered":"<p><strong>Brosse \u00e0 Dents Souple Precision Interdentaire Fluocaril<\/strong><\/p>\n<p>FLUOCARIL<br \/>\nPrecision Interdentaire<br \/>\nBrosse \u00e0 dents manuelle<br \/>\nSouple<br \/>\nColoris et motifs selon disponibilit\u00e9<\/p>\n<p>Developp\u00e9e avec des experts dentaires et vendue uniquement en pharmacies, la brosse \u00e0 dents Fluocaril Pr\u00e9cision Interdentaire permet un nettoyage ultra-pr\u00e9cis de la bouche, m\u00eame dans les zones difficiles d\u2019acc\u00e8s.<\/p>\n<p>Avec des pointes de poils de diff\u00e9rentes hauteurs pour permettre un nettoyage interdentaire efficace, la brosse \u00e0 dents Fluocaril Pr\u00e9cision Interdentaire a aussi une petite t\u00eate adapt\u00e9e pour atteindre les zones difficiles d\u2019acc\u00e8s.<\/p>\n<p>Dot\u00e9e de pointes de poils de diff\u00e9rentes hauteurs pour nettoyer efficacement les espaces plus ou moins \u00e9troits entre vos diff\u00e9rentes dents.<\/p>\n<p>La brosse \u00e0 dents Fluocaril Pr\u00e9cision Interdentaire dispose \u00e9galement d\u2019une petite t\u00eate adapt\u00e9e pour atteindre les zones difficiles d\u2019acc\u00e8s.<\/p>\n<p>Cette brosse \u00e0 dents Fluocaril vous aide \u00e0 d\u00e9loger les r\u00e9sidus alimentaires coinc\u00e9s dans les interstices, et ainsi \u00e0 lutter contre la plaque dentaire, pour aider \u00e0 pr\u00e9venir les caries.<\/p>\n<p><strong>COMPOSITIONS &amp; INGR\u00c9DIENTS<\/strong><\/p>\n<p>La liste des ingr\u00e9dients peut \u00eatre soumise \u00e0 des variations, nous vous conseillons de toujours v\u00e9rifier la liste figurant sur le produit achet\u00e9.<\/p>\n<p><strong>CONSEILS D\u2019UTILISATION<\/strong><\/p>\n<p>Brossez-vous soigneusement les dents apr\u00e8s chaque repas, pendant 3 minutes, verticalement de la gencive vers l\u2019extr\u00e9mit\u00e9 de la dent.<\/p>\n","protected":false},"excerpt":{"rendered":"<div class=\"product-short-description\">\n<p>Une brosse \u00e0 dents dot\u00e9e d\u2019une t\u00eate adapt\u00e9e aux zones difficiles d\u2019acc\u00e8s avec des poils de diff\u00e9rentes hauteurs pour un nettoyage interdentaire ultra pr\u00e9cis et extr\u00eamement efficace.<\/p>\n<\/div>\n","protected":false},"featured_media":750,"comment_status":"open","ping_status":"closed","template":"","meta":{"ocean_post_layout":"","ocean_both_sidebars_style":"","ocean_both_sidebars_content_width":0,"ocean_both_sidebars_sidebars_width":0,"ocean_sidebar":"0","ocean_second_sidebar":"0","ocean_disable_margins":"enable","ocean_add_body_class":"","ocean_shortcode_before_top_bar":"","ocean_shortcode_after_top_bar":"","ocean_shortcode_before_header":"","ocean_shortcode_after_header":"","ocean_has_shortcode":"","ocean_shortcode_after_title":"","ocean_shortcode_before_footer_widgets":"","ocean_shortcode_after_footer_widgets":"","ocean_shortcode_before_footer_bottom":"","ocean_shortcode_after_footer_bottom":"","ocean_display_top_bar":"default","ocean_display_header":"default","ocean_header_style":"","ocean_center_header_left_menu":"0","ocean_custom_header_template":"0","ocean_custom_logo":0,"ocean_custom_retina_logo":0,"ocean_custom_logo_max_width":0,"ocean_custom_logo_tablet_max_width":0,"ocean_custom_logo_mobile_max_width":0,"ocean_custom_logo_max_height":0,"ocean_custom_logo_tablet_max_height":0,"ocean_custom_logo_mobile_max_height":0,"ocean_header_custom_menu":"0","ocean_menu_typo_font_family":"0","ocean_menu_typo_font_subset":"","ocean_menu_typo_font_size":0,"ocean_menu_typo_font_size_tablet":0,"ocean_menu_typo_font_size_mobile":0,"ocean_menu_typo_font_size_unit":"px","ocean_menu_typo_font_weight":"","ocean_menu_typo_font_weight_tablet":"","ocean_menu_typo_font_weight_mobile":"","ocean_menu_typo_transform":"","ocean_menu_typo_transform_tablet":"","ocean_menu_typo_transform_mobile":"","ocean_menu_typo_line_height":0,"ocean_menu_typo_line_height_tablet":0,"ocean_menu_typo_line_height_mobile":0,"ocean_menu_typo_line_height_unit":"","ocean_menu_typo_spacing":0,"ocean_menu_typo_spacing_tablet":0,"ocean_menu_typo_spacing_mobile":0,"ocean_menu_typo_spacing_unit":"","ocean_menu_link_color":"","ocean_menu_link_color_hover":"","ocean_menu_link_color_active":"","ocean_menu_link_background":"","ocean_menu_link_hover_background":"","ocean_menu_link_active_background":"","ocean_menu_social_links_bg":"","ocean_menu_social_hover_links_bg":"","ocean_menu_social_links_color":"","ocean_menu_social_hover_links_color":"","ocean_disable_title":"default","ocean_disable_heading":"default","ocean_post_title":"","ocean_post_subheading":"","ocean_post_title_style":"","ocean_post_title_background_color":"","ocean_post_title_background":0,"ocean_post_title_bg_image_position":"","ocean_post_title_bg_image_attachment":"","ocean_post_title_bg_image_repeat":"","ocean_post_title_bg_image_size":"","ocean_post_title_height":0,"ocean_post_title_bg_overlay":0.5,"ocean_post_title_bg_overlay_color":"","ocean_disable_breadcrumbs":"default","ocean_breadcrumbs_color":"","ocean_breadcrumbs_separator_color":"","ocean_breadcrumbs_links_color":"","ocean_breadcrumbs_links_hover_color":"","ocean_display_footer_widgets":"default","ocean_display_footer_bottom":"default","ocean_custom_footer_template":"0"},"product_brand":[],"product_cat":[90,44,88],"product_tag":[],"class_list":{"0":"post-749","1":"product","2":"type-product","3":"status-publish","4":"has-post-thumbnail","6":"product_cat-brosses-a-dents","7":"product_cat-hygiene","8":"product_cat-soins-buccodentaires","10":"entry","11":"has-media","13":"first","14":"instock","15":"taxable","16":"shipping-taxable","17":"purchasable","18":"product-type-simple","19":"has-product-nav","20":"col","21":"span_1_of_3","22":"owp-content-center","23":"owp-thumbs-layout-horizontal","24":"owp-btn-normal","25":"owp-tabs-layout-horizontal","26":"has-no-thumbnails"},"_links":{"self":[{"href":"https:\/\/ellypara.com\/index.php\/wp-json\/wp\/v2\/product\/749","targetHints":{"allow":["GET"]}}],"collection":[{"href":"https:\/\/ellypara.com\/index.php\/wp-json\/wp\/v2\/product"}],"about":[{"href":"https:\/\/ellypara.com\/index.php\/wp-json\/wp\/v2\/types\/product"}],"replies":[{"embeddable":true,"href":"https:\/\/ellypara.com\/index.php\/wp-json\/wp\/v2\/comments?post=749"}],"wp:featuredmedia":[{"embeddable":true,"href":"https:\/\/ellypara.com\/index.php\/wp-json\/wp\/v2\/media\/750"}],"wp:attachment":[{"href":"https:\/\/ellypara.com\/index.php\/wp-json\/wp\/v2\/media?parent=749"}],"wp:term":[{"taxonomy":"product_brand","embeddable":true,"href":"https:\/\/ellypara.com\/index.php\/wp-json\/wp\/v2\/product_brand?post=749"},{"taxonomy":"product_cat","embeddable":true,"href":"https:\/\/ellypara.com\/index.php\/wp-json\/wp\/v2\/product_cat?post=749"},{"taxonomy":"product_tag","embeddable":true,"href":"https:\/\/ellypara.com\/index.php\/wp-json\/wp\/v2\/product_tag?post=749"}],"curies":[{"name":"wp","href":"https:\/\/api.w.org\/{rel}","templated":true}]}}