{"id":754,"date":"2025-01-31T13:11:02","date_gmt":"2025-01-31T12:11:02","guid":{"rendered":"https:\/\/ellypara.com\/?post_type=product&#038;p=754"},"modified":"2025-01-31T13:11:02","modified_gmt":"2025-01-31T12:11:02","slug":"phyteal-moustistop-gel-protecteur-50ml","status":"publish","type":"product","link":"https:\/\/ellypara.com\/index.php\/produit\/phyteal-moustistop-gel-protecteur-50ml\/","title":{"rendered":"PHYTEAL Moustistop Gel Protecteur 50ml"},"content":{"rendered":"<p><strong>PHYTEAL MOUSTISTOP GEL PROTECTEUR 50ml<\/strong><\/p>\n<p>PHYTEAL MOUSTISTOP GEL PROTECTEUR est un soin\u00a0qui s\u2019applique sur la peau pour se prot\u00e9ger des moustiques et pour le\u00a0traitement et l\u2019apaisement des piq\u00fbres d\u2019insectes.<\/p>\n<p>Il agit \u00e9galement comme un excellent r\u00e9pulsif aux insectes gr\u00e2ce \u00e0 sa composition naturelle en huile essentielle de citronnelle.<\/p>\n<p>Constitu\u00e9 d\u2019extrait d\u2019alo\u00e9 vera, MOUSTISTOP gel protecteur nourrit, r\u00e9g\u00e9n\u00e8re, revitalise, hydrate et lisse la peau.<\/p>\n<p><strong>Composition :\u00a0<\/strong><\/p>\n<ul>\n<li>Extrait d\u2019alo\u00e9 vera<\/li>\n<li>Huile essentielle de citronnelle<\/li>\n<\/ul>\n<p><em><strong>Texture gel, Sans parab\u00e8ne<\/strong><\/em><\/p>\n<p><strong>Conseils d\u2019utilisation :\u00a0<\/strong><\/p>\n<ul>\n<li>Parties du corps :Sur tout le corps.<\/li>\n<li>Application : Appliquer le produit sur les zones expos\u00e9es aux piq\u00fbres d\u2019insectes.<\/li>\n<li>MOUSTISTOP gel protecteur convient au nouveau-n\u00e9, au nourrisson, au petit enfant, \u00e0 l\u2019enfant, \u00e0 l\u2019adulte et \u00e0 la femme enceinte.<\/li>\n<li>MOUSTISTOP gel protecteur ne pr\u00e9sente aucune contre-indication et dispose d\u2019une formule hypoallerg\u00e9nique, sans parab\u00e8ne, non com\u00e9dog\u00e8ne, non test\u00e9e sur les animaux, sans colorants et sans acides de fruits.<\/li>\n<\/ul>\n","protected":false},"excerpt":{"rendered":"<div class=\"product-short-description\">\n<p>Calme, Repousse Les Insectes Et Apaise Les Anciennes Piq\u00fbres.<\/p>\n<\/div>\n<form class=\"cart\" action=\"https:\/\/www.maparatunisie.tn\/produit\/moustistop-gel-protecteur-50ml\/\" enctype=\"multipart\/form-data\" method=\"post\">\n<div class=\"ux-quantity quantity buttons_added\"><\/div>\n<\/form>\n","protected":false},"featured_media":755,"comment_status":"open","ping_status":"closed","template":"","meta":{"ocean_post_layout":"","ocean_both_sidebars_style":"","ocean_both_sidebars_content_width":0,"ocean_both_sidebars_sidebars_width":0,"ocean_sidebar":"0","ocean_second_sidebar":"0","ocean_disable_margins":"enable","ocean_add_body_class":"","ocean_shortcode_before_top_bar":"","ocean_shortcode_after_top_bar":"","ocean_shortcode_before_header":"","ocean_shortcode_after_header":"","ocean_has_shortcode":"","ocean_shortcode_after_title":"","ocean_shortcode_before_footer_widgets":"","ocean_shortcode_after_footer_widgets":"","ocean_shortcode_before_footer_bottom":"","ocean_shortcode_after_footer_bottom":"","ocean_display_top_bar":"default","ocean_display_header":"default","ocean_header_style":"","ocean_center_header_left_menu":"0","ocean_custom_header_template":"0","ocean_custom_logo":0,"ocean_custom_retina_logo":0,"ocean_custom_logo_max_width":0,"ocean_custom_logo_tablet_max_width":0,"ocean_custom_logo_mobile_max_width":0,"ocean_custom_logo_max_height":0,"ocean_custom_logo_tablet_max_height":0,"ocean_custom_logo_mobile_max_height":0,"ocean_header_custom_menu":"0","ocean_menu_typo_font_family":"0","ocean_menu_typo_font_subset":"","ocean_menu_typo_font_size":0,"ocean_menu_typo_font_size_tablet":0,"ocean_menu_typo_font_size_mobile":0,"ocean_menu_typo_font_size_unit":"px","ocean_menu_typo_font_weight":"","ocean_menu_typo_font_weight_tablet":"","ocean_menu_typo_font_weight_mobile":"","ocean_menu_typo_transform":"","ocean_menu_typo_transform_tablet":"","ocean_menu_typo_transform_mobile":"","ocean_menu_typo_line_height":0,"ocean_menu_typo_line_height_tablet":0,"ocean_menu_typo_line_height_mobile":0,"ocean_menu_typo_line_height_unit":"","ocean_menu_typo_spacing":0,"ocean_menu_typo_spacing_tablet":0,"ocean_menu_typo_spacing_mobile":0,"ocean_menu_typo_spacing_unit":"","ocean_menu_link_color":"","ocean_menu_link_color_hover":"","ocean_menu_link_color_active":"","ocean_menu_link_background":"","ocean_menu_link_hover_background":"","ocean_menu_link_active_background":"","ocean_menu_social_links_bg":"","ocean_menu_social_hover_links_bg":"","ocean_menu_social_links_color":"","ocean_menu_social_hover_links_color":"","ocean_disable_title":"default","ocean_disable_heading":"default","ocean_post_title":"","ocean_post_subheading":"","ocean_post_title_style":"","ocean_post_title_background_color":"","ocean_post_title_background":0,"ocean_post_title_bg_image_position":"","ocean_post_title_bg_image_attachment":"","ocean_post_title_bg_image_repeat":"","ocean_post_title_bg_image_size":"","ocean_post_title_height":0,"ocean_post_title_bg_overlay":0.5,"ocean_post_title_bg_overlay_color":"","ocean_disable_breadcrumbs":"default","ocean_breadcrumbs_color":"","ocean_breadcrumbs_separator_color":"","ocean_breadcrumbs_links_color":"","ocean_breadcrumbs_links_hover_color":"","ocean_display_footer_widgets":"default","ocean_display_footer_bottom":"default","ocean_custom_footer_template":"0"},"product_brand":[],"product_cat":[80,44],"product_tag":[],"class_list":{"0":"post-754","1":"product","2":"type-product","3":"status-publish","4":"has-post-thumbnail","6":"product_cat-anti-acariens-et-anti-insectes","7":"product_cat-hygiene","9":"entry","10":"has-media","12":"first","13":"instock","14":"taxable","15":"shipping-taxable","16":"purchasable","17":"product-type-simple","18":"has-product-nav","19":"col","20":"span_1_of_3","21":"owp-content-center","22":"owp-thumbs-layout-horizontal","23":"owp-btn-normal","24":"owp-tabs-layout-horizontal","25":"has-no-thumbnails"},"_links":{"self":[{"href":"https:\/\/ellypara.com\/index.php\/wp-json\/wp\/v2\/product\/754","targetHints":{"allow":["GET"]}}],"collection":[{"href":"https:\/\/ellypara.com\/index.php\/wp-json\/wp\/v2\/product"}],"about":[{"href":"https:\/\/ellypara.com\/index.php\/wp-json\/wp\/v2\/types\/product"}],"replies":[{"embeddable":true,"href":"https:\/\/ellypara.com\/index.php\/wp-json\/wp\/v2\/comments?post=754"}],"wp:featuredmedia":[{"embeddable":true,"href":"https:\/\/ellypara.com\/index.php\/wp-json\/wp\/v2\/media\/755"}],"wp:attachment":[{"href":"https:\/\/ellypara.com\/index.php\/wp-json\/wp\/v2\/media?parent=754"}],"wp:term":[{"taxonomy":"product_brand","embeddable":true,"href":"https:\/\/ellypara.com\/index.php\/wp-json\/wp\/v2\/product_brand?post=754"},{"taxonomy":"product_cat","embeddable":true,"href":"https:\/\/ellypara.com\/index.php\/wp-json\/wp\/v2\/product_cat?post=754"},{"taxonomy":"product_tag","embeddable":true,"href":"https:\/\/ellypara.com\/index.php\/wp-json\/wp\/v2\/product_tag?post=754"}],"curies":[{"name":"wp","href":"https:\/\/api.w.org\/{rel}","templated":true}]}}