{"id":763,"date":"2025-01-31T13:22:24","date_gmt":"2025-01-31T12:22:24","guid":{"rendered":"https:\/\/ellypara.com\/?post_type=product&#038;p=763"},"modified":"2025-01-31T13:22:25","modified_gmt":"2025-01-31T12:22:25","slug":"gifrer-physiologica-solution-deau-de-mer-isotonique-100ml","status":"publish","type":"product","link":"https:\/\/ellypara.com\/index.php\/produit\/gifrer-physiologica-solution-deau-de-mer-isotonique-100ml\/","title":{"rendered":"Gifrer Physiologica Solution d\u2019Eau de Mer Isotonique 100ml"},"content":{"rendered":"<p>La\u00a0<strong>solution d\u2019eau de mer Physiologica\u00a0des Laboratoires Gifrer<\/strong>\u00a0est un dispositif m\u00e9dical id\u00e9al pour\u00a0l\u2019humidification et le\u00a0<strong>lavage des fosses nasales<\/strong>. Cette\u00a0<strong>solution isotonique<\/strong>\u00a0maintient un bon \u00e9quilibre physiologique des muqueuses tout en les pr\u00e9servant de la pollution et des poussi\u00e8res.<\/p>\n<p><strong>UNE SOLUTION D\u2019EAU DE MER POUR LE LAVAGE DU NEZ<\/strong><\/p>\n<p>La solution d\u2019eau de mer isotonique Physiologica Gifrer a \u00e9t\u00e9 d\u00e9velopp\u00e9e pour l\u2019hygi\u00e8ne nasale (notamment en cas de contact avec la pollution, la poussi\u00e8re ou encore la climatisation\u2026). Elle agit aussi en pr\u00e9vention de l\u2019ass\u00e8chement des muqueuses nasales et favorise la fluidification des s\u00e9cr\u00e9tions ainsi que la stimulation du mouchage. Cette solution isotonique contient des sels marins naturels destin\u00e9s \u00e0 entretenir un \u00e9quilibre de concentration en sel au sein de la muqueuse nasale. La solution d\u2019eau de mer Gifrer s\u2019utilise aussi bien chez l\u2019adulte que chez l\u2019enfant ou le nourrisson. Elle est \u00e9galement adapt\u00e9e pour une utilisation par les femmes enceintes.<\/p>\n<p>Le plus de la solution d\u2019eau de mer isotonique Physiologica Gifrer : Le flacon dispose d\u2019un embout pour une application facile et rapide dans chaque narine.<\/p>\n<p>Pr\u00e9sentation propos\u00e9e par votre pharmacie en ligne pour la solution d\u2019eau de mer isotonique Gifrer Physiologica : Spray de 100 ml.<\/p>\n<p><strong>AVIS SUR GIFRER PHYSIOLOGICA SOLUTION D\u2019EAU DE MER ISOTONIQUE<\/strong><\/p>\n<p>Exercez une pulv\u00e9risation par narine 3 \u00e0 6 fois par jour. Cette solution d\u2019eau de mer isotonique peut \u00eatre utilis\u00e9e en pr\u00e9vention ou en hygi\u00e8ne nasale quotidienne.<\/p>\n<p>Pour les enfants de 1 \u00e0 3 ans, appliquez 1 pulv\u00e9risation jusqu\u2019\u00e0 3 fois par jour. D\u00e8s l\u2019\u00e2ge de 3 ans, appliquez 1 pulv\u00e9risation jusqu\u2019\u00e0 6 fois par jour.<\/p>\n<p><strong>Pr\u00e9cautions d\u2019emploi :<\/strong>\u00a0Bien lire le mode d\u2019utilisation. Secouer le flacon avant chaque utilisation. Ne pas utiliser en cas d\u2019hypersensibilit\u00e9 \u00e0 l\u2019eau et \u00e0 tout autre composant. Ne pas r\u00e9aliser un lavage de nez la t\u00eate pench\u00e9e en arri\u00e8re (risque de fausse route ou d\u2019ingestion). Chez le nourrisson ainsi que chez les personnes \u00e2g\u00e9es, alit\u00e9es ou handicap\u00e9es, il est conseill\u00e9 de l\u2019utiliser en position allong\u00e9e sur le c\u00f4t\u00e9, la t\u00eate l\u00e9g\u00e8rement relev\u00e9e.<\/p>\n<p>&nbsp;<\/p>\n","protected":false},"excerpt":{"rendered":"<div class=\"product-short-description\">\n<p>La solution d\u2019eau de mer Physiologica\u00a0des Laboratoires Gifrer est un dispositif m\u00e9dical id\u00e9al pour\u00a0l\u2019humidification et le lavage des fosses nasales.<\/p>\n<\/div>\n<form class=\"cart\" action=\"https:\/\/www.maparatunisie.tn\/produit\/gifrer-physiologica-solution-deau-de-mer-isotonique-100ml\/\" enctype=\"multipart\/form-data\" method=\"post\">\n<div class=\"ux-quantity quantity buttons_added\"><\/div>\n<\/form>\n","protected":false},"featured_media":764,"comment_status":"open","ping_status":"closed","template":"","meta":{"ocean_post_layout":"","ocean_both_sidebars_style":"","ocean_both_sidebars_content_width":0,"ocean_both_sidebars_sidebars_width":0,"ocean_sidebar":"0","ocean_second_sidebar":"0","ocean_disable_margins":"enable","ocean_add_body_class":"","ocean_shortcode_before_top_bar":"","ocean_shortcode_after_top_bar":"","ocean_shortcode_before_header":"","ocean_shortcode_after_header":"","ocean_has_shortcode":"","ocean_shortcode_after_title":"","ocean_shortcode_before_footer_widgets":"","ocean_shortcode_after_footer_widgets":"","ocean_shortcode_before_footer_bottom":"","ocean_shortcode_after_footer_bottom":"","ocean_display_top_bar":"default","ocean_display_header":"default","ocean_header_style":"","ocean_center_header_left_menu":"0","ocean_custom_header_template":"0","ocean_custom_logo":0,"ocean_custom_retina_logo":0,"ocean_custom_logo_max_width":0,"ocean_custom_logo_tablet_max_width":0,"ocean_custom_logo_mobile_max_width":0,"ocean_custom_logo_max_height":0,"ocean_custom_logo_tablet_max_height":0,"ocean_custom_logo_mobile_max_height":0,"ocean_header_custom_menu":"0","ocean_menu_typo_font_family":"0","ocean_menu_typo_font_subset":"","ocean_menu_typo_font_size":0,"ocean_menu_typo_font_size_tablet":0,"ocean_menu_typo_font_size_mobile":0,"ocean_menu_typo_font_size_unit":"px","ocean_menu_typo_font_weight":"","ocean_menu_typo_font_weight_tablet":"","ocean_menu_typo_font_weight_mobile":"","ocean_menu_typo_transform":"","ocean_menu_typo_transform_tablet":"","ocean_menu_typo_transform_mobile":"","ocean_menu_typo_line_height":0,"ocean_menu_typo_line_height_tablet":0,"ocean_menu_typo_line_height_mobile":0,"ocean_menu_typo_line_height_unit":"","ocean_menu_typo_spacing":0,"ocean_menu_typo_spacing_tablet":0,"ocean_menu_typo_spacing_mobile":0,"ocean_menu_typo_spacing_unit":"","ocean_menu_link_color":"","ocean_menu_link_color_hover":"","ocean_menu_link_color_active":"","ocean_menu_link_background":"","ocean_menu_link_hover_background":"","ocean_menu_link_active_background":"","ocean_menu_social_links_bg":"","ocean_menu_social_hover_links_bg":"","ocean_menu_social_links_color":"","ocean_menu_social_hover_links_color":"","ocean_disable_title":"default","ocean_disable_heading":"default","ocean_post_title":"","ocean_post_subheading":"","ocean_post_title_style":"","ocean_post_title_background_color":"","ocean_post_title_background":0,"ocean_post_title_bg_image_position":"","ocean_post_title_bg_image_attachment":"","ocean_post_title_bg_image_repeat":"","ocean_post_title_bg_image_size":"","ocean_post_title_height":0,"ocean_post_title_bg_overlay":0.5,"ocean_post_title_bg_overlay_color":"","ocean_disable_breadcrumbs":"default","ocean_breadcrumbs_color":"","ocean_breadcrumbs_separator_color":"","ocean_breadcrumbs_links_color":"","ocean_breadcrumbs_links_hover_color":"","ocean_display_footer_widgets":"default","ocean_display_footer_bottom":"default","ocean_custom_footer_template":"0"},"product_brand":[],"product_cat":[44,85],"product_tag":[],"class_list":{"0":"post-763","1":"product","2":"type-product","3":"status-publish","4":"has-post-thumbnail","6":"product_cat-hygiene","7":"product_cat-nez-et-oreilles","9":"entry","10":"has-media","12":"first","13":"instock","14":"taxable","15":"shipping-taxable","16":"purchasable","17":"product-type-simple","18":"has-product-nav","19":"col","20":"span_1_of_3","21":"owp-content-center","22":"owp-thumbs-layout-horizontal","23":"owp-btn-normal","24":"owp-tabs-layout-horizontal","25":"has-no-thumbnails"},"_links":{"self":[{"href":"https:\/\/ellypara.com\/index.php\/wp-json\/wp\/v2\/product\/763","targetHints":{"allow":["GET"]}}],"collection":[{"href":"https:\/\/ellypara.com\/index.php\/wp-json\/wp\/v2\/product"}],"about":[{"href":"https:\/\/ellypara.com\/index.php\/wp-json\/wp\/v2\/types\/product"}],"replies":[{"embeddable":true,"href":"https:\/\/ellypara.com\/index.php\/wp-json\/wp\/v2\/comments?post=763"}],"wp:featuredmedia":[{"embeddable":true,"href":"https:\/\/ellypara.com\/index.php\/wp-json\/wp\/v2\/media\/764"}],"wp:attachment":[{"href":"https:\/\/ellypara.com\/index.php\/wp-json\/wp\/v2\/media?parent=763"}],"wp:term":[{"taxonomy":"product_brand","embeddable":true,"href":"https:\/\/ellypara.com\/index.php\/wp-json\/wp\/v2\/product_brand?post=763"},{"taxonomy":"product_cat","embeddable":true,"href":"https:\/\/ellypara.com\/index.php\/wp-json\/wp\/v2\/product_cat?post=763"},{"taxonomy":"product_tag","embeddable":true,"href":"https:\/\/ellypara.com\/index.php\/wp-json\/wp\/v2\/product_tag?post=763"}],"curies":[{"name":"wp","href":"https:\/\/api.w.org\/{rel}","templated":true}]}}