{"id":765,"date":"2025-01-31T13:25:46","date_gmt":"2025-01-31T12:25:46","guid":{"rendered":"https:\/\/ellypara.com\/?post_type=product&#038;p=765"},"modified":"2025-01-31T13:25:47","modified_gmt":"2025-01-31T12:25:47","slug":"isomar-spray-bebe-a-la-camomille-100ml","status":"publish","type":"product","link":"https:\/\/ellypara.com\/index.php\/produit\/isomar-spray-bebe-a-la-camomille-100ml\/","title":{"rendered":"Isomar Spray B\u00e9b\u00e9 \u00e0 la Camomille 100ml"},"content":{"rendered":"<p><strong>Isomar Baby Spray avec Camomille<\/strong>\u00a0est une solution isotoniques \u00e0 base d\u2019eau de mer du parc marin des Cinque Terre, con\u00e7ue pour le nez des enfants. Gr\u00e2ce \u00e0 son action fluidifiante, elle aide \u00e0 d\u00e9congestionner le nez en cas de :<\/p>\n<ul>\n<li>Rhumes<\/li>\n<li>Bronchites<\/li>\n<li>Sinusites<\/li>\n<li>Allergies<\/li>\n<li>Autres troubles respiratoires<\/li>\n<\/ul>\n<p>Elle est id\u00e9ale pour l\u2019hygi\u00e8ne nasale quotidienne et peut \u00eatre utilis\u00e9e m\u00eame par ceux qui :<\/p>\n<ul>\n<li>Souffrent d\u2019asthme<\/li>\n<li>Travaillent dans des environnements poussi\u00e9reux<\/li>\n<li>Ont subi des interventions nasales<\/li>\n<\/ul>\n<p>Ce spray est indiqu\u00e9 pour les enfants \u00e0 partir de six mois et n\u2019a pas de contre-indications ni ne provoque de d\u00e9pendance. Le distributeur m\u00e9canique permet plus de 1200 micro-n\u00e9buleuses sans utiliser de gaz propulseurs.<\/p>\n<p><strong>Isomar Baby Spray avec Camomille<\/strong>\u00a0favorise la perm\u00e9abilit\u00e9 des fosses nasales, en particulier chez les enfants qui ne savent pas se moucher correctement, augmentant l\u2019humidit\u00e9 des muqueuses nasales.<\/p>\n","protected":false},"excerpt":{"rendered":"<div class=\"product-short-description\">\n<p>ISOMAR Spray B\u00e9b\u00e9 est une solution d\u2019eau de mer isotonique et d\u2019extrait de camomille \u00e0 action fluidifiante, indiqu\u00e9e en cas de rhume et pour l\u2019hygi\u00e8ne nasale.<\/p>\n<\/div>\n<form class=\"cart\" action=\"https:\/\/www.maparatunisie.tn\/produit\/isomar-spray-bebe-a-la-camomille-100ml\/\" enctype=\"multipart\/form-data\" method=\"post\">\n<div class=\"ux-quantity quantity buttons_added\"><\/div>\n<\/form>\n","protected":false},"featured_media":766,"comment_status":"open","ping_status":"closed","template":"","meta":{"ocean_post_layout":"","ocean_both_sidebars_style":"","ocean_both_sidebars_content_width":0,"ocean_both_sidebars_sidebars_width":0,"ocean_sidebar":"0","ocean_second_sidebar":"0","ocean_disable_margins":"enable","ocean_add_body_class":"","ocean_shortcode_before_top_bar":"","ocean_shortcode_after_top_bar":"","ocean_shortcode_before_header":"","ocean_shortcode_after_header":"","ocean_has_shortcode":"","ocean_shortcode_after_title":"","ocean_shortcode_before_footer_widgets":"","ocean_shortcode_after_footer_widgets":"","ocean_shortcode_before_footer_bottom":"","ocean_shortcode_after_footer_bottom":"","ocean_display_top_bar":"default","ocean_display_header":"default","ocean_header_style":"","ocean_center_header_left_menu":"0","ocean_custom_header_template":"0","ocean_custom_logo":0,"ocean_custom_retina_logo":0,"ocean_custom_logo_max_width":0,"ocean_custom_logo_tablet_max_width":0,"ocean_custom_logo_mobile_max_width":0,"ocean_custom_logo_max_height":0,"ocean_custom_logo_tablet_max_height":0,"ocean_custom_logo_mobile_max_height":0,"ocean_header_custom_menu":"0","ocean_menu_typo_font_family":"0","ocean_menu_typo_font_subset":"","ocean_menu_typo_font_size":0,"ocean_menu_typo_font_size_tablet":0,"ocean_menu_typo_font_size_mobile":0,"ocean_menu_typo_font_size_unit":"px","ocean_menu_typo_font_weight":"","ocean_menu_typo_font_weight_tablet":"","ocean_menu_typo_font_weight_mobile":"","ocean_menu_typo_transform":"","ocean_menu_typo_transform_tablet":"","ocean_menu_typo_transform_mobile":"","ocean_menu_typo_line_height":0,"ocean_menu_typo_line_height_tablet":0,"ocean_menu_typo_line_height_mobile":0,"ocean_menu_typo_line_height_unit":"","ocean_menu_typo_spacing":0,"ocean_menu_typo_spacing_tablet":0,"ocean_menu_typo_spacing_mobile":0,"ocean_menu_typo_spacing_unit":"","ocean_menu_link_color":"","ocean_menu_link_color_hover":"","ocean_menu_link_color_active":"","ocean_menu_link_background":"","ocean_menu_link_hover_background":"","ocean_menu_link_active_background":"","ocean_menu_social_links_bg":"","ocean_menu_social_hover_links_bg":"","ocean_menu_social_links_color":"","ocean_menu_social_hover_links_color":"","ocean_disable_title":"default","ocean_disable_heading":"default","ocean_post_title":"","ocean_post_subheading":"","ocean_post_title_style":"","ocean_post_title_background_color":"","ocean_post_title_background":0,"ocean_post_title_bg_image_position":"","ocean_post_title_bg_image_attachment":"","ocean_post_title_bg_image_repeat":"","ocean_post_title_bg_image_size":"","ocean_post_title_height":0,"ocean_post_title_bg_overlay":0.5,"ocean_post_title_bg_overlay_color":"","ocean_disable_breadcrumbs":"default","ocean_breadcrumbs_color":"","ocean_breadcrumbs_separator_color":"","ocean_breadcrumbs_links_color":"","ocean_breadcrumbs_links_hover_color":"","ocean_display_footer_widgets":"default","ocean_display_footer_bottom":"default","ocean_custom_footer_template":"0"},"product_brand":[],"product_cat":[44,85],"product_tag":[],"class_list":{"0":"post-765","1":"product","2":"type-product","3":"status-publish","4":"has-post-thumbnail","6":"product_cat-hygiene","7":"product_cat-nez-et-oreilles","9":"entry","10":"has-media","12":"first","13":"instock","14":"taxable","15":"shipping-taxable","16":"purchasable","17":"product-type-simple","18":"has-product-nav","19":"col","20":"span_1_of_3","21":"owp-content-center","22":"owp-thumbs-layout-horizontal","23":"owp-btn-normal","24":"owp-tabs-layout-horizontal","25":"has-no-thumbnails"},"_links":{"self":[{"href":"https:\/\/ellypara.com\/index.php\/wp-json\/wp\/v2\/product\/765","targetHints":{"allow":["GET"]}}],"collection":[{"href":"https:\/\/ellypara.com\/index.php\/wp-json\/wp\/v2\/product"}],"about":[{"href":"https:\/\/ellypara.com\/index.php\/wp-json\/wp\/v2\/types\/product"}],"replies":[{"embeddable":true,"href":"https:\/\/ellypara.com\/index.php\/wp-json\/wp\/v2\/comments?post=765"}],"wp:featuredmedia":[{"embeddable":true,"href":"https:\/\/ellypara.com\/index.php\/wp-json\/wp\/v2\/media\/766"}],"wp:attachment":[{"href":"https:\/\/ellypara.com\/index.php\/wp-json\/wp\/v2\/media?parent=765"}],"wp:term":[{"taxonomy":"product_brand","embeddable":true,"href":"https:\/\/ellypara.com\/index.php\/wp-json\/wp\/v2\/product_brand?post=765"},{"taxonomy":"product_cat","embeddable":true,"href":"https:\/\/ellypara.com\/index.php\/wp-json\/wp\/v2\/product_cat?post=765"},{"taxonomy":"product_tag","embeddable":true,"href":"https:\/\/ellypara.com\/index.php\/wp-json\/wp\/v2\/product_tag?post=765"}],"curies":[{"name":"wp","href":"https:\/\/api.w.org\/{rel}","templated":true}]}}