{"id":788,"date":"2025-02-01T16:31:01","date_gmt":"2025-02-01T15:31:01","guid":{"rendered":"https:\/\/ellypara.com\/?post_type=product&#038;p=788"},"modified":"2025-02-01T16:31:28","modified_gmt":"2025-02-01T15:31:28","slug":"788","status":"publish","type":"product","link":"https:\/\/ellypara.com\/index.php\/produit\/788\/","title":{"rendered":"FLOXIA Mousse Puri\ufb01ante Sans Savon peaux s\u00e8ches et sensibles 150 ml"},"content":{"rendered":"<p>La\u00a0Mousse Nettoyante Purifiante\u00a0d\u00e9maquille et nettoie l\u2019\u00e9piderme en profondeur. Sa composition<strong>\u00a0sans savon<\/strong>\u00a0est beaucoup moins agressive tout en conservant une bonne efficacit\u00e9.<\/p>\n<p>La\u00a0<strong>Mousse Purifiante visage<\/strong>\u00a0\u00e9limine les impuret\u00e9s et prend soin des peaux s\u00e8ches et sensibles sans les agresser.<\/p>\n<p>En bref, cette Mousse Nettoyante Purifiante\u00a0:<\/p>\n<ul>\n<li><strong>Lib\u00e8re la peau des impuret\u00e9s ;<\/strong><\/li>\n<li><strong>Retire les traces de maquillage, m\u00eame waterproof ;<\/strong><\/li>\n<li><strong>Hydrate l\u2019\u00e9piderme en profondeur ;<\/strong><\/li>\n<li><strong>Purifie et att\u00e9nue les irritations, les rougeurs ainsi que les d\u00e9mangeaisons.<\/strong><\/li>\n<\/ul>\n<p>D\u00e9couvrez enfin un soin lavant qui ne cause pas de tiraillements ou d\u2019inconforts cutan\u00e9s. La Mousse Purifiante Sans Savon est con\u00e7ue pour d\u00e9sincruster les pores et apaiser les\u00a0<strong>peaux tr\u00e8s s\u00e8ches<\/strong>.<\/p>\n<p>La Mousse Nettoyante Purifiante apporte de l\u2019<strong>hydratation<\/strong>\u00a0\u00e0 la peau d\u00e9shydrat\u00e9e et s\u00e8che. Le teint terne est plus frais et lumineux. Les rides et ridules de d\u00e9shydratation s\u2019estompent. Les rougeurs s\u2019att\u00e9nuent. Le grain de peau s\u2019affine. Les pores sont lisses.<\/p>\n<p>C\u2019est le moment de prendre soin de votre peau tr\u00e8s s\u00e8che et sensible\u00a0! Lavez votre visage avec la\u00a0Mousse Purifiante Sans Savon\u00a0et redonnez un coup d\u2019\u00e9clat \u00e0 votre peau.<\/p>\n<h3>ACTIFS :<\/h3>\n<ul class=\"et_pb_tabs_controls clearfix\">\n<li class=\"et_pb_tab_4 et_pb_tab_active\"><strong>Neutrazen<\/strong><\/li>\n<\/ul>\n<p>Ce lipopeptide aux vertus\u00a0<strong>apaisantes<\/strong>\u00a0soulage les peaux les plus sensibles. Son action<strong>\u00a0anti-inflammatoire<\/strong>\u00a0a un effet calmant imm\u00e9diat. C\u2019est id\u00e9al pour soulager les peaux r\u00e9actives et ab\u00eem\u00e9es qui sont sujettes aux rougeurs, aux irritations et \u00e0 toutes sortes d\u2019inconforts cutan\u00e9s.<\/p>\n<p>Le Neutrazen\u2122\u00a0maintient un seuil normal de sensibilit\u00e9 cutan\u00e9e. Ainsi, la peau retrouve un \u00e9quilibre naturel, et \u00e7a fait du bien\u00a0! Soufflez, votre visage n\u2019est plus rouge et sensible, mais doux et hydrat\u00e9.<\/p>\n<ul class=\"et_pb_tabs_controls clearfix\">\n<li class=\"et_pb_tab_5\"><strong>Extrait de graine d\u2019avoine<\/strong><\/li>\n<\/ul>\n<p>Ce lipopeptide aux vertus\u00a0<strong>apaisantes<\/strong>\u00a0soulage les peaux les plus sensibles. Son action<strong>\u00a0anti-inflammatoire<\/strong>\u00a0a un effet calmant imm\u00e9diat. C\u2019est id\u00e9al pour soulager les peaux r\u00e9actives et ab\u00eem\u00e9es qui sont sujettes aux rougeurs, aux irritations et \u00e0 toutes sortes d\u2019inconforts cutan\u00e9s.<\/p>\n<p>Le Neutrazen\u2122\u00a0maintient un seuil normal de sensibilit\u00e9 cutan\u00e9e. Ainsi, la peau retrouve un \u00e9quilibre naturel, et \u00e7a fait du bien\u00a0! Soufflez, votre visage n\u2019est plus rouge et sensible, mais doux et hydrat\u00e9.<\/p>\n<ul>\n<li><strong>Sodium PCA<\/strong><\/li>\n<\/ul>\n<p>Ce lipopeptide aux vertus\u00a0<strong>apaisantes<\/strong>\u00a0soulage les peaux les plus sensibles. Son action<strong>\u00a0anti-inflammatoire<\/strong>\u00a0a un effet calmant imm\u00e9diat. C\u2019est id\u00e9al pour soulager les peaux r\u00e9actives et ab\u00eem\u00e9es qui sont sujettes aux rougeurs, aux irritations et \u00e0 toutes sortes d\u2019inconforts cutan\u00e9s.<\/p>\n<p>Le Neutrazen\u2122\u00a0maintient un seuil normal de sensibilit\u00e9 cutan\u00e9e. Ainsi, la peau retrouve un \u00e9quilibre naturel, et \u00e7a fait du bien\u00a0! Soufflez, votre visage n\u2019est plus rouge et sensible, mais doux et hydrat\u00e9.<\/p>\n<ul>\n<li><strong>Glyc\u00e9rine<\/strong><\/li>\n<\/ul>\n<p>Ce lipopeptide aux vertus\u00a0<strong>apaisantes<\/strong>\u00a0soulage les peaux les plus sensibles. Son action<strong>\u00a0anti-inflammatoire<\/strong>\u00a0a un effet calmant imm\u00e9diat. C\u2019est id\u00e9al pour soulager les peaux r\u00e9actives et ab\u00eem\u00e9es qui sont sujettes aux rougeurs, aux irritations et \u00e0 toutes sortes d\u2019inconforts cutan\u00e9s.<\/p>\n<p>Le Neutrazen maintient un seuil normal de sensibilit\u00e9 cutan\u00e9e. Ainsi, la peau retrouve un \u00e9quilibre naturel, et \u00e7a fait du bien ! Soufflez, votre visage n\u2019est plus rouge et sensible, mais doux et hydrat\u00e9.<\/p>\n<h3 class=\"et_pb_toggle_title\"><em><strong>Conseils d\u2019utilisation :\u00a0<\/strong><\/em><\/h3>\n<p>Appliquez 1 \u00e0 2 pressions de mousse sur la main. Faites mousser entre vos doigts et appliquez sur la peau humide du visage.<\/p>\n<p>Puis, effectuez un massage doux et relaxant pour activer la microcirculation sanguine.<\/p>\n<p>Enfin, rincez la mousse nettoyante \u00e0 l\u2019eau claire. En cas de contact avec les yeux, rincez abondamment.<\/p>\n<p>Vous pouvez laver votre visage\u00a0<strong>matin et soir<\/strong>\u00a0avec\u00a0<strong>la\u00a0Mousse Purifiante Sans Savon<\/strong>, ou une seule fois par jour selon vos besoins. Son action hydratante et apaisante n\u2019agresse pas l\u2019\u00e9piderme.<\/p>\n<p><em>Au contraire, pour calmer le feu du rasoir, les br\u00fblures d\u2019un coup de soleil ou la rugosit\u00e9 d\u2019une peau tr\u00e8s s\u00e8che, appliquez un peu de mousse pour nettoyer, r\u00e9guler et calmer l\u2019irritation.<\/em><\/p>\n","protected":false},"excerpt":{"rendered":"<p><strong>Mousse Puri\ufb01ante Sans Savon :\u00a0\u00a0<\/strong>nettoie, purifie et r\u00e9gule les peaux s\u00e8ches et sensibles<\/p>\n","protected":false},"featured_media":789,"comment_status":"open","ping_status":"closed","template":"","meta":{"ocean_post_layout":"","ocean_both_sidebars_style":"","ocean_both_sidebars_content_width":0,"ocean_both_sidebars_sidebars_width":0,"ocean_sidebar":"0","ocean_second_sidebar":"0","ocean_disable_margins":"enable","ocean_add_body_class":"","ocean_shortcode_before_top_bar":"","ocean_shortcode_after_top_bar":"","ocean_shortcode_before_header":"","ocean_shortcode_after_header":"","ocean_has_shortcode":"","ocean_shortcode_after_title":"","ocean_shortcode_before_footer_widgets":"","ocean_shortcode_after_footer_widgets":"","ocean_shortcode_before_footer_bottom":"","ocean_shortcode_after_footer_bottom":"","ocean_display_top_bar":"default","ocean_display_header":"default","ocean_header_style":"","ocean_center_header_left_menu":"0","ocean_custom_header_template":"0","ocean_custom_logo":0,"ocean_custom_retina_logo":0,"ocean_custom_logo_max_width":0,"ocean_custom_logo_tablet_max_width":0,"ocean_custom_logo_mobile_max_width":0,"ocean_custom_logo_max_height":0,"ocean_custom_logo_tablet_max_height":0,"ocean_custom_logo_mobile_max_height":0,"ocean_header_custom_menu":"0","ocean_menu_typo_font_family":"0","ocean_menu_typo_font_subset":"","ocean_menu_typo_font_size":0,"ocean_menu_typo_font_size_tablet":0,"ocean_menu_typo_font_size_mobile":0,"ocean_menu_typo_font_size_unit":"px","ocean_menu_typo_font_weight":"","ocean_menu_typo_font_weight_tablet":"","ocean_menu_typo_font_weight_mobile":"","ocean_menu_typo_transform":"","ocean_menu_typo_transform_tablet":"","ocean_menu_typo_transform_mobile":"","ocean_menu_typo_line_height":0,"ocean_menu_typo_line_height_tablet":0,"ocean_menu_typo_line_height_mobile":0,"ocean_menu_typo_line_height_unit":"","ocean_menu_typo_spacing":0,"ocean_menu_typo_spacing_tablet":0,"ocean_menu_typo_spacing_mobile":0,"ocean_menu_typo_spacing_unit":"","ocean_menu_link_color":"","ocean_menu_link_color_hover":"","ocean_menu_link_color_active":"","ocean_menu_link_background":"","ocean_menu_link_hover_background":"","ocean_menu_link_active_background":"","ocean_menu_social_links_bg":"","ocean_menu_social_hover_links_bg":"","ocean_menu_social_links_color":"","ocean_menu_social_hover_links_color":"","ocean_disable_title":"default","ocean_disable_heading":"default","ocean_post_title":"","ocean_post_subheading":"","ocean_post_title_style":"","ocean_post_title_background_color":"","ocean_post_title_background":0,"ocean_post_title_bg_image_position":"","ocean_post_title_bg_image_attachment":"","ocean_post_title_bg_image_repeat":"","ocean_post_title_bg_image_size":"","ocean_post_title_height":0,"ocean_post_title_bg_overlay":0.5,"ocean_post_title_bg_overlay_color":"","ocean_disable_breadcrumbs":"default","ocean_breadcrumbs_color":"","ocean_breadcrumbs_separator_color":"","ocean_breadcrumbs_links_color":"","ocean_breadcrumbs_links_hover_color":"","ocean_display_footer_widgets":"default","ocean_display_footer_bottom":"default","ocean_custom_footer_template":"0"},"product_brand":[],"product_cat":[26,41,42,21],"product_tag":[],"class_list":{"0":"post-788","1":"product","2":"type-product","3":"status-publish","4":"has-post-thumbnail","6":"product_cat-promo","7":"product_cat-nettoyants-visage","8":"product_cat-peaux-seches","9":"product_cat-visage","11":"entry","12":"has-media","14":"first","15":"instock","16":"sale","17":"taxable","18":"shipping-taxable","19":"purchasable","20":"product-type-simple","21":"has-product-nav","22":"col","23":"span_1_of_3","24":"owp-content-center","25":"owp-thumbs-layout-horizontal","26":"owp-btn-normal","27":"owp-tabs-layout-horizontal","28":"has-no-thumbnails"},"_links":{"self":[{"href":"https:\/\/ellypara.com\/index.php\/wp-json\/wp\/v2\/product\/788","targetHints":{"allow":["GET"]}}],"collection":[{"href":"https:\/\/ellypara.com\/index.php\/wp-json\/wp\/v2\/product"}],"about":[{"href":"https:\/\/ellypara.com\/index.php\/wp-json\/wp\/v2\/types\/product"}],"replies":[{"embeddable":true,"href":"https:\/\/ellypara.com\/index.php\/wp-json\/wp\/v2\/comments?post=788"}],"wp:featuredmedia":[{"embeddable":true,"href":"https:\/\/ellypara.com\/index.php\/wp-json\/wp\/v2\/media\/789"}],"wp:attachment":[{"href":"https:\/\/ellypara.com\/index.php\/wp-json\/wp\/v2\/media?parent=788"}],"wp:term":[{"taxonomy":"product_brand","embeddable":true,"href":"https:\/\/ellypara.com\/index.php\/wp-json\/wp\/v2\/product_brand?post=788"},{"taxonomy":"product_cat","embeddable":true,"href":"https:\/\/ellypara.com\/index.php\/wp-json\/wp\/v2\/product_cat?post=788"},{"taxonomy":"product_tag","embeddable":true,"href":"https:\/\/ellypara.com\/index.php\/wp-json\/wp\/v2\/product_tag?post=788"}],"curies":[{"name":"wp","href":"https:\/\/api.w.org\/{rel}","templated":true}]}}