{"id":810,"date":"2025-02-02T21:49:34","date_gmt":"2025-02-02T20:49:34","guid":{"rendered":"https:\/\/ellypara.com\/?post_type=product&#038;p=810"},"modified":"2025-02-02T21:49:34","modified_gmt":"2025-02-02T20:49:34","slug":"bioderma-node-ds-shampooing-antipelliculaire-intense-125ml","status":"publish","type":"product","link":"https:\/\/ellypara.com\/index.php\/produit\/bioderma-node-ds-shampooing-antipelliculaire-intense-125ml\/","title":{"rendered":"BIODERMA Node DS+ Shampooing Antipelliculaire Intense 125ml"},"content":{"rendered":"<h2>Bioderma Nod\u00e9 DS+ Shampooing antipelliculaire<\/h2>\n<p>Le\u00a0<strong>shampooing antipelliculaire Nod\u00e9 DS+<\/strong>\u00a0des laboratoires\u00a0<strong>Bioderma<\/strong>\u00a0est un soin capillaire qui s\u2019adresse aux personnes qui pr\u00e9sentent un \u00e9tat pelliculaire s\u00e9v\u00e8re avec des\u00a0<strong>pellicules persistantes<\/strong>\u00a0accompagn\u00e9es de d\u00e9mangeaisons au niveau du cuir chevelu. En plus de nettoyer les cheveux, ce shampooing d\u00e9sincruste et\u00a0<strong>\u00e9limine durablement les pellicules<\/strong>. Il apaise \u00e9galement les sensations d\u2019inconfort et aide \u00e0 retrouver une chevelure en bonne sant\u00e9.<\/p>\n<p>La formule du\u00a0<strong>shampooing antipelliculaire Bioderma Nod\u00e9 DS+<\/strong>\u00a0assure 3 actions compl\u00e9mentaires. Le\u00a0<strong>complexe DSactive<\/strong>\u00a0brevet\u00e9 par la marque va freiner le d\u00e9veloppement de la levure\u00a0<em>Malassezia<\/em>, \u00e0 l\u2019origine des pellicules, et \u00e9viter les r\u00e9cidives en r\u00e9gulant la s\u00e9cr\u00e9tion de s\u00e9bum. L\u2019<strong>acide salicylique<\/strong>\u00a0et l\u2019<strong>acide citrique<\/strong>\u00a0vont exercer une action\u00a0k\u00e9rator\u00e9ductrice\u00a0qui va permettre d\u2019\u00e9radiquer l\u2019\u00e9tat squameux en d\u00e9logeant et en \u00e9liminant les\u00a0pellicules, y compris les plus tenaces. Enfin, le\u00a0<strong>palmitamide MEA<\/strong>\u00a0va exercer une action apaisante qui va att\u00e9nuer efficacement les d\u00e9mangeaisons et soulager les irritations du cuir chevelu.<\/p>\n<p>Utilis\u00e9 en phase d\u2019attaque ou d\u2019entretien, ce\u00a0<strong>shampooing antipelliculaire<\/strong>\u00a0permet de lutter efficacement contre les pellicules. Il facilite le d\u00e9m\u00ealage des cheveux et apporte\u00a0souplesse, brillance et volume.<\/p>\n<p>Les laboratoires\u00a0<strong>Bioderma<\/strong>\u00a0ont d\u00e9velopp\u00e9 une large gamme de produits capillaires destin\u00e9s \u00e0 r\u00e9pondre \u00e0 diff\u00e9rents besoins et probl\u00e9matiques : cheveux gras, pellicules, cuir chevelu sensible ou irrit\u00e9, cheveux tr\u00e8s secs et ab\u00eem\u00e9s\u2026<\/p>\n<p><strong>Caract\u00e9ristiques :<\/strong><br \/>\nTr\u00e8s bonne tol\u00e9rance cutan\u00e9e et oculaire<br \/>\nTest\u00e9 sous contr\u00f4le dermatologique et ophtalmologique<\/p>\n","protected":false},"excerpt":{"rendered":"<p>Le shampooing antipelliculaire intense qui cible les \u00e9tats pelliculaires s\u00e9v\u00e8res persistants.<br \/>\nCuir chevelu pr\u00e9sentant des pellicules et des squames dermatite s\u00e9borrh\u00e9ique.<\/p>\n","protected":false},"featured_media":811,"comment_status":"open","ping_status":"closed","template":"","meta":{"ocean_post_layout":"","ocean_both_sidebars_style":"","ocean_both_sidebars_content_width":0,"ocean_both_sidebars_sidebars_width":0,"ocean_sidebar":"0","ocean_second_sidebar":"0","ocean_disable_margins":"enable","ocean_add_body_class":"","ocean_shortcode_before_top_bar":"","ocean_shortcode_after_top_bar":"","ocean_shortcode_before_header":"","ocean_shortcode_after_header":"","ocean_has_shortcode":"","ocean_shortcode_after_title":"","ocean_shortcode_before_footer_widgets":"","ocean_shortcode_after_footer_widgets":"","ocean_shortcode_before_footer_bottom":"","ocean_shortcode_after_footer_bottom":"","ocean_display_top_bar":"default","ocean_display_header":"default","ocean_header_style":"","ocean_center_header_left_menu":"0","ocean_custom_header_template":"0","ocean_custom_logo":0,"ocean_custom_retina_logo":0,"ocean_custom_logo_max_width":0,"ocean_custom_logo_tablet_max_width":0,"ocean_custom_logo_mobile_max_width":0,"ocean_custom_logo_max_height":0,"ocean_custom_logo_tablet_max_height":0,"ocean_custom_logo_mobile_max_height":0,"ocean_header_custom_menu":"0","ocean_menu_typo_font_family":"0","ocean_menu_typo_font_subset":"","ocean_menu_typo_font_size":0,"ocean_menu_typo_font_size_tablet":0,"ocean_menu_typo_font_size_mobile":0,"ocean_menu_typo_font_size_unit":"px","ocean_menu_typo_font_weight":"","ocean_menu_typo_font_weight_tablet":"","ocean_menu_typo_font_weight_mobile":"","ocean_menu_typo_transform":"","ocean_menu_typo_transform_tablet":"","ocean_menu_typo_transform_mobile":"","ocean_menu_typo_line_height":0,"ocean_menu_typo_line_height_tablet":0,"ocean_menu_typo_line_height_mobile":0,"ocean_menu_typo_line_height_unit":"","ocean_menu_typo_spacing":0,"ocean_menu_typo_spacing_tablet":0,"ocean_menu_typo_spacing_mobile":0,"ocean_menu_typo_spacing_unit":"","ocean_menu_link_color":"","ocean_menu_link_color_hover":"","ocean_menu_link_color_active":"","ocean_menu_link_background":"","ocean_menu_link_hover_background":"","ocean_menu_link_active_background":"","ocean_menu_social_links_bg":"","ocean_menu_social_hover_links_bg":"","ocean_menu_social_links_color":"","ocean_menu_social_hover_links_color":"","ocean_disable_title":"default","ocean_disable_heading":"default","ocean_post_title":"","ocean_post_subheading":"","ocean_post_title_style":"","ocean_post_title_background_color":"","ocean_post_title_background":0,"ocean_post_title_bg_image_position":"","ocean_post_title_bg_image_attachment":"","ocean_post_title_bg_image_repeat":"","ocean_post_title_bg_image_size":"","ocean_post_title_height":0,"ocean_post_title_bg_overlay":0.5,"ocean_post_title_bg_overlay_color":"","ocean_disable_breadcrumbs":"default","ocean_breadcrumbs_color":"","ocean_breadcrumbs_separator_color":"","ocean_breadcrumbs_links_color":"","ocean_breadcrumbs_links_hover_color":"","ocean_display_footer_widgets":"default","ocean_display_footer_bottom":"default","ocean_custom_footer_template":"0"},"product_brand":[],"product_cat":[26,23,53],"product_tag":[],"class_list":{"0":"post-810","1":"product","2":"type-product","3":"status-publish","4":"has-post-thumbnail","6":"product_cat-promo","7":"product_cat-cheuveux","8":"product_cat-shampoing","10":"entry","11":"has-media","13":"first","14":"instock","15":"sale","16":"taxable","17":"shipping-taxable","18":"purchasable","19":"product-type-simple","20":"has-product-nav","21":"col","22":"span_1_of_3","23":"owp-content-center","24":"owp-thumbs-layout-horizontal","25":"owp-btn-normal","26":"owp-tabs-layout-horizontal","27":"has-no-thumbnails"},"_links":{"self":[{"href":"https:\/\/ellypara.com\/index.php\/wp-json\/wp\/v2\/product\/810","targetHints":{"allow":["GET"]}}],"collection":[{"href":"https:\/\/ellypara.com\/index.php\/wp-json\/wp\/v2\/product"}],"about":[{"href":"https:\/\/ellypara.com\/index.php\/wp-json\/wp\/v2\/types\/product"}],"replies":[{"embeddable":true,"href":"https:\/\/ellypara.com\/index.php\/wp-json\/wp\/v2\/comments?post=810"}],"wp:featuredmedia":[{"embeddable":true,"href":"https:\/\/ellypara.com\/index.php\/wp-json\/wp\/v2\/media\/811"}],"wp:attachment":[{"href":"https:\/\/ellypara.com\/index.php\/wp-json\/wp\/v2\/media?parent=810"}],"wp:term":[{"taxonomy":"product_brand","embeddable":true,"href":"https:\/\/ellypara.com\/index.php\/wp-json\/wp\/v2\/product_brand?post=810"},{"taxonomy":"product_cat","embeddable":true,"href":"https:\/\/ellypara.com\/index.php\/wp-json\/wp\/v2\/product_cat?post=810"},{"taxonomy":"product_tag","embeddable":true,"href":"https:\/\/ellypara.com\/index.php\/wp-json\/wp\/v2\/product_tag?post=810"}],"curies":[{"name":"wp","href":"https:\/\/api.w.org\/{rel}","templated":true}]}}