{"id":849,"date":"2025-03-17T21:19:05","date_gmt":"2025-03-17T20:19:05","guid":{"rendered":"https:\/\/ellypara.com\/?post_type=product&#038;p=849"},"modified":"2025-03-17T21:27:18","modified_gmt":"2025-03-17T20:27:18","slug":"svr-ampoule-anti-ox-c-peau-fatiguee-30ml","status":"publish","type":"product","link":"https:\/\/ellypara.com\/index.php\/produit\/svr-ampoule-anti-ox-c-peau-fatiguee-30ml\/","title":{"rendered":"SVR AMPOULE ANTI-OX C PEAU FATIGUEE 30ML"},"content":{"rendered":"<p>SVR [C] Ampoule Anti-Ox Concentr\u00e9 Eclat 30ml\u00a0est un soin destin\u00e9 aux peaux ternes et fatigu\u00e9es.<\/p>\n<p>Formul\u00e9 \u00e0 20% de Vitamine C optimis\u00e9e, ce concentr\u00e9 vient recharger la peau pour la rendre tonique et lumineuse.<\/p>\n<p>Son action anti-rides et anti-t\u00e2ches efface les signes de l\u2019\u00e2ge pour redonner \u00e0 la peau sa fermet\u00e9 et son rebond.<\/p>\n<p>Le teint est uniforme et retrouve son \u00e9clat jour apr\u00e8s jour.<\/p>\n<p><strong>Indications :<\/strong><\/p>\n<p>Pour les peaux ternes et fatigu\u00e9es.<\/p>\n<p><strong>Conseils d\u2019utilisation SVR Ampoule C :<\/strong><\/p>\n<p>Appliquer, matin et soir, quelques gouttes avant le soin quotidien ou le m\u00e9langer directement \u00e0 votre cr\u00e8me.<\/p>\n<p>Eviter le contour des yeux.<\/p>\n<p>&nbsp;<\/p>\n<p><strong>Composition :<\/strong><\/p>\n<p>Aqua\/water\/eau, 3-o-ethyl ascorbic acid, propylene glycol, alcohol denat., glycerin, propanediol, ethoxydiglycol, pentylene glycol, diglycerin, xylitylglucoside, algin, disodium phosphate, evodia rutaecarpa fruit extract, glyceryl polyacrylate, methyl diisopropyl propionamide, potassium phosphate, pullulan, serine, trehalose, anhydroxylitol, sodium hyaluronate, urea, xylitol, 1,2-hexanediol, caprylyl glycol, citric acid, hydroxyethylcellulose, sodium citrate, parfum (fragrance).<\/p>\n<p><strong>Conditionnement :<\/strong><\/p>\n<p>Flacon compte goutte de 30ml.<\/p>\n","protected":false},"excerpt":{"rendered":"<p>SVR Ampoule C Anti-Ox Concentr\u00e9 Eclat 30 ml est un s\u00e9rum ultra-concentr\u00e9 en vitamine C optimis\u00e9e (20%). Il recharge les peaux ternes, fatigu\u00e9es, en manque d\u2019uniformit\u00e9 et les rides en \u00e9nergie pour r\u00e9v\u00e9ler l\u2019\u00e9clat du teint et r\u00e9duire les signes de fatigue.<\/p>\n","protected":false},"featured_media":851,"comment_status":"open","ping_status":"closed","template":"","meta":{"ocean_post_layout":"","ocean_both_sidebars_style":"","ocean_both_sidebars_content_width":0,"ocean_both_sidebars_sidebars_width":0,"ocean_sidebar":"0","ocean_second_sidebar":"0","ocean_disable_margins":"enable","ocean_add_body_class":"","ocean_shortcode_before_top_bar":"","ocean_shortcode_after_top_bar":"","ocean_shortcode_before_header":"","ocean_shortcode_after_header":"","ocean_has_shortcode":"","ocean_shortcode_after_title":"","ocean_shortcode_before_footer_widgets":"","ocean_shortcode_after_footer_widgets":"","ocean_shortcode_before_footer_bottom":"","ocean_shortcode_after_footer_bottom":"","ocean_display_top_bar":"default","ocean_display_header":"default","ocean_header_style":"","ocean_center_header_left_menu":"0","ocean_custom_header_template":"0","ocean_custom_logo":0,"ocean_custom_retina_logo":0,"ocean_custom_logo_max_width":0,"ocean_custom_logo_tablet_max_width":0,"ocean_custom_logo_mobile_max_width":0,"ocean_custom_logo_max_height":0,"ocean_custom_logo_tablet_max_height":0,"ocean_custom_logo_mobile_max_height":0,"ocean_header_custom_menu":"0","ocean_menu_typo_font_family":"0","ocean_menu_typo_font_subset":"","ocean_menu_typo_font_size":0,"ocean_menu_typo_font_size_tablet":0,"ocean_menu_typo_font_size_mobile":0,"ocean_menu_typo_font_size_unit":"px","ocean_menu_typo_font_weight":"","ocean_menu_typo_font_weight_tablet":"","ocean_menu_typo_font_weight_mobile":"","ocean_menu_typo_transform":"","ocean_menu_typo_transform_tablet":"","ocean_menu_typo_transform_mobile":"","ocean_menu_typo_line_height":0,"ocean_menu_typo_line_height_tablet":0,"ocean_menu_typo_line_height_mobile":0,"ocean_menu_typo_line_height_unit":"","ocean_menu_typo_spacing":0,"ocean_menu_typo_spacing_tablet":0,"ocean_menu_typo_spacing_mobile":0,"ocean_menu_typo_spacing_unit":"","ocean_menu_link_color":"","ocean_menu_link_color_hover":"","ocean_menu_link_color_active":"","ocean_menu_link_background":"","ocean_menu_link_hover_background":"","ocean_menu_link_active_background":"","ocean_menu_social_links_bg":"","ocean_menu_social_hover_links_bg":"","ocean_menu_social_links_color":"","ocean_menu_social_hover_links_color":"","ocean_disable_title":"default","ocean_disable_heading":"default","ocean_post_title":"","ocean_post_subheading":"","ocean_post_title_style":"","ocean_post_title_background_color":"","ocean_post_title_background":0,"ocean_post_title_bg_image_position":"","ocean_post_title_bg_image_attachment":"","ocean_post_title_bg_image_repeat":"","ocean_post_title_bg_image_size":"","ocean_post_title_height":0,"ocean_post_title_bg_overlay":0.5,"ocean_post_title_bg_overlay_color":"","ocean_disable_breadcrumbs":"default","ocean_breadcrumbs_color":"","ocean_breadcrumbs_separator_color":"","ocean_breadcrumbs_links_color":"","ocean_breadcrumbs_links_hover_color":"","ocean_display_footer_widgets":"default","ocean_display_footer_bottom":"default","ocean_custom_footer_template":"0"},"product_brand":[],"product_cat":[26,37,42,110,39,35,21],"product_tag":[],"class_list":{"0":"post-849","1":"product","2":"type-product","3":"status-publish","4":"has-post-thumbnail","6":"product_cat-promo","7":"product_cat-soins-peau-grasse","8":"product_cat-peaux-seches","9":"product_cat-soins-anti-poches-et-cernes","10":"product_cat-soins-anti-taches-et-depigmentants","11":"product_cat-soins-hydratants-et-nourrissants","12":"product_cat-visage","14":"entry","15":"has-media","17":"first","18":"instock","19":"sale","20":"taxable","21":"shipping-taxable","22":"purchasable","23":"product-type-simple","24":"has-product-nav","25":"col","26":"span_1_of_3","27":"owp-content-center","28":"owp-thumbs-layout-horizontal","29":"owp-btn-normal","30":"owp-tabs-layout-horizontal","31":"has-no-thumbnails"},"_links":{"self":[{"href":"https:\/\/ellypara.com\/index.php\/wp-json\/wp\/v2\/product\/849","targetHints":{"allow":["GET"]}}],"collection":[{"href":"https:\/\/ellypara.com\/index.php\/wp-json\/wp\/v2\/product"}],"about":[{"href":"https:\/\/ellypara.com\/index.php\/wp-json\/wp\/v2\/types\/product"}],"replies":[{"embeddable":true,"href":"https:\/\/ellypara.com\/index.php\/wp-json\/wp\/v2\/comments?post=849"}],"wp:featuredmedia":[{"embeddable":true,"href":"https:\/\/ellypara.com\/index.php\/wp-json\/wp\/v2\/media\/851"}],"wp:attachment":[{"href":"https:\/\/ellypara.com\/index.php\/wp-json\/wp\/v2\/media?parent=849"}],"wp:term":[{"taxonomy":"product_brand","embeddable":true,"href":"https:\/\/ellypara.com\/index.php\/wp-json\/wp\/v2\/product_brand?post=849"},{"taxonomy":"product_cat","embeddable":true,"href":"https:\/\/ellypara.com\/index.php\/wp-json\/wp\/v2\/product_cat?post=849"},{"taxonomy":"product_tag","embeddable":true,"href":"https:\/\/ellypara.com\/index.php\/wp-json\/wp\/v2\/product_tag?post=849"}],"curies":[{"name":"wp","href":"https:\/\/api.w.org\/{rel}","templated":true}]}}