{"id":857,"date":"2025-03-18T14:23:40","date_gmt":"2025-03-18T13:23:40","guid":{"rendered":"https:\/\/ellypara.com\/?post_type=product&#038;p=857"},"modified":"2025-03-18T14:28:24","modified_gmt":"2025-03-18T13:28:24","slug":"svr-ampoule-flash-az-sebiaclear-30ml","status":"publish","type":"product","link":"https:\/\/ellypara.com\/index.php\/produit\/svr-ampoule-flash-az-sebiaclear-30ml\/","title":{"rendered":"SVR AMPOULE FLASH AZ SEBIACLEAR 30ML"},"content":{"rendered":"<p>SEBIACLEAR Ampoule flash d\u00e9sincruste en profondeur, r\u00e9duit visiblement les imperfections et les rougeurs en un temps record. Sa texture lact\u00e9e et l\u00e9g\u00e8re fusionne avec la peau pour un fini imperceptible. La peau est d\u00e9sincrust\u00e9e, purifi\u00e9e, apais\u00e9e et confortable.<\/p>\n<p>SEBIACLEAR Ampoule Flash, c\u2019est le nouveau soin qui agit sur tous les param\u00e8tres \u00e0 l\u2019origine des peaux \u00e0 tendance acn\u00e9ique pour corriger les imperfections en un temps record. Formul\u00e9 \u00e0 81% d\u2019ingr\u00e9dients d\u2019origine naturelle, avec un acide reconnu pour son efficacit\u00e9 et enrichi en actifs dermatologiques pour une action haute tol\u00e9rance, compl\u00e8te et rapide :<\/p>\n<ul>\n<li>15% Acide az\u00e9la\u00efque :\u00a0 Multi-fonctions, il r\u00e9duit les imperfections cutan\u00e9es, r\u00e9gule l\u2019exc\u00e8s de s\u00e9bum, r\u00e9duit l\u2019inflammation et pr\u00e9vient l\u2019apparition de marques rouges et brunes.<\/li>\n<li>2%\u00a0<a href=\"https:\/\/www.parashop.tn\/blog\/niacinamide-pour-une-peau-saine-eclatante\" target=\"_blank\" rel=\"noopener\">Niacinamide<\/a>: Hydrate, apaise et favorise l\u2019\u00e9quilibre de la barri\u00e8re cutan\u00e9e<\/li>\n<li>2% Zinc :\u00a0 Limite la prolif\u00e9ration bact\u00e9rienne et r\u00e9gule l\u2019exc\u00e8s de s\u00e9bum.<\/li>\n<li>Acide salicylique : Purifie et lisse le grain de peau.<\/li>\n<li>14,5% d\u2019agents hydratants : La peau est hydrat\u00e9e et confortable.<\/li>\n<\/ul>\n<p>SVR SEBIACLEAR Ampoule Flash s\u2019int\u00e8gre tr\u00e8s facilement \u00e0 toutes les routines des ados aux adultes pour une efficacit\u00e9 imm\u00e9diate et durable prouv\u00e9e cliniquement :<\/p>\n<ul>\n<li>D\u00c8S 8H1, R\u00e9duit visiblement les boutons.<\/li>\n<li>D\u00c8S 24H, R\u00e9duit les com\u00e9dons, les points noirs, les pores et les rougeurs.<\/li>\n<li>D\u00c8S 7 JOURS, R\u00e9duit les marques et les imperfections cutan\u00e9es.<\/li>\n<li>D\u00c8S 28 JOURS2, Les boutons sont r\u00e9duits de -40,9%.<\/li>\n<\/ul>\n","protected":false},"excerpt":{"rendered":"<p><b>SVR SEBIACLEAR Ampoule Flash 30ML <\/b><\/p>\n<p>SVR SEBIACLEAR Ampoule Flash est un Concentr\u00e9 anti-imperfections, anti-rougeurs, lissant.<\/p>\n<p>SEBIACLEAR Ampoule flash d\u00e9sincruste en profondeur, r\u00e9duit visiblement les imperfections et les rougeurs en un temps record. Sa texture lact\u00e9e et l\u00e9g\u00e8re fusionne avec la peau pour un fini imperceptible. La peau est d\u00e9sincrust\u00e9e, purifi\u00e9e, apais\u00e9e et confortable.<\/p>\n","protected":false},"featured_media":858,"comment_status":"open","ping_status":"closed","template":"","meta":{"ocean_post_layout":"","ocean_both_sidebars_style":"","ocean_both_sidebars_content_width":0,"ocean_both_sidebars_sidebars_width":0,"ocean_sidebar":"0","ocean_second_sidebar":"0","ocean_disable_margins":"enable","ocean_add_body_class":"","ocean_shortcode_before_top_bar":"","ocean_shortcode_after_top_bar":"","ocean_shortcode_before_header":"","ocean_shortcode_after_header":"","ocean_has_shortcode":"","ocean_shortcode_after_title":"","ocean_shortcode_before_footer_widgets":"","ocean_shortcode_after_footer_widgets":"","ocean_shortcode_before_footer_bottom":"","ocean_shortcode_after_footer_bottom":"","ocean_display_top_bar":"default","ocean_display_header":"default","ocean_header_style":"","ocean_center_header_left_menu":"0","ocean_custom_header_template":"0","ocean_custom_logo":0,"ocean_custom_retina_logo":0,"ocean_custom_logo_max_width":0,"ocean_custom_logo_tablet_max_width":0,"ocean_custom_logo_mobile_max_width":0,"ocean_custom_logo_max_height":0,"ocean_custom_logo_tablet_max_height":0,"ocean_custom_logo_mobile_max_height":0,"ocean_header_custom_menu":"0","ocean_menu_typo_font_family":"0","ocean_menu_typo_font_subset":"","ocean_menu_typo_font_size":0,"ocean_menu_typo_font_size_tablet":0,"ocean_menu_typo_font_size_mobile":0,"ocean_menu_typo_font_size_unit":"px","ocean_menu_typo_font_weight":"","ocean_menu_typo_font_weight_tablet":"","ocean_menu_typo_font_weight_mobile":"","ocean_menu_typo_transform":"","ocean_menu_typo_transform_tablet":"","ocean_menu_typo_transform_mobile":"","ocean_menu_typo_line_height":0,"ocean_menu_typo_line_height_tablet":0,"ocean_menu_typo_line_height_mobile":0,"ocean_menu_typo_line_height_unit":"","ocean_menu_typo_spacing":0,"ocean_menu_typo_spacing_tablet":0,"ocean_menu_typo_spacing_mobile":0,"ocean_menu_typo_spacing_unit":"","ocean_menu_link_color":"","ocean_menu_link_color_hover":"","ocean_menu_link_color_active":"","ocean_menu_link_background":"","ocean_menu_link_hover_background":"","ocean_menu_link_active_background":"","ocean_menu_social_links_bg":"","ocean_menu_social_hover_links_bg":"","ocean_menu_social_links_color":"","ocean_menu_social_hover_links_color":"","ocean_disable_title":"default","ocean_disable_heading":"default","ocean_post_title":"","ocean_post_subheading":"","ocean_post_title_style":"","ocean_post_title_background_color":"","ocean_post_title_background":0,"ocean_post_title_bg_image_position":"","ocean_post_title_bg_image_attachment":"","ocean_post_title_bg_image_repeat":"","ocean_post_title_bg_image_size":"","ocean_post_title_height":0,"ocean_post_title_bg_overlay":0.5,"ocean_post_title_bg_overlay_color":"","ocean_disable_breadcrumbs":"default","ocean_breadcrumbs_color":"","ocean_breadcrumbs_separator_color":"","ocean_breadcrumbs_links_color":"","ocean_breadcrumbs_links_hover_color":"","ocean_display_footer_widgets":"default","ocean_display_footer_bottom":"default","ocean_custom_footer_template":"0"},"product_brand":[],"product_cat":[37,43,39,35,21],"product_tag":[],"class_list":{"0":"post-857","1":"product","2":"type-product","3":"status-publish","4":"has-post-thumbnail","6":"product_cat-soins-peau-grasse","7":"product_cat-soins-anti-rougeurs-et-peau-sensible","8":"product_cat-soins-anti-taches-et-depigmentants","9":"product_cat-soins-hydratants-et-nourrissants","10":"product_cat-visage","12":"entry","13":"has-media","15":"first","16":"outofstock","17":"taxable","18":"shipping-taxable","19":"purchasable","20":"product-type-simple","21":"has-product-nav","22":"col","23":"span_1_of_3","24":"owp-content-center","25":"owp-thumbs-layout-horizontal","26":"owp-btn-normal","27":"owp-tabs-layout-horizontal","28":"has-no-thumbnails"},"_links":{"self":[{"href":"https:\/\/ellypara.com\/index.php\/wp-json\/wp\/v2\/product\/857","targetHints":{"allow":["GET"]}}],"collection":[{"href":"https:\/\/ellypara.com\/index.php\/wp-json\/wp\/v2\/product"}],"about":[{"href":"https:\/\/ellypara.com\/index.php\/wp-json\/wp\/v2\/types\/product"}],"replies":[{"embeddable":true,"href":"https:\/\/ellypara.com\/index.php\/wp-json\/wp\/v2\/comments?post=857"}],"wp:featuredmedia":[{"embeddable":true,"href":"https:\/\/ellypara.com\/index.php\/wp-json\/wp\/v2\/media\/858"}],"wp:attachment":[{"href":"https:\/\/ellypara.com\/index.php\/wp-json\/wp\/v2\/media?parent=857"}],"wp:term":[{"taxonomy":"product_brand","embeddable":true,"href":"https:\/\/ellypara.com\/index.php\/wp-json\/wp\/v2\/product_brand?post=857"},{"taxonomy":"product_cat","embeddable":true,"href":"https:\/\/ellypara.com\/index.php\/wp-json\/wp\/v2\/product_cat?post=857"},{"taxonomy":"product_tag","embeddable":true,"href":"https:\/\/ellypara.com\/index.php\/wp-json\/wp\/v2\/product_tag?post=857"}],"curies":[{"name":"wp","href":"https:\/\/api.w.org\/{rel}","templated":true}]}}