{"id":861,"date":"2025-03-18T14:55:29","date_gmt":"2025-03-18T13:55:29","guid":{"rendered":"https:\/\/ellypara.com\/?post_type=product&#038;p=861"},"modified":"2025-03-18T14:55:29","modified_gmt":"2025-03-18T13:55:29","slug":"svr-spf30-ampoule-protect-30ml","status":"publish","type":"product","link":"https:\/\/ellypara.com\/index.php\/produit\/svr-spf30-ampoule-protect-30ml\/","title":{"rendered":"SVR [SPF30] Ampoule Protect 30ml"},"content":{"rendered":"<p><strong>SVR [SPF30] Ampoule Protect 30ml<\/strong>\u00a0propose une double action :<\/p>\n<p>\u2013 Prot\u00e9ger des rayons UV et de la pollution,<\/p>\n<p>\u2013 Corriger les rides et les taches pigmentaires.<\/p>\n<p>On y retrouve quatre filtres solaires organiques et photostables afin d\u2019ouvrir un v\u00e9ritable bouclier cutan\u00e9 \u00e0 la peau.<\/p>\n<p>La vitamine E et le d\u00e9toxophane sont associ\u00e9s aux baies de Shisandra, une plante chinoise qui pr\u00e9serve la peau du stress oxydatif et des agents polluants.<\/p>\n<p>De l\u2019extrait de cresson apporte ses vertus anti-inflammatoires et antioxydantes.<\/p>\n<p>Ce soin retarde l\u2019apparition des signes de l\u2019\u00e2ge, la peau est plus lisse et le teint plus uniforme.<\/p>\n<p><strong>Indications SVR [SPF30] Ampoule Protect :<\/strong><\/p>\n<p>Corriger les taches et les rides.<\/p>\n<p><strong>Conseils d\u2019utilisation :<\/strong><\/p>\n<p>Mettre quelques gouttes aux creux des mains, puis appliquer uniform\u00e9ment sur le visage.<\/p>\n<p>En cas d\u2019exposition solaire intense et r\u00e9p\u00e9t\u00e9e ou de transpiration, renouveler fr\u00e9quemment l\u2019application. Usage externe.<\/p>\n<p><strong>Composition :<\/strong><\/p>\n<p>Dicaprylyl carbonate, coco-caprylate\/caprate, c15-19 alkane, dicaprylyl ether, diethylamino hydroxybenzoyl hexyl benzoate, bis-ethylhexyloxyphenol methoxyphenyl triazine, disopropyl adipate, ethylhexyl triazone, caprylic\/capric triglyceride, diethylhexyl butamido triazone, glycine soja (soybean) oil, laminaria ochroleuca extract, lepidium sativum sprout extract, schisandra chinensis fruit extract, tocopherol, parfum (fragrance).<\/p>\n<p><strong>Conditionnement :<\/strong><\/p>\n<p>Flacon compte goutte de 30ml.<\/p>\n","protected":false},"excerpt":{"rendered":"<p>SVR [SPF30] Ampoule Protect\u00a030 ml est un s\u00e9rum qui offre \u00e0 votre peau une correction face au vieillissement naturel de la peau face aux facteurs acc\u00e9l\u00e9rateurs du vieillissement.<\/p>\n","protected":false},"featured_media":862,"comment_status":"open","ping_status":"closed","template":"","meta":{"ocean_post_layout":"","ocean_both_sidebars_style":"","ocean_both_sidebars_content_width":0,"ocean_both_sidebars_sidebars_width":0,"ocean_sidebar":"0","ocean_second_sidebar":"0","ocean_disable_margins":"enable","ocean_add_body_class":"","ocean_shortcode_before_top_bar":"","ocean_shortcode_after_top_bar":"","ocean_shortcode_before_header":"","ocean_shortcode_after_header":"","ocean_has_shortcode":"","ocean_shortcode_after_title":"","ocean_shortcode_before_footer_widgets":"","ocean_shortcode_after_footer_widgets":"","ocean_shortcode_before_footer_bottom":"","ocean_shortcode_after_footer_bottom":"","ocean_display_top_bar":"default","ocean_display_header":"default","ocean_header_style":"","ocean_center_header_left_menu":"0","ocean_custom_header_template":"0","ocean_custom_logo":0,"ocean_custom_retina_logo":0,"ocean_custom_logo_max_width":0,"ocean_custom_logo_tablet_max_width":0,"ocean_custom_logo_mobile_max_width":0,"ocean_custom_logo_max_height":0,"ocean_custom_logo_tablet_max_height":0,"ocean_custom_logo_mobile_max_height":0,"ocean_header_custom_menu":"0","ocean_menu_typo_font_family":"0","ocean_menu_typo_font_subset":"","ocean_menu_typo_font_size":0,"ocean_menu_typo_font_size_tablet":0,"ocean_menu_typo_font_size_mobile":0,"ocean_menu_typo_font_size_unit":"px","ocean_menu_typo_font_weight":"","ocean_menu_typo_font_weight_tablet":"","ocean_menu_typo_font_weight_mobile":"","ocean_menu_typo_transform":"","ocean_menu_typo_transform_tablet":"","ocean_menu_typo_transform_mobile":"","ocean_menu_typo_line_height":0,"ocean_menu_typo_line_height_tablet":0,"ocean_menu_typo_line_height_mobile":0,"ocean_menu_typo_line_height_unit":"","ocean_menu_typo_spacing":0,"ocean_menu_typo_spacing_tablet":0,"ocean_menu_typo_spacing_mobile":0,"ocean_menu_typo_spacing_unit":"","ocean_menu_link_color":"","ocean_menu_link_color_hover":"","ocean_menu_link_color_active":"","ocean_menu_link_background":"","ocean_menu_link_hover_background":"","ocean_menu_link_active_background":"","ocean_menu_social_links_bg":"","ocean_menu_social_hover_links_bg":"","ocean_menu_social_links_color":"","ocean_menu_social_hover_links_color":"","ocean_disable_title":"default","ocean_disable_heading":"default","ocean_post_title":"","ocean_post_subheading":"","ocean_post_title_style":"","ocean_post_title_background_color":"","ocean_post_title_background":0,"ocean_post_title_bg_image_position":"","ocean_post_title_bg_image_attachment":"","ocean_post_title_bg_image_repeat":"","ocean_post_title_bg_image_size":"","ocean_post_title_height":0,"ocean_post_title_bg_overlay":0.5,"ocean_post_title_bg_overlay_color":"","ocean_disable_breadcrumbs":"default","ocean_breadcrumbs_color":"","ocean_breadcrumbs_separator_color":"","ocean_breadcrumbs_links_color":"","ocean_breadcrumbs_links_hover_color":"","ocean_display_footer_widgets":"default","ocean_display_footer_bottom":"default","ocean_custom_footer_template":"0"},"product_brand":[],"product_cat":[37,36,39,21],"product_tag":[],"class_list":{"0":"post-861","1":"product","2":"type-product","3":"status-publish","4":"has-post-thumbnail","6":"product_cat-soins-peau-grasse","7":"product_cat-soins-anti-age-et-anti-rides","8":"product_cat-soins-anti-taches-et-depigmentants","9":"product_cat-visage","11":"entry","12":"has-media","14":"first","15":"instock","16":"taxable","17":"shipping-taxable","18":"purchasable","19":"product-type-simple","20":"has-product-nav","21":"col","22":"span_1_of_3","23":"owp-content-center","24":"owp-thumbs-layout-horizontal","25":"owp-btn-normal","26":"owp-tabs-layout-horizontal"},"_links":{"self":[{"href":"https:\/\/ellypara.com\/index.php\/wp-json\/wp\/v2\/product\/861","targetHints":{"allow":["GET"]}}],"collection":[{"href":"https:\/\/ellypara.com\/index.php\/wp-json\/wp\/v2\/product"}],"about":[{"href":"https:\/\/ellypara.com\/index.php\/wp-json\/wp\/v2\/types\/product"}],"replies":[{"embeddable":true,"href":"https:\/\/ellypara.com\/index.php\/wp-json\/wp\/v2\/comments?post=861"}],"wp:featuredmedia":[{"embeddable":true,"href":"https:\/\/ellypara.com\/index.php\/wp-json\/wp\/v2\/media\/862"}],"wp:attachment":[{"href":"https:\/\/ellypara.com\/index.php\/wp-json\/wp\/v2\/media?parent=861"}],"wp:term":[{"taxonomy":"product_brand","embeddable":true,"href":"https:\/\/ellypara.com\/index.php\/wp-json\/wp\/v2\/product_brand?post=861"},{"taxonomy":"product_cat","embeddable":true,"href":"https:\/\/ellypara.com\/index.php\/wp-json\/wp\/v2\/product_cat?post=861"},{"taxonomy":"product_tag","embeddable":true,"href":"https:\/\/ellypara.com\/index.php\/wp-json\/wp\/v2\/product_tag?post=861"}],"curies":[{"name":"wp","href":"https:\/\/api.w.org\/{rel}","templated":true}]}}