{"id":865,"date":"2025-03-18T22:12:00","date_gmt":"2025-03-18T21:12:00","guid":{"rendered":"https:\/\/ellypara.com\/?post_type=product&#038;p=865"},"modified":"2025-03-18T22:12:00","modified_gmt":"2025-03-18T21:12:00","slug":"svr-ampoule-refresh-concentre-yeux-jour-15ml","status":"publish","type":"product","link":"https:\/\/ellypara.com\/index.php\/produit\/svr-ampoule-refresh-concentre-yeux-jour-15ml\/","title":{"rendered":"SVR AMPOULE REFRESH CONCENTRE YEUX JOUR 15ML"},"content":{"rendered":"<div id=\"content-wrapper\">\n<section id=\"main\">\n<div class=\"tabs\">\n<div id=\"tab-content\" class=\"tab-content\">\n<div id=\"description\" class=\"tab-pane fade in active\" role=\"tabpanel\">\n<div class=\"product-description\">\n<div id=\"prod-heading1\" class=\"panel-heading\">\n<div class=\"panel-title panel-title-black\"><strong>Description :<\/strong><\/div>\n<\/div>\n<div id=\"prod-collapse1\" class=\"panel-collapse collapse in\">\n<div class=\"panel-body\">\n<p>Ce s\u00e9rum matinal ultra-frais va r\u00e9veiller, tonifier et lisser le contour des yeux, il convient \u00e0 tous les contours des yeux sensibles, d\u00e8s les premiers signes de l\u2019\u00e2ge et aux porteurs de lentilles. Sa formule, enrichie en caf\u00e9ine, stimule le regard, favorise la micro-circulation et d\u00e9congestionne pour agir sur les cernes et les poches. Enrichie en peptides et acide hyaluronique, le contour des yeux est liss\u00e9, raffermi et hydrat\u00e9, pr\u00eat pour affronter la journ\u00e9e. Dot\u00e9e d&#8217;une pipette massante m\u00e9tallique ultra-innovante qui permet de d\u00e9livrer le produit sur la zone souhait\u00e9e et de masser avec un effet frais imm\u00e9diat pour maximiser l\u2019efficacit\u00e9 anti-poches, anticernes.<\/p>\n<div id=\"prod-heading2\" class=\"panel-heading\">\n<div class=\"panel-title panel-title-black\"><strong>Conseils d&#8217;utilisation :<\/strong><\/div>\n<\/div>\n<div id=\"prod-collapse2\" class=\"panel-collapse collapse in\">\n<div class=\"panel-body\">\n<p>Pr\u00e9levez une petite quantit\u00e9 de s\u00e9rum avec la pipette, appliquez sur le contour de l\u2019\u0153il non irrit\u00e9, puis massez avec l\u2019embout m\u00e9tallique. Vous pouvez terminer le geste avec le bout des doigts pour finir de faire p\u00e9n\u00e9trer le soin.<\/p>\n<div id=\"prod-heading3\" class=\"panel-heading\">\n<div class=\"panel-title panel-title-black\"><strong>Composition :<\/strong><\/div>\n<\/div>\n<div id=\"prod-collapse3\" class=\"panel-collapse collapse in\">\n<div class=\"panel-body\">\n<p>Formule INCI : Lab19.04\/D.01 &#8211; Ingredients : Aqua\/Water\/Eau, Glycerin, Propylene Glycol, Caffeine, Isononyl Isononanoate, Propanediol, Pentylene Glycol, 1,2-Hexanediol, Sodium Polyacrylate Starch, Caprylyl Glycol, Acrylates\/C10-30 Alkyl Acrylate Crosspolymer, Fucus Vesiculosus Extract, Citric Acid, Sodium Hyaluronate, Hexylene Glycol, Xanthan Gum, Dipeptide Diaminobutyroyl Benzylamide Diacetate.<\/p>\n<\/div>\n<\/div>\n<\/div>\n<\/div>\n<\/div>\n<\/div>\n<\/div>\n<\/div>\n<\/div>\n<\/div>\n<\/section>\n<\/div>\n<section>\n<h2 class=\"recommandation\"><\/h2>\n<\/section>\n","protected":false},"excerpt":{"rendered":"<p><strong>L&#8217;ampoule Refresh<\/strong> est destin\u00e9e \u00e0 tous les contours des yeux sensibles, d\u00e8s les premiers signes de l\u2019\u00e2ge. Ce s\u00e9rum matinal ultra-frais r\u00e9veille, tonifie et lisse le contour des yeux.<\/p>\n","protected":false},"featured_media":866,"comment_status":"open","ping_status":"closed","template":"","meta":{"ocean_post_layout":"","ocean_both_sidebars_style":"","ocean_both_sidebars_content_width":0,"ocean_both_sidebars_sidebars_width":0,"ocean_sidebar":"0","ocean_second_sidebar":"0","ocean_disable_margins":"enable","ocean_add_body_class":"","ocean_shortcode_before_top_bar":"","ocean_shortcode_after_top_bar":"","ocean_shortcode_before_header":"","ocean_shortcode_after_header":"","ocean_has_shortcode":"","ocean_shortcode_after_title":"","ocean_shortcode_before_footer_widgets":"","ocean_shortcode_after_footer_widgets":"","ocean_shortcode_before_footer_bottom":"","ocean_shortcode_after_footer_bottom":"","ocean_display_top_bar":"default","ocean_display_header":"default","ocean_header_style":"","ocean_center_header_left_menu":"0","ocean_custom_header_template":"0","ocean_custom_logo":0,"ocean_custom_retina_logo":0,"ocean_custom_logo_max_width":0,"ocean_custom_logo_tablet_max_width":0,"ocean_custom_logo_mobile_max_width":0,"ocean_custom_logo_max_height":0,"ocean_custom_logo_tablet_max_height":0,"ocean_custom_logo_mobile_max_height":0,"ocean_header_custom_menu":"0","ocean_menu_typo_font_family":"0","ocean_menu_typo_font_subset":"","ocean_menu_typo_font_size":0,"ocean_menu_typo_font_size_tablet":0,"ocean_menu_typo_font_size_mobile":0,"ocean_menu_typo_font_size_unit":"px","ocean_menu_typo_font_weight":"","ocean_menu_typo_font_weight_tablet":"","ocean_menu_typo_font_weight_mobile":"","ocean_menu_typo_transform":"","ocean_menu_typo_transform_tablet":"","ocean_menu_typo_transform_mobile":"","ocean_menu_typo_line_height":0,"ocean_menu_typo_line_height_tablet":0,"ocean_menu_typo_line_height_mobile":0,"ocean_menu_typo_line_height_unit":"","ocean_menu_typo_spacing":0,"ocean_menu_typo_spacing_tablet":0,"ocean_menu_typo_spacing_mobile":0,"ocean_menu_typo_spacing_unit":"","ocean_menu_link_color":"","ocean_menu_link_color_hover":"","ocean_menu_link_color_active":"","ocean_menu_link_background":"","ocean_menu_link_hover_background":"","ocean_menu_link_active_background":"","ocean_menu_social_links_bg":"","ocean_menu_social_hover_links_bg":"","ocean_menu_social_links_color":"","ocean_menu_social_hover_links_color":"","ocean_disable_title":"default","ocean_disable_heading":"default","ocean_post_title":"","ocean_post_subheading":"","ocean_post_title_style":"","ocean_post_title_background_color":"","ocean_post_title_background":0,"ocean_post_title_bg_image_position":"","ocean_post_title_bg_image_attachment":"","ocean_post_title_bg_image_repeat":"","ocean_post_title_bg_image_size":"","ocean_post_title_height":0,"ocean_post_title_bg_overlay":0.5,"ocean_post_title_bg_overlay_color":"","ocean_disable_breadcrumbs":"default","ocean_breadcrumbs_color":"","ocean_breadcrumbs_separator_color":"","ocean_breadcrumbs_links_color":"","ocean_breadcrumbs_links_hover_color":"","ocean_display_footer_widgets":"default","ocean_display_footer_bottom":"default","ocean_custom_footer_template":"0"},"product_brand":[],"product_cat":[26,36,110,21],"product_tag":[],"class_list":{"0":"post-865","1":"product","2":"type-product","3":"status-publish","4":"has-post-thumbnail","6":"product_cat-promo","7":"product_cat-soins-anti-age-et-anti-rides","8":"product_cat-soins-anti-poches-et-cernes","9":"product_cat-visage","11":"entry","12":"has-media","14":"first","15":"instock","16":"sale","17":"taxable","18":"shipping-taxable","19":"purchasable","20":"product-type-simple","21":"has-product-nav","22":"col","23":"span_1_of_3","24":"owp-content-center","25":"owp-thumbs-layout-horizontal","26":"owp-btn-normal","27":"owp-tabs-layout-horizontal","28":"has-no-thumbnails"},"_links":{"self":[{"href":"https:\/\/ellypara.com\/index.php\/wp-json\/wp\/v2\/product\/865","targetHints":{"allow":["GET"]}}],"collection":[{"href":"https:\/\/ellypara.com\/index.php\/wp-json\/wp\/v2\/product"}],"about":[{"href":"https:\/\/ellypara.com\/index.php\/wp-json\/wp\/v2\/types\/product"}],"replies":[{"embeddable":true,"href":"https:\/\/ellypara.com\/index.php\/wp-json\/wp\/v2\/comments?post=865"}],"wp:featuredmedia":[{"embeddable":true,"href":"https:\/\/ellypara.com\/index.php\/wp-json\/wp\/v2\/media\/866"}],"wp:attachment":[{"href":"https:\/\/ellypara.com\/index.php\/wp-json\/wp\/v2\/media?parent=865"}],"wp:term":[{"taxonomy":"product_brand","embeddable":true,"href":"https:\/\/ellypara.com\/index.php\/wp-json\/wp\/v2\/product_brand?post=865"},{"taxonomy":"product_cat","embeddable":true,"href":"https:\/\/ellypara.com\/index.php\/wp-json\/wp\/v2\/product_cat?post=865"},{"taxonomy":"product_tag","embeddable":true,"href":"https:\/\/ellypara.com\/index.php\/wp-json\/wp\/v2\/product_tag?post=865"}],"curies":[{"name":"wp","href":"https:\/\/api.w.org\/{rel}","templated":true}]}}