{"id":867,"date":"2025-03-18T22:21:30","date_gmt":"2025-03-18T21:21:30","guid":{"rendered":"https:\/\/ellypara.com\/?post_type=product&#038;p=867"},"modified":"2025-03-18T22:21:30","modified_gmt":"2025-03-18T21:21:30","slug":"svr-ampoule-relax-concentre-yeux-nuit-15ml","status":"publish","type":"product","link":"https:\/\/ellypara.com\/index.php\/produit\/svr-ampoule-relax-concentre-yeux-nuit-15ml\/","title":{"rendered":"SVR AMPOULE RELAX CONCENTRE YEUX NUIT 15ML"},"content":{"rendered":"<div id=\"prod-heading1\" class=\"panel-heading\">\n<div class=\"panel-title panel-title-black\"><strong>Description :<\/strong><\/div>\n<\/div>\n<div id=\"prod-collapse1\" class=\"panel-collapse collapse in\">\n<div class=\"panel-body\">\n<p>Le s\u00e9rum nocturne Ampoule Relax Concentr\u00e9 Regard Soir va apaiser, d\u00e9tendre et favoriser la r\u00e9g\u00e9n\u00e9ration du contour des yeux. Fini les yeux fatigu\u00e9s et les rides marqu\u00e9es au r\u00e9veil, le regard est r\u00e9g\u00e9n\u00e9r\u00e9, repos\u00e9 et liss\u00e9 comme apr\u00e8s une longue nuit de sommeil r\u00e9parateur. Sa formule exclusive, enrichie en Gaba, agit comme un relaxant cutan\u00e9 pour d\u00e9froisser et tonifier la peau, le regard est d\u00e9tendu et les rides et ridules visiblement liss\u00e9es. Compl\u00e9t\u00e9e par un post-biotique, cette formule associ\u00e9e au massage va favoriser la micro-circulation pour corriger significativement cernes et poches.<\/p>\n<div id=\"prod-heading2\" class=\"panel-heading\">\n<div class=\"panel-title panel-title-black\"><strong>Conseils d&#8217;utilisation :<\/strong><\/div>\n<\/div>\n<div id=\"prod-collapse2\" class=\"panel-collapse collapse in\">\n<div class=\"panel-body\">\n<p>Le soir, sur peau propre et s\u00e8che, pr\u00e9lever une petite quantit\u00e9 de s\u00e9rum avec la pipette, appliquer sur le contour de l\u2019\u0153il, puis masser avec l\u2019embout lisse. Vous pouvez terminer le geste avec le bout des doigts pour finir de faire p\u00e9n\u00e9trer le soin.<\/p>\n<div id=\"prod-heading3\" class=\"panel-heading\">\n<div class=\"panel-title panel-title-black\"><strong>Composition :<\/strong><\/div>\n<\/div>\n<div id=\"prod-collapse3\" class=\"panel-collapse collapse in\">\n<div class=\"panel-body\">\n<p>Ingredients : Glycerin, Butylene Glycol, Aqua\/Water\/Eau, Albizia Julibrissin Bark Extract, Tocopheryl Acetate, Carbomer, Propanediol, Helianthus Annuus (Sunflower) Seed Oil, Aminobutyric Acid, Caprylic\/Capric Triglyceride, Xanthan Gum, Bacillus Ferment, Glyceryl Caprylate, Bixa Orellana Seed Extract, Sodium Benzoate, Sodium Hydroxide, Tocopherol, Citric Acid.<\/p>\n<\/div>\n<\/div>\n<\/div>\n<\/div>\n<\/div>\n<\/div>\n","protected":false},"excerpt":{"rendered":"<p>L&#8217;ampoule Relax est destin\u00e9e \u00e0 tous les contours des yeux sensibles, d\u00e8s les premiers signes de l\u2019\u00e2ge. Convient aux porteurs de lentilles. Ce s\u00e9rum ol\u00e9o-gel nocturne va apaiser, d\u00e9tendre et favoriser la r\u00e9g\u00e9n\u00e9ration du contour des yeux.<\/p>\n","protected":false},"featured_media":868,"comment_status":"open","ping_status":"closed","template":"","meta":{"ocean_post_layout":"","ocean_both_sidebars_style":"","ocean_both_sidebars_content_width":0,"ocean_both_sidebars_sidebars_width":0,"ocean_sidebar":"0","ocean_second_sidebar":"0","ocean_disable_margins":"enable","ocean_add_body_class":"","ocean_shortcode_before_top_bar":"","ocean_shortcode_after_top_bar":"","ocean_shortcode_before_header":"","ocean_shortcode_after_header":"","ocean_has_shortcode":"","ocean_shortcode_after_title":"","ocean_shortcode_before_footer_widgets":"","ocean_shortcode_after_footer_widgets":"","ocean_shortcode_before_footer_bottom":"","ocean_shortcode_after_footer_bottom":"","ocean_display_top_bar":"default","ocean_display_header":"default","ocean_header_style":"","ocean_center_header_left_menu":"0","ocean_custom_header_template":"0","ocean_custom_logo":0,"ocean_custom_retina_logo":0,"ocean_custom_logo_max_width":0,"ocean_custom_logo_tablet_max_width":0,"ocean_custom_logo_mobile_max_width":0,"ocean_custom_logo_max_height":0,"ocean_custom_logo_tablet_max_height":0,"ocean_custom_logo_mobile_max_height":0,"ocean_header_custom_menu":"0","ocean_menu_typo_font_family":"0","ocean_menu_typo_font_subset":"","ocean_menu_typo_font_size":0,"ocean_menu_typo_font_size_tablet":0,"ocean_menu_typo_font_size_mobile":0,"ocean_menu_typo_font_size_unit":"px","ocean_menu_typo_font_weight":"","ocean_menu_typo_font_weight_tablet":"","ocean_menu_typo_font_weight_mobile":"","ocean_menu_typo_transform":"","ocean_menu_typo_transform_tablet":"","ocean_menu_typo_transform_mobile":"","ocean_menu_typo_line_height":0,"ocean_menu_typo_line_height_tablet":0,"ocean_menu_typo_line_height_mobile":0,"ocean_menu_typo_line_height_unit":"","ocean_menu_typo_spacing":0,"ocean_menu_typo_spacing_tablet":0,"ocean_menu_typo_spacing_mobile":0,"ocean_menu_typo_spacing_unit":"","ocean_menu_link_color":"","ocean_menu_link_color_hover":"","ocean_menu_link_color_active":"","ocean_menu_link_background":"","ocean_menu_link_hover_background":"","ocean_menu_link_active_background":"","ocean_menu_social_links_bg":"","ocean_menu_social_hover_links_bg":"","ocean_menu_social_links_color":"","ocean_menu_social_hover_links_color":"","ocean_disable_title":"default","ocean_disable_heading":"default","ocean_post_title":"","ocean_post_subheading":"","ocean_post_title_style":"","ocean_post_title_background_color":"","ocean_post_title_background":0,"ocean_post_title_bg_image_position":"","ocean_post_title_bg_image_attachment":"","ocean_post_title_bg_image_repeat":"","ocean_post_title_bg_image_size":"","ocean_post_title_height":0,"ocean_post_title_bg_overlay":0.5,"ocean_post_title_bg_overlay_color":"","ocean_disable_breadcrumbs":"default","ocean_breadcrumbs_color":"","ocean_breadcrumbs_separator_color":"","ocean_breadcrumbs_links_color":"","ocean_breadcrumbs_links_hover_color":"","ocean_display_footer_widgets":"default","ocean_display_footer_bottom":"default","ocean_custom_footer_template":"0"},"product_brand":[],"product_cat":[26,36,110,21],"product_tag":[],"class_list":{"0":"post-867","1":"product","2":"type-product","3":"status-publish","4":"has-post-thumbnail","6":"product_cat-promo","7":"product_cat-soins-anti-age-et-anti-rides","8":"product_cat-soins-anti-poches-et-cernes","9":"product_cat-visage","11":"entry","12":"has-media","14":"first","15":"instock","16":"sale","17":"taxable","18":"shipping-taxable","19":"purchasable","20":"product-type-simple","21":"has-product-nav","22":"col","23":"span_1_of_3","24":"owp-content-center","25":"owp-thumbs-layout-horizontal","26":"owp-btn-normal","27":"owp-tabs-layout-horizontal","28":"has-no-thumbnails"},"_links":{"self":[{"href":"https:\/\/ellypara.com\/index.php\/wp-json\/wp\/v2\/product\/867","targetHints":{"allow":["GET"]}}],"collection":[{"href":"https:\/\/ellypara.com\/index.php\/wp-json\/wp\/v2\/product"}],"about":[{"href":"https:\/\/ellypara.com\/index.php\/wp-json\/wp\/v2\/types\/product"}],"replies":[{"embeddable":true,"href":"https:\/\/ellypara.com\/index.php\/wp-json\/wp\/v2\/comments?post=867"}],"wp:featuredmedia":[{"embeddable":true,"href":"https:\/\/ellypara.com\/index.php\/wp-json\/wp\/v2\/media\/868"}],"wp:attachment":[{"href":"https:\/\/ellypara.com\/index.php\/wp-json\/wp\/v2\/media?parent=867"}],"wp:term":[{"taxonomy":"product_brand","embeddable":true,"href":"https:\/\/ellypara.com\/index.php\/wp-json\/wp\/v2\/product_brand?post=867"},{"taxonomy":"product_cat","embeddable":true,"href":"https:\/\/ellypara.com\/index.php\/wp-json\/wp\/v2\/product_cat?post=867"},{"taxonomy":"product_tag","embeddable":true,"href":"https:\/\/ellypara.com\/index.php\/wp-json\/wp\/v2\/product_tag?post=867"}],"curies":[{"name":"wp","href":"https:\/\/api.w.org\/{rel}","templated":true}]}}