{"id":869,"date":"2025-03-18T22:34:09","date_gmt":"2025-03-18T21:34:09","guid":{"rendered":"https:\/\/ellypara.com\/?post_type=product&#038;p=869"},"modified":"2025-03-18T22:34:10","modified_gmt":"2025-03-18T21:34:10","slug":"svr-b3-essence-hydra-p-sens-150ml","status":"publish","type":"product","link":"https:\/\/ellypara.com\/index.php\/produit\/svr-b3-essence-hydra-p-sens-150ml\/","title":{"rendered":"SVR B3 ESSENCE HYDRA P\/SENS 150ML"},"content":{"rendered":"<p><strong>SVR Essence Hydra B3 150 ml<\/strong> est riche en vitamine B3, aussi nomm\u00e9e Niacinamide. Cet actif multi-correcteur de r\u00e9f\u00e9rence fortifie et restaure la barri\u00e8re cutan\u00e9e. SVR l&#8217;a concentr\u00e9e \u00e0 2% pour r\u00e9parer les peaux fragilis\u00e9es. La vitamine B3 hydrate et renforce la peau. Coupl\u00e9e \u00e0 deux acides hyaluroniques de poids mol\u00e9culaires diff\u00e9rents (moyen et haut), l&#8217;Essence (B) repulpe les peaux d\u00e9shydrat\u00e9es.<\/p>\n<p>Sa formule minimaliste avec uniquement 15 ingr\u00e9dients et sans parfum est sp\u00e9cifiquement con\u00e7ue pour les peaux sensibles. Son petit plus ? Elle contient 83 % d&#8217;ingr\u00e9dients d&#8217;origine naturelle conserv\u00e9s dans un flacon plastique recycl\u00e9 \u00e0 25 % et 100% recyclable.<\/p>\n<p>Non com\u00e9dog\u00e8ne.<\/p>\n<p>Sans parfum.<\/p>\n<p>Test\u00e9 sous contr\u00f4le dermatologique et sur 100% de peaux sensibles.<\/p>\n<p><strong>Conseil d&#8217;utilisation:<\/strong><\/p>\n<p>Appliquer matin et soir sur peau propre sous le s\u00e9rum ou sous le soin, \u00e0 l&#8217;aide d&#8217;un coton ou au creux de la main.<\/p>\n<p>Indication : Solution r\u00e9paratrice hydratante, repulpante pour peau sensible, d\u00e9shydrat\u00e9es.<\/p>\n<p><strong>Composition:<\/strong><\/p>\n<p>Aqua\/Water\/Eau, Propylene glycol, Glycerin, Diglycerin, Isopentyldiol, Niacinamide, Saccaride isomerate, sodium hyaluronate, 1,2- Hexanediol, Caprylyl glycol, Citric acid, Pentylene glycol, Sodium citrate, Sodium lactate, Xanthan gum.<\/p>\n","protected":false},"excerpt":{"rendered":"<p>Cet actif multi-correcteur de r\u00e9f\u00e9rence fortifie et restaure la barri\u00e8re cutan\u00e9e.<\/p>\n","protected":false},"featured_media":870,"comment_status":"open","ping_status":"closed","template":"","meta":{"ocean_post_layout":"","ocean_both_sidebars_style":"","ocean_both_sidebars_content_width":0,"ocean_both_sidebars_sidebars_width":0,"ocean_sidebar":"0","ocean_second_sidebar":"0","ocean_disable_margins":"enable","ocean_add_body_class":"","ocean_shortcode_before_top_bar":"","ocean_shortcode_after_top_bar":"","ocean_shortcode_before_header":"","ocean_shortcode_after_header":"","ocean_has_shortcode":"","ocean_shortcode_after_title":"","ocean_shortcode_before_footer_widgets":"","ocean_shortcode_after_footer_widgets":"","ocean_shortcode_before_footer_bottom":"","ocean_shortcode_after_footer_bottom":"","ocean_display_top_bar":"default","ocean_display_header":"default","ocean_header_style":"","ocean_center_header_left_menu":"0","ocean_custom_header_template":"0","ocean_custom_logo":0,"ocean_custom_retina_logo":0,"ocean_custom_logo_max_width":0,"ocean_custom_logo_tablet_max_width":0,"ocean_custom_logo_mobile_max_width":0,"ocean_custom_logo_max_height":0,"ocean_custom_logo_tablet_max_height":0,"ocean_custom_logo_mobile_max_height":0,"ocean_header_custom_menu":"0","ocean_menu_typo_font_family":"0","ocean_menu_typo_font_subset":"","ocean_menu_typo_font_size":0,"ocean_menu_typo_font_size_tablet":0,"ocean_menu_typo_font_size_mobile":0,"ocean_menu_typo_font_size_unit":"px","ocean_menu_typo_font_weight":"","ocean_menu_typo_font_weight_tablet":"","ocean_menu_typo_font_weight_mobile":"","ocean_menu_typo_transform":"","ocean_menu_typo_transform_tablet":"","ocean_menu_typo_transform_mobile":"","ocean_menu_typo_line_height":0,"ocean_menu_typo_line_height_tablet":0,"ocean_menu_typo_line_height_mobile":0,"ocean_menu_typo_line_height_unit":"","ocean_menu_typo_spacing":0,"ocean_menu_typo_spacing_tablet":0,"ocean_menu_typo_spacing_mobile":0,"ocean_menu_typo_spacing_unit":"","ocean_menu_link_color":"","ocean_menu_link_color_hover":"","ocean_menu_link_color_active":"","ocean_menu_link_background":"","ocean_menu_link_hover_background":"","ocean_menu_link_active_background":"","ocean_menu_social_links_bg":"","ocean_menu_social_hover_links_bg":"","ocean_menu_social_links_color":"","ocean_menu_social_hover_links_color":"","ocean_disable_title":"default","ocean_disable_heading":"default","ocean_post_title":"","ocean_post_subheading":"","ocean_post_title_style":"","ocean_post_title_background_color":"","ocean_post_title_background":0,"ocean_post_title_bg_image_position":"","ocean_post_title_bg_image_attachment":"","ocean_post_title_bg_image_repeat":"","ocean_post_title_bg_image_size":"","ocean_post_title_height":0,"ocean_post_title_bg_overlay":0.5,"ocean_post_title_bg_overlay_color":"","ocean_disable_breadcrumbs":"default","ocean_breadcrumbs_color":"","ocean_breadcrumbs_separator_color":"","ocean_breadcrumbs_links_color":"","ocean_breadcrumbs_links_hover_color":"","ocean_display_footer_widgets":"default","ocean_display_footer_bottom":"default","ocean_custom_footer_template":"0"},"product_brand":[],"product_cat":[26,35,21],"product_tag":[],"class_list":{"0":"post-869","1":"product","2":"type-product","3":"status-publish","4":"has-post-thumbnail","6":"product_cat-promo","7":"product_cat-soins-hydratants-et-nourrissants","8":"product_cat-visage","10":"entry","11":"has-media","13":"first","14":"outofstock","15":"sale","16":"taxable","17":"shipping-taxable","18":"purchasable","19":"product-type-simple","20":"has-product-nav","21":"col","22":"span_1_of_3","23":"owp-content-center","24":"owp-thumbs-layout-horizontal","25":"owp-btn-normal","26":"owp-tabs-layout-horizontal","27":"has-no-thumbnails"},"_links":{"self":[{"href":"https:\/\/ellypara.com\/index.php\/wp-json\/wp\/v2\/product\/869","targetHints":{"allow":["GET"]}}],"collection":[{"href":"https:\/\/ellypara.com\/index.php\/wp-json\/wp\/v2\/product"}],"about":[{"href":"https:\/\/ellypara.com\/index.php\/wp-json\/wp\/v2\/types\/product"}],"replies":[{"embeddable":true,"href":"https:\/\/ellypara.com\/index.php\/wp-json\/wp\/v2\/comments?post=869"}],"wp:featuredmedia":[{"embeddable":true,"href":"https:\/\/ellypara.com\/index.php\/wp-json\/wp\/v2\/media\/870"}],"wp:attachment":[{"href":"https:\/\/ellypara.com\/index.php\/wp-json\/wp\/v2\/media?parent=869"}],"wp:term":[{"taxonomy":"product_brand","embeddable":true,"href":"https:\/\/ellypara.com\/index.php\/wp-json\/wp\/v2\/product_brand?post=869"},{"taxonomy":"product_cat","embeddable":true,"href":"https:\/\/ellypara.com\/index.php\/wp-json\/wp\/v2\/product_cat?post=869"},{"taxonomy":"product_tag","embeddable":true,"href":"https:\/\/ellypara.com\/index.php\/wp-json\/wp\/v2\/product_tag?post=869"}],"curies":[{"name":"wp","href":"https:\/\/api.w.org\/{rel}","templated":true}]}}