{"id":875,"date":"2025-03-19T11:58:12","date_gmt":"2025-03-19T10:58:12","guid":{"rendered":"https:\/\/ellypara.com\/?post_type=product&#038;p=875"},"modified":"2025-03-19T11:58:13","modified_gmt":"2025-03-19T10:58:13","slug":"svr-c20-biotic-cr-regenerante-eclat-50ml","status":"publish","type":"product","link":"https:\/\/ellypara.com\/index.php\/produit\/svr-c20-biotic-cr-regenerante-eclat-50ml\/","title":{"rendered":"SVR C20 BIOTIC CR REGENERANTE ECLAT 50ML"},"content":{"rendered":"<p><strong>SVR Biotic C20 Cr\u00e8me R\u00e9g\u00e9n\u00e9rante \u00c9clat 50 ml<\/strong> est faite pour r\u00e9g\u00e9n\u00e9rer votre peau gr\u00e2ce \u00e0 une combinaison de 3 actifs essentiels \u00e0 la fonction de la peau :<\/p>\n<p>les probiotiques pasteuris\u00e9s : ils prot\u00e8gent et renforcent la barri\u00e8re cutan\u00e9e.<br \/>\nl\u2019acide hyaluronique : il lisse les rides, les ridules et hydrate.<br \/>\nvitamine C, stabilis\u00e9e 20% : prot\u00e8ge des radicaux libres, uniformise, raffermie, d\u00e9fatigue et illumine le teint.<br \/>\nJour apr\u00e8s jour, la peau est lisse, tonique, les signes de fatigue sont moins marqu\u00e9s.<\/p>\n<p>Pollution, UV, stress, tabac et bien d\u2019autres g\u00e9n\u00e8rent un stress oxydatif et engendrent un vieillissement cellulaire pr\u00e9matur\u00e9. Ce ph\u00e9nom\u00e8ne fragilise la peau \u00e0 ses trois niveaux : Microbiote, \u00e9piderme, et derme.<\/p>\n<p>R\u00e9sultats : les rides se creusent, les taches apparaissent, la peau se fatigue et elle perd de son \u00e9clat.<\/p>\n<p>Sa texture enrichie en microbilles vitamin\u00e9es, offre un shot de 20 % de Vitamine C \u00e0 la peau pour la r\u00e9g\u00e9n\u00e9rer et l\u2019illuminer. La peau est lisse, tonique et \u00e9clatante.<\/p>\n<p>Efficacit\u00e9 prouv\u00e9e cliniquement sur peaux sensibles.<\/p>\n<p>Non com\u00e9dog\u00e8ne. Test\u00e9 sous contr\u00f4le dermatologique et 100% sur peaux sensibles.<\/p>\n<p>Fabriqu\u00e9 en France.<\/p>\n<p><strong>CONSEIL D\u2019UTILISATION<\/strong><\/p>\n<p>Appliquer sur peau propre et non-irrit\u00e9e matin et\/ou soir sur le visage et le cou.<\/p>\n<p>Excellente base de maquillage.<\/p>\n<p>Lors de la premi\u00e8re utilisation, appliquer sur peau propre une petite quantit\u00e9 le soir et attendre 48H minimum avant la seconde application.<br \/>\nEn cas de picotements, rougeurs ou autre manifestation cutan\u00e9es, arr\u00eater l\u2019utilisation du produit.<br \/>\nUne fois la peau habitu\u00e9e vous pouvez appliquer le produit quotidiennement, 1 \u00e0 2 fois par jours selon vos besoins.<\/p>\n<p>Indication : Cr\u00e8me r\u00e9g\u00e9n\u00e9rante \u00e9clat contre le teint terne, la fatigue et les rides.<\/p>\n<p><strong>COMPOSITION<\/strong><\/p>\n<p>Aqua\/Water\/Eau, Ascorbyl tetraisopalmitate, Hydrogenated Erhylhexyl Olivate, Myristyl Alcohol, Glyceryl Stearate, Lauroyl Lysine, PEG-100 Stearate, Butyrospermum Parkii (shea) Butter, Sodium Citrate, Silica, Myristyl Glucoside, Microcrystalline Cellulose, Hydroxyethyl Acrylate\/Sodium Acryloyldomethyl Taurate Copolymer, Tocopheryl Acetate, Pentylene Glycol, Mannitol, 1,2-hexanediol, Allentoin, Caprylyl Glycol, Parfum (fragrance), Citric Acid, Hydrogenated Olive Oil Unsaponifiables, Cellulose Gum, Polysorbate 60, Sorbitan Isostearate, Sodium Acetylated Hyaluronate, Maltodextrin, Hydroxypropyl Methylcellulose, CI 77492 (iron oxides), Lactobacillus Ferment, Algin.<\/p>\n","protected":false},"excerpt":{"rendered":"<p><strong>La Cr\u00e8me R\u00e9g\u00e9n\u00e9rante Eclat [C20] BIOTIC de SVR<\/strong> est un soin con\u00e7u pour illuminer le teint terne et r\u00e9duire visiblement les signes de fatigue ou de vieillissement cutan\u00e9.<\/p>\n","protected":false},"featured_media":876,"comment_status":"open","ping_status":"closed","template":"","meta":{"ocean_post_layout":"","ocean_both_sidebars_style":"","ocean_both_sidebars_content_width":0,"ocean_both_sidebars_sidebars_width":0,"ocean_sidebar":"0","ocean_second_sidebar":"0","ocean_disable_margins":"enable","ocean_add_body_class":"","ocean_shortcode_before_top_bar":"","ocean_shortcode_after_top_bar":"","ocean_shortcode_before_header":"","ocean_shortcode_after_header":"","ocean_has_shortcode":"","ocean_shortcode_after_title":"","ocean_shortcode_before_footer_widgets":"","ocean_shortcode_after_footer_widgets":"","ocean_shortcode_before_footer_bottom":"","ocean_shortcode_after_footer_bottom":"","ocean_display_top_bar":"default","ocean_display_header":"default","ocean_header_style":"","ocean_center_header_left_menu":"0","ocean_custom_header_template":"0","ocean_custom_logo":0,"ocean_custom_retina_logo":0,"ocean_custom_logo_max_width":0,"ocean_custom_logo_tablet_max_width":0,"ocean_custom_logo_mobile_max_width":0,"ocean_custom_logo_max_height":0,"ocean_custom_logo_tablet_max_height":0,"ocean_custom_logo_mobile_max_height":0,"ocean_header_custom_menu":"0","ocean_menu_typo_font_family":"0","ocean_menu_typo_font_subset":"","ocean_menu_typo_font_size":0,"ocean_menu_typo_font_size_tablet":0,"ocean_menu_typo_font_size_mobile":0,"ocean_menu_typo_font_size_unit":"px","ocean_menu_typo_font_weight":"","ocean_menu_typo_font_weight_tablet":"","ocean_menu_typo_font_weight_mobile":"","ocean_menu_typo_transform":"","ocean_menu_typo_transform_tablet":"","ocean_menu_typo_transform_mobile":"","ocean_menu_typo_line_height":0,"ocean_menu_typo_line_height_tablet":0,"ocean_menu_typo_line_height_mobile":0,"ocean_menu_typo_line_height_unit":"","ocean_menu_typo_spacing":0,"ocean_menu_typo_spacing_tablet":0,"ocean_menu_typo_spacing_mobile":0,"ocean_menu_typo_spacing_unit":"","ocean_menu_link_color":"","ocean_menu_link_color_hover":"","ocean_menu_link_color_active":"","ocean_menu_link_background":"","ocean_menu_link_hover_background":"","ocean_menu_link_active_background":"","ocean_menu_social_links_bg":"","ocean_menu_social_hover_links_bg":"","ocean_menu_social_links_color":"","ocean_menu_social_hover_links_color":"","ocean_disable_title":"default","ocean_disable_heading":"default","ocean_post_title":"","ocean_post_subheading":"","ocean_post_title_style":"","ocean_post_title_background_color":"","ocean_post_title_background":0,"ocean_post_title_bg_image_position":"","ocean_post_title_bg_image_attachment":"","ocean_post_title_bg_image_repeat":"","ocean_post_title_bg_image_size":"","ocean_post_title_height":0,"ocean_post_title_bg_overlay":0.5,"ocean_post_title_bg_overlay_color":"","ocean_disable_breadcrumbs":"default","ocean_breadcrumbs_color":"","ocean_breadcrumbs_separator_color":"","ocean_breadcrumbs_links_color":"","ocean_breadcrumbs_links_hover_color":"","ocean_display_footer_widgets":"default","ocean_display_footer_bottom":"default","ocean_custom_footer_template":"0"},"product_brand":[],"product_cat":[26,36,35,21],"product_tag":[],"class_list":{"0":"post-875","1":"product","2":"type-product","3":"status-publish","4":"has-post-thumbnail","6":"product_cat-promo","7":"product_cat-soins-anti-age-et-anti-rides","8":"product_cat-soins-hydratants-et-nourrissants","9":"product_cat-visage","11":"entry","12":"has-media","14":"first","15":"instock","16":"sale","17":"taxable","18":"shipping-taxable","19":"purchasable","20":"product-type-simple","21":"has-product-nav","22":"col","23":"span_1_of_3","24":"owp-content-center","25":"owp-thumbs-layout-horizontal","26":"owp-btn-normal","27":"owp-tabs-layout-horizontal"},"_links":{"self":[{"href":"https:\/\/ellypara.com\/index.php\/wp-json\/wp\/v2\/product\/875","targetHints":{"allow":["GET"]}}],"collection":[{"href":"https:\/\/ellypara.com\/index.php\/wp-json\/wp\/v2\/product"}],"about":[{"href":"https:\/\/ellypara.com\/index.php\/wp-json\/wp\/v2\/types\/product"}],"replies":[{"embeddable":true,"href":"https:\/\/ellypara.com\/index.php\/wp-json\/wp\/v2\/comments?post=875"}],"wp:featuredmedia":[{"embeddable":true,"href":"https:\/\/ellypara.com\/index.php\/wp-json\/wp\/v2\/media\/876"}],"wp:attachment":[{"href":"https:\/\/ellypara.com\/index.php\/wp-json\/wp\/v2\/media?parent=875"}],"wp:term":[{"taxonomy":"product_brand","embeddable":true,"href":"https:\/\/ellypara.com\/index.php\/wp-json\/wp\/v2\/product_brand?post=875"},{"taxonomy":"product_cat","embeddable":true,"href":"https:\/\/ellypara.com\/index.php\/wp-json\/wp\/v2\/product_cat?post=875"},{"taxonomy":"product_tag","embeddable":true,"href":"https:\/\/ellypara.com\/index.php\/wp-json\/wp\/v2\/product_tag?post=875"}],"curies":[{"name":"wp","href":"https:\/\/api.w.org\/{rel}","templated":true}]}}