{"id":879,"date":"2025-03-19T12:06:25","date_gmt":"2025-03-19T11:06:25","guid":{"rendered":"https:\/\/ellypara.com\/?post_type=product&#038;p=879"},"modified":"2025-03-19T12:06:26","modified_gmt":"2025-03-19T11:06:26","slug":"svr-cera-biotic-baume-regenerant-comblant-50ml","status":"publish","type":"product","link":"https:\/\/ellypara.com\/index.php\/produit\/svr-cera-biotic-baume-regenerant-comblant-50ml\/","title":{"rendered":"SVR CERA BIOTIC BAUME REGENERANT COMBLANT 50ML"},"content":{"rendered":"<h2>[CERA ]Biotic Baume r\u00e9g\u00e9n\u00e9rant comblant<\/h2>\n<p>S\u00e9cheresse, perte de fermet\u00e9, rides.<\/p>\n<p>R\u00e9g\u00e9n\u00e9rer votre peau gr\u00e2ce \u00e0 une combinaison de 3 actifs essentiels \u00e0 la fonction de la peau\u00a0: des probiotiques pasteuris\u00e9s, de la vitamine C stabilis\u00e9e et de l\u2019Acide Hyaluronique. Et pour combler la peau et lisser les rides et ridules, ce baume nourrissant est enrichi avec des c\u00e9ramides, principaux lipides constituants la couche corn\u00e9e. Ils permettent \u00e0 la peau d\u2019assurer son r\u00f4le de barri\u00e8re de protection face aux agressions ext\u00e9rieures et maintenir une bonne hydratation cutan\u00e9e. Jour apr\u00e8s jour, la peau est nourrie, combl\u00e9e et liss\u00e9e.<\/p>\n<p><strong>Une efficacit\u00e9 imm\u00e9diate\u00a0:<br \/>\n<\/strong><strong>\u2022 95%\u00a0<\/strong>Une peau imm\u00e9diatement plus confortable<strong>\u2022 +14%<\/strong>\u00a0peau liss\u00e9e<\/p>\n<p><strong>Une peau raffermie et liss\u00e9e apr\u00e8s seulement 1 mois :<br \/>\n<\/strong><strong>\u2022 +27%<\/strong>\u00a0peau plus ferme<sup><br \/>\n<\/sup><strong>\u2022 +42%<\/strong>\u00a0peau plus lisse<sup><br \/>\n<\/sup><strong>\u2022 -17%<\/strong>\u00a0rides et ridules<\/p>\n<p><strong>Et vous \u00eates convaincues :<br \/>\n<\/strong><strong>\u2022 86%<\/strong>\u00a0La peau est renforc\u00e9e<br \/>\n<strong>\u2022 95%<\/strong>\u00a0la peau est nourrie<\/p>\n<p>AUTO-\u00c9VALUATION \u2013 21 SUJETS \u2013 28 JOURS \u2013 2 APPLICATIONS PAR JOUR \u2013 % DE SATISFACTION SCORAGE DERMATOLOGIQUE \u2013 21 SUJETS \u2013\u00a0 APRES 1 APPLICATION \u2013 % MOYEN D\u2019AMELIORATION AUTO-\u00c9VALUATION \u2013 21 SUJETS \u2013 28 JOURS \u2013 2 APPLICATIONS PAR JOUR \u2013 % MOYEN D\u2019AMELIORATION<\/p>\n<p>Appliquer uniform\u00e9ment matin et\/ou soir sur le visage et le cou. Excellente base de maquillage. Usage externe.<\/p>\n","protected":false},"excerpt":{"rendered":"<p>R\u00e9g\u00e9n\u00e9rer votre peau gr\u00e2ce \u00e0 une combinaison de 3 actifs essentiels \u00e0 la fonction de la peau\u00a0: des probiotiques pasteuris\u00e9s, de la vitamine C stabilis\u00e9e et de l\u2019Acide Hyaluronique. Et pour combler la peau et lisser les rides et ridules, ce baume nourrissant est enrichi avec des c\u00e9ramides, principaux lipides constituants la couche corn\u00e9e. Ils permettent \u00e0 la peau d\u2019assurer son r\u00f4le de barri\u00e8re de protection face aux agressions ext\u00e9rieures et maintenir une bonne hydratation cutan\u00e9e. Jour apr\u00e8s jour, la peau est nourrie, combl\u00e9e et liss\u00e9e.<\/p>\n","protected":false},"featured_media":880,"comment_status":"open","ping_status":"closed","template":"","meta":{"ocean_post_layout":"","ocean_both_sidebars_style":"","ocean_both_sidebars_content_width":0,"ocean_both_sidebars_sidebars_width":0,"ocean_sidebar":"0","ocean_second_sidebar":"0","ocean_disable_margins":"enable","ocean_add_body_class":"","ocean_shortcode_before_top_bar":"","ocean_shortcode_after_top_bar":"","ocean_shortcode_before_header":"","ocean_shortcode_after_header":"","ocean_has_shortcode":"","ocean_shortcode_after_title":"","ocean_shortcode_before_footer_widgets":"","ocean_shortcode_after_footer_widgets":"","ocean_shortcode_before_footer_bottom":"","ocean_shortcode_after_footer_bottom":"","ocean_display_top_bar":"default","ocean_display_header":"default","ocean_header_style":"","ocean_center_header_left_menu":"0","ocean_custom_header_template":"0","ocean_custom_logo":0,"ocean_custom_retina_logo":0,"ocean_custom_logo_max_width":0,"ocean_custom_logo_tablet_max_width":0,"ocean_custom_logo_mobile_max_width":0,"ocean_custom_logo_max_height":0,"ocean_custom_logo_tablet_max_height":0,"ocean_custom_logo_mobile_max_height":0,"ocean_header_custom_menu":"0","ocean_menu_typo_font_family":"0","ocean_menu_typo_font_subset":"","ocean_menu_typo_font_size":0,"ocean_menu_typo_font_size_tablet":0,"ocean_menu_typo_font_size_mobile":0,"ocean_menu_typo_font_size_unit":"px","ocean_menu_typo_font_weight":"","ocean_menu_typo_font_weight_tablet":"","ocean_menu_typo_font_weight_mobile":"","ocean_menu_typo_transform":"","ocean_menu_typo_transform_tablet":"","ocean_menu_typo_transform_mobile":"","ocean_menu_typo_line_height":0,"ocean_menu_typo_line_height_tablet":0,"ocean_menu_typo_line_height_mobile":0,"ocean_menu_typo_line_height_unit":"","ocean_menu_typo_spacing":0,"ocean_menu_typo_spacing_tablet":0,"ocean_menu_typo_spacing_mobile":0,"ocean_menu_typo_spacing_unit":"","ocean_menu_link_color":"","ocean_menu_link_color_hover":"","ocean_menu_link_color_active":"","ocean_menu_link_background":"","ocean_menu_link_hover_background":"","ocean_menu_link_active_background":"","ocean_menu_social_links_bg":"","ocean_menu_social_hover_links_bg":"","ocean_menu_social_links_color":"","ocean_menu_social_hover_links_color":"","ocean_disable_title":"default","ocean_disable_heading":"default","ocean_post_title":"","ocean_post_subheading":"","ocean_post_title_style":"","ocean_post_title_background_color":"","ocean_post_title_background":0,"ocean_post_title_bg_image_position":"","ocean_post_title_bg_image_attachment":"","ocean_post_title_bg_image_repeat":"","ocean_post_title_bg_image_size":"","ocean_post_title_height":0,"ocean_post_title_bg_overlay":0.5,"ocean_post_title_bg_overlay_color":"","ocean_disable_breadcrumbs":"default","ocean_breadcrumbs_color":"","ocean_breadcrumbs_separator_color":"","ocean_breadcrumbs_links_color":"","ocean_breadcrumbs_links_hover_color":"","ocean_display_footer_widgets":"default","ocean_display_footer_bottom":"default","ocean_custom_footer_template":"0"},"product_brand":[],"product_cat":[42,36,35,21],"product_tag":[],"class_list":{"0":"post-879","1":"product","2":"type-product","3":"status-publish","4":"has-post-thumbnail","6":"product_cat-peaux-seches","7":"product_cat-soins-anti-age-et-anti-rides","8":"product_cat-soins-hydratants-et-nourrissants","9":"product_cat-visage","11":"entry","12":"has-media","14":"first","15":"outofstock","16":"taxable","17":"shipping-taxable","18":"purchasable","19":"product-type-simple","20":"has-product-nav","21":"col","22":"span_1_of_3","23":"owp-content-center","24":"owp-thumbs-layout-horizontal","25":"owp-btn-normal","26":"owp-tabs-layout-horizontal","27":"has-no-thumbnails"},"_links":{"self":[{"href":"https:\/\/ellypara.com\/index.php\/wp-json\/wp\/v2\/product\/879","targetHints":{"allow":["GET"]}}],"collection":[{"href":"https:\/\/ellypara.com\/index.php\/wp-json\/wp\/v2\/product"}],"about":[{"href":"https:\/\/ellypara.com\/index.php\/wp-json\/wp\/v2\/types\/product"}],"replies":[{"embeddable":true,"href":"https:\/\/ellypara.com\/index.php\/wp-json\/wp\/v2\/comments?post=879"}],"wp:featuredmedia":[{"embeddable":true,"href":"https:\/\/ellypara.com\/index.php\/wp-json\/wp\/v2\/media\/880"}],"wp:attachment":[{"href":"https:\/\/ellypara.com\/index.php\/wp-json\/wp\/v2\/media?parent=879"}],"wp:term":[{"taxonomy":"product_brand","embeddable":true,"href":"https:\/\/ellypara.com\/index.php\/wp-json\/wp\/v2\/product_brand?post=879"},{"taxonomy":"product_cat","embeddable":true,"href":"https:\/\/ellypara.com\/index.php\/wp-json\/wp\/v2\/product_cat?post=879"},{"taxonomy":"product_tag","embeddable":true,"href":"https:\/\/ellypara.com\/index.php\/wp-json\/wp\/v2\/product_tag?post=879"}],"curies":[{"name":"wp","href":"https:\/\/api.w.org\/{rel}","templated":true}]}}