{"id":884,"date":"2025-03-19T13:05:42","date_gmt":"2025-03-19T12:05:42","guid":{"rendered":"https:\/\/ellypara.com\/?post_type=product&#038;p=884"},"modified":"2025-03-19T13:07:10","modified_gmt":"2025-03-19T12:07:10","slug":"svr-cicavit-dm-cicatrices-gel-de-silicone-15g","status":"publish","type":"product","link":"https:\/\/ellypara.com\/index.php\/produit\/svr-cicavit-dm-cicatrices-gel-de-silicone-15g\/","title":{"rendered":"SVR Cicavit DM+ Cicatrices Gel de Silicone 15g"},"content":{"rendered":"<p><strong>SVR Cicavit DM+ Cicatrices Gel de Silicone 15g<\/strong>\u00a0est un traitement recommand\u00e9 pour la prise en charge initiale de toutes les cicatrices et la pr\u00e9vention des cicatrices hypertrophiques et ch\u00e9lo\u00efdes.<\/p>\n<p><strong>Indications :<\/strong><\/p>\n<p>Pour les cicatrices.<\/p>\n<p>Convient aux enfants d\u00e8s 3 ans.<\/p>\n<p><strong>Conseils d\u2019utilisation :<\/strong><\/p>\n<p>Application sur peau propre et s\u00e8che 2 fois par jour sur la cicatrice ferm\u00e9e.<\/p>\n<p>Peut \u00e9galement s\u2019utiliser sur des br\u00fblures superficielles du 1er au 2nd degr\u00e9.<\/p>\n<p>Ce soin peut \u00eatre appliqu\u00e9 sur toutes les parties du corps, m\u00eame le visage, les articulations et les zones mobiles.<\/p>\n<p><strong>Composition :<\/strong><\/p>\n<p>Dimethicone, glycerin, aqua\/water\/eau, dimethicone crosspolymer, c30-45 alkyldimethylsilyl polypropylsilsesquioxane, polyester-7, trimethylsiloxysilicate, neopentyl glycol diheptanoate, pentylene glycol, polysorbate 80, sodium acrylate\/sodium acryloyldimethyl taurate copolymer, sorbitan oleate, alpha-glucan oligosaccharide, caffeyl glucoside, disodium acetyl glucosamine phosphate, glucose, rhamnose, 1,2 hexanediol, caprylyl glycol, citric acid, glucuronic acid, isohexadecane, propanediol.<\/p>\n<p><strong>Conditionnement :<\/strong><\/p>\n<p>1 tube de 15g.<\/p>\n","protected":false},"excerpt":{"rendered":"<p><strong>SVR Cicavit DM+ Cicatrices 15 g<\/strong> est un dispositif m\u00e9dical indiqu\u00e9 pour le traitement des cicatrices.<\/p>\n","protected":false},"featured_media":885,"comment_status":"open","ping_status":"closed","template":"","meta":{"ocean_post_layout":"","ocean_both_sidebars_style":"","ocean_both_sidebars_content_width":0,"ocean_both_sidebars_sidebars_width":0,"ocean_sidebar":"0","ocean_second_sidebar":"0","ocean_disable_margins":"enable","ocean_add_body_class":"","ocean_shortcode_before_top_bar":"","ocean_shortcode_after_top_bar":"","ocean_shortcode_before_header":"","ocean_shortcode_after_header":"","ocean_has_shortcode":"","ocean_shortcode_after_title":"","ocean_shortcode_before_footer_widgets":"","ocean_shortcode_after_footer_widgets":"","ocean_shortcode_before_footer_bottom":"","ocean_shortcode_after_footer_bottom":"","ocean_display_top_bar":"default","ocean_display_header":"default","ocean_header_style":"","ocean_center_header_left_menu":"0","ocean_custom_header_template":"0","ocean_custom_logo":0,"ocean_custom_retina_logo":0,"ocean_custom_logo_max_width":0,"ocean_custom_logo_tablet_max_width":0,"ocean_custom_logo_mobile_max_width":0,"ocean_custom_logo_max_height":0,"ocean_custom_logo_tablet_max_height":0,"ocean_custom_logo_mobile_max_height":0,"ocean_header_custom_menu":"0","ocean_menu_typo_font_family":"0","ocean_menu_typo_font_subset":"","ocean_menu_typo_font_size":0,"ocean_menu_typo_font_size_tablet":0,"ocean_menu_typo_font_size_mobile":0,"ocean_menu_typo_font_size_unit":"px","ocean_menu_typo_font_weight":"","ocean_menu_typo_font_weight_tablet":"","ocean_menu_typo_font_weight_mobile":"","ocean_menu_typo_transform":"","ocean_menu_typo_transform_tablet":"","ocean_menu_typo_transform_mobile":"","ocean_menu_typo_line_height":0,"ocean_menu_typo_line_height_tablet":0,"ocean_menu_typo_line_height_mobile":0,"ocean_menu_typo_line_height_unit":"","ocean_menu_typo_spacing":0,"ocean_menu_typo_spacing_tablet":0,"ocean_menu_typo_spacing_mobile":0,"ocean_menu_typo_spacing_unit":"","ocean_menu_link_color":"","ocean_menu_link_color_hover":"","ocean_menu_link_color_active":"","ocean_menu_link_background":"","ocean_menu_link_hover_background":"","ocean_menu_link_active_background":"","ocean_menu_social_links_bg":"","ocean_menu_social_hover_links_bg":"","ocean_menu_social_links_color":"","ocean_menu_social_hover_links_color":"","ocean_disable_title":"default","ocean_disable_heading":"default","ocean_post_title":"","ocean_post_subheading":"","ocean_post_title_style":"","ocean_post_title_background_color":"","ocean_post_title_background":0,"ocean_post_title_bg_image_position":"","ocean_post_title_bg_image_attachment":"","ocean_post_title_bg_image_repeat":"","ocean_post_title_bg_image_size":"","ocean_post_title_height":0,"ocean_post_title_bg_overlay":0.5,"ocean_post_title_bg_overlay_color":"","ocean_disable_breadcrumbs":"default","ocean_breadcrumbs_color":"","ocean_breadcrumbs_separator_color":"","ocean_breadcrumbs_links_color":"","ocean_breadcrumbs_links_hover_color":"","ocean_display_footer_widgets":"default","ocean_display_footer_bottom":"default","ocean_custom_footer_template":"0"},"product_brand":[],"product_cat":[22,21],"product_tag":[],"class_list":{"0":"post-884","1":"product","2":"type-product","3":"status-publish","4":"has-post-thumbnail","6":"product_cat-corps","7":"product_cat-visage","9":"entry","10":"has-media","12":"first","13":"instock","14":"taxable","15":"shipping-taxable","16":"purchasable","17":"product-type-simple","18":"has-product-nav","19":"col","20":"span_1_of_3","21":"owp-content-center","22":"owp-thumbs-layout-horizontal","23":"owp-btn-normal","24":"owp-tabs-layout-horizontal"},"_links":{"self":[{"href":"https:\/\/ellypara.com\/index.php\/wp-json\/wp\/v2\/product\/884","targetHints":{"allow":["GET"]}}],"collection":[{"href":"https:\/\/ellypara.com\/index.php\/wp-json\/wp\/v2\/product"}],"about":[{"href":"https:\/\/ellypara.com\/index.php\/wp-json\/wp\/v2\/types\/product"}],"replies":[{"embeddable":true,"href":"https:\/\/ellypara.com\/index.php\/wp-json\/wp\/v2\/comments?post=884"}],"wp:featuredmedia":[{"embeddable":true,"href":"https:\/\/ellypara.com\/index.php\/wp-json\/wp\/v2\/media\/885"}],"wp:attachment":[{"href":"https:\/\/ellypara.com\/index.php\/wp-json\/wp\/v2\/media?parent=884"}],"wp:term":[{"taxonomy":"product_brand","embeddable":true,"href":"https:\/\/ellypara.com\/index.php\/wp-json\/wp\/v2\/product_brand?post=884"},{"taxonomy":"product_cat","embeddable":true,"href":"https:\/\/ellypara.com\/index.php\/wp-json\/wp\/v2\/product_cat?post=884"},{"taxonomy":"product_tag","embeddable":true,"href":"https:\/\/ellypara.com\/index.php\/wp-json\/wp\/v2\/product_tag?post=884"}],"curies":[{"name":"wp","href":"https:\/\/api.w.org\/{rel}","templated":true}]}}