{"id":889,"date":"2025-03-19T13:33:16","date_gmt":"2025-03-19T12:33:16","guid":{"rendered":"https:\/\/ellypara.com\/?post_type=product&#038;p=889"},"modified":"2025-03-19T13:36:09","modified_gmt":"2025-03-19T12:36:09","slug":"svr-cicavit-gel-moussant-200ml","status":"publish","type":"product","link":"https:\/\/ellypara.com\/index.php\/produit\/svr-cicavit-gel-moussant-200ml\/","title":{"rendered":"SVR CICAVIT GEL MOUSSANT 200ML"},"content":{"rendered":"<p><strong>CICAVIT+ Gel Moussant Assainissant Apaisant Ultra Doux Peaux Sensibles, 200ml<\/strong><\/p>\n<p>SVR Cicavit+ Gel Moussant 200ml\u00a0nettoie, assainit et apaise les peaux irrit\u00e9es et fragilis\u00e9es de toute la famille. Il permet d\u2019assainir et favorise une r\u00e9paration plus rapide et plus belle.<\/p>\n<p>Le nouveau Gel Moussant CICAVIT+ Assainissant Apaisant Ultra-doux permet de nettoyer les zones cutan\u00e9es irrit\u00e9es tout en respectant l\u2019\u00e9quilibre du microbiote cutan\u00e9 et le film hydrolipidique de la peau.<\/p>\n<p>Il est formul\u00e9 avec des tensioactifs ultra-doux et enrichi en agents hydratants dermo-protecteurs. Ils forment une mousse onctueuse qui \u00e9limine les impuret\u00e9s tout en r\u00e9duisant irritations et dess\u00e8chement.<\/p>\n<p>La peau est parfaitement nettoy\u00e9e sans \u00eatre agress\u00e9e et son hydratation pr\u00e9serv\u00e9e.<\/p>\n<p>A pH physiologique, sa formule ne pique pas les yeux. Elle assainit, apaise la peau irrit\u00e9e tout en respectant l\u2019\u00e9quilibre du microbiote cutan\u00e9 et le film hydrolipidique.<\/p>\n<p>Son plus ? Con\u00e7ue pour les peaux irrit\u00e9es de toute la famille, sa formule est \u00e0 89% d\u2019origine naturelle dans un flacon pratique et \u00e9co-responsable avec 25% de mati\u00e8re recycl\u00e9e et 100% recyclable.<\/p>\n<p>UN GEL MOUSSANT QUI FAIT L\u2019UNANIMITE AUPRES DES PEAUX FRAGILISEES :<\/p>\n<ul>\n<li>100% : Apaise les irritations et les sensations de grattage*<\/li>\n<li>100% : Nettoie en douceur les zones* irrit\u00e9es, fragilis\u00e9es, abim\u00e9es (y compris b\u00e9b\u00e9 et enfant)<\/li>\n<li>100% : La peau est assainie*<\/li>\n<\/ul>\n<p>*TEST D\u2019USAGE SUR 21 VOLONTAIRES TOUS LES JOURS PENDANT 21 JOURS.<\/p>\n<p><strong>Indications :<\/strong><\/p>\n<p>Pour nettoyer visage, corps, cheveux, zones intimes, et plis cutan\u00e9s.<\/p>\n<p>Convient pour les peaux irrit\u00e9es et fragilis\u00e9es.<\/p>\n<p>Convient aux b\u00e9b\u00e9s, enfants, et adultes.<\/p>\n<p>Test\u00e9 sous contr\u00f4le dermatologique, p\u00e9diatrique, gyn\u00e9cologique et ophtalmologique.<\/p>\n<p><strong>Conseils d\u2019utilisation :<\/strong><\/p>\n<p>Usage quotidien : Appliquer sur une peau mouill\u00e9e, faire mousser puis rincer et s\u00e9cher d\u00e9licatement sans frotter.<\/p>\n<p>Ne pique pas les yeux.<\/p>\n<p><strong>Composition :<\/strong><\/p>\n<p>Aqua\/water\/eau, sodium C14-16 olefin sulfonate, coco-glucoside, coco-betaine, glycerin, propanediol, citric acid, sodium benzoate, alpha-glucan oligosaccharide, potassium sorbate, sodium phytate, saccharide isomerate, rhamnose, glucose, glucuronic acid, sodium citrate, disodium acetyl glucosamine phosphate, caffeyl glucoside.<\/p>\n<p><strong>Conditionnement :<\/strong><\/p>\n<p>1 flacon pompe de 200ml.<\/p>\n","protected":false},"excerpt":{"rendered":"<p><strong>SVR Cicavit+ Gel Moussant Assainissant Apaisant 200 ml<\/strong> est un gel moussant visage, corps et cheveux ultra doux.<\/p>\n","protected":false},"featured_media":890,"comment_status":"open","ping_status":"closed","template":"","meta":{"ocean_post_layout":"","ocean_both_sidebars_style":"","ocean_both_sidebars_content_width":0,"ocean_both_sidebars_sidebars_width":0,"ocean_sidebar":"0","ocean_second_sidebar":"0","ocean_disable_margins":"enable","ocean_add_body_class":"","ocean_shortcode_before_top_bar":"","ocean_shortcode_after_top_bar":"","ocean_shortcode_before_header":"","ocean_shortcode_after_header":"","ocean_has_shortcode":"","ocean_shortcode_after_title":"","ocean_shortcode_before_footer_widgets":"","ocean_shortcode_after_footer_widgets":"","ocean_shortcode_before_footer_bottom":"","ocean_shortcode_after_footer_bottom":"","ocean_display_top_bar":"default","ocean_display_header":"default","ocean_header_style":"","ocean_center_header_left_menu":"0","ocean_custom_header_template":"0","ocean_custom_logo":0,"ocean_custom_retina_logo":0,"ocean_custom_logo_max_width":0,"ocean_custom_logo_tablet_max_width":0,"ocean_custom_logo_mobile_max_width":0,"ocean_custom_logo_max_height":0,"ocean_custom_logo_tablet_max_height":0,"ocean_custom_logo_mobile_max_height":0,"ocean_header_custom_menu":"0","ocean_menu_typo_font_family":"0","ocean_menu_typo_font_subset":"","ocean_menu_typo_font_size":0,"ocean_menu_typo_font_size_tablet":0,"ocean_menu_typo_font_size_mobile":0,"ocean_menu_typo_font_size_unit":"px","ocean_menu_typo_font_weight":"","ocean_menu_typo_font_weight_tablet":"","ocean_menu_typo_font_weight_mobile":"","ocean_menu_typo_transform":"","ocean_menu_typo_transform_tablet":"","ocean_menu_typo_transform_mobile":"","ocean_menu_typo_line_height":0,"ocean_menu_typo_line_height_tablet":0,"ocean_menu_typo_line_height_mobile":0,"ocean_menu_typo_line_height_unit":"","ocean_menu_typo_spacing":0,"ocean_menu_typo_spacing_tablet":0,"ocean_menu_typo_spacing_mobile":0,"ocean_menu_typo_spacing_unit":"","ocean_menu_link_color":"","ocean_menu_link_color_hover":"","ocean_menu_link_color_active":"","ocean_menu_link_background":"","ocean_menu_link_hover_background":"","ocean_menu_link_active_background":"","ocean_menu_social_links_bg":"","ocean_menu_social_hover_links_bg":"","ocean_menu_social_links_color":"","ocean_menu_social_hover_links_color":"","ocean_disable_title":"default","ocean_disable_heading":"default","ocean_post_title":"","ocean_post_subheading":"","ocean_post_title_style":"","ocean_post_title_background_color":"","ocean_post_title_background":0,"ocean_post_title_bg_image_position":"","ocean_post_title_bg_image_attachment":"","ocean_post_title_bg_image_repeat":"","ocean_post_title_bg_image_size":"","ocean_post_title_height":0,"ocean_post_title_bg_overlay":0.5,"ocean_post_title_bg_overlay_color":"","ocean_disable_breadcrumbs":"default","ocean_breadcrumbs_color":"","ocean_breadcrumbs_separator_color":"","ocean_breadcrumbs_links_color":"","ocean_breadcrumbs_links_hover_color":"","ocean_display_footer_widgets":"default","ocean_display_footer_bottom":"default","ocean_custom_footer_template":"0"},"product_brand":[],"product_cat":[22,41,21],"product_tag":[],"class_list":{"0":"post-889","1":"product","2":"type-product","3":"status-publish","4":"has-post-thumbnail","6":"product_cat-corps","7":"product_cat-nettoyants-visage","8":"product_cat-visage","10":"entry","11":"has-media","13":"first","14":"instock","15":"taxable","16":"shipping-taxable","17":"purchasable","18":"product-type-simple","19":"has-product-nav","20":"col","21":"span_1_of_3","22":"owp-content-center","23":"owp-thumbs-layout-horizontal","24":"owp-btn-normal","25":"owp-tabs-layout-horizontal"},"_links":{"self":[{"href":"https:\/\/ellypara.com\/index.php\/wp-json\/wp\/v2\/product\/889","targetHints":{"allow":["GET"]}}],"collection":[{"href":"https:\/\/ellypara.com\/index.php\/wp-json\/wp\/v2\/product"}],"about":[{"href":"https:\/\/ellypara.com\/index.php\/wp-json\/wp\/v2\/types\/product"}],"replies":[{"embeddable":true,"href":"https:\/\/ellypara.com\/index.php\/wp-json\/wp\/v2\/comments?post=889"}],"wp:featuredmedia":[{"embeddable":true,"href":"https:\/\/ellypara.com\/index.php\/wp-json\/wp\/v2\/media\/890"}],"wp:attachment":[{"href":"https:\/\/ellypara.com\/index.php\/wp-json\/wp\/v2\/media?parent=889"}],"wp:term":[{"taxonomy":"product_brand","embeddable":true,"href":"https:\/\/ellypara.com\/index.php\/wp-json\/wp\/v2\/product_brand?post=889"},{"taxonomy":"product_cat","embeddable":true,"href":"https:\/\/ellypara.com\/index.php\/wp-json\/wp\/v2\/product_cat?post=889"},{"taxonomy":"product_tag","embeddable":true,"href":"https:\/\/ellypara.com\/index.php\/wp-json\/wp\/v2\/product_tag?post=889"}],"curies":[{"name":"wp","href":"https:\/\/api.w.org\/{rel}","templated":true}]}}