{"id":896,"date":"2025-03-19T13:47:53","date_gmt":"2025-03-19T12:47:53","guid":{"rendered":"https:\/\/ellypara.com\/?post_type=product&#038;p=896"},"modified":"2025-03-19T13:49:48","modified_gmt":"2025-03-19T12:49:48","slug":"svr-cicavit-levres-baume-protecteur-reparation-acceleree-10g-2","status":"publish","type":"product","link":"https:\/\/ellypara.com\/index.php\/produit\/svr-cicavit-levres-baume-protecteur-reparation-acceleree-10g-2\/","title":{"rendered":"SVR Cicavit+ L\u00e8vres Baume Protecteur R\u00e9paration Acc\u00e9l\u00e9r\u00e9e 10g"},"content":{"rendered":"<p><strong>SVR Cicavit+ L\u00e8vres Baume Protecteur R\u00e9paration Acc\u00e9l\u00e9r\u00e9e 10 g<\/strong>\u00a0est un soin indiqu\u00e9 pour les l\u00e8vres s\u00e9v\u00e8rement dess\u00e9ch\u00e9es, gerc\u00e9es, ab\u00eem\u00e9es.<\/p>\n<p>Ce baume est concentr\u00e9 en actif r\u00e9parateur et beurre v\u00e9g\u00e9tal pour apaiser et r\u00e9parer les l\u00e8vres durablement. Sa texture barri\u00e8re d\u00e9pose un film protecteur isolant contre les agressions ext\u00e9rieures.<br \/>\nLes l\u00e8vres sont r\u00e9par\u00e9es, nourries et confortables.<\/p>\n<p>99% des ingr\u00e9dients sont d\u2019origine naturelle.<br \/>\nTest\u00e9 sous contr\u00f4le dermatologique. Hypoallerg\u00e9nique.<br \/>\nSans parfum.<\/p>\n<p>Fabriqu\u00e9 en France.<\/p>\n<p><strong>CONSEIL D\u2019UTILISATION<\/strong><\/p>\n<p>Appliquer sur les l\u00e8vres aussi souvent que n\u00e9cessaire.<\/p>\n<p>Ne pas appliquer sur des l\u00e8vres suintantes.<\/p>\n<p>Indication : Soin hydratant pour l\u00e8vres. Pour b\u00e9b\u00e9s, enfants, adultes.<\/p>\n<p><strong>COMPOSITION<\/strong><\/p>\n<p>Ricinus Communis (Castor) Seed Oil, Prunus Amydgalus Dulcis (Sweet Almond) Oil, Cocos Nucifera (Coconut) Oil, Butyrospermum Parkii (Shea) Butter, Hydrogenated Castor Oil, Oleic\/Linoleic\/Linolenic Polyglycerides, Glycerin, Cera Alba\/Beeswax\/Cire d\u2019abeille, Helianthus Annuus (Sunflower) Seed Oil, Aqua\/Water\/Eau, Hydrogenated Vegetable Oil, Alpha-Glucan Oligosaccharide, Propanediol, Tocopheryl Acetate, Disodium Acetyl, Glucosamine Phosphate, Caffeyl Glucoside, Rhamnose, Glucose, Glucuronic Acid, Citric Acid.<\/p>\n","protected":false},"excerpt":{"rendered":"<p>SVR Cicavit+ L\u00e8vres Baume Protecteur 10 g est un soin indiqu\u00e9 pour les l\u00e8vres s\u00e9v\u00e8rement dess\u00e9ch\u00e9es, gerc\u00e9es, ab\u00eem\u00e9es.<\/p>\n","protected":false},"featured_media":897,"comment_status":"open","ping_status":"closed","template":"","meta":{"ocean_post_layout":"","ocean_both_sidebars_style":"","ocean_both_sidebars_content_width":0,"ocean_both_sidebars_sidebars_width":0,"ocean_sidebar":"0","ocean_second_sidebar":"0","ocean_disable_margins":"enable","ocean_add_body_class":"","ocean_shortcode_before_top_bar":"","ocean_shortcode_after_top_bar":"","ocean_shortcode_before_header":"","ocean_shortcode_after_header":"","ocean_has_shortcode":"","ocean_shortcode_after_title":"","ocean_shortcode_before_footer_widgets":"","ocean_shortcode_after_footer_widgets":"","ocean_shortcode_before_footer_bottom":"","ocean_shortcode_after_footer_bottom":"","ocean_display_top_bar":"default","ocean_display_header":"default","ocean_header_style":"","ocean_center_header_left_menu":"0","ocean_custom_header_template":"0","ocean_custom_logo":0,"ocean_custom_retina_logo":0,"ocean_custom_logo_max_width":0,"ocean_custom_logo_tablet_max_width":0,"ocean_custom_logo_mobile_max_width":0,"ocean_custom_logo_max_height":0,"ocean_custom_logo_tablet_max_height":0,"ocean_custom_logo_mobile_max_height":0,"ocean_header_custom_menu":"0","ocean_menu_typo_font_family":"0","ocean_menu_typo_font_subset":"","ocean_menu_typo_font_size":0,"ocean_menu_typo_font_size_tablet":0,"ocean_menu_typo_font_size_mobile":0,"ocean_menu_typo_font_size_unit":"px","ocean_menu_typo_font_weight":"","ocean_menu_typo_font_weight_tablet":"","ocean_menu_typo_font_weight_mobile":"","ocean_menu_typo_transform":"","ocean_menu_typo_transform_tablet":"","ocean_menu_typo_transform_mobile":"","ocean_menu_typo_line_height":0,"ocean_menu_typo_line_height_tablet":0,"ocean_menu_typo_line_height_mobile":0,"ocean_menu_typo_line_height_unit":"","ocean_menu_typo_spacing":0,"ocean_menu_typo_spacing_tablet":0,"ocean_menu_typo_spacing_mobile":0,"ocean_menu_typo_spacing_unit":"","ocean_menu_link_color":"","ocean_menu_link_color_hover":"","ocean_menu_link_color_active":"","ocean_menu_link_background":"","ocean_menu_link_hover_background":"","ocean_menu_link_active_background":"","ocean_menu_social_links_bg":"","ocean_menu_social_hover_links_bg":"","ocean_menu_social_links_color":"","ocean_menu_social_hover_links_color":"","ocean_disable_title":"default","ocean_disable_heading":"default","ocean_post_title":"","ocean_post_subheading":"","ocean_post_title_style":"","ocean_post_title_background_color":"","ocean_post_title_background":0,"ocean_post_title_bg_image_position":"","ocean_post_title_bg_image_attachment":"","ocean_post_title_bg_image_repeat":"","ocean_post_title_bg_image_size":"","ocean_post_title_height":0,"ocean_post_title_bg_overlay":0.5,"ocean_post_title_bg_overlay_color":"","ocean_disable_breadcrumbs":"default","ocean_breadcrumbs_color":"","ocean_breadcrumbs_separator_color":"","ocean_breadcrumbs_links_color":"","ocean_breadcrumbs_links_hover_color":"","ocean_display_footer_widgets":"default","ocean_display_footer_bottom":"default","ocean_custom_footer_template":"0"},"product_brand":[],"product_cat":[111,21],"product_tag":[],"class_list":{"0":"post-896","1":"product","2":"type-product","3":"status-publish","4":"has-post-thumbnail","6":"product_cat-sticks-baumes-levres-et-reparateurs","7":"product_cat-visage","9":"entry","10":"has-media","12":"first","13":"instock","14":"taxable","15":"shipping-taxable","16":"purchasable","17":"product-type-simple","18":"has-product-nav","19":"col","20":"span_1_of_3","21":"owp-content-center","22":"owp-thumbs-layout-horizontal","23":"owp-btn-normal","24":"owp-tabs-layout-horizontal"},"_links":{"self":[{"href":"https:\/\/ellypara.com\/index.php\/wp-json\/wp\/v2\/product\/896","targetHints":{"allow":["GET"]}}],"collection":[{"href":"https:\/\/ellypara.com\/index.php\/wp-json\/wp\/v2\/product"}],"about":[{"href":"https:\/\/ellypara.com\/index.php\/wp-json\/wp\/v2\/types\/product"}],"replies":[{"embeddable":true,"href":"https:\/\/ellypara.com\/index.php\/wp-json\/wp\/v2\/comments?post=896"}],"wp:featuredmedia":[{"embeddable":true,"href":"https:\/\/ellypara.com\/index.php\/wp-json\/wp\/v2\/media\/897"}],"wp:attachment":[{"href":"https:\/\/ellypara.com\/index.php\/wp-json\/wp\/v2\/media?parent=896"}],"wp:term":[{"taxonomy":"product_brand","embeddable":true,"href":"https:\/\/ellypara.com\/index.php\/wp-json\/wp\/v2\/product_brand?post=896"},{"taxonomy":"product_cat","embeddable":true,"href":"https:\/\/ellypara.com\/index.php\/wp-json\/wp\/v2\/product_cat?post=896"},{"taxonomy":"product_tag","embeddable":true,"href":"https:\/\/ellypara.com\/index.php\/wp-json\/wp\/v2\/product_tag?post=896"}],"curies":[{"name":"wp","href":"https:\/\/api.w.org\/{rel}","templated":true}]}}