{"id":900,"date":"2025-03-19T14:05:17","date_gmt":"2025-03-19T13:05:17","guid":{"rendered":"https:\/\/ellypara.com\/?post_type=product&#038;p=900"},"modified":"2025-03-19T14:05:18","modified_gmt":"2025-03-19T13:05:18","slug":"svr-cicavit-cr-apaisante-100ml","status":"publish","type":"product","link":"https:\/\/ellypara.com\/index.php\/produit\/svr-cicavit-cr-apaisante-100ml\/","title":{"rendered":"SVR CICAVIT+ CR APAISANTE 100ML"},"content":{"rendered":"<p><strong>Cicavit+ Cr\u00e8me Apaisante 100ml<\/strong>, une cr\u00e8me de soins SOS tout en un. Elle permet de r\u00e9parer les bobos du quotidiens tout en soulageant et r\u00e9\u00e9quilibrant les peaux ab\u00eem\u00e9es et irrit\u00e9es pour toute la famille.<\/p>\n<p>Gr\u00e2ce \u00e0 sa formule innovante, association unique d\u2019actifs r\u00e9parateurs et apaisants \u00e0 la plus haute concentration (43%) elle offre :<\/p>\n<p>Actif r\u00e9parateur qui stimule le remodelage de la peau :<\/p>\n<p>Acc\u00e9l\u00e8re la r\u00e9paration cutan\u00e9e<br \/>\nApaisant &amp; anti-marques<br \/>\nActif antibact\u00e9rien s\u00e9lectif : Forme un film protecteur et emp\u00eache l\u2019adh\u00e9sion des bact\u00e9ries pathog\u00e8nes \u00e0 la surface de la peau.<br \/>\nElle r\u00e9duit rougeurs et \u00e9chauffements.<br \/>\nUn sucre pr\u00e9biotique qui agit sur le microbiome : Restaure l\u2019\u00e9quilibre de la flore cutan\u00e9e : permet d\u2019optimiser le temps et la qualit\u00e9 de r\u00e9paration de la peau.<\/p>\n<p>Hypoallerg\u00e9nique. Test\u00e9 sous contr\u00f4le dermatologique, p\u00e9diatrique et gyn\u00e9cologique.<\/p>\n<p><strong>Indications :<\/strong><\/p>\n<p>Visage et corps. B\u00e9b\u00e9, enfant, adulte.<\/p>\n<p><strong>Conseils d\u2019utilisation :<\/strong><\/p>\n<p>Appliquer sur les zones concern\u00e9es propres et s\u00e8ches 2 fois par jour, jusqu\u2019\u00e0 r\u00e9paration compl\u00e8te.<\/p>\n<p><strong>Composition :<\/strong><\/p>\n<p>Aqua (purified water), hydrogenated polyisobutene, butyrospermum parkii (shea) butter, glycerin, dimethiconol behenate, orbignya, oleifera seed oil, propanediol, ethylhexyl stearate, dimethicone, peg-30 dipolyhydroxystearate, alpha-glucan oligosaccharide, cafeyl glucoside, disodium acetyl glucosamine phosphate, glucose, rhamnose, tocopherol, 1-2 hexanediol, caprylyl glycol, citric acid, glucuronic acid, magn\u00e9sium sulfate, pentylene glycol, sodium hydroxide, xanthan gum, p-anisic acid.<\/p>\n<p><strong>Conditionnement :<\/strong><\/p>\n<p>1 tube de 100ml.<\/p>\n","protected":false},"excerpt":{"rendered":"<p><strong>SVR Cicavit+ Cr\u00e8me Apaisante R\u00e9paration Acc\u00e9l\u00e9r\u00e9e Anti-Marques 100 ml<\/strong> est un soin con\u00e7u pour apaiser et assainir les peaux irrit\u00e9es suite \u00e0 des alt\u00e9rations cutan\u00e9es superficielles. Il convient \u00e0 toute la famille, pour visage, corps et muqueuses externes.<\/p>\n","protected":false},"featured_media":901,"comment_status":"open","ping_status":"closed","template":"","meta":{"ocean_post_layout":"","ocean_both_sidebars_style":"","ocean_both_sidebars_content_width":0,"ocean_both_sidebars_sidebars_width":0,"ocean_sidebar":"0","ocean_second_sidebar":"0","ocean_disable_margins":"enable","ocean_add_body_class":"","ocean_shortcode_before_top_bar":"","ocean_shortcode_after_top_bar":"","ocean_shortcode_before_header":"","ocean_shortcode_after_header":"","ocean_has_shortcode":"","ocean_shortcode_after_title":"","ocean_shortcode_before_footer_widgets":"","ocean_shortcode_after_footer_widgets":"","ocean_shortcode_before_footer_bottom":"","ocean_shortcode_after_footer_bottom":"","ocean_display_top_bar":"default","ocean_display_header":"default","ocean_header_style":"","ocean_center_header_left_menu":"0","ocean_custom_header_template":"0","ocean_custom_logo":0,"ocean_custom_retina_logo":0,"ocean_custom_logo_max_width":0,"ocean_custom_logo_tablet_max_width":0,"ocean_custom_logo_mobile_max_width":0,"ocean_custom_logo_max_height":0,"ocean_custom_logo_tablet_max_height":0,"ocean_custom_logo_mobile_max_height":0,"ocean_header_custom_menu":"0","ocean_menu_typo_font_family":"0","ocean_menu_typo_font_subset":"","ocean_menu_typo_font_size":0,"ocean_menu_typo_font_size_tablet":0,"ocean_menu_typo_font_size_mobile":0,"ocean_menu_typo_font_size_unit":"px","ocean_menu_typo_font_weight":"","ocean_menu_typo_font_weight_tablet":"","ocean_menu_typo_font_weight_mobile":"","ocean_menu_typo_transform":"","ocean_menu_typo_transform_tablet":"","ocean_menu_typo_transform_mobile":"","ocean_menu_typo_line_height":0,"ocean_menu_typo_line_height_tablet":0,"ocean_menu_typo_line_height_mobile":0,"ocean_menu_typo_line_height_unit":"","ocean_menu_typo_spacing":0,"ocean_menu_typo_spacing_tablet":0,"ocean_menu_typo_spacing_mobile":0,"ocean_menu_typo_spacing_unit":"","ocean_menu_link_color":"","ocean_menu_link_color_hover":"","ocean_menu_link_color_active":"","ocean_menu_link_background":"","ocean_menu_link_hover_background":"","ocean_menu_link_active_background":"","ocean_menu_social_links_bg":"","ocean_menu_social_hover_links_bg":"","ocean_menu_social_links_color":"","ocean_menu_social_hover_links_color":"","ocean_disable_title":"default","ocean_disable_heading":"default","ocean_post_title":"","ocean_post_subheading":"","ocean_post_title_style":"","ocean_post_title_background_color":"","ocean_post_title_background":0,"ocean_post_title_bg_image_position":"","ocean_post_title_bg_image_attachment":"","ocean_post_title_bg_image_repeat":"","ocean_post_title_bg_image_size":"","ocean_post_title_height":0,"ocean_post_title_bg_overlay":0.5,"ocean_post_title_bg_overlay_color":"","ocean_disable_breadcrumbs":"default","ocean_breadcrumbs_color":"","ocean_breadcrumbs_separator_color":"","ocean_breadcrumbs_links_color":"","ocean_breadcrumbs_links_hover_color":"","ocean_display_footer_widgets":"default","ocean_display_footer_bottom":"default","ocean_custom_footer_template":"0"},"product_brand":[],"product_cat":[43,21],"product_tag":[],"class_list":{"0":"post-900","1":"product","2":"type-product","3":"status-publish","4":"has-post-thumbnail","6":"product_cat-soins-anti-rougeurs-et-peau-sensible","7":"product_cat-visage","9":"entry","10":"has-media","12":"first","13":"instock","14":"sale","15":"taxable","16":"shipping-taxable","17":"purchasable","18":"product-type-simple","19":"has-product-nav","20":"col","21":"span_1_of_3","22":"owp-content-center","23":"owp-thumbs-layout-horizontal","24":"owp-btn-normal","25":"owp-tabs-layout-horizontal"},"_links":{"self":[{"href":"https:\/\/ellypara.com\/index.php\/wp-json\/wp\/v2\/product\/900","targetHints":{"allow":["GET"]}}],"collection":[{"href":"https:\/\/ellypara.com\/index.php\/wp-json\/wp\/v2\/product"}],"about":[{"href":"https:\/\/ellypara.com\/index.php\/wp-json\/wp\/v2\/types\/product"}],"replies":[{"embeddable":true,"href":"https:\/\/ellypara.com\/index.php\/wp-json\/wp\/v2\/comments?post=900"}],"wp:featuredmedia":[{"embeddable":true,"href":"https:\/\/ellypara.com\/index.php\/wp-json\/wp\/v2\/media\/901"}],"wp:attachment":[{"href":"https:\/\/ellypara.com\/index.php\/wp-json\/wp\/v2\/media?parent=900"}],"wp:term":[{"taxonomy":"product_brand","embeddable":true,"href":"https:\/\/ellypara.com\/index.php\/wp-json\/wp\/v2\/product_brand?post=900"},{"taxonomy":"product_cat","embeddable":true,"href":"https:\/\/ellypara.com\/index.php\/wp-json\/wp\/v2\/product_cat?post=900"},{"taxonomy":"product_tag","embeddable":true,"href":"https:\/\/ellypara.com\/index.php\/wp-json\/wp\/v2\/product_tag?post=900"}],"curies":[{"name":"wp","href":"https:\/\/api.w.org\/{rel}","templated":true}]}}