{"id":910,"date":"2025-03-19T14:42:48","date_gmt":"2025-03-19T13:42:48","guid":{"rendered":"https:\/\/ellypara.com\/?post_type=product&#038;p=910"},"modified":"2025-03-19T14:42:49","modified_gmt":"2025-03-19T13:42:49","slug":"svr-cicavit-cr-mains-75g","status":"publish","type":"product","link":"https:\/\/ellypara.com\/index.php\/produit\/svr-cicavit-cr-mains-75g\/","title":{"rendered":"SVR CICAVIT+ CR MAINS 75G"},"content":{"rendered":"<p><strong>SVR Cicavit+ Cr\u00e9me Mains Protectrice et R\u00e9paratrice 75ml<\/strong>\u00a0\u00e0 la texture fondante est un soin r\u00e9parateur SOS bobos quotidiens qui soulage et r\u00e9\u00e9quilibre les peaux ab\u00eem\u00e9es et irrit\u00e9es de toute la famille.<\/p>\n<p>Elle nourrit, r\u00e9pare intens\u00e9ment et cr\u00e9e une protection invisible durant 8h. Les mains ab\u00eem\u00e9es et sur-sollicit\u00e9es sont durablement prot\u00e9g\u00e9es contre toutes les agressions ext\u00e9rieures : frottements, lavages et expositions aux produits chimiques. Sa texture onctueuse permet de reprendre ses activit\u00e9s imm\u00e9diatement apr\u00e8s application.<\/p>\n<p>Le c\u0153ur de formule Cicavit+ associ\u00e9 \u00e0 un complexe d\u2019actifs v\u00e9g\u00e9taux, r\u00e9pare, prot\u00e8ge et la renforce de la barri\u00e8re cutan\u00e9e des mains sur-sollicit\u00e9es.<\/p>\n<p>Concentration en actifs r\u00e9parateurs &amp; apaisants pour une efficacit\u00e9 optimale :<\/p>\n<p>Actifs r\u00e9parateurs pour stimuler le remodelage de la peau :<br \/>\nApaise et r\u00e9pare la peau 7 fois\u00a0 plus rapidement.<br \/>\nEtude ex-vivo sur l\u2019actif r\u00e9parateur vs. peau non trait\u00e9e.<\/p>\n<p>Polysaccharide riche en rhamnose :<br \/>\nForme un film protecteur et emp\u00eache l\u2019adh\u00e9sion des bact\u00e9ries pathog\u00e8nes \u00e0 la surface de la peau.<br \/>\nUn sucre pr\u00e9biotique :<br \/>\nRestaure l\u2019\u00e9quilibre de la flore cutan\u00e9e : permet d\u2019optimiser le temps et la qualit\u00e9 de r\u00e9paration de la peau.<br \/>\nHuile et beurre v\u00e9g\u00e9taux :<br \/>\n\u2013 Effet seconde peau, filmog\u00e8ne et r\u00e9sistant<br \/>\n\u2013 Forme un bouclier ultraconfortable contre les agressions ext\u00e9rieures<br \/>\n\u2013 Nourrit intens\u00e9ment<br \/>\n\u2013 Emp\u00eache le dess\u00e9chement en renfor\u00e7ant la barri\u00e8re cutan\u00e9e.<\/p>\n<p>Et pour les mains et les pieds crevass\u00e9s, pensez \u00e0 la\u00a0cr\u00e8me r\u00e9paratrice et protectrice X\u00e9rial Fissures et Crevasses SVR.<\/p>\n<p><strong>Indications :<\/strong><\/p>\n<p>Peau irrit\u00e9e, ab\u00eem\u00e9e, fragilis\u00e9e.<\/p>\n<p>Visage et corps.<\/p>\n<p>B\u00e9b\u00e9, enfant, adulte.<\/p>\n","protected":false},"excerpt":{"rendered":"<p><strong>SVR Cicavit+ Cr\u00e8me Mains 75 g<\/strong> est un soin qui nourrit, r\u00e9pare intens\u00e9ment et cr\u00e9e une protection invisible durant 8h.<\/p>\n","protected":false},"featured_media":911,"comment_status":"open","ping_status":"closed","template":"","meta":{"ocean_post_layout":"","ocean_both_sidebars_style":"","ocean_both_sidebars_content_width":0,"ocean_both_sidebars_sidebars_width":0,"ocean_sidebar":"0","ocean_second_sidebar":"0","ocean_disable_margins":"enable","ocean_add_body_class":"","ocean_shortcode_before_top_bar":"","ocean_shortcode_after_top_bar":"","ocean_shortcode_before_header":"","ocean_shortcode_after_header":"","ocean_has_shortcode":"","ocean_shortcode_after_title":"","ocean_shortcode_before_footer_widgets":"","ocean_shortcode_after_footer_widgets":"","ocean_shortcode_before_footer_bottom":"","ocean_shortcode_after_footer_bottom":"","ocean_display_top_bar":"default","ocean_display_header":"default","ocean_header_style":"","ocean_center_header_left_menu":"0","ocean_custom_header_template":"0","ocean_custom_logo":0,"ocean_custom_retina_logo":0,"ocean_custom_logo_max_width":0,"ocean_custom_logo_tablet_max_width":0,"ocean_custom_logo_mobile_max_width":0,"ocean_custom_logo_max_height":0,"ocean_custom_logo_tablet_max_height":0,"ocean_custom_logo_mobile_max_height":0,"ocean_header_custom_menu":"0","ocean_menu_typo_font_family":"0","ocean_menu_typo_font_subset":"","ocean_menu_typo_font_size":0,"ocean_menu_typo_font_size_tablet":0,"ocean_menu_typo_font_size_mobile":0,"ocean_menu_typo_font_size_unit":"px","ocean_menu_typo_font_weight":"","ocean_menu_typo_font_weight_tablet":"","ocean_menu_typo_font_weight_mobile":"","ocean_menu_typo_transform":"","ocean_menu_typo_transform_tablet":"","ocean_menu_typo_transform_mobile":"","ocean_menu_typo_line_height":0,"ocean_menu_typo_line_height_tablet":0,"ocean_menu_typo_line_height_mobile":0,"ocean_menu_typo_line_height_unit":"","ocean_menu_typo_spacing":0,"ocean_menu_typo_spacing_tablet":0,"ocean_menu_typo_spacing_mobile":0,"ocean_menu_typo_spacing_unit":"","ocean_menu_link_color":"","ocean_menu_link_color_hover":"","ocean_menu_link_color_active":"","ocean_menu_link_background":"","ocean_menu_link_hover_background":"","ocean_menu_link_active_background":"","ocean_menu_social_links_bg":"","ocean_menu_social_hover_links_bg":"","ocean_menu_social_links_color":"","ocean_menu_social_hover_links_color":"","ocean_disable_title":"default","ocean_disable_heading":"default","ocean_post_title":"","ocean_post_subheading":"","ocean_post_title_style":"","ocean_post_title_background_color":"","ocean_post_title_background":0,"ocean_post_title_bg_image_position":"","ocean_post_title_bg_image_attachment":"","ocean_post_title_bg_image_repeat":"","ocean_post_title_bg_image_size":"","ocean_post_title_height":0,"ocean_post_title_bg_overlay":0.5,"ocean_post_title_bg_overlay_color":"","ocean_disable_breadcrumbs":"default","ocean_breadcrumbs_color":"","ocean_breadcrumbs_separator_color":"","ocean_breadcrumbs_links_color":"","ocean_breadcrumbs_links_hover_color":"","ocean_display_footer_widgets":"default","ocean_display_footer_bottom":"default","ocean_custom_footer_template":"0"},"product_brand":[],"product_cat":[22,50],"product_tag":[],"class_list":{"0":"post-910","1":"product","2":"type-product","3":"status-publish","4":"has-post-thumbnail","6":"product_cat-corps","7":"product_cat-soins-des-mains","9":"entry","10":"has-media","12":"first","13":"instock","14":"taxable","15":"shipping-taxable","16":"purchasable","17":"product-type-simple","18":"has-product-nav","19":"col","20":"span_1_of_3","21":"owp-content-center","22":"owp-thumbs-layout-horizontal","23":"owp-btn-normal","24":"owp-tabs-layout-horizontal"},"_links":{"self":[{"href":"https:\/\/ellypara.com\/index.php\/wp-json\/wp\/v2\/product\/910","targetHints":{"allow":["GET"]}}],"collection":[{"href":"https:\/\/ellypara.com\/index.php\/wp-json\/wp\/v2\/product"}],"about":[{"href":"https:\/\/ellypara.com\/index.php\/wp-json\/wp\/v2\/types\/product"}],"replies":[{"embeddable":true,"href":"https:\/\/ellypara.com\/index.php\/wp-json\/wp\/v2\/comments?post=910"}],"wp:featuredmedia":[{"embeddable":true,"href":"https:\/\/ellypara.com\/index.php\/wp-json\/wp\/v2\/media\/911"}],"wp:attachment":[{"href":"https:\/\/ellypara.com\/index.php\/wp-json\/wp\/v2\/media?parent=910"}],"wp:term":[{"taxonomy":"product_brand","embeddable":true,"href":"https:\/\/ellypara.com\/index.php\/wp-json\/wp\/v2\/product_brand?post=910"},{"taxonomy":"product_cat","embeddable":true,"href":"https:\/\/ellypara.com\/index.php\/wp-json\/wp\/v2\/product_cat?post=910"},{"taxonomy":"product_tag","embeddable":true,"href":"https:\/\/ellypara.com\/index.php\/wp-json\/wp\/v2\/product_tag?post=910"}],"curies":[{"name":"wp","href":"https:\/\/api.w.org\/{rel}","templated":true}]}}