{"id":914,"date":"2025-03-19T14:54:35","date_gmt":"2025-03-19T13:54:35","guid":{"rendered":"https:\/\/ellypara.com\/?post_type=product&#038;p=914"},"modified":"2025-03-19T14:54:35","modified_gmt":"2025-03-19T13:54:35","slug":"svr-clairial-night-peel-50ml","status":"publish","type":"product","link":"https:\/\/ellypara.com\/index.php\/produit\/svr-clairial-night-peel-50ml\/","title":{"rendered":"SVR CLAIRIAL NIGHT PEEL 50ML"},"content":{"rendered":"<p><strong>SVR Clairial Night Peel Doux R\u00e9ducteur T\u00e2ches 50ml<\/strong>\u00a0a \u00e9t\u00e9 formul\u00e9 pour les peaux ayant des taches brunes et des imperfections cutan\u00e9es.<\/p>\n<p>Il d\u00e9pigmente les taches, lisse le grain de peau et apporte de la luminosit\u00e9 \u00e0 votre teint.<\/p>\n<p>C\u2019est un peeling doux qui corrige toutes les taches pigmentaires naissantes, r\u00e9centes ou install\u00e9es.<\/p>\n<p>son enzyme v\u00e9g\u00e9tale affine la surface de la peau pour restaurer uniformit\u00e9 et \u00e9clat. Sa formule r\u00e9confortante booste a r\u00e9cup\u00e9ration de l\u2019\u00e9piderme pour une peau repos\u00e9e comme apr\u00e8s une bonne nuit de sommeil.<\/p>\n<p>Nuit apr\u00e8s nuit, la peau est souple, lisse et homog\u00e8ne.<\/p>\n<p>&nbsp;<\/p>\n<p><strong>Indications :<\/strong><\/p>\n<p>Soin de nuit anti-taches.<\/p>\n<p><strong>Conseils d\u2019utilisation :<\/strong><\/p>\n<p>Le soir, tournez l\u2019embout du pinceau sur on et appliquez Clairial Night Peel d\u2019un coup de pinceau en couche fine. Pour le nettoyer, tournez le pinceau sur off. Hygi\u00e8ne garantie, aucun risque de contamination. En cas de sensations d\u2019inconfort (picotements, \u00e9chauffement, \u2026), adapter le soin \u00e0 votre peau en espa\u00e7ant les applications. \u00c9viter le contour des yeux. En cas de contact avec les yeux, rincer abondamment. \u00c9viter les expositions solaires. En cas d\u2019exposition au soleil, prot\u00e9ger votre peau avec une tr\u00e8s haute protection solaire.<\/p>\n<p><strong>Composition :<\/strong><\/p>\n<p>Aqua\/water\/eau, dicaprylyl, ether, glycerin, isonony isononoate, niacinamide, behenyl alcohol, diglycerin, propylene glycol, butylene glycol, propanediol, steareth-2, steareth-21, algin, bentonite, carbomer, ethylhexyl ferulate, papain, pentaerythrityl, tetra-di-butyl hydroxyhydrocinnamate, plankton extract, yeast, ferment extract, diacetyl boldine, tocopherol, undecylenoyl phenyalanine, 1-2 hexanediol, caprylyl glycol, citric acid, glyceryl stearate, hydroxyethyl acrylate\/sodium acryloyldimethyl taurate, copolymer, jojoba, esters, peg-100 stearate, pentylene glycol, polysorbate 60, sorbitan isostearate, xanthan gum, parfum (fragrance).<\/p>\n<p><strong>Conditionnement :<\/strong><\/p>\n<p>1 tube de 50ml<\/p>\n","protected":false},"excerpt":{"rendered":"<p><strong>SVR Clairial Night Peel 50 ml<\/strong> est un soin peeling doux qui corrige toutes taches pigmentaires naissantes, r\u00e9centes ou install\u00e9es. Son enzyme v\u00e9g\u00e9tale affine la surface de la peau pour restaurer uniformit\u00e9 et \u00e9clat.<\/p>\n","protected":false},"featured_media":916,"comment_status":"open","ping_status":"closed","template":"","meta":{"ocean_post_layout":"","ocean_both_sidebars_style":"","ocean_both_sidebars_content_width":0,"ocean_both_sidebars_sidebars_width":0,"ocean_sidebar":"0","ocean_second_sidebar":"0","ocean_disable_margins":"enable","ocean_add_body_class":"","ocean_shortcode_before_top_bar":"","ocean_shortcode_after_top_bar":"","ocean_shortcode_before_header":"","ocean_shortcode_after_header":"","ocean_has_shortcode":"","ocean_shortcode_after_title":"","ocean_shortcode_before_footer_widgets":"","ocean_shortcode_after_footer_widgets":"","ocean_shortcode_before_footer_bottom":"","ocean_shortcode_after_footer_bottom":"","ocean_display_top_bar":"default","ocean_display_header":"default","ocean_header_style":"","ocean_center_header_left_menu":"0","ocean_custom_header_template":"0","ocean_custom_logo":0,"ocean_custom_retina_logo":0,"ocean_custom_logo_max_width":0,"ocean_custom_logo_tablet_max_width":0,"ocean_custom_logo_mobile_max_width":0,"ocean_custom_logo_max_height":0,"ocean_custom_logo_tablet_max_height":0,"ocean_custom_logo_mobile_max_height":0,"ocean_header_custom_menu":"0","ocean_menu_typo_font_family":"0","ocean_menu_typo_font_subset":"","ocean_menu_typo_font_size":0,"ocean_menu_typo_font_size_tablet":0,"ocean_menu_typo_font_size_mobile":0,"ocean_menu_typo_font_size_unit":"px","ocean_menu_typo_font_weight":"","ocean_menu_typo_font_weight_tablet":"","ocean_menu_typo_font_weight_mobile":"","ocean_menu_typo_transform":"","ocean_menu_typo_transform_tablet":"","ocean_menu_typo_transform_mobile":"","ocean_menu_typo_line_height":0,"ocean_menu_typo_line_height_tablet":0,"ocean_menu_typo_line_height_mobile":0,"ocean_menu_typo_line_height_unit":"","ocean_menu_typo_spacing":0,"ocean_menu_typo_spacing_tablet":0,"ocean_menu_typo_spacing_mobile":0,"ocean_menu_typo_spacing_unit":"","ocean_menu_link_color":"","ocean_menu_link_color_hover":"","ocean_menu_link_color_active":"","ocean_menu_link_background":"","ocean_menu_link_hover_background":"","ocean_menu_link_active_background":"","ocean_menu_social_links_bg":"","ocean_menu_social_hover_links_bg":"","ocean_menu_social_links_color":"","ocean_menu_social_hover_links_color":"","ocean_disable_title":"default","ocean_disable_heading":"default","ocean_post_title":"","ocean_post_subheading":"","ocean_post_title_style":"","ocean_post_title_background_color":"","ocean_post_title_background":0,"ocean_post_title_bg_image_position":"","ocean_post_title_bg_image_attachment":"","ocean_post_title_bg_image_repeat":"","ocean_post_title_bg_image_size":"","ocean_post_title_height":0,"ocean_post_title_bg_overlay":0.5,"ocean_post_title_bg_overlay_color":"","ocean_disable_breadcrumbs":"default","ocean_breadcrumbs_color":"","ocean_breadcrumbs_separator_color":"","ocean_breadcrumbs_links_color":"","ocean_breadcrumbs_links_hover_color":"","ocean_display_footer_widgets":"default","ocean_display_footer_bottom":"default","ocean_custom_footer_template":"0"},"product_brand":[],"product_cat":[37,39,21],"product_tag":[],"class_list":{"0":"post-914","1":"product","2":"type-product","3":"status-publish","4":"has-post-thumbnail","6":"product_cat-soins-peau-grasse","7":"product_cat-soins-anti-taches-et-depigmentants","8":"product_cat-visage","10":"entry","11":"has-media","13":"first","14":"instock","15":"taxable","16":"shipping-taxable","17":"purchasable","18":"product-type-simple","19":"has-product-nav","20":"col","21":"span_1_of_3","22":"owp-content-center","23":"owp-thumbs-layout-horizontal","24":"owp-btn-normal","25":"owp-tabs-layout-horizontal"},"_links":{"self":[{"href":"https:\/\/ellypara.com\/index.php\/wp-json\/wp\/v2\/product\/914","targetHints":{"allow":["GET"]}}],"collection":[{"href":"https:\/\/ellypara.com\/index.php\/wp-json\/wp\/v2\/product"}],"about":[{"href":"https:\/\/ellypara.com\/index.php\/wp-json\/wp\/v2\/types\/product"}],"replies":[{"embeddable":true,"href":"https:\/\/ellypara.com\/index.php\/wp-json\/wp\/v2\/comments?post=914"}],"wp:featuredmedia":[{"embeddable":true,"href":"https:\/\/ellypara.com\/index.php\/wp-json\/wp\/v2\/media\/916"}],"wp:attachment":[{"href":"https:\/\/ellypara.com\/index.php\/wp-json\/wp\/v2\/media?parent=914"}],"wp:term":[{"taxonomy":"product_brand","embeddable":true,"href":"https:\/\/ellypara.com\/index.php\/wp-json\/wp\/v2\/product_brand?post=914"},{"taxonomy":"product_cat","embeddable":true,"href":"https:\/\/ellypara.com\/index.php\/wp-json\/wp\/v2\/product_cat?post=914"},{"taxonomy":"product_tag","embeddable":true,"href":"https:\/\/ellypara.com\/index.php\/wp-json\/wp\/v2\/product_tag?post=914"}],"curies":[{"name":"wp","href":"https:\/\/api.w.org\/{rel}","templated":true}]}}