{"id":922,"date":"2025-03-20T12:51:56","date_gmt":"2025-03-20T11:51:56","guid":{"rendered":"https:\/\/ellypara.com\/?post_type=product&#038;p=922"},"modified":"2025-03-20T12:51:56","modified_gmt":"2025-03-20T11:51:56","slug":"svr-clairial-serum-30ml","status":"publish","type":"product","link":"https:\/\/ellypara.com\/index.php\/produit\/svr-clairial-serum-30ml\/","title":{"rendered":"SVR CLAIRIAL SERUM 30ml"},"content":{"rendered":"<p><strong>SVR Clairial S\u00e9rum<\/strong>\u00a0est un soin correcteur anti-taches. C\u2019est le n\u00b01 de l\u2019anti-taches en prescription dermatologique.<\/p>\n<p>Son complexe d\u00e9pigmentant estompe et diminue les taches tout en pr\u00e9venant leur r\u00e9apparition. Sa formule contient de la vitamine C pour unifier le teint et lui apporter de l\u2019\u00e9clat.<\/p>\n<p>Le bio-neige soft focus masque les taches et lisse la peau. Ce s\u00e9rum offre une action longue dur\u00e9e pour \u00eatre belle toute la journ\u00e9e.<\/p>\n<p>Le plus ? Sa texture surfine contient des cristaux liquides hydratants pour laisser une peau douce et d\u00e9licatement parfum\u00e9e.<\/p>\n<p><strong>Indications :<\/strong><\/p>\n<p>S\u00e9rum anti-taches pour les peaux claires \u00e0 fonc\u00e9es. Convient \u00e0 tout type de peau, m\u00eame sensible.<\/p>\n<p><strong>Conseils d\u2019utilisation :<\/strong><\/p>\n<p>Appliquer le s\u00e9rum avant le soin de jour ou de nuit. Appliquer sur le visage, le d\u00e9collet\u00e9 et le cou, sur peau pr\u00e9alablement nettoy\u00e9e.<\/p>\n<p><strong>Composition :<\/strong><\/p>\n<p>Aqua, caprylic\/capric triglyceride, dimethicone, ascorbyl tetraisopalmitate, silica, dicaprylyl carbonate, butylene glycol, boron nitride, cetearyl alcohol, propanediol, bentonite, ethylhexyl ferulate, plankton extract, diacetyl boldine, glycerin, sodium hyaluronate, tocopherol, tocopheryl acetate, undecylenoyl phenylalanine, 1-2 hexanediol acrylates\/c10-30 alkyl acrylate crosspolymer, caprylyl glycol, citric acide, pentylene glycol, xanthan gum, coco-glucoside, parfum (fragrance).<\/p>\n<p><strong>Conditionnement :<\/strong><\/p>\n<p>1 tube de 30ml.<\/p>\n","protected":false},"excerpt":{"rendered":"<p><strong>SVR Clairial S\u00e9rum Correcteur Int\u00e9gral Anti-Taches \u00c9clat 30 ml<\/strong> est un correcteur adapt\u00e9 \u00e0 toutes les carnations qui corrige tous types de taches et ravive l\u2019\u00e9clat.<\/p>\n","protected":false},"featured_media":923,"comment_status":"open","ping_status":"closed","template":"","meta":{"ocean_post_layout":"","ocean_both_sidebars_style":"","ocean_both_sidebars_content_width":0,"ocean_both_sidebars_sidebars_width":0,"ocean_sidebar":"0","ocean_second_sidebar":"0","ocean_disable_margins":"enable","ocean_add_body_class":"","ocean_shortcode_before_top_bar":"","ocean_shortcode_after_top_bar":"","ocean_shortcode_before_header":"","ocean_shortcode_after_header":"","ocean_has_shortcode":"","ocean_shortcode_after_title":"","ocean_shortcode_before_footer_widgets":"","ocean_shortcode_after_footer_widgets":"","ocean_shortcode_before_footer_bottom":"","ocean_shortcode_after_footer_bottom":"","ocean_display_top_bar":"default","ocean_display_header":"default","ocean_header_style":"","ocean_center_header_left_menu":"0","ocean_custom_header_template":"0","ocean_custom_logo":0,"ocean_custom_retina_logo":0,"ocean_custom_logo_max_width":0,"ocean_custom_logo_tablet_max_width":0,"ocean_custom_logo_mobile_max_width":0,"ocean_custom_logo_max_height":0,"ocean_custom_logo_tablet_max_height":0,"ocean_custom_logo_mobile_max_height":0,"ocean_header_custom_menu":"0","ocean_menu_typo_font_family":"0","ocean_menu_typo_font_subset":"","ocean_menu_typo_font_size":0,"ocean_menu_typo_font_size_tablet":0,"ocean_menu_typo_font_size_mobile":0,"ocean_menu_typo_font_size_unit":"px","ocean_menu_typo_font_weight":"","ocean_menu_typo_font_weight_tablet":"","ocean_menu_typo_font_weight_mobile":"","ocean_menu_typo_transform":"","ocean_menu_typo_transform_tablet":"","ocean_menu_typo_transform_mobile":"","ocean_menu_typo_line_height":0,"ocean_menu_typo_line_height_tablet":0,"ocean_menu_typo_line_height_mobile":0,"ocean_menu_typo_line_height_unit":"","ocean_menu_typo_spacing":0,"ocean_menu_typo_spacing_tablet":0,"ocean_menu_typo_spacing_mobile":0,"ocean_menu_typo_spacing_unit":"","ocean_menu_link_color":"","ocean_menu_link_color_hover":"","ocean_menu_link_color_active":"","ocean_menu_link_background":"","ocean_menu_link_hover_background":"","ocean_menu_link_active_background":"","ocean_menu_social_links_bg":"","ocean_menu_social_hover_links_bg":"","ocean_menu_social_links_color":"","ocean_menu_social_hover_links_color":"","ocean_disable_title":"default","ocean_disable_heading":"default","ocean_post_title":"","ocean_post_subheading":"","ocean_post_title_style":"","ocean_post_title_background_color":"","ocean_post_title_background":0,"ocean_post_title_bg_image_position":"","ocean_post_title_bg_image_attachment":"","ocean_post_title_bg_image_repeat":"","ocean_post_title_bg_image_size":"","ocean_post_title_height":0,"ocean_post_title_bg_overlay":0.5,"ocean_post_title_bg_overlay_color":"","ocean_disable_breadcrumbs":"default","ocean_breadcrumbs_color":"","ocean_breadcrumbs_separator_color":"","ocean_breadcrumbs_links_color":"","ocean_breadcrumbs_links_hover_color":"","ocean_display_footer_widgets":"default","ocean_display_footer_bottom":"default","ocean_custom_footer_template":"0"},"product_brand":[],"product_cat":[39,21],"product_tag":[],"class_list":{"0":"post-922","1":"product","2":"type-product","3":"status-publish","4":"has-post-thumbnail","6":"product_cat-soins-anti-taches-et-depigmentants","7":"product_cat-visage","9":"entry","10":"has-media","12":"first","13":"instock","14":"taxable","15":"shipping-taxable","16":"purchasable","17":"product-type-simple","18":"has-product-nav","19":"col","20":"span_1_of_3","21":"owp-content-center","22":"owp-thumbs-layout-horizontal","23":"owp-btn-normal","24":"owp-tabs-layout-horizontal"},"_links":{"self":[{"href":"https:\/\/ellypara.com\/index.php\/wp-json\/wp\/v2\/product\/922","targetHints":{"allow":["GET"]}}],"collection":[{"href":"https:\/\/ellypara.com\/index.php\/wp-json\/wp\/v2\/product"}],"about":[{"href":"https:\/\/ellypara.com\/index.php\/wp-json\/wp\/v2\/types\/product"}],"replies":[{"embeddable":true,"href":"https:\/\/ellypara.com\/index.php\/wp-json\/wp\/v2\/comments?post=922"}],"wp:featuredmedia":[{"embeddable":true,"href":"https:\/\/ellypara.com\/index.php\/wp-json\/wp\/v2\/media\/923"}],"wp:attachment":[{"href":"https:\/\/ellypara.com\/index.php\/wp-json\/wp\/v2\/media?parent=922"}],"wp:term":[{"taxonomy":"product_brand","embeddable":true,"href":"https:\/\/ellypara.com\/index.php\/wp-json\/wp\/v2\/product_brand?post=922"},{"taxonomy":"product_cat","embeddable":true,"href":"https:\/\/ellypara.com\/index.php\/wp-json\/wp\/v2\/product_cat?post=922"},{"taxonomy":"product_tag","embeddable":true,"href":"https:\/\/ellypara.com\/index.php\/wp-json\/wp\/v2\/product_tag?post=922"}],"curies":[{"name":"wp","href":"https:\/\/api.w.org\/{rel}","templated":true}]}}