{"id":926,"date":"2025-03-20T13:15:02","date_gmt":"2025-03-20T12:15:02","guid":{"rendered":"https:\/\/ellypara.com\/?post_type=product&#038;p=926"},"modified":"2025-03-20T13:15:02","modified_gmt":"2025-03-20T12:15:02","slug":"svr-collagen-biotic-cr-50ml","status":"publish","type":"product","link":"https:\/\/ellypara.com\/index.php\/produit\/svr-collagen-biotic-cr-50ml\/","title":{"rendered":"SVR COLLAGEN BIOTIC CR 50ML"},"content":{"rendered":"<p><strong>la cr\u00e8me rebondissante r\u00e9g\u00e9n\u00e9rante Collagen Biotic<\/strong> est un soin anti-\u00e2ge du laboratoire SVR. Elle est indiqu\u00e9e pour corriger la perte d\u2019\u00e9lasticit\u00e9, l\u2019affinement de la peau et les rides li\u00e9s \u00e0 la d\u00e9gradation du collag\u00e8ne.<\/p>\n<p>CR\u00c8ME SVR COLLAGEN BIOTIC : VOTRE ALLI\u00c9 CONTRE LA PERTE DE COLLAG\u00c8NE Plusieurs facteurs peuvent \u00eatre \u00e0 l\u2019origine d\u2019un ralentissement de la production de collag\u00e8ne. Le vieillissement biologique de la peau, le stress, la fatigue, l\u2019exposition aux UV et la pollution vont ainsi affaiblir la peau \u00e0 3 niveaux : microbiote, \u00e9piderme et derme. La peau s\u2019affine, les rides se creusent et les tissus perdent leur fermet\u00e9. La cr\u00e8me Collagen Biotic SVR a \u00e9t\u00e9 formul\u00e9e sp\u00e9cifiquement dans le but d\u2019apporter une r\u00e9ponse compl\u00e8te \u00e0 ces probl\u00e9matiques.<strong> Elle s\u2019appuie sur 4 actifs<\/strong> majeurs pour r\u00e9g\u00e9n\u00e9rer la peau et combattre les signes de vieillissement induits par la perte de collag\u00e8ne. <strong>Les probiotiques pasteuris\u00e9s<\/strong>, tout d\u2019abord, ont pour mission de prot\u00e9ger et renforcer la barri\u00e8re cutan\u00e9e. <strong>L\u2019acide hyaluronique<\/strong>, quant \u00e0 lui, permet de lisser les rides et ridules, hydrater intens\u00e9ment la peau et repulper les tissus. On retrouve \u00e9galement, dans la composition de la cr\u00e8me Collagen Biotic, de <strong>la vitamine C<\/strong> stabilis\u00e9e qui va prot\u00e9ger la peau contre les attaques radicalaires, stimuler la production de collag\u00e8ne, d\u00e9fatiguer la peau et maintenir l\u2019\u00e9clat du teint. Enfin,<strong> le collag\u00e8ne v\u00e9g\u00e9tal<\/strong> aide la peau \u00e0 synth\u00e9tiser de nouveau le collag\u00e8ne, ce qui a pour effet de restructurer et renforcer les tissus cutan\u00e9s.<\/p>\n<p>La cr\u00e8me anti-\u00e2ge SVR Collagen Biotic poss\u00e8de une texture cr\u00e9meuse \u00e0 m\u00e9moire de forme qui offre un maximum de confort au moment de l\u2019application. Au fil des utilisations, la peau est visiblement repulp\u00e9e, plus ferme et lisse.<\/p>\n","protected":false},"excerpt":{"rendered":"<p>V\u00e9ritable innovation,<strong> la cr\u00e8me rebondissante r\u00e9g\u00e9n\u00e9rante Collagen Biotic<\/strong> est un soin anti-\u00e2ge du laboratoire SVR. Elle est indiqu\u00e9e pour corriger la perte d\u2019\u00e9lasticit\u00e9, l\u2019affinement de la peau et les rides li\u00e9s \u00e0 la d\u00e9gradation du collag\u00e8ne.<\/p>\n","protected":false},"featured_media":927,"comment_status":"open","ping_status":"closed","template":"","meta":{"ocean_post_layout":"","ocean_both_sidebars_style":"","ocean_both_sidebars_content_width":0,"ocean_both_sidebars_sidebars_width":0,"ocean_sidebar":"0","ocean_second_sidebar":"0","ocean_disable_margins":"enable","ocean_add_body_class":"","ocean_shortcode_before_top_bar":"","ocean_shortcode_after_top_bar":"","ocean_shortcode_before_header":"","ocean_shortcode_after_header":"","ocean_has_shortcode":"","ocean_shortcode_after_title":"","ocean_shortcode_before_footer_widgets":"","ocean_shortcode_after_footer_widgets":"","ocean_shortcode_before_footer_bottom":"","ocean_shortcode_after_footer_bottom":"","ocean_display_top_bar":"default","ocean_display_header":"default","ocean_header_style":"","ocean_center_header_left_menu":"0","ocean_custom_header_template":"0","ocean_custom_logo":0,"ocean_custom_retina_logo":0,"ocean_custom_logo_max_width":0,"ocean_custom_logo_tablet_max_width":0,"ocean_custom_logo_mobile_max_width":0,"ocean_custom_logo_max_height":0,"ocean_custom_logo_tablet_max_height":0,"ocean_custom_logo_mobile_max_height":0,"ocean_header_custom_menu":"0","ocean_menu_typo_font_family":"0","ocean_menu_typo_font_subset":"","ocean_menu_typo_font_size":0,"ocean_menu_typo_font_size_tablet":0,"ocean_menu_typo_font_size_mobile":0,"ocean_menu_typo_font_size_unit":"px","ocean_menu_typo_font_weight":"","ocean_menu_typo_font_weight_tablet":"","ocean_menu_typo_font_weight_mobile":"","ocean_menu_typo_transform":"","ocean_menu_typo_transform_tablet":"","ocean_menu_typo_transform_mobile":"","ocean_menu_typo_line_height":0,"ocean_menu_typo_line_height_tablet":0,"ocean_menu_typo_line_height_mobile":0,"ocean_menu_typo_line_height_unit":"","ocean_menu_typo_spacing":0,"ocean_menu_typo_spacing_tablet":0,"ocean_menu_typo_spacing_mobile":0,"ocean_menu_typo_spacing_unit":"","ocean_menu_link_color":"","ocean_menu_link_color_hover":"","ocean_menu_link_color_active":"","ocean_menu_link_background":"","ocean_menu_link_hover_background":"","ocean_menu_link_active_background":"","ocean_menu_social_links_bg":"","ocean_menu_social_hover_links_bg":"","ocean_menu_social_links_color":"","ocean_menu_social_hover_links_color":"","ocean_disable_title":"default","ocean_disable_heading":"default","ocean_post_title":"","ocean_post_subheading":"","ocean_post_title_style":"","ocean_post_title_background_color":"","ocean_post_title_background":0,"ocean_post_title_bg_image_position":"","ocean_post_title_bg_image_attachment":"","ocean_post_title_bg_image_repeat":"","ocean_post_title_bg_image_size":"","ocean_post_title_height":0,"ocean_post_title_bg_overlay":0.5,"ocean_post_title_bg_overlay_color":"","ocean_disable_breadcrumbs":"default","ocean_breadcrumbs_color":"","ocean_breadcrumbs_separator_color":"","ocean_breadcrumbs_links_color":"","ocean_breadcrumbs_links_hover_color":"","ocean_display_footer_widgets":"default","ocean_display_footer_bottom":"default","ocean_custom_footer_template":"0"},"product_brand":[],"product_cat":[26,36,21],"product_tag":[],"class_list":{"0":"post-926","1":"product","2":"type-product","3":"status-publish","4":"has-post-thumbnail","6":"product_cat-promo","7":"product_cat-soins-anti-age-et-anti-rides","8":"product_cat-visage","10":"entry","11":"has-media","13":"first","14":"instock","15":"sale","16":"taxable","17":"shipping-taxable","18":"purchasable","19":"product-type-simple","20":"has-product-nav","21":"col","22":"span_1_of_3","23":"owp-content-center","24":"owp-thumbs-layout-horizontal","25":"owp-btn-normal","26":"owp-tabs-layout-horizontal"},"_links":{"self":[{"href":"https:\/\/ellypara.com\/index.php\/wp-json\/wp\/v2\/product\/926","targetHints":{"allow":["GET"]}}],"collection":[{"href":"https:\/\/ellypara.com\/index.php\/wp-json\/wp\/v2\/product"}],"about":[{"href":"https:\/\/ellypara.com\/index.php\/wp-json\/wp\/v2\/types\/product"}],"replies":[{"embeddable":true,"href":"https:\/\/ellypara.com\/index.php\/wp-json\/wp\/v2\/comments?post=926"}],"wp:featuredmedia":[{"embeddable":true,"href":"https:\/\/ellypara.com\/index.php\/wp-json\/wp\/v2\/media\/927"}],"wp:attachment":[{"href":"https:\/\/ellypara.com\/index.php\/wp-json\/wp\/v2\/media?parent=926"}],"wp:term":[{"taxonomy":"product_brand","embeddable":true,"href":"https:\/\/ellypara.com\/index.php\/wp-json\/wp\/v2\/product_brand?post=926"},{"taxonomy":"product_cat","embeddable":true,"href":"https:\/\/ellypara.com\/index.php\/wp-json\/wp\/v2\/product_cat?post=926"},{"taxonomy":"product_tag","embeddable":true,"href":"https:\/\/ellypara.com\/index.php\/wp-json\/wp\/v2\/product_tag?post=926"}],"curies":[{"name":"wp","href":"https:\/\/api.w.org\/{rel}","templated":true}]}}