{"id":933,"date":"2025-03-20T13:57:56","date_gmt":"2025-03-20T12:57:56","guid":{"rendered":"https:\/\/ellypara.com\/?post_type=product&#038;p=933"},"modified":"2025-03-20T13:57:56","modified_gmt":"2025-03-20T12:57:56","slug":"svr-densitium-baume-nuit-50ml","status":"publish","type":"product","link":"https:\/\/ellypara.com\/index.php\/produit\/svr-densitium-baume-nuit-50ml\/","title":{"rendered":"SVR Densitium Baume Nuit 50ml"},"content":{"rendered":"<p><strong>SVR Densitium Baume Nuit 50ml<\/strong>\u00a0est un baume de nuit r\u00e9g\u00e9n\u00e9rant intensif pour les peaux matures.<\/p>\n<p>Dispose de l\u2019innovation DENSITIUM, la correction globale dermatologique pour une efficacit\u00e9 renforc\u00e9e sur l\u2019ensemble des signes de l\u2019\u00e2ge : s\u00e9cheresse, rides, rel\u00e2chement cutan\u00e9, perte d\u2019\u00e9clat et d\u2019uniformit\u00e9.<\/p>\n<p>Il a \u00e9t\u00e9 sp\u00e9cialement formul\u00e9 pour accompagner la peau dans les bouleversements dus \u00e0 la m\u00e9nopause et r\u00e9pondre aux besoins des peaux matures. Il contrebalance les effets li\u00e9s au d\u00e9r\u00e8glement de la chronobiologie cutan\u00e9e.<\/p>\n<p>Aussi expert que sensoriel, il est compos\u00e9 d\u2019un c\u0153ur de formule ultra-complet :<\/p>\n<ul>\n<li>L\u2019acide hyaluronique ultra-fragment\u00e9 et le bio-calcium, actifs historiques de la gamme, repulpent et redensifient la peau pour un contour du visage plus net et plus ferme.<\/li>\n<li>Enrichie d\u2019un duo d\u2019acides amin\u00e9s et de probiotiques, la peau est plus uniforme, lumineuse et plus forte.<\/li>\n<li>Sa formule est compl\u00e9t\u00e9e de tetrapeptides offrant une vraie action r\u00e9g\u00e9n\u00e9rante pour une peau plus lisse et fraiche au r\u00e9veil comme apr\u00e8s une belle nuit de sommeil.<\/li>\n<\/ul>\n<p>Sa texture nourrissante et enveloppante d\u00e9licatement parfum\u00e9e apaise et r\u00e9conforte la peau.<\/p>\n<p>Nuit apr\u00e8s nuit, la peau se retend et le rides se comblent.<\/p>\n<p>La peau est liss\u00e9e, fra\u00eeche et le teint est \u00e9clatant.<\/p>\n<p>Ce baume apaise et nourrit la peau, tout en lui procurant une sensation de confort, accompagn\u00e9e d\u2019un doux parfum.<\/p>\n<p>-Apr\u00e8s 1 mois d\u2019utilisation :<\/p>\n<p>90% la peau est r\u00e9g\u00e9n\u00e9r\u00e9e***<\/p>\n<p>85% la peau est redensifi\u00e9e***<\/p>\n<p>-Apr\u00e8s 2 mois d\u2019utilisation<\/p>\n<p>-11,7% de la surface des rides de sommeil**<\/p>\n<p>-15,3% de la surface des taches**<\/p>\n<p>+22% le teint est plus homog\u00e8ne. ***<\/p>\n<p>*Sebutape \u2013 mesure \u00e0 8h et 24h.<\/p>\n<p>**Analyse sur photo apr\u00e8s une utilisation (mesure \u00e0 24h).<\/p>\n<p>***Auto-\u00e9valuation sur 20 femmes, pendant 28 jours, 1 application quotidienne. % de satisfaction.<\/p>\n<p><strong>Indications :<\/strong><\/p>\n<p>Baume adapt\u00e9 aux peaux matures.<\/p>\n<p>Pour accompagner la peau dans les bouleversements dus \u00e0 la m\u00e9nopause et r\u00e9pondre aux besoins des peaux mature. Il contrebalance les effets li\u00e9s au d\u00e9r\u00e8glement de la chronobiologie cutan\u00e9e.<\/p>\n<p>Tous types de peau.<\/p>\n<p>Rides install\u00e9es, taches, fermet\u00e9.<\/p>\n<p>Visage et cou.<\/p>\n<p><strong>Conseils d\u2019utilisation :<\/strong><\/p>\n<p>Appliquer le soir sur l\u2019ensemble du visage et du cou.<\/p>\n<p>Masser pour d\u00e9tendre les traits et vous offrir un moment de d\u00e9tente.<\/p>\n<p><strong>Composition :<\/strong><\/p>\n<p>Aqua\/water\/eau, octyldodecanol, butyrospermum parkii (shea) butter, glycerin, cetearyl alcohol, orbignya oleifera seed oil, disodium cetearyl sulfosuccinate, glycol palmitate, sodium polyacrylate, arginine pca, calcium pca, cera alba\/beeswax\/cire d\u2019abeille, glyceryl behenate, ceteareth-20, hydroxyacetophenone, parfum (fragrance), maltodextrin, ceratonia siliqua gum, xanthan gum, 1,2-hexanediol, caprylyl glycol, hyaluronic acid, lactobacillus ferment, pentaerythrityl tetra-di-t-butyl hydroxyhydrocinnamate, pentylene glycol, lactic acid, rosmarinus officinalis (rosemary) leaf extract, palmitoyl tetrapeptide-7, chrysin, citric acid.<\/p>\n<p><strong>Conditionnement :<\/strong><\/p>\n<p>1 pot de 50ml<\/p>\n","protected":false},"excerpt":{"rendered":"<p><strong>SVR Densitium Baume Nuit R\u00e9paration Globale 50 ml<\/strong> est un soin de nuit qui stimule le processus de r\u00e9g\u00e9n\u00e9ration cutan\u00e9e pour une action anti-\u00e2ge globale.<\/p>\n<p>&nbsp;<\/p>\n","protected":false},"featured_media":934,"comment_status":"open","ping_status":"closed","template":"","meta":{"ocean_post_layout":"","ocean_both_sidebars_style":"","ocean_both_sidebars_content_width":0,"ocean_both_sidebars_sidebars_width":0,"ocean_sidebar":"0","ocean_second_sidebar":"0","ocean_disable_margins":"enable","ocean_add_body_class":"","ocean_shortcode_before_top_bar":"","ocean_shortcode_after_top_bar":"","ocean_shortcode_before_header":"","ocean_shortcode_after_header":"","ocean_has_shortcode":"","ocean_shortcode_after_title":"","ocean_shortcode_before_footer_widgets":"","ocean_shortcode_after_footer_widgets":"","ocean_shortcode_before_footer_bottom":"","ocean_shortcode_after_footer_bottom":"","ocean_display_top_bar":"default","ocean_display_header":"default","ocean_header_style":"","ocean_center_header_left_menu":"0","ocean_custom_header_template":"0","ocean_custom_logo":0,"ocean_custom_retina_logo":0,"ocean_custom_logo_max_width":0,"ocean_custom_logo_tablet_max_width":0,"ocean_custom_logo_mobile_max_width":0,"ocean_custom_logo_max_height":0,"ocean_custom_logo_tablet_max_height":0,"ocean_custom_logo_mobile_max_height":0,"ocean_header_custom_menu":"0","ocean_menu_typo_font_family":"0","ocean_menu_typo_font_subset":"","ocean_menu_typo_font_size":0,"ocean_menu_typo_font_size_tablet":0,"ocean_menu_typo_font_size_mobile":0,"ocean_menu_typo_font_size_unit":"px","ocean_menu_typo_font_weight":"","ocean_menu_typo_font_weight_tablet":"","ocean_menu_typo_font_weight_mobile":"","ocean_menu_typo_transform":"","ocean_menu_typo_transform_tablet":"","ocean_menu_typo_transform_mobile":"","ocean_menu_typo_line_height":0,"ocean_menu_typo_line_height_tablet":0,"ocean_menu_typo_line_height_mobile":0,"ocean_menu_typo_line_height_unit":"","ocean_menu_typo_spacing":0,"ocean_menu_typo_spacing_tablet":0,"ocean_menu_typo_spacing_mobile":0,"ocean_menu_typo_spacing_unit":"","ocean_menu_link_color":"","ocean_menu_link_color_hover":"","ocean_menu_link_color_active":"","ocean_menu_link_background":"","ocean_menu_link_hover_background":"","ocean_menu_link_active_background":"","ocean_menu_social_links_bg":"","ocean_menu_social_hover_links_bg":"","ocean_menu_social_links_color":"","ocean_menu_social_hover_links_color":"","ocean_disable_title":"default","ocean_disable_heading":"default","ocean_post_title":"","ocean_post_subheading":"","ocean_post_title_style":"","ocean_post_title_background_color":"","ocean_post_title_background":0,"ocean_post_title_bg_image_position":"","ocean_post_title_bg_image_attachment":"","ocean_post_title_bg_image_repeat":"","ocean_post_title_bg_image_size":"","ocean_post_title_height":0,"ocean_post_title_bg_overlay":0.5,"ocean_post_title_bg_overlay_color":"","ocean_disable_breadcrumbs":"default","ocean_breadcrumbs_color":"","ocean_breadcrumbs_separator_color":"","ocean_breadcrumbs_links_color":"","ocean_breadcrumbs_links_hover_color":"","ocean_display_footer_widgets":"default","ocean_display_footer_bottom":"default","ocean_custom_footer_template":"0"},"product_brand":[],"product_cat":[36,21],"product_tag":[],"class_list":{"0":"post-933","1":"product","2":"type-product","3":"status-publish","4":"has-post-thumbnail","6":"product_cat-soins-anti-age-et-anti-rides","7":"product_cat-visage","9":"entry","10":"has-media","12":"first","13":"outofstock","14":"sale","15":"taxable","16":"shipping-taxable","17":"purchasable","18":"product-type-simple","19":"has-product-nav","20":"col","21":"span_1_of_3","22":"owp-content-center","23":"owp-thumbs-layout-horizontal","24":"owp-btn-normal","25":"owp-tabs-layout-horizontal"},"_links":{"self":[{"href":"https:\/\/ellypara.com\/index.php\/wp-json\/wp\/v2\/product\/933","targetHints":{"allow":["GET"]}}],"collection":[{"href":"https:\/\/ellypara.com\/index.php\/wp-json\/wp\/v2\/product"}],"about":[{"href":"https:\/\/ellypara.com\/index.php\/wp-json\/wp\/v2\/types\/product"}],"replies":[{"embeddable":true,"href":"https:\/\/ellypara.com\/index.php\/wp-json\/wp\/v2\/comments?post=933"}],"wp:featuredmedia":[{"embeddable":true,"href":"https:\/\/ellypara.com\/index.php\/wp-json\/wp\/v2\/media\/934"}],"wp:attachment":[{"href":"https:\/\/ellypara.com\/index.php\/wp-json\/wp\/v2\/media?parent=933"}],"wp:term":[{"taxonomy":"product_brand","embeddable":true,"href":"https:\/\/ellypara.com\/index.php\/wp-json\/wp\/v2\/product_brand?post=933"},{"taxonomy":"product_cat","embeddable":true,"href":"https:\/\/ellypara.com\/index.php\/wp-json\/wp\/v2\/product_cat?post=933"},{"taxonomy":"product_tag","embeddable":true,"href":"https:\/\/ellypara.com\/index.php\/wp-json\/wp\/v2\/product_tag?post=933"}],"curies":[{"name":"wp","href":"https:\/\/api.w.org\/{rel}","templated":true}]}}