{"id":942,"date":"2025-03-20T14:15:38","date_gmt":"2025-03-20T13:15:38","guid":{"rendered":"https:\/\/ellypara.com\/?post_type=product&#038;p=942"},"modified":"2025-03-20T14:15:39","modified_gmt":"2025-03-20T13:15:39","slug":"svr-densitium-bi-serum-30ml","status":"publish","type":"product","link":"https:\/\/ellypara.com\/index.php\/produit\/svr-densitium-bi-serum-30ml\/","title":{"rendered":"SVR DENSITIUM BI SERUM 30ML"},"content":{"rendered":"<p><strong>Le bi-s\u00e9rum Densitium<\/strong><strong>\u00a0<\/strong>a \u00e9t\u00e9 mis au point par les<strong>\u00a0Laboratoires SVR<\/strong>, sp\u00e9cialement con\u00e7u pour les peaux matures. Cette technologie bi-s\u00e9rum contient une double formule avec une double concentration en actifs anti \u00e2ge pour une efficacit\u00e9 optimale sur<strong>\u00a0les rides et le rel\u00e2chement cutan\u00e9<\/strong>.<\/p>\n<p>La texture du bi-s\u00e9rum Densitium SVR est tr\u00e8s agr\u00e9able d\u2019application, car il p\u00e9n\u00e8tre rapidement dans votre \u00e9piderme afin de vous procurer confort et souplesse imm\u00e9diatement, et peut s\u2019utiliser sur le\u00a0<strong>visage<\/strong>\u00a0et le\u00a0<strong>cou<\/strong>.\u00a0<strong>Le premier s\u00e9rum<\/strong>\u00a0agit directement sur l\u2019ovale de votre visage en\u00a0<strong>redensifiant votre peau<\/strong>\u00a0gr\u00e2ce \u00e0 son action anti gravit\u00e9. Vous constaterez que l\u2019ovale de votre visage est visiblement redessin\u00e9 et raffermit gr\u00e2ce au duo d\u2019actifs anti gravit\u00e9 contenu dans le bi-s\u00e9rum SVR qui redonnent du<strong>\u00a0volume \u00e0 votre visage<\/strong>. Appliqu\u00e9 \u00e9galement au niveau de votre cou, ce s\u00e9rum SVR aura \u00e9galement un impact sur votre double menton en le rehaussant, v\u00e9ritable innovation en termes de soin anti \u00e2ge.<\/p>\n<p><strong>Le deuxi\u00e8me s\u00e9rum<\/strong>\u00a0SVR est enrichi en\u00a0<strong>acide hyaluronique et en bio-calcium<\/strong>. L\u2019acide hyaluronique p\u00e9n\u00e8tre dans votre \u00e9piderme afin de stimuler l\u2019activit\u00e9 cellulaire et ainsi redensifier la peau. En surface, l\u2019acide hyaluronique va assurer \u00e0 votre peau une excellente hydratation pour un aspect soyeux.<\/p>\n<p><strong>Sans paraben \u2013 Sans silicone<\/strong><\/p>\n<p><strong>CONSEILS D\u2019UTILISATION<\/strong><\/p>\n<p>Exercer une pression puis m\u00e9langer les formules dans le creux de la main.<br \/>\nAppliquer matin et soir sur le visage et le cou seul ou avant votre\u00a0<a href=\"https:\/\/www.maparatunisie.tn\/produit\/svr-densitium-creme-riche-50ml\/\">cr\u00e8me riche redensifiante Densitium<\/a>.<\/p>\n<p><strong>COMPOSITION<\/strong><\/p>\n<p>Aqua (purified water), dicaprylyl carbonate, isononyl isononanoate, hexyldecyl stearate, oleic\/linoleic\/linolenic polyglycerides, squalane, propanediol, helianthus annuus (sunflower) seed oil, glyceryl behenate\/eicosadioate, hydroxypropyl starch phosphate, argania spinosa kernel oil, bixa orellana seed extract, borago officinalis seed oil, glycine soja (soybean) oil, glycolipids, glycosphingolipids, lavandula stoechas extract, leontopodium alpinum callus culture extract, lupinus albus seed extract, oenothera biennis (evening primrose) oil, sesamum indicum (sesame) oil unsaponifiables, artemisia abrotanum extract, calcium pca, glycerin, hyaluronic acid, saccharide isomerate, tocopherol, 1,2-hexanediol, acacia senegal gum, butylene glycol, caprylic\/capric triglyceride, caprylyl glycol, citric acid, pentylene glycol, sodium citrate, xanthan gum, alpha-isomethyl ionone, citronellol, d-limonene, linalool, parfum (fragrance)<\/p>\n<p>D\u00e9couvrez \u00e9galement dans la gamme Densitium la\u00a0<a href=\"https:\/\/www.maparatunisie.tn\/produit\/svr-densitium-creme-50ml\/\">cr\u00e8me pour les peaux matures<\/a>\u00a0ou encore la\u00a0<a href=\"https:\/\/www.maparatunisie.tn\/produit\/svr-densitium-creme-riche-50ml\/\">Creme Riche<\/a>.<\/p>\n","protected":false},"excerpt":{"rendered":"<p><strong>SVR Densitium Bi-S\u00e9rum 2 x 15 ml<\/strong> est un soin anti-\u00e2ge double concentr\u00e9 repulpant anti-gravit\u00e9, sp\u00e9cialement formul\u00e9 pour les peaux matures s\u00e8ches \u00e0 tr\u00e8s s\u00e8ches.<\/p>\n","protected":false},"featured_media":943,"comment_status":"open","ping_status":"closed","template":"","meta":{"ocean_post_layout":"","ocean_both_sidebars_style":"","ocean_both_sidebars_content_width":0,"ocean_both_sidebars_sidebars_width":0,"ocean_sidebar":"0","ocean_second_sidebar":"0","ocean_disable_margins":"enable","ocean_add_body_class":"","ocean_shortcode_before_top_bar":"","ocean_shortcode_after_top_bar":"","ocean_shortcode_before_header":"","ocean_shortcode_after_header":"","ocean_has_shortcode":"","ocean_shortcode_after_title":"","ocean_shortcode_before_footer_widgets":"","ocean_shortcode_after_footer_widgets":"","ocean_shortcode_before_footer_bottom":"","ocean_shortcode_after_footer_bottom":"","ocean_display_top_bar":"default","ocean_display_header":"default","ocean_header_style":"","ocean_center_header_left_menu":"0","ocean_custom_header_template":"0","ocean_custom_logo":0,"ocean_custom_retina_logo":0,"ocean_custom_logo_max_width":0,"ocean_custom_logo_tablet_max_width":0,"ocean_custom_logo_mobile_max_width":0,"ocean_custom_logo_max_height":0,"ocean_custom_logo_tablet_max_height":0,"ocean_custom_logo_mobile_max_height":0,"ocean_header_custom_menu":"0","ocean_menu_typo_font_family":"0","ocean_menu_typo_font_subset":"","ocean_menu_typo_font_size":0,"ocean_menu_typo_font_size_tablet":0,"ocean_menu_typo_font_size_mobile":0,"ocean_menu_typo_font_size_unit":"px","ocean_menu_typo_font_weight":"","ocean_menu_typo_font_weight_tablet":"","ocean_menu_typo_font_weight_mobile":"","ocean_menu_typo_transform":"","ocean_menu_typo_transform_tablet":"","ocean_menu_typo_transform_mobile":"","ocean_menu_typo_line_height":0,"ocean_menu_typo_line_height_tablet":0,"ocean_menu_typo_line_height_mobile":0,"ocean_menu_typo_line_height_unit":"","ocean_menu_typo_spacing":0,"ocean_menu_typo_spacing_tablet":0,"ocean_menu_typo_spacing_mobile":0,"ocean_menu_typo_spacing_unit":"","ocean_menu_link_color":"","ocean_menu_link_color_hover":"","ocean_menu_link_color_active":"","ocean_menu_link_background":"","ocean_menu_link_hover_background":"","ocean_menu_link_active_background":"","ocean_menu_social_links_bg":"","ocean_menu_social_hover_links_bg":"","ocean_menu_social_links_color":"","ocean_menu_social_hover_links_color":"","ocean_disable_title":"default","ocean_disable_heading":"default","ocean_post_title":"","ocean_post_subheading":"","ocean_post_title_style":"","ocean_post_title_background_color":"","ocean_post_title_background":0,"ocean_post_title_bg_image_position":"","ocean_post_title_bg_image_attachment":"","ocean_post_title_bg_image_repeat":"","ocean_post_title_bg_image_size":"","ocean_post_title_height":0,"ocean_post_title_bg_overlay":0.5,"ocean_post_title_bg_overlay_color":"","ocean_disable_breadcrumbs":"default","ocean_breadcrumbs_color":"","ocean_breadcrumbs_separator_color":"","ocean_breadcrumbs_links_color":"","ocean_breadcrumbs_links_hover_color":"","ocean_display_footer_widgets":"default","ocean_display_footer_bottom":"default","ocean_custom_footer_template":"0"},"product_brand":[],"product_cat":[26,36,21],"product_tag":[],"class_list":{"0":"post-942","1":"product","2":"type-product","3":"status-publish","4":"has-post-thumbnail","6":"product_cat-promo","7":"product_cat-soins-anti-age-et-anti-rides","8":"product_cat-visage","10":"entry","11":"has-media","13":"first","14":"instock","15":"sale","16":"taxable","17":"shipping-taxable","18":"purchasable","19":"product-type-simple","20":"has-product-nav","21":"col","22":"span_1_of_3","23":"owp-content-center","24":"owp-thumbs-layout-horizontal","25":"owp-btn-normal","26":"owp-tabs-layout-horizontal"},"_links":{"self":[{"href":"https:\/\/ellypara.com\/index.php\/wp-json\/wp\/v2\/product\/942","targetHints":{"allow":["GET"]}}],"collection":[{"href":"https:\/\/ellypara.com\/index.php\/wp-json\/wp\/v2\/product"}],"about":[{"href":"https:\/\/ellypara.com\/index.php\/wp-json\/wp\/v2\/types\/product"}],"replies":[{"embeddable":true,"href":"https:\/\/ellypara.com\/index.php\/wp-json\/wp\/v2\/comments?post=942"}],"wp:featuredmedia":[{"embeddable":true,"href":"https:\/\/ellypara.com\/index.php\/wp-json\/wp\/v2\/media\/943"}],"wp:attachment":[{"href":"https:\/\/ellypara.com\/index.php\/wp-json\/wp\/v2\/media?parent=942"}],"wp:term":[{"taxonomy":"product_brand","embeddable":true,"href":"https:\/\/ellypara.com\/index.php\/wp-json\/wp\/v2\/product_brand?post=942"},{"taxonomy":"product_cat","embeddable":true,"href":"https:\/\/ellypara.com\/index.php\/wp-json\/wp\/v2\/product_cat?post=942"},{"taxonomy":"product_tag","embeddable":true,"href":"https:\/\/ellypara.com\/index.php\/wp-json\/wp\/v2\/product_tag?post=942"}],"curies":[{"name":"wp","href":"https:\/\/api.w.org\/{rel}","templated":true}]}}