{"id":948,"date":"2025-03-20T14:25:31","date_gmt":"2025-03-20T13:25:31","guid":{"rendered":"https:\/\/ellypara.com\/?post_type=product&#038;p=948"},"modified":"2025-03-20T14:25:32","modified_gmt":"2025-03-20T13:25:32","slug":"svr-densitium-contour-yeux","status":"publish","type":"product","link":"https:\/\/ellypara.com\/index.php\/produit\/svr-densitium-contour-yeux\/","title":{"rendered":"SVR DENSITIUM CONTOUR YEUX"},"content":{"rendered":"<p><strong>SVR Densitium Contour Des Yeux 15ml<\/strong>\u00a0est un soin anti-\u00e2ge pour les peaux matures qui permet de corriger les d\u00e9s\u00e9quilibres cutan\u00e9s du contour des yeux, tels que les rides, poches, cernes, perte d\u2019\u00e9clat et d\u2019uniformit\u00e9.<\/p>\n<p>&nbsp;<\/p>\n<p>Sa formule \u00e0 base d\u2019<strong>acide hyaluronique<\/strong>\u00a0et de\u00a0<strong>biocalcium<\/strong>, ultra-fragment\u00e9 contribue \u00e0 hydrater la peau et \u00e0 lui apporter fermet\u00e9. Son\u00a0<strong>duo d\u2019acides amin\u00e9s\u00a0<\/strong>et de<strong>\u00a0probiotiques<\/strong>\u00a0aident \u00e0 lisser et illuminer le regard. Enfin, les\u00a0<strong>t\u00e9trapeptides<\/strong>\u00a0et les extraits de\u00a0<strong>baies de Goji<\/strong>\u00a0permettent de\u00a0<strong>r\u00e9duire l\u2019apparence des cernes et des poches<\/strong>.<\/p>\n<p>&nbsp;<\/p>\n<p>94% d\u2019ingr\u00e9dients d\u2019origine naturelle,<\/p>\n<p>Fabriqu\u00e9 en France.<\/p>\n<p><strong>Mode d\u2019emploi<\/strong><\/p>\n<p>Appliquer matin et soir par tapotements l\u00e9gers du coin interne de l\u2019\u0153il vers l\u2019ext\u00e9rieur.<\/p>\n<p>Accorder une attention particuli\u00e8re aux pattes d\u2019oie.<\/p>\n<p><strong>Composition<\/strong><\/p>\n<p>AQUA\/WATER\/EAU, C15-19 ALKANE, CAPRYLIC\/CAPRIC TRIGLYCERIDE, GLYCERIN, GLYCERYL STEARATE SE, VEGETABLE OIL, BEHENETH-25, SODIUM POLYACRYLATE, MICROCRYSTALLINE CELLULOSE, C10-18 TRIGLYCERIDES, LAUROYL LYSINE, CALCIUM PCA, HYDROXYACETOPHENONE, MALTODEXTRIN, PARFUM (FRAGRANCE), 1,2-HEXANEDIOL, CAPRYLYL GLYCOL, CELLULOSE GUM, SODIUM HYDROXIDE, HYALURONIC ACID, LACTOBACILLUS FERMENT, PENTAERYTHRITYL TETRA-DI-T-BUTYL HYDROXYHYDROCINNAMATE, PENTYLENE GLYCOL, LYCIUM BARBARUM FRUIT EXTRACT, LACTIC ACID, SODIUM BENZOATE, POTASSIUM SORBATE, ROSMARINUS OFFICINALIS (ROSEMARY) LEAF EXTRACT, PALMITOYL TETRAPEPTIDE-7, CHRYSIN.<\/p>\n<p><strong>Conseil Pharmaceutique<\/strong><\/p>\n<p>La peau du contour des yeux est jusqu\u2019\u00e0 10 fois plus fine que sur le reste du visage. Sujette \u00e0 la d\u00e9shydratation, la flaccidit\u00e9, l\u2019inflammation et aux rides pr\u00e9matur\u00e9es, cette zone m\u00e9rite un soin particulier. C\u2019est pourquoi, des produits sp\u00e9cifiques test\u00e9s sous contr\u00f4le ophtalmologique doivent \u00eatre utilis\u00e9s. Si vous avez d\u00e9j\u00e0 appliqu\u00e9 des cr\u00e8mes pour le visage au niveau du contour de l\u2019\u0153il, sachez qu\u2019en g\u00e9n\u00e9ral, elles ne sont pas con\u00e7ues pour ce type d\u2019utilisation.<\/p>\n<p>Afin de prendre soin du contour des yeux, nous vous recommandons d\u2019utiliser des cr\u00e8mes avec une texture sp\u00e9cifique adapt\u00e9e \u00e0 vos besoins : il en existe \u00e0 effet rafra\u00eechissant pour les poches, avec des micropigments ou encore avec des min\u00e9raux, pour un effet visuel anti-cernes. Quelques bonnes pratiques, comme le port de lunettes de soleil, une visite r\u00e9guli\u00e8re chez l\u2019ophtalmologue ou l\u2019utilisation de produits avec protection solaire, vous aideront \u00e0 prot\u00e9ger cette zone particuli\u00e8rement fragile.<\/p>\n","protected":false},"excerpt":{"rendered":"<p><strong>SVR Densitium Contour des Yeux Correction Globale 15 ml<\/strong> est un soin qui offre une action anti-\u00e2ge globale cibl\u00e9e.<\/p>\n","protected":false},"featured_media":949,"comment_status":"open","ping_status":"closed","template":"","meta":{"ocean_post_layout":"","ocean_both_sidebars_style":"","ocean_both_sidebars_content_width":0,"ocean_both_sidebars_sidebars_width":0,"ocean_sidebar":"0","ocean_second_sidebar":"0","ocean_disable_margins":"enable","ocean_add_body_class":"","ocean_shortcode_before_top_bar":"","ocean_shortcode_after_top_bar":"","ocean_shortcode_before_header":"","ocean_shortcode_after_header":"","ocean_has_shortcode":"","ocean_shortcode_after_title":"","ocean_shortcode_before_footer_widgets":"","ocean_shortcode_after_footer_widgets":"","ocean_shortcode_before_footer_bottom":"","ocean_shortcode_after_footer_bottom":"","ocean_display_top_bar":"default","ocean_display_header":"default","ocean_header_style":"","ocean_center_header_left_menu":"0","ocean_custom_header_template":"0","ocean_custom_logo":0,"ocean_custom_retina_logo":0,"ocean_custom_logo_max_width":0,"ocean_custom_logo_tablet_max_width":0,"ocean_custom_logo_mobile_max_width":0,"ocean_custom_logo_max_height":0,"ocean_custom_logo_tablet_max_height":0,"ocean_custom_logo_mobile_max_height":0,"ocean_header_custom_menu":"0","ocean_menu_typo_font_family":"0","ocean_menu_typo_font_subset":"","ocean_menu_typo_font_size":0,"ocean_menu_typo_font_size_tablet":0,"ocean_menu_typo_font_size_mobile":0,"ocean_menu_typo_font_size_unit":"px","ocean_menu_typo_font_weight":"","ocean_menu_typo_font_weight_tablet":"","ocean_menu_typo_font_weight_mobile":"","ocean_menu_typo_transform":"","ocean_menu_typo_transform_tablet":"","ocean_menu_typo_transform_mobile":"","ocean_menu_typo_line_height":0,"ocean_menu_typo_line_height_tablet":0,"ocean_menu_typo_line_height_mobile":0,"ocean_menu_typo_line_height_unit":"","ocean_menu_typo_spacing":0,"ocean_menu_typo_spacing_tablet":0,"ocean_menu_typo_spacing_mobile":0,"ocean_menu_typo_spacing_unit":"","ocean_menu_link_color":"","ocean_menu_link_color_hover":"","ocean_menu_link_color_active":"","ocean_menu_link_background":"","ocean_menu_link_hover_background":"","ocean_menu_link_active_background":"","ocean_menu_social_links_bg":"","ocean_menu_social_hover_links_bg":"","ocean_menu_social_links_color":"","ocean_menu_social_hover_links_color":"","ocean_disable_title":"default","ocean_disable_heading":"default","ocean_post_title":"","ocean_post_subheading":"","ocean_post_title_style":"","ocean_post_title_background_color":"","ocean_post_title_background":0,"ocean_post_title_bg_image_position":"","ocean_post_title_bg_image_attachment":"","ocean_post_title_bg_image_repeat":"","ocean_post_title_bg_image_size":"","ocean_post_title_height":0,"ocean_post_title_bg_overlay":0.5,"ocean_post_title_bg_overlay_color":"","ocean_disable_breadcrumbs":"default","ocean_breadcrumbs_color":"","ocean_breadcrumbs_separator_color":"","ocean_breadcrumbs_links_color":"","ocean_breadcrumbs_links_hover_color":"","ocean_display_footer_widgets":"default","ocean_display_footer_bottom":"default","ocean_custom_footer_template":"0"},"product_brand":[],"product_cat":[110,21],"product_tag":[],"class_list":{"0":"post-948","1":"product","2":"type-product","3":"status-publish","4":"has-post-thumbnail","6":"product_cat-soins-anti-poches-et-cernes","7":"product_cat-visage","9":"entry","10":"has-media","12":"first","13":"instock","14":"taxable","15":"shipping-taxable","16":"purchasable","17":"product-type-simple","18":"has-product-nav","19":"col","20":"span_1_of_3","21":"owp-content-center","22":"owp-thumbs-layout-horizontal","23":"owp-btn-normal","24":"owp-tabs-layout-horizontal"},"_links":{"self":[{"href":"https:\/\/ellypara.com\/index.php\/wp-json\/wp\/v2\/product\/948","targetHints":{"allow":["GET"]}}],"collection":[{"href":"https:\/\/ellypara.com\/index.php\/wp-json\/wp\/v2\/product"}],"about":[{"href":"https:\/\/ellypara.com\/index.php\/wp-json\/wp\/v2\/types\/product"}],"replies":[{"embeddable":true,"href":"https:\/\/ellypara.com\/index.php\/wp-json\/wp\/v2\/comments?post=948"}],"wp:featuredmedia":[{"embeddable":true,"href":"https:\/\/ellypara.com\/index.php\/wp-json\/wp\/v2\/media\/949"}],"wp:attachment":[{"href":"https:\/\/ellypara.com\/index.php\/wp-json\/wp\/v2\/media?parent=948"}],"wp:term":[{"taxonomy":"product_brand","embeddable":true,"href":"https:\/\/ellypara.com\/index.php\/wp-json\/wp\/v2\/product_brand?post=948"},{"taxonomy":"product_cat","embeddable":true,"href":"https:\/\/ellypara.com\/index.php\/wp-json\/wp\/v2\/product_cat?post=948"},{"taxonomy":"product_tag","embeddable":true,"href":"https:\/\/ellypara.com\/index.php\/wp-json\/wp\/v2\/product_tag?post=948"}],"curies":[{"name":"wp","href":"https:\/\/api.w.org\/{rel}","templated":true}]}}