{"id":952,"date":"2025-03-20T14:47:05","date_gmt":"2025-03-20T13:47:05","guid":{"rendered":"https:\/\/ellypara.com\/?post_type=product&#038;p=952"},"modified":"2025-03-20T15:49:28","modified_gmt":"2025-03-20T14:49:28","slug":"svr-densitium-cr-correction-globale-50ml","status":"publish","type":"product","link":"https:\/\/ellypara.com\/index.php\/produit\/svr-densitium-cr-correction-globale-50ml\/","title":{"rendered":"SVR DENSITIUM CR CORRECTION GLOBALE 50ML"},"content":{"rendered":"<p><strong>SVR Densitium Cr\u00e8me 50ml<\/strong>\u00a0a \u00e9t\u00e9 sp\u00e9cialement formul\u00e9e pour accompagner la peau dans les bouleversements dus \u00e0 la m\u00e9nopause et r\u00e9pondre aux besoins des peaux matures.<\/p>\n<p>Dispose de l\u2019innovation DENSITIUM, la correction globale dermatologique pour une efficacit\u00e9 renforc\u00e9e sur l\u2019ensemble des signes de l\u2019\u00e2ge : s\u00e9cheresse, rides, rel\u00e2chement cutan\u00e9, perte d\u2019\u00e9clat et d\u2019uniformit\u00e9.<\/p>\n<p>Recharg\u00e9e en Calcium, la peau est plus ferme, plus forte et r\u00e9v\u00e8le une allure plus jeune.<\/p>\n<p>Aussi experte que sensorielle, elle est compos\u00e9e d\u2019un c\u0153ur de formule ultra-complet :<\/p>\n<p>L\u2019acide hyaluronique ultra-fragment\u00e9 et le bio-calcium, actifs historiques de la gamme, redensifient la peau pour un contour du visage plus net.<br \/>\nGr\u00e2ce au duo d\u2019acides amin\u00e9s et de probiotiques, la peau est plus uniforme, lumineuse et plus forte.<br \/>\nDes peptides compl\u00e8tent la formule pour une action lissante renforc\u00e9e.<br \/>\nSa texture douce et soyeuse, d\u00e9licatement parfum\u00e9e, apporte un confort intense et nourrit la peau. Non grasse, non collante, c\u2019est une excellente base de maquillage.<\/p>\n<p>Le r\u00e9sultat ? Les rides marqu\u00e9es s\u2019estompent et l\u2019oval du visage est redessin\u00e9.<\/p>\n<p>Imm\u00e9diatement, la peau est hydrat\u00e9e et nourrie durablement.<\/p>\n<p>Apr\u00e8s 1 mois d\u2019utilisation :<\/p>\n<p>L\u2019apparence des rides est significativement r\u00e9duite.<\/p>\n<p>Apr\u00e8s 2 mois d\u2019utilisation :<\/p>\n<p>88% la peau est redensifi\u00e9e.<\/p>\n<p>83% la peau est liss\u00e9e.<\/p>\n<p>-11,3% de la surface des taches.<\/p>\n<p>-Scorage clinique sur 42 sujets pendant 56 jours en application biquotidienne, % de variation.<\/p>\n<p>-Test Sebutape 8h.<\/p>\n<p>-Analyse photo sur les rides apr\u00e8s 28 jours d\u2019utilisation.<\/p>\n<p>&nbsp;<\/p>\n<p><strong>Indications :<\/strong><\/p>\n<p>Peaux matures normales \u00e0 s\u00e8ches.<\/p>\n<p>Pour accompagner la peau dans les bouleversements dus \u00e0 la m\u00e9nopause et r\u00e9pondre aux besoins des peaux matures.<\/p>\n<p>Visage et cou.<\/p>\n<p>Rides install\u00e9es, taches, fermet\u00e9.<\/p>\n<p><strong>Conseils d\u2019utilisation :<\/strong><\/p>\n<p>Appliquer le matin et soir sur l\u2019ensemble du visage et du cou en partant du centre vers l\u2019ext\u00e9rieur.<\/p>\n<p><strong>Composition :<\/strong><\/p>\n<p>Aqua (purified water), peg-8 beeswax, butyrospermum parkii (shea) butter, caprylic\/capric triglyceride, cetearyl isononanoate, glycerin, dicaprylyl carbonate, behenyl alcohol, calcium pca, cetearyl alcohol, dimethicone, 1,2-hexanediol, calcium gluconate, gluconolactone, hyaluronic acid, mica, tocopherol, triethanolamine, c13-14 isoparaffin, ceteareth-20, citric acid, hydroxyethylcellulose, laureth-7, polyacrylamide, xanthan gum, chlorphenesin, sodium benzoate, alpha-isomethyl ionone, citronellol, d-limonene, linalool, parfum (fragrance), ci 77891.<\/p>\n<p><strong>Conditionnement :<\/strong><\/p>\n<p>1 pot de 50ml.<\/p>\n","protected":false},"excerpt":{"rendered":"<p><strong>SVR Densitium Cr\u00e8me Correction Globale Redensifiante, Nourrissante 50 ml<\/strong> est une cr\u00e8me qui offre une action anti-\u00e2ge globale. Sa texture soyeuse non grasse, non collante l\u00e9g\u00e8rement parfum\u00e9e hydrate et apporte un confort intense \u00e0 la peau.<\/p>\n","protected":false},"featured_media":959,"comment_status":"open","ping_status":"closed","template":"","meta":{"ocean_post_layout":"","ocean_both_sidebars_style":"","ocean_both_sidebars_content_width":0,"ocean_both_sidebars_sidebars_width":0,"ocean_sidebar":"0","ocean_second_sidebar":"0","ocean_disable_margins":"enable","ocean_add_body_class":"","ocean_shortcode_before_top_bar":"","ocean_shortcode_after_top_bar":"","ocean_shortcode_before_header":"","ocean_shortcode_after_header":"","ocean_has_shortcode":"","ocean_shortcode_after_title":"","ocean_shortcode_before_footer_widgets":"","ocean_shortcode_after_footer_widgets":"","ocean_shortcode_before_footer_bottom":"","ocean_shortcode_after_footer_bottom":"","ocean_display_top_bar":"default","ocean_display_header":"default","ocean_header_style":"","ocean_center_header_left_menu":"0","ocean_custom_header_template":"0","ocean_custom_logo":0,"ocean_custom_retina_logo":0,"ocean_custom_logo_max_width":0,"ocean_custom_logo_tablet_max_width":0,"ocean_custom_logo_mobile_max_width":0,"ocean_custom_logo_max_height":0,"ocean_custom_logo_tablet_max_height":0,"ocean_custom_logo_mobile_max_height":0,"ocean_header_custom_menu":"0","ocean_menu_typo_font_family":"0","ocean_menu_typo_font_subset":"","ocean_menu_typo_font_size":0,"ocean_menu_typo_font_size_tablet":0,"ocean_menu_typo_font_size_mobile":0,"ocean_menu_typo_font_size_unit":"px","ocean_menu_typo_font_weight":"","ocean_menu_typo_font_weight_tablet":"","ocean_menu_typo_font_weight_mobile":"","ocean_menu_typo_transform":"","ocean_menu_typo_transform_tablet":"","ocean_menu_typo_transform_mobile":"","ocean_menu_typo_line_height":0,"ocean_menu_typo_line_height_tablet":0,"ocean_menu_typo_line_height_mobile":0,"ocean_menu_typo_line_height_unit":"","ocean_menu_typo_spacing":0,"ocean_menu_typo_spacing_tablet":0,"ocean_menu_typo_spacing_mobile":0,"ocean_menu_typo_spacing_unit":"","ocean_menu_link_color":"","ocean_menu_link_color_hover":"","ocean_menu_link_color_active":"","ocean_menu_link_background":"","ocean_menu_link_hover_background":"","ocean_menu_link_active_background":"","ocean_menu_social_links_bg":"","ocean_menu_social_hover_links_bg":"","ocean_menu_social_links_color":"","ocean_menu_social_hover_links_color":"","ocean_disable_title":"default","ocean_disable_heading":"default","ocean_post_title":"","ocean_post_subheading":"","ocean_post_title_style":"","ocean_post_title_background_color":"","ocean_post_title_background":0,"ocean_post_title_bg_image_position":"","ocean_post_title_bg_image_attachment":"","ocean_post_title_bg_image_repeat":"","ocean_post_title_bg_image_size":"","ocean_post_title_height":0,"ocean_post_title_bg_overlay":0.5,"ocean_post_title_bg_overlay_color":"","ocean_disable_breadcrumbs":"default","ocean_breadcrumbs_color":"","ocean_breadcrumbs_separator_color":"","ocean_breadcrumbs_links_color":"","ocean_breadcrumbs_links_hover_color":"","ocean_display_footer_widgets":"default","ocean_display_footer_bottom":"default","ocean_custom_footer_template":"0"},"product_brand":[],"product_cat":[42,36,39,35,21],"product_tag":[],"class_list":{"0":"post-952","1":"product","2":"type-product","3":"status-publish","4":"has-post-thumbnail","6":"product_cat-peaux-seches","7":"product_cat-soins-anti-age-et-anti-rides","8":"product_cat-soins-anti-taches-et-depigmentants","9":"product_cat-soins-hydratants-et-nourrissants","10":"product_cat-visage","12":"entry","13":"has-media","15":"first","16":"instock","17":"taxable","18":"shipping-taxable","19":"purchasable","20":"product-type-simple","21":"has-product-nav","22":"col","23":"span_1_of_3","24":"owp-content-center","25":"owp-thumbs-layout-horizontal","26":"owp-btn-normal","27":"owp-tabs-layout-horizontal"},"_links":{"self":[{"href":"https:\/\/ellypara.com\/index.php\/wp-json\/wp\/v2\/product\/952","targetHints":{"allow":["GET"]}}],"collection":[{"href":"https:\/\/ellypara.com\/index.php\/wp-json\/wp\/v2\/product"}],"about":[{"href":"https:\/\/ellypara.com\/index.php\/wp-json\/wp\/v2\/types\/product"}],"replies":[{"embeddable":true,"href":"https:\/\/ellypara.com\/index.php\/wp-json\/wp\/v2\/comments?post=952"}],"wp:featuredmedia":[{"embeddable":true,"href":"https:\/\/ellypara.com\/index.php\/wp-json\/wp\/v2\/media\/959"}],"wp:attachment":[{"href":"https:\/\/ellypara.com\/index.php\/wp-json\/wp\/v2\/media?parent=952"}],"wp:term":[{"taxonomy":"product_brand","embeddable":true,"href":"https:\/\/ellypara.com\/index.php\/wp-json\/wp\/v2\/product_brand?post=952"},{"taxonomy":"product_cat","embeddable":true,"href":"https:\/\/ellypara.com\/index.php\/wp-json\/wp\/v2\/product_cat?post=952"},{"taxonomy":"product_tag","embeddable":true,"href":"https:\/\/ellypara.com\/index.php\/wp-json\/wp\/v2\/product_tag?post=952"}],"curies":[{"name":"wp","href":"https:\/\/api.w.org\/{rel}","templated":true}]}}