{"id":964,"date":"2025-03-20T15:48:42","date_gmt":"2025-03-20T14:48:42","guid":{"rendered":"https:\/\/ellypara.com\/?post_type=product&#038;p=964"},"modified":"2025-03-20T15:48:43","modified_gmt":"2025-03-20T14:48:43","slug":"svr-densitium-cr-riche-raffer","status":"publish","type":"product","link":"https:\/\/ellypara.com\/index.php\/produit\/svr-densitium-cr-riche-raffer\/","title":{"rendered":"SVR DENSITIUM CR RICHE RAFFER"},"content":{"rendered":"<p><strong>SVR Densitium Cr\u00e8me Riche 50ml<\/strong>\u00a0est un soin anti-\u00e2ge con\u00e7u pour les peaux s\u00e8ches \u00e0 tr\u00e8s s\u00e8ches, il permet d\u2019apporter fermet\u00e9, densit\u00e9 et \u00e9clat aux peaux matures.<\/p>\n<p>Sa formule riche en\u00a0<strong>acide hyaluronique<\/strong>\u00a0et en\u00a0<strong>bio-calcium<\/strong>\u00a0contribue \u00e0 hydrater la peau en profondeur, agissant sur les rides et ridules.<\/p>\n<p>Son duo d\u2019<strong>acides amin\u00e9s<\/strong>\u00a0et de\u00a0<strong>probiotiques<\/strong>\u00a0aide \u00e0 renforcer la barri\u00e8re cutan\u00e9e et permet d\u2019unifier le grain de peau, apportant \u00e9clat au visage. Enfin, les\u00a0<strong>peptides<\/strong>\u00a0favorisent la production de collag\u00e8ne pour des rides moins visibles et une peau plus lisse.<\/p>\n<p>Texture riche , soyeuse et non collante.<\/p>\n<p>Peut s\u2019utiliser comme base de maquillage.<\/p>\n<p>Test\u00e9 sous contr\u00f4le dermatologique.<\/p>\n<p>Fabriqu\u00e9 en France.<\/p>\n<p><strong>Mode d\u2019emploi<\/strong><\/p>\n<p>Appliquer matin et\/ou soir sur le visage et le cou.<\/p>\n<p><strong>Composition<\/strong><\/p>\n<p>AQUA\/WATER\/EAU, OCTYLDODECANOL, VEGETABLE OIL, ORBIGNYA OLEIFERA SEED OIL, GLYCERYL STEARATE, GLYCERIN, BEHENETH-25, BEHENYL ALCOHOL, CETYL PALMITATE, CETEARYL ALCOHOL, 1,2-HEXANEDIOL, ARGININE PCA, CALCIUM PCA, SODIUM POLYACRYLOYLDIMETHYL TAURATE, BUTYLENE GLYCOL, HYDROXYACETOPHENONE, SODIUM STEAROYL LACTYLATE, MALTODEXTRIN, PARFUM (FRAGRANCE), XANTHAN GUM, HYALURONIC ACID, LACTOBACILLUS FERMENT, PENTAERYTHRITYL TETRA-DI-T-BUTYL HYDROXYHYDROCINNAMATE, CARBOMER, SODIUM LACTATE, POLYSORBATE 20, SODIUM HYDROXIDE, PALMITOYL TRIPEPTIDE-1, PALMITOYL TETRAPEPTIDE-7.<\/p>\n<p><strong>Conseil Pharmaceutique<\/strong><\/p>\n<p>L\u2019acide hyaluronique est un puissant hydratant capable d\u2019absorber jusqu\u2019\u00e0 1000 fois son poids dans l\u2019eau. Appliqu\u00e9 sur la peau, il remplit les rides et aide \u00e0 r\u00e9duire leur apparition, tout en contribuant \u00e0 r\u00e9parer et \u00e0 r\u00e9g\u00e9n\u00e9rer les tissus.<\/p>\n<p>Plus particuli\u00e8rement recommand\u00e9 pour les peaux d\u00e9shydrat\u00e9es, en raison de ses propri\u00e9t\u00e9s, ce composant est s\u00fbr pour tous les types de peau.<\/p>\n","protected":false},"excerpt":{"rendered":"<p><strong>SVR Densitium Cr\u00e8me Riche Correction Globale 50 ml<\/strong> est un soin formul\u00e9 pour agir sur les rides install\u00e9es, les taches et la fermet\u00e9 des peaux s\u00e8ches \u00e0 tr\u00e8s s\u00e8ches.<\/p>\n","protected":false},"featured_media":965,"comment_status":"open","ping_status":"closed","template":"","meta":{"ocean_post_layout":"","ocean_both_sidebars_style":"","ocean_both_sidebars_content_width":0,"ocean_both_sidebars_sidebars_width":0,"ocean_sidebar":"0","ocean_second_sidebar":"0","ocean_disable_margins":"enable","ocean_add_body_class":"","ocean_shortcode_before_top_bar":"","ocean_shortcode_after_top_bar":"","ocean_shortcode_before_header":"","ocean_shortcode_after_header":"","ocean_has_shortcode":"","ocean_shortcode_after_title":"","ocean_shortcode_before_footer_widgets":"","ocean_shortcode_after_footer_widgets":"","ocean_shortcode_before_footer_bottom":"","ocean_shortcode_after_footer_bottom":"","ocean_display_top_bar":"default","ocean_display_header":"default","ocean_header_style":"","ocean_center_header_left_menu":"0","ocean_custom_header_template":"0","ocean_custom_logo":0,"ocean_custom_retina_logo":0,"ocean_custom_logo_max_width":0,"ocean_custom_logo_tablet_max_width":0,"ocean_custom_logo_mobile_max_width":0,"ocean_custom_logo_max_height":0,"ocean_custom_logo_tablet_max_height":0,"ocean_custom_logo_mobile_max_height":0,"ocean_header_custom_menu":"0","ocean_menu_typo_font_family":"0","ocean_menu_typo_font_subset":"","ocean_menu_typo_font_size":0,"ocean_menu_typo_font_size_tablet":0,"ocean_menu_typo_font_size_mobile":0,"ocean_menu_typo_font_size_unit":"px","ocean_menu_typo_font_weight":"","ocean_menu_typo_font_weight_tablet":"","ocean_menu_typo_font_weight_mobile":"","ocean_menu_typo_transform":"","ocean_menu_typo_transform_tablet":"","ocean_menu_typo_transform_mobile":"","ocean_menu_typo_line_height":0,"ocean_menu_typo_line_height_tablet":0,"ocean_menu_typo_line_height_mobile":0,"ocean_menu_typo_line_height_unit":"","ocean_menu_typo_spacing":0,"ocean_menu_typo_spacing_tablet":0,"ocean_menu_typo_spacing_mobile":0,"ocean_menu_typo_spacing_unit":"","ocean_menu_link_color":"","ocean_menu_link_color_hover":"","ocean_menu_link_color_active":"","ocean_menu_link_background":"","ocean_menu_link_hover_background":"","ocean_menu_link_active_background":"","ocean_menu_social_links_bg":"","ocean_menu_social_hover_links_bg":"","ocean_menu_social_links_color":"","ocean_menu_social_hover_links_color":"","ocean_disable_title":"default","ocean_disable_heading":"default","ocean_post_title":"","ocean_post_subheading":"","ocean_post_title_style":"","ocean_post_title_background_color":"","ocean_post_title_background":0,"ocean_post_title_bg_image_position":"","ocean_post_title_bg_image_attachment":"","ocean_post_title_bg_image_repeat":"","ocean_post_title_bg_image_size":"","ocean_post_title_height":0,"ocean_post_title_bg_overlay":0.5,"ocean_post_title_bg_overlay_color":"","ocean_disable_breadcrumbs":"default","ocean_breadcrumbs_color":"","ocean_breadcrumbs_separator_color":"","ocean_breadcrumbs_links_color":"","ocean_breadcrumbs_links_hover_color":"","ocean_display_footer_widgets":"default","ocean_display_footer_bottom":"default","ocean_custom_footer_template":"0"},"product_brand":[],"product_cat":[42,36,35,21],"product_tag":[],"class_list":{"0":"post-964","1":"product","2":"type-product","3":"status-publish","4":"has-post-thumbnail","6":"product_cat-peaux-seches","7":"product_cat-soins-anti-age-et-anti-rides","8":"product_cat-soins-hydratants-et-nourrissants","9":"product_cat-visage","11":"entry","12":"has-media","14":"first","15":"instock","16":"taxable","17":"shipping-taxable","18":"purchasable","19":"product-type-simple","20":"has-product-nav","21":"col","22":"span_1_of_3","23":"owp-content-center","24":"owp-thumbs-layout-horizontal","25":"owp-btn-normal","26":"owp-tabs-layout-horizontal","27":"has-no-thumbnails"},"_links":{"self":[{"href":"https:\/\/ellypara.com\/index.php\/wp-json\/wp\/v2\/product\/964","targetHints":{"allow":["GET"]}}],"collection":[{"href":"https:\/\/ellypara.com\/index.php\/wp-json\/wp\/v2\/product"}],"about":[{"href":"https:\/\/ellypara.com\/index.php\/wp-json\/wp\/v2\/types\/product"}],"replies":[{"embeddable":true,"href":"https:\/\/ellypara.com\/index.php\/wp-json\/wp\/v2\/comments?post=964"}],"wp:featuredmedia":[{"embeddable":true,"href":"https:\/\/ellypara.com\/index.php\/wp-json\/wp\/v2\/media\/965"}],"wp:attachment":[{"href":"https:\/\/ellypara.com\/index.php\/wp-json\/wp\/v2\/media?parent=964"}],"wp:term":[{"taxonomy":"product_brand","embeddable":true,"href":"https:\/\/ellypara.com\/index.php\/wp-json\/wp\/v2\/product_brand?post=964"},{"taxonomy":"product_cat","embeddable":true,"href":"https:\/\/ellypara.com\/index.php\/wp-json\/wp\/v2\/product_cat?post=964"},{"taxonomy":"product_tag","embeddable":true,"href":"https:\/\/ellypara.com\/index.php\/wp-json\/wp\/v2\/product_tag?post=964"}],"curies":[{"name":"wp","href":"https:\/\/api.w.org\/{rel}","templated":true}]}}