{"id":968,"date":"2025-03-21T14:41:21","date_gmt":"2025-03-21T13:41:21","guid":{"rendered":"https:\/\/ellypara.com\/?post_type=product&#038;p=968"},"modified":"2025-03-21T14:41:22","modified_gmt":"2025-03-21T13:41:22","slug":"svr-densitium-trousse-cr-baume-nuit-15ml-offert","status":"publish","type":"product","link":"https:\/\/ellypara.com\/index.php\/produit\/svr-densitium-trousse-cr-baume-nuit-15ml-offert\/","title":{"rendered":"SVR DENSITIUM TROUSSE CR + BAUME NUIT 15ML OFFERT"},"content":{"rendered":"<p><strong>SVR Coffret Ma Routine Anti-\u00e2ge Globale Densitium Peaux Normales \u00e0 S\u00e8ches \u2013 cr\u00e8me correction globale 50 ml + baume nuit offert<\/strong><\/p>\n<p>Le coffret Ma routine anti-\u00e2ge globale Densitium SVR est une trousse contenant une routine anti-\u00e2ge globale destin\u00e9e aux peaux normales \u00e0 s\u00e8ches.<\/p>\n<p>&nbsp;<\/p>\n<p>\u2013\u00a0<strong>SVR Densitium Cr\u00e8me Correction Globale Redensifiante<\/strong>, Nourrissante 50 ml est une cr\u00e8me qui offre une action anti-\u00e2ge globale. Sa texture soyeuse, non grasse, non collante, l\u00e9g\u00e8rement parfum\u00e9 hydrate et apporte un confort intense \u00e0 la peau. Sa formule associe :<\/p>\n<p>De l\u2019acide hyaluronique-ultra-fragment\u00e9 qui am\u00e9liore l\u2019\u00e9lasticit\u00e9 et renforce les tissus de soutien,<br \/>\ndu bio-calcium qui restructure l\u2019\u00e9piderme et redonne de la densit\u00e9,<br \/>\ndes peptides qui restructurent les volumes cutan\u00e9s et lissent la peau,<br \/>\nle duo d\u2019acides amin\u00e9s qui r\u00e9duit la glycation, uniformise et illumine le teint.<\/p>\n<p>Redensifi\u00e9e, la peau est plus ferme, les contours du visage sont redessin\u00e9s. Unifi\u00e9e, la peau retrouve son \u00e9clat.<\/p>\n<p>&nbsp;<\/p>\n<p>\u2013\u00a0<strong>SVR Densitium Baume Nuit R\u00e9paration Globale 15 ml (Offert)<\/strong>\u00a0est un soin de nuit qui stimule le processus de r\u00e9g\u00e9n\u00e9ration cutan\u00e9e pour une action anti-\u00e2ge globale. Sa formule associe des actifs dermatologiques de r\u00e9paration globale :<\/p>\n<p>L\u2019acide hyaluronique ultra-fragment\u00e9 qui am\u00e9liore l\u2019\u00e9lasticit\u00e9 et renforce les tissus de soutien.<br \/>\nLe Bio-calcium qui restructure l\u2019\u00e9piderme et redonne de la densit\u00e9.<br \/>\nLes t\u00e9trapeptides qui stimulent les m\u00e9canismes de r\u00e9paration et r\u00e9g\u00e9n\u00e9ration de la peau, revitalisent.<br \/>\nUn duo d\u2019acides amin\u00e9s qui r\u00e9duit la glycation, uniformise et illumine le teint.<\/p>\n<p>Nuit apr\u00e8s nuit, la peau est redensifi\u00e9e et les rides sont combl\u00e9es. Au r\u00e9veil, la peau est d\u00e9fatigu\u00e9e, d\u00e9froiss\u00e9e, le teint est frais et lumineux. Sa texture douce et enveloppante, l\u00e9g\u00e8rement parfum\u00e9e nourrit, apaise et r\u00e9conforte la peau.<\/p>\n<p><strong>CONDITIONNEMENT<\/strong><\/p>\n<p>Coffret Ma routine anti-\u00e2ge globale Densitium SVR contient une cr\u00e8me correction globale 50 ml et un baume nuit offert<\/p>\n","protected":false},"excerpt":{"rendered":"<p><strong>Le coffret Ma routine anti-\u00e2ge globale Densitium SVR<\/strong> est une trousse contenant une routine anti-\u00e2ge globale destin\u00e9e aux peaux normales \u00e0 s\u00e8ches.<\/p>\n","protected":false},"featured_media":969,"comment_status":"open","ping_status":"closed","template":"","meta":{"ocean_post_layout":"","ocean_both_sidebars_style":"","ocean_both_sidebars_content_width":0,"ocean_both_sidebars_sidebars_width":0,"ocean_sidebar":"0","ocean_second_sidebar":"0","ocean_disable_margins":"enable","ocean_add_body_class":"","ocean_shortcode_before_top_bar":"","ocean_shortcode_after_top_bar":"","ocean_shortcode_before_header":"","ocean_shortcode_after_header":"","ocean_has_shortcode":"","ocean_shortcode_after_title":"","ocean_shortcode_before_footer_widgets":"","ocean_shortcode_after_footer_widgets":"","ocean_shortcode_before_footer_bottom":"","ocean_shortcode_after_footer_bottom":"","ocean_display_top_bar":"default","ocean_display_header":"default","ocean_header_style":"","ocean_center_header_left_menu":"0","ocean_custom_header_template":"0","ocean_custom_logo":0,"ocean_custom_retina_logo":0,"ocean_custom_logo_max_width":0,"ocean_custom_logo_tablet_max_width":0,"ocean_custom_logo_mobile_max_width":0,"ocean_custom_logo_max_height":0,"ocean_custom_logo_tablet_max_height":0,"ocean_custom_logo_mobile_max_height":0,"ocean_header_custom_menu":"0","ocean_menu_typo_font_family":"0","ocean_menu_typo_font_subset":"","ocean_menu_typo_font_size":0,"ocean_menu_typo_font_size_tablet":0,"ocean_menu_typo_font_size_mobile":0,"ocean_menu_typo_font_size_unit":"px","ocean_menu_typo_font_weight":"","ocean_menu_typo_font_weight_tablet":"","ocean_menu_typo_font_weight_mobile":"","ocean_menu_typo_transform":"","ocean_menu_typo_transform_tablet":"","ocean_menu_typo_transform_mobile":"","ocean_menu_typo_line_height":0,"ocean_menu_typo_line_height_tablet":0,"ocean_menu_typo_line_height_mobile":0,"ocean_menu_typo_line_height_unit":"","ocean_menu_typo_spacing":0,"ocean_menu_typo_spacing_tablet":0,"ocean_menu_typo_spacing_mobile":0,"ocean_menu_typo_spacing_unit":"","ocean_menu_link_color":"","ocean_menu_link_color_hover":"","ocean_menu_link_color_active":"","ocean_menu_link_background":"","ocean_menu_link_hover_background":"","ocean_menu_link_active_background":"","ocean_menu_social_links_bg":"","ocean_menu_social_hover_links_bg":"","ocean_menu_social_links_color":"","ocean_menu_social_hover_links_color":"","ocean_disable_title":"default","ocean_disable_heading":"default","ocean_post_title":"","ocean_post_subheading":"","ocean_post_title_style":"","ocean_post_title_background_color":"","ocean_post_title_background":0,"ocean_post_title_bg_image_position":"","ocean_post_title_bg_image_attachment":"","ocean_post_title_bg_image_repeat":"","ocean_post_title_bg_image_size":"","ocean_post_title_height":0,"ocean_post_title_bg_overlay":0.5,"ocean_post_title_bg_overlay_color":"","ocean_disable_breadcrumbs":"default","ocean_breadcrumbs_color":"","ocean_breadcrumbs_separator_color":"","ocean_breadcrumbs_links_color":"","ocean_breadcrumbs_links_hover_color":"","ocean_display_footer_widgets":"default","ocean_display_footer_bottom":"default","ocean_custom_footer_template":"0"},"product_brand":[],"product_cat":[42,36,35,21],"product_tag":[],"class_list":{"0":"post-968","1":"product","2":"type-product","3":"status-publish","4":"has-post-thumbnail","6":"product_cat-peaux-seches","7":"product_cat-soins-anti-age-et-anti-rides","8":"product_cat-soins-hydratants-et-nourrissants","9":"product_cat-visage","11":"entry","12":"has-media","14":"first","15":"instock","16":"taxable","17":"shipping-taxable","18":"purchasable","19":"product-type-simple","20":"has-product-nav","21":"col","22":"span_1_of_3","23":"owp-content-center","24":"owp-thumbs-layout-horizontal","25":"owp-btn-normal","26":"owp-tabs-layout-horizontal","27":"has-no-thumbnails"},"_links":{"self":[{"href":"https:\/\/ellypara.com\/index.php\/wp-json\/wp\/v2\/product\/968","targetHints":{"allow":["GET"]}}],"collection":[{"href":"https:\/\/ellypara.com\/index.php\/wp-json\/wp\/v2\/product"}],"about":[{"href":"https:\/\/ellypara.com\/index.php\/wp-json\/wp\/v2\/types\/product"}],"replies":[{"embeddable":true,"href":"https:\/\/ellypara.com\/index.php\/wp-json\/wp\/v2\/comments?post=968"}],"wp:featuredmedia":[{"embeddable":true,"href":"https:\/\/ellypara.com\/index.php\/wp-json\/wp\/v2\/media\/969"}],"wp:attachment":[{"href":"https:\/\/ellypara.com\/index.php\/wp-json\/wp\/v2\/media?parent=968"}],"wp:term":[{"taxonomy":"product_brand","embeddable":true,"href":"https:\/\/ellypara.com\/index.php\/wp-json\/wp\/v2\/product_brand?post=968"},{"taxonomy":"product_cat","embeddable":true,"href":"https:\/\/ellypara.com\/index.php\/wp-json\/wp\/v2\/product_cat?post=968"},{"taxonomy":"product_tag","embeddable":true,"href":"https:\/\/ellypara.com\/index.php\/wp-json\/wp\/v2\/product_tag?post=968"}],"curies":[{"name":"wp","href":"https:\/\/api.w.org\/{rel}","templated":true}]}}