{"id":97,"date":"2024-11-28T12:10:40","date_gmt":"2024-11-28T11:10:40","guid":{"rendered":"http:\/\/ellypara.com\/?post_type=product&#038;p=97"},"modified":"2025-02-01T17:33:47","modified_gmt":"2025-02-01T16:33:47","slug":"97","status":"publish","type":"product","link":"https:\/\/ellypara.com\/index.php\/produit\/97\/","title":{"rendered":"SVR Sun Secure Blur SPF50+ 50ml"},"content":{"rendered":"<p>SVR Sun Secure Blur\u00a0 SPF50+ 50ml c\u2019est l\u2019association parfaite de 2 produits : une haute protection solaire SPF50+ et une mousse.<\/p>\n<p>Elle offre une tr\u00e8s haute protection dermatologique int\u00e9grant cette nouvelle association de filtre brevet\u00e9e respectueuse de l\u2019environnement marin.<\/p>\n<p>Elle permet de prot\u00e9ger du soleil, de flouter les imperfections, d\u2019unifier le teint et de laisser une peau lisse et velout\u00e9e.<\/p>\n<p>Sa mousse abricot\u00e9e fond instantan\u00e9ment sur la peau et devient invisible pour un effet peau nue. Les imperfections sont flout\u00e9es, le teint liss\u00e9 et unifi\u00e9, la peau incroyablement velout\u00e9e. Comme une base de maquillage, la protection en plus.<\/p>\n<p>Les imperfections du\u00a0visage\u00a0sont flout\u00e9es, le teint est liss\u00e9 et unifi\u00e9, la peau est velout\u00e9e. Son parfum estival est absolument d\u00e9licieux.<\/p>\n<p>&nbsp;<\/p>\n<p><strong>Indications :<\/strong><\/p>\n<p>Pour toutes les peaux sensibles.<\/p>\n<p>Convient aux adolescents et aux adultes.<\/p>\n<p>Protection solaire pour le visage.<\/p>\n<p>&nbsp;<\/p>\n<p><strong>Conseils d\u2019utilisation :<\/strong><\/p>\n<p>Appliquer une noisette de produit. La r\u00e9partir sur toutes les zones du visage et l\u2019\u00e9tirer comme une base de maquillage.<\/p>\n<p>Appliquer le matin et avant chaque exposition au soleil sur le visage. Renouveler fr\u00e9quemment lors d\u2019exposition prolong\u00e9e.<\/p>\n<p>Appliquer g\u00e9n\u00e9reusement et uniform\u00e9ment avant l\u2019exposition pour bien couvrir la surface expos\u00e9e. R\u00e9duire cette quantit\u00e9 diminue nettement le niveau de protection. Un produit solaire ne prot\u00e8ge jamais totalement. Renouveler fr\u00e9quemment l\u2019application pour maintenir la protection, surtout apr\u00e8s avoir transpir\u00e9, avoir nag\u00e9 ou s\u2019\u00eatre essuy\u00e9. Eviter l\u2019exposition solaire aux heures d\u2019ensoleillement maximales (entre 12 et 16h), sinon pr\u00e9voir une protection vestimentaire. Les coups de soleil sont dangereux, surtout chez l\u2019enfant. Utiliser des produits de protection solaire appropri\u00e9s \u00e0 votre type de peau. L\u2019utilisation de ce produit ne doit pas inciter \u00e0 s\u2019exposer longtemps au soleil. L\u2019abus de soleil est dangereux. Ne pas exposer les b\u00e9b\u00e9s et les jeunes enfants directement au soleil. Toujours utiliser des v\u00eatements de protection pour votre b\u00e9b\u00e9 et appliquer la protection solaire uniquement sur les zones expos\u00e9es.<\/p>\n<p>&nbsp;<\/p>\n<p><strong>Composition :<\/strong><\/p>\n<p>Aqua\/water\/eau, silica, isododecane, diethylamino hydroxybenzoyl hexyl benzoate, diisopropyl adipate, isopropyl lauroyl sarcosinate, ethylhexyl triazone, beheneth-25, diethylhexyl butamido triazone, bis-ethylhexyloxyphenol methoxyphenyl triazine, coco-caprylate\/caprate, dimethicone\/bis-isobutyl ppg-20 crosspolymer, pentylene glycol, cetearyl alcohol, 1,2-hexanediol, niacinamide, coco-glucoside, sodium polyacrylate starch, ethylhexylglycerin, caprylyl glycol, parfum (fragrance), glycerin, tocopherol, ci 77492 (iron oxides), glycine soja (soybean) oil, lecithin, ci 15850 (red 6), lepidium sativum sprout extract, triethoxycaprylylsilane.<\/p>\n<p><strong>Conditionnement :<\/strong><\/p>\n<p>1 tube de 50ml.<\/p>\n","protected":false},"excerpt":{"rendered":"<p><strong>Svr Sun Secure Blur SPF50+ 50ml<\/strong>\u00a0est une Protection solaire \u00e0 large spectre \u00e0 la\u00a0<strong>texture mousse<\/strong>\u00a0qui prot\u00e8ge la peau du rayonnement solaire, gr\u00e2ce \u00e0 l\u2019association brevet\u00e9e de\u00a0<strong>4 filtres solaires organiques<\/strong>, photostables, qui forme une protection physique en surface.<\/p>\n","protected":false},"featured_media":96,"comment_status":"open","ping_status":"closed","template":"","meta":{"ocean_post_layout":"","ocean_both_sidebars_style":"","ocean_both_sidebars_content_width":0,"ocean_both_sidebars_sidebars_width":0,"ocean_sidebar":"0","ocean_second_sidebar":"0","ocean_disable_margins":"enable","ocean_add_body_class":"","ocean_shortcode_before_top_bar":"","ocean_shortcode_after_top_bar":"","ocean_shortcode_before_header":"","ocean_shortcode_after_header":"","ocean_has_shortcode":"","ocean_shortcode_after_title":"","ocean_shortcode_before_footer_widgets":"","ocean_shortcode_after_footer_widgets":"","ocean_shortcode_before_footer_bottom":"","ocean_shortcode_after_footer_bottom":"","ocean_display_top_bar":"default","ocean_display_header":"default","ocean_header_style":"","ocean_center_header_left_menu":"0","ocean_custom_header_template":"0","ocean_custom_logo":0,"ocean_custom_retina_logo":0,"ocean_custom_logo_max_width":0,"ocean_custom_logo_tablet_max_width":0,"ocean_custom_logo_mobile_max_width":0,"ocean_custom_logo_max_height":0,"ocean_custom_logo_tablet_max_height":0,"ocean_custom_logo_mobile_max_height":0,"ocean_header_custom_menu":"0","ocean_menu_typo_font_family":"0","ocean_menu_typo_font_subset":"","ocean_menu_typo_font_size":0,"ocean_menu_typo_font_size_tablet":0,"ocean_menu_typo_font_size_mobile":0,"ocean_menu_typo_font_size_unit":"px","ocean_menu_typo_font_weight":"","ocean_menu_typo_font_weight_tablet":"","ocean_menu_typo_font_weight_mobile":"","ocean_menu_typo_transform":"","ocean_menu_typo_transform_tablet":"","ocean_menu_typo_transform_mobile":"","ocean_menu_typo_line_height":0,"ocean_menu_typo_line_height_tablet":0,"ocean_menu_typo_line_height_mobile":0,"ocean_menu_typo_line_height_unit":"","ocean_menu_typo_spacing":0,"ocean_menu_typo_spacing_tablet":0,"ocean_menu_typo_spacing_mobile":0,"ocean_menu_typo_spacing_unit":"","ocean_menu_link_color":"","ocean_menu_link_color_hover":"","ocean_menu_link_color_active":"","ocean_menu_link_background":"","ocean_menu_link_hover_background":"","ocean_menu_link_active_background":"","ocean_menu_social_links_bg":"","ocean_menu_social_hover_links_bg":"","ocean_menu_social_links_color":"","ocean_menu_social_hover_links_color":"","ocean_disable_title":"default","ocean_disable_heading":"default","ocean_post_title":"","ocean_post_subheading":"","ocean_post_title_style":"","ocean_post_title_background_color":"","ocean_post_title_background":0,"ocean_post_title_bg_image_position":"","ocean_post_title_bg_image_attachment":"","ocean_post_title_bg_image_repeat":"","ocean_post_title_bg_image_size":"","ocean_post_title_height":0,"ocean_post_title_bg_overlay":0.5,"ocean_post_title_bg_overlay_color":"","ocean_disable_breadcrumbs":"default","ocean_breadcrumbs_color":"","ocean_breadcrumbs_separator_color":"","ocean_breadcrumbs_links_color":"","ocean_breadcrumbs_links_hover_color":"","ocean_display_footer_widgets":"default","ocean_display_footer_bottom":"default","ocean_custom_footer_template":"0"},"product_brand":[],"product_cat":[76,72,20],"product_tag":[27],"class_list":{"0":"post-97","1":"product","2":"type-product","3":"status-publish","4":"has-post-thumbnail","6":"product_cat-peaux-mixtes-a-grasses","7":"product_cat-protection-solaire-solaire","8":"product_cat-solaire","9":"product_tag-visage","11":"entry","12":"has-media","14":"first","15":"instock","16":"sale","17":"taxable","18":"shipping-taxable","19":"purchasable","20":"product-type-simple","21":"has-product-nav","22":"col","23":"span_1_of_3","24":"owp-content-center","25":"owp-thumbs-layout-horizontal","26":"owp-btn-normal","27":"owp-tabs-layout-horizontal"},"_links":{"self":[{"href":"https:\/\/ellypara.com\/index.php\/wp-json\/wp\/v2\/product\/97","targetHints":{"allow":["GET"]}}],"collection":[{"href":"https:\/\/ellypara.com\/index.php\/wp-json\/wp\/v2\/product"}],"about":[{"href":"https:\/\/ellypara.com\/index.php\/wp-json\/wp\/v2\/types\/product"}],"replies":[{"embeddable":true,"href":"https:\/\/ellypara.com\/index.php\/wp-json\/wp\/v2\/comments?post=97"}],"wp:featuredmedia":[{"embeddable":true,"href":"https:\/\/ellypara.com\/index.php\/wp-json\/wp\/v2\/media\/96"}],"wp:attachment":[{"href":"https:\/\/ellypara.com\/index.php\/wp-json\/wp\/v2\/media?parent=97"}],"wp:term":[{"taxonomy":"product_brand","embeddable":true,"href":"https:\/\/ellypara.com\/index.php\/wp-json\/wp\/v2\/product_brand?post=97"},{"taxonomy":"product_cat","embeddable":true,"href":"https:\/\/ellypara.com\/index.php\/wp-json\/wp\/v2\/product_cat?post=97"},{"taxonomy":"product_tag","embeddable":true,"href":"https:\/\/ellypara.com\/index.php\/wp-json\/wp\/v2\/product_tag?post=97"}],"curies":[{"name":"wp","href":"https:\/\/api.w.org\/{rel}","templated":true}]}}