{"id":970,"date":"2025-03-21T14:57:51","date_gmt":"2025-03-21T13:57:51","guid":{"rendered":"https:\/\/ellypara.com\/?post_type=product&#038;p=970"},"modified":"2025-03-21T14:57:52","modified_gmt":"2025-03-21T13:57:52","slug":"svr-ecran-ak-secure-dm-spf50-50ml","status":"publish","type":"product","link":"https:\/\/ellypara.com\/index.php\/produit\/svr-ecran-ak-secure-dm-spf50-50ml\/","title":{"rendered":"SVR ECRAN AK SECURE DM SPF50+ 50ML"},"content":{"rendered":"<p><strong>SVR AK Secure DM Protect 50ml<\/strong>\u00a0prot\u00e8ge la peau contre les effets n\u00e9fastes des rayons ultraviolets.<\/p>\n<p>Il a \u00e9t\u00e9 formul\u00e9 pour lutter contre les k\u00e9ratoses actiniques et les cancers de la peau (non m\u00e9lanomes).<\/p>\n<p>Les plus de ce produit solaire ? Texture fluide, touch\u00e9 sec et fini invisible !<\/p>\n<p><strong>Indications :<\/strong><\/p>\n<p>Soin de protection solaire pour les peaux hypersensibles au soleil ou \u00e0 risque.<\/p>\n<p><strong>Conseils d\u2019utilisation :<\/strong><\/p>\n<p>Appliquer uniform\u00e9ment sur la peau et renouveler r\u00e9guli\u00e8rement l\u2019application (notamment apr\u00e8s s\u2019\u00eatre baign\u00e9 ou avoir transpir\u00e9).<\/p>\n<p>\u00c9viter le contact avec les yeux et avec les muqueuses.<\/p>\n<p>&nbsp;<\/p>\n<p><strong>Composition :<\/strong><\/p>\n<p>Aqua (purified water), dicaprylyl carbonate, ethylhexyl methoxycinnamate, methylene bis-benzotriazolyl tetramethylbutylphenol [nano], silica, dimethicone, diisopropyl adipate, butyl methoxydibenzoylmethane, diethylamino hydroxybenzoyl hexyl benzoate, cetearyl alcohol, bis-ethylhexyloxyphenol methoxyphenyl triazine, ethylhexyl triazone, ceteareth-20, niacinamide, pentylene glycol, polyester-7, cetearyl dimethicone crosspolymer, arabidopsis thaliana extract, beta-carotene,e caprylhydroxamic acid, daucus carota sativa carrot (root) extract, decyl glucoside, glycine soja (soybean) oil, hydrogenated phosphatidylcholine, lecithin, lepidium sativum sprout extract, microcroccus lysate, phenethyl alcohol, glycerin, tocopherol, tocopheryl acetate, 1-2-hexanediol, caprylyl glycol, citric acid, disodium edta, hydroxyethyl acrylate\/sodium acryloyldimethyl taurate copolymer, lysolecithin, neopentyl glycol, diheptanoate, polysorbate-60, sorbitan isostearate, xanthan gum, phenoxyethanol.<\/p>\n<p><strong>Conditionnement :<\/strong><\/p>\n<p>1 flacon-pompe de 50ml.<\/p>\n","protected":false},"excerpt":{"rendered":"<p><strong>SVR AK Secure DM Protect 50 ml<\/strong> est un dispositif m\u00e9dical qui permet de pr\u00e9venir des cancers cutan\u00e9s non m\u00e9lanomes et des k\u00e9ratoses actiniques (AK).<\/p>\n","protected":false},"featured_media":971,"comment_status":"open","ping_status":"closed","template":"","meta":{"ocean_post_layout":"","ocean_both_sidebars_style":"","ocean_both_sidebars_content_width":0,"ocean_both_sidebars_sidebars_width":0,"ocean_sidebar":"0","ocean_second_sidebar":"0","ocean_disable_margins":"enable","ocean_add_body_class":"","ocean_shortcode_before_top_bar":"","ocean_shortcode_after_top_bar":"","ocean_shortcode_before_header":"","ocean_shortcode_after_header":"","ocean_has_shortcode":"","ocean_shortcode_after_title":"","ocean_shortcode_before_footer_widgets":"","ocean_shortcode_after_footer_widgets":"","ocean_shortcode_before_footer_bottom":"","ocean_shortcode_after_footer_bottom":"","ocean_display_top_bar":"default","ocean_display_header":"default","ocean_header_style":"","ocean_center_header_left_menu":"0","ocean_custom_header_template":"0","ocean_custom_logo":0,"ocean_custom_retina_logo":0,"ocean_custom_logo_max_width":0,"ocean_custom_logo_tablet_max_width":0,"ocean_custom_logo_mobile_max_width":0,"ocean_custom_logo_max_height":0,"ocean_custom_logo_tablet_max_height":0,"ocean_custom_logo_mobile_max_height":0,"ocean_header_custom_menu":"0","ocean_menu_typo_font_family":"0","ocean_menu_typo_font_subset":"","ocean_menu_typo_font_size":0,"ocean_menu_typo_font_size_tablet":0,"ocean_menu_typo_font_size_mobile":0,"ocean_menu_typo_font_size_unit":"px","ocean_menu_typo_font_weight":"","ocean_menu_typo_font_weight_tablet":"","ocean_menu_typo_font_weight_mobile":"","ocean_menu_typo_transform":"","ocean_menu_typo_transform_tablet":"","ocean_menu_typo_transform_mobile":"","ocean_menu_typo_line_height":0,"ocean_menu_typo_line_height_tablet":0,"ocean_menu_typo_line_height_mobile":0,"ocean_menu_typo_line_height_unit":"","ocean_menu_typo_spacing":0,"ocean_menu_typo_spacing_tablet":0,"ocean_menu_typo_spacing_mobile":0,"ocean_menu_typo_spacing_unit":"","ocean_menu_link_color":"","ocean_menu_link_color_hover":"","ocean_menu_link_color_active":"","ocean_menu_link_background":"","ocean_menu_link_hover_background":"","ocean_menu_link_active_background":"","ocean_menu_social_links_bg":"","ocean_menu_social_hover_links_bg":"","ocean_menu_social_links_color":"","ocean_menu_social_hover_links_color":"","ocean_disable_title":"default","ocean_disable_heading":"default","ocean_post_title":"","ocean_post_subheading":"","ocean_post_title_style":"","ocean_post_title_background_color":"","ocean_post_title_background":0,"ocean_post_title_bg_image_position":"","ocean_post_title_bg_image_attachment":"","ocean_post_title_bg_image_repeat":"","ocean_post_title_bg_image_size":"","ocean_post_title_height":0,"ocean_post_title_bg_overlay":0.5,"ocean_post_title_bg_overlay_color":"","ocean_disable_breadcrumbs":"default","ocean_breadcrumbs_color":"","ocean_breadcrumbs_separator_color":"","ocean_breadcrumbs_links_color":"","ocean_breadcrumbs_links_hover_color":"","ocean_display_footer_widgets":"default","ocean_display_footer_bottom":"default","ocean_custom_footer_template":"0"},"product_brand":[],"product_cat":[26,76,72,20],"product_tag":[],"class_list":{"0":"post-970","1":"product","2":"type-product","3":"status-publish","4":"has-post-thumbnail","6":"product_cat-promo","7":"product_cat-peaux-mixtes-a-grasses","8":"product_cat-protection-solaire-solaire","9":"product_cat-solaire","11":"entry","12":"has-media","14":"first","15":"instock","16":"sale","17":"taxable","18":"shipping-taxable","19":"purchasable","20":"product-type-simple","21":"has-product-nav","22":"col","23":"span_1_of_3","24":"owp-content-center","25":"owp-thumbs-layout-horizontal","26":"owp-btn-normal","27":"owp-tabs-layout-horizontal"},"_links":{"self":[{"href":"https:\/\/ellypara.com\/index.php\/wp-json\/wp\/v2\/product\/970","targetHints":{"allow":["GET"]}}],"collection":[{"href":"https:\/\/ellypara.com\/index.php\/wp-json\/wp\/v2\/product"}],"about":[{"href":"https:\/\/ellypara.com\/index.php\/wp-json\/wp\/v2\/types\/product"}],"replies":[{"embeddable":true,"href":"https:\/\/ellypara.com\/index.php\/wp-json\/wp\/v2\/comments?post=970"}],"wp:featuredmedia":[{"embeddable":true,"href":"https:\/\/ellypara.com\/index.php\/wp-json\/wp\/v2\/media\/971"}],"wp:attachment":[{"href":"https:\/\/ellypara.com\/index.php\/wp-json\/wp\/v2\/media?parent=970"}],"wp:term":[{"taxonomy":"product_brand","embeddable":true,"href":"https:\/\/ellypara.com\/index.php\/wp-json\/wp\/v2\/product_brand?post=970"},{"taxonomy":"product_cat","embeddable":true,"href":"https:\/\/ellypara.com\/index.php\/wp-json\/wp\/v2\/product_cat?post=970"},{"taxonomy":"product_tag","embeddable":true,"href":"https:\/\/ellypara.com\/index.php\/wp-json\/wp\/v2\/product_tag?post=970"}],"curies":[{"name":"wp","href":"https:\/\/api.w.org\/{rel}","templated":true}]}}