{"id":974,"date":"2025-03-21T15:15:48","date_gmt":"2025-03-21T14:15:48","guid":{"rendered":"https:\/\/ellypara.com\/?post_type=product&#038;p=974"},"modified":"2025-05-08T13:45:44","modified_gmt":"2025-05-08T11:45:44","slug":"svr-ecran-clairial-cc-cr-light-spf50-40ml","status":"publish","type":"product","link":"https:\/\/ellypara.com\/index.php\/produit\/svr-ecran-clairial-cc-cr-light-spf50-40ml\/","title":{"rendered":"SVR Clairial CC Cr\u00e8me Light SPF50+ 40ml"},"content":{"rendered":"<p><strong>SVR Clairial CC Cr\u00e8me Light<\/strong>\u00a0correctrice de couleur avec des filtres de tr\u00e8s haute protection solaire. Aide \u00e0 pr\u00e9venir l\u2019apparition de taches solaires sur la peau. Formul\u00e9 avec un complexe d\u00e9pigmentant qui aide \u00e0 estomper les taches existantes et \u00e9mergentes et des b\u00eata-carot\u00e8nes antioxydants qui prot\u00e8gent et nourrissent la peau. Avec une tol\u00e9rance optimale pour la peau. Convient aux peaux sensibles. Non-com\u00e9dog\u00e8ne. Hypoallerg\u00e9nique.<\/p>\n<p><strong>Mode d\u2019emploi<\/strong><\/p>\n<p>Appliquer\u00a0<strong>SVR Clairial CC Cr\u00e8me Light<\/strong>\u00a0sur la peau en massages doux, chaque matin et avant l\u2019exposition au soleil.<\/p>\n<p><strong>Composition<\/strong><\/p>\n<p>AQUA EAU PURIFI\u00c9E, BENZOATE DE DI\u00c9THYLAMINO HYDROXYBENZOYL HEXYLE, ADIPATE DE DIISOPROPYLE, M\u00c9THOXYCINNAMATE D\u2019\u00c9THYLHEXYLE, POLYM\u00c8RE CROIS\u00c9 DE M\u00c9THACRYLATE DE M\u00c9THYLE, ALCOOL C\u00c9T\u00c9ARYLIQUE, M\u00c9THOXYPH\u00c9NYL TRIAZINE DE BIS\u00c9THYLHEXYLOXYPH\u00c9NOL, BENZOATE D\u2019ALKYLE C1215, SILICE, CETEARETH20, DIM\u00c9THICONE, ETHYLHEXYL TRIAZONE, PROPANEDIOL, CAPRYLICCAPRIC TRIGLYCERIDE, POLYMETHYL METHACRYLATE, BUTYLENE GLYCOL, GLYCERIN, PHENYLBENZIMIDAZOLE SULFONIC ACID, AMINOMETHYL PROPANOL, ARGININE, BENTONITE, BETACAROTENE, CAPRYLHYDROXAMIC ACID, CETEARYL DIMETHICONE CROSSPOLYMER, CI 15850, EXTRAIT DE RACINE DE CAROTTE DAUCUS CAROTA SATIVA, \u00c9THYLHEXYL FERULATE, HUILE DE SOJA GLYCINE, PHOSPHATIDYLCHOLINE HYDROG\u00c9N\u00c9E, L\u00c9CITHINE, ALCOOL PH\u00c9N\u00c9THYLIQUE, EXTRAIT DE PLANCTON, DIAC\u00c9TYL BOLDINE, SQUALANE, TOCOPH\u00c9ROL, AC\u00c9TATE DE TOCOPH\u00c9ROL, UNDECYLENOYL PH\u00c9NYLALANINE, 1,2HEXANEDIOL, CAPRYLYL GLYCOL, ACIDE CITRIQUE, EDTA DISODIQUE, COPOLYM\u00c8RE HYDROXY\u00c9THYL ACRYLATESODIUM ACRYLOYLDIM\u00c9THYL TAURATE, LYSOL\u00c9CITHINE, PENTYL\u00c8NE GLYCOL, POLYSORBATE 60, HYDROXYDE DE SODIUM, LAURETH SULFATE DE SODIUM, ISOST\u00c9ARATE DE SORBITAN, TRI\u00c9THOXYCAPRYLYLSILANE, GOMME DE XANTHANE, PARFUM, CI 77891.<\/p>\n<p><strong>Conseil Pharmaceutique SVR Clairial CC Cr\u00e8me Light<\/strong><\/p>\n<p>Saviez-vous qu\u2019il existe plusieurs types de taches sur le visage ? Lorsque nous parlons de taches, nous parlons de zones de la peau qui accumulent de la m\u00e9lanine. Il peut s\u2019agir des lentigos solaires qui sont les plus courants, de m\u00e9lasma (\u00e9galement appel\u00e9 cloasma qui se produit g\u00e9n\u00e9ralement pendant la grossesse) ou de k\u00e9ratose actinique (associ\u00e9e au vieillissement et signe des dommages solaires cumul\u00e9s). La prise de certains m\u00e9dicaments, tels que les contraceptifs hormonaux, peut augmenter leur apparition.<\/p>\n<p>En tout premier lieu, le plus important est d\u2019utiliser une protection solaire, plus particuli\u00e8rement avec indice SPF50, lors de votre routine faciale quotidienne. Il est \u00e9galement conseill\u00e9 d\u2019\u00e9viter de s\u2019exposer lors des heures les plus ensoleill\u00e9es et de se prot\u00e9ger du soleil en portant un chapeau, des lunettes de soleil, etc.<\/p>\n<p>Nous vous recommandons de suivre une routine avec des produits cosm\u00e9tiques qui aident \u00e0 minimiser l\u2019apparence des taches, et emp\u00eachent qu\u2019elles se d\u00e9veloppent ou s\u2019assombrissent. Les actifs phares contre les taches sont l\u2019acide potassique, la vitamine C, l\u2019acide tranexamique, le glycolique, la niacinamide\u2026<\/p>\n<p>Vous pouvez, par exemple, commencer votre routine en appliquant un s\u00e9rum anti-taches avant votre cr\u00e8me habituelle. En g\u00e9n\u00e9ral, ces produits contiennent des ingr\u00e9dients exfoliants et d\u00e9pigmentants qui att\u00e9nuent la coloration des taches et unifient le ton. Pouvant \u00eatre photosensibilisants, il est conseill\u00e9 de suivre ces traitements en automne et en hiver. En \u00e9t\u00e9, il convient de continuer, \u00e0 condition de bien vous prot\u00e9ger du soleil et d\u2019utiliser des produits bien tol\u00e9r\u00e9s par votre peau ou moins concentr\u00e9s.<\/p>\n<p>Enfin, si vous ne connaissez pas la cause de vos taches ou si vous remarquez une apparence inhabituelle, nous vous recommandons de consulter un dermatologue, et plus encore, si votre peau pr\u00e9sente des k\u00e9ratoses actiniques et\/ou de nombreux n\u00e6vus (grains de beaut\u00e9).<\/p>\n","protected":false},"excerpt":{"rendered":"<p><strong>SVR Clairial CC Cr\u00e8me Light<\/strong> poss\u00e8de une double action anti-taches en prot\u00e9geant la peau contre les UVA, UVB &amp; lumi\u00e8re visible + unifie instantan\u00e9ment le teint.<\/p>\n","protected":false},"featured_media":975,"comment_status":"open","ping_status":"closed","template":"","meta":{"ocean_post_layout":"","ocean_both_sidebars_style":"","ocean_both_sidebars_content_width":0,"ocean_both_sidebars_sidebars_width":0,"ocean_sidebar":"0","ocean_second_sidebar":"0","ocean_disable_margins":"enable","ocean_add_body_class":"","ocean_shortcode_before_top_bar":"","ocean_shortcode_after_top_bar":"","ocean_shortcode_before_header":"","ocean_shortcode_after_header":"","ocean_has_shortcode":"","ocean_shortcode_after_title":"","ocean_shortcode_before_footer_widgets":"","ocean_shortcode_after_footer_widgets":"","ocean_shortcode_before_footer_bottom":"","ocean_shortcode_after_footer_bottom":"","ocean_display_top_bar":"default","ocean_display_header":"default","ocean_header_style":"","ocean_center_header_left_menu":"0","ocean_custom_header_template":"0","ocean_custom_logo":0,"ocean_custom_retina_logo":0,"ocean_custom_logo_max_width":0,"ocean_custom_logo_tablet_max_width":0,"ocean_custom_logo_mobile_max_width":0,"ocean_custom_logo_max_height":0,"ocean_custom_logo_tablet_max_height":0,"ocean_custom_logo_mobile_max_height":0,"ocean_header_custom_menu":"0","ocean_menu_typo_font_family":"0","ocean_menu_typo_font_subset":"","ocean_menu_typo_font_size":0,"ocean_menu_typo_font_size_tablet":0,"ocean_menu_typo_font_size_mobile":0,"ocean_menu_typo_font_size_unit":"px","ocean_menu_typo_font_weight":"","ocean_menu_typo_font_weight_tablet":"","ocean_menu_typo_font_weight_mobile":"","ocean_menu_typo_transform":"","ocean_menu_typo_transform_tablet":"","ocean_menu_typo_transform_mobile":"","ocean_menu_typo_line_height":0,"ocean_menu_typo_line_height_tablet":0,"ocean_menu_typo_line_height_mobile":0,"ocean_menu_typo_line_height_unit":"","ocean_menu_typo_spacing":0,"ocean_menu_typo_spacing_tablet":0,"ocean_menu_typo_spacing_mobile":0,"ocean_menu_typo_spacing_unit":"","ocean_menu_link_color":"","ocean_menu_link_color_hover":"","ocean_menu_link_color_active":"","ocean_menu_link_background":"","ocean_menu_link_hover_background":"","ocean_menu_link_active_background":"","ocean_menu_social_links_bg":"","ocean_menu_social_hover_links_bg":"","ocean_menu_social_links_color":"","ocean_menu_social_hover_links_color":"","ocean_disable_title":"default","ocean_disable_heading":"default","ocean_post_title":"","ocean_post_subheading":"","ocean_post_title_style":"","ocean_post_title_background_color":"","ocean_post_title_background":0,"ocean_post_title_bg_image_position":"","ocean_post_title_bg_image_attachment":"","ocean_post_title_bg_image_repeat":"","ocean_post_title_bg_image_size":"","ocean_post_title_height":0,"ocean_post_title_bg_overlay":0.5,"ocean_post_title_bg_overlay_color":"","ocean_disable_breadcrumbs":"default","ocean_breadcrumbs_color":"","ocean_breadcrumbs_separator_color":"","ocean_breadcrumbs_links_color":"","ocean_breadcrumbs_links_hover_color":"","ocean_display_footer_widgets":"default","ocean_display_footer_bottom":"default","ocean_custom_footer_template":"0"},"product_brand":[],"product_cat":[71,20],"product_tag":[],"class_list":{"0":"post-974","1":"product","2":"type-product","3":"status-publish","4":"has-post-thumbnail","6":"product_cat-cremes-solaires","7":"product_cat-solaire","9":"entry","10":"has-media","12":"first","13":"instock","14":"taxable","15":"shipping-taxable","16":"purchasable","17":"product-type-simple","18":"has-product-nav","19":"col","20":"span_1_of_3","21":"owp-content-center","22":"owp-thumbs-layout-horizontal","23":"owp-btn-normal","24":"owp-tabs-layout-horizontal"},"_links":{"self":[{"href":"https:\/\/ellypara.com\/index.php\/wp-json\/wp\/v2\/product\/974","targetHints":{"allow":["GET"]}}],"collection":[{"href":"https:\/\/ellypara.com\/index.php\/wp-json\/wp\/v2\/product"}],"about":[{"href":"https:\/\/ellypara.com\/index.php\/wp-json\/wp\/v2\/types\/product"}],"replies":[{"embeddable":true,"href":"https:\/\/ellypara.com\/index.php\/wp-json\/wp\/v2\/comments?post=974"}],"wp:featuredmedia":[{"embeddable":true,"href":"https:\/\/ellypara.com\/index.php\/wp-json\/wp\/v2\/media\/975"}],"wp:attachment":[{"href":"https:\/\/ellypara.com\/index.php\/wp-json\/wp\/v2\/media?parent=974"}],"wp:term":[{"taxonomy":"product_brand","embeddable":true,"href":"https:\/\/ellypara.com\/index.php\/wp-json\/wp\/v2\/product_brand?post=974"},{"taxonomy":"product_cat","embeddable":true,"href":"https:\/\/ellypara.com\/index.php\/wp-json\/wp\/v2\/product_cat?post=974"},{"taxonomy":"product_tag","embeddable":true,"href":"https:\/\/ellypara.com\/index.php\/wp-json\/wp\/v2\/product_tag?post=974"}],"curies":[{"name":"wp","href":"https:\/\/api.w.org\/{rel}","templated":true}]}}