{"id":980,"date":"2025-03-24T14:20:09","date_gmt":"2025-03-24T13:20:09","guid":{"rendered":"https:\/\/ellypara.com\/?post_type=product&#038;p=980"},"modified":"2025-03-24T14:20:09","modified_gmt":"2025-03-24T13:20:09","slug":"svr-ecran-cr-cicavit-spf50-40ml","status":"publish","type":"product","link":"https:\/\/ellypara.com\/index.php\/produit\/svr-ecran-cr-cicavit-spf50-40ml\/","title":{"rendered":"SVR ECRAN CR CICAVIT+ SPF50+ 40ML"},"content":{"rendered":"<p>Le\u00a0<strong>SVR Cicavit+ Cr\u00e8me SPF50+ 40ml<\/strong>\u00a0est un soin complet pour r\u00e9parer les peaux ab\u00eem\u00e9es et irrit\u00e9es de toute la famille.<\/p>\n<p>En plus de son effet apaisant et r\u00e9parateur cutan\u00e9, cette cr\u00e8me est anti-marques, anti-irritations,\u00a0anti-rougeurs, le soin SOS tout en 1 \u00e0 avoir sous la main.<\/p>\n<p>Formul\u00e9 avec les meilleurs actifs dermatologiques et d\u2019une haute protection SPF50+ elle prot\u00e8ge et restaure l\u2019\u00e9quilibre de la flore cutan\u00e9e.<\/p>\n<p><strong>Indications :<\/strong><\/p>\n<p>S\u00e9cheresses, rougeurs<br \/>\n\u00c9chauffement, coup de soleil<br \/>\nEpilation, rasage<br \/>\nTatouage, post-actes dermatologiques (peeling)<br \/>\nGer\u00e7ures<\/p>\n<p><strong>Conseils d\u2019utilisation :<\/strong><\/p>\n<p>A appliquer sur les zones concern\u00e9es jusqu\u2019\u00e0 2 fois par jour.<\/p>\n<p><strong>Composition :<\/strong><\/p>\n<p>Aqua (purified water), dicaprylyl carbonate, diethylamino hydroxybenzoyl hexyl benzoate, diethylhexyl butamido triazone, diisopropyl adipate, silica, cetearyl alcohol, bis-ethylhexyloxyphenol methoxyphenyl triazine, ceteareth-20, ethylhexyl triazone, dimethicone, niacinamide, polymethyl methacrylate, pentylene glycol, polyester-7, aminomethyl propanol, beta-carotene, beta-sitosterol, cetearyl dimethicone crosspolymer, daucus carota sativa (carrot) root extract, glycine soja (soybean) oil, hydrogenated phosphatidylcholine, lecithin, lepidium sativum sprout extract, squalene, alpha-glucan oligosaccharide, caffeyl glucoside, disodium acetyl glucosamine phosphate, glucose, glycerin, phytic acid, rhamnose, tocopherol, tocopheryl acetate, 1,2-hexanediol, caprylic\/capric triglyceride, caprylyl glycol, citric acid, glucuronic acid, hydroxyethyl acrylate\/sodium acryloyldimethyl taurate copolymer, lysolecithin, neopentyl glycol diheptanoate, polysorbate 60, propanediol, sodium laureth sulfate, sorbitan isostearate, xanthan gum, potassium sorbate, sodium benzoate.<\/p>\n<p><strong>Conditionnement :<\/strong><\/p>\n<p>1 tube de 40ml.<\/p>\n","protected":false},"excerpt":{"rendered":"<p><strong>CICAVIT+ Cr\u00e8me SPF50+<\/strong> est un soin apaisant intense qui acc\u00e9l\u00e8re la r\u00e9paration cutan\u00e9e X7 et cible tous les types de rayons pour limiter les risques de marques rouges et brunes.<\/p>\n","protected":false},"featured_media":981,"comment_status":"open","ping_status":"closed","template":"","meta":{"ocean_post_layout":"","ocean_both_sidebars_style":"","ocean_both_sidebars_content_width":0,"ocean_both_sidebars_sidebars_width":0,"ocean_sidebar":"0","ocean_second_sidebar":"0","ocean_disable_margins":"enable","ocean_add_body_class":"","ocean_shortcode_before_top_bar":"","ocean_shortcode_after_top_bar":"","ocean_shortcode_before_header":"","ocean_shortcode_after_header":"","ocean_has_shortcode":"","ocean_shortcode_after_title":"","ocean_shortcode_before_footer_widgets":"","ocean_shortcode_after_footer_widgets":"","ocean_shortcode_before_footer_bottom":"","ocean_shortcode_after_footer_bottom":"","ocean_display_top_bar":"default","ocean_display_header":"default","ocean_header_style":"","ocean_center_header_left_menu":"0","ocean_custom_header_template":"0","ocean_custom_logo":0,"ocean_custom_retina_logo":0,"ocean_custom_logo_max_width":0,"ocean_custom_logo_tablet_max_width":0,"ocean_custom_logo_mobile_max_width":0,"ocean_custom_logo_max_height":0,"ocean_custom_logo_tablet_max_height":0,"ocean_custom_logo_mobile_max_height":0,"ocean_header_custom_menu":"0","ocean_menu_typo_font_family":"0","ocean_menu_typo_font_subset":"","ocean_menu_typo_font_size":0,"ocean_menu_typo_font_size_tablet":0,"ocean_menu_typo_font_size_mobile":0,"ocean_menu_typo_font_size_unit":"px","ocean_menu_typo_font_weight":"","ocean_menu_typo_font_weight_tablet":"","ocean_menu_typo_font_weight_mobile":"","ocean_menu_typo_transform":"","ocean_menu_typo_transform_tablet":"","ocean_menu_typo_transform_mobile":"","ocean_menu_typo_line_height":0,"ocean_menu_typo_line_height_tablet":0,"ocean_menu_typo_line_height_mobile":0,"ocean_menu_typo_line_height_unit":"","ocean_menu_typo_spacing":0,"ocean_menu_typo_spacing_tablet":0,"ocean_menu_typo_spacing_mobile":0,"ocean_menu_typo_spacing_unit":"","ocean_menu_link_color":"","ocean_menu_link_color_hover":"","ocean_menu_link_color_active":"","ocean_menu_link_background":"","ocean_menu_link_hover_background":"","ocean_menu_link_active_background":"","ocean_menu_social_links_bg":"","ocean_menu_social_hover_links_bg":"","ocean_menu_social_links_color":"","ocean_menu_social_hover_links_color":"","ocean_disable_title":"default","ocean_disable_heading":"default","ocean_post_title":"","ocean_post_subheading":"","ocean_post_title_style":"","ocean_post_title_background_color":"","ocean_post_title_background":0,"ocean_post_title_bg_image_position":"","ocean_post_title_bg_image_attachment":"","ocean_post_title_bg_image_repeat":"","ocean_post_title_bg_image_size":"","ocean_post_title_height":0,"ocean_post_title_bg_overlay":0.5,"ocean_post_title_bg_overlay_color":"","ocean_disable_breadcrumbs":"default","ocean_breadcrumbs_color":"","ocean_breadcrumbs_separator_color":"","ocean_breadcrumbs_links_color":"","ocean_breadcrumbs_links_hover_color":"","ocean_display_footer_widgets":"default","ocean_display_footer_bottom":"default","ocean_custom_footer_template":"0"},"product_brand":[],"product_cat":[43,39,35,21],"product_tag":[],"class_list":{"0":"post-980","1":"product","2":"type-product","3":"status-publish","4":"has-post-thumbnail","6":"product_cat-soins-anti-rougeurs-et-peau-sensible","7":"product_cat-soins-anti-taches-et-depigmentants","8":"product_cat-soins-hydratants-et-nourrissants","9":"product_cat-visage","11":"entry","12":"has-media","14":"first","15":"instock","16":"taxable","17":"shipping-taxable","18":"purchasable","19":"product-type-simple","20":"has-product-nav","21":"col","22":"span_1_of_3","23":"owp-content-center","24":"owp-thumbs-layout-horizontal","25":"owp-btn-normal","26":"owp-tabs-layout-horizontal"},"_links":{"self":[{"href":"https:\/\/ellypara.com\/index.php\/wp-json\/wp\/v2\/product\/980","targetHints":{"allow":["GET"]}}],"collection":[{"href":"https:\/\/ellypara.com\/index.php\/wp-json\/wp\/v2\/product"}],"about":[{"href":"https:\/\/ellypara.com\/index.php\/wp-json\/wp\/v2\/types\/product"}],"replies":[{"embeddable":true,"href":"https:\/\/ellypara.com\/index.php\/wp-json\/wp\/v2\/comments?post=980"}],"wp:featuredmedia":[{"embeddable":true,"href":"https:\/\/ellypara.com\/index.php\/wp-json\/wp\/v2\/media\/981"}],"wp:attachment":[{"href":"https:\/\/ellypara.com\/index.php\/wp-json\/wp\/v2\/media?parent=980"}],"wp:term":[{"taxonomy":"product_brand","embeddable":true,"href":"https:\/\/ellypara.com\/index.php\/wp-json\/wp\/v2\/product_brand?post=980"},{"taxonomy":"product_cat","embeddable":true,"href":"https:\/\/ellypara.com\/index.php\/wp-json\/wp\/v2\/product_cat?post=980"},{"taxonomy":"product_tag","embeddable":true,"href":"https:\/\/ellypara.com\/index.php\/wp-json\/wp\/v2\/product_tag?post=980"}],"curies":[{"name":"wp","href":"https:\/\/api.w.org\/{rel}","templated":true}]}}