{"id":984,"date":"2025-03-24T14:32:37","date_gmt":"2025-03-24T13:32:37","guid":{"rendered":"https:\/\/ellypara.com\/?post_type=product&#038;p=984"},"modified":"2025-03-24T14:32:37","modified_gmt":"2025-03-24T13:32:37","slug":"svr-ecran-sebiaclear-spf50-40ml","status":"publish","type":"product","link":"https:\/\/ellypara.com\/index.php\/produit\/svr-ecran-sebiaclear-spf50-40ml\/","title":{"rendered":"SVR ECRAN SEBIACLEAR SPF50+ 40ML"},"content":{"rendered":"<p><strong>Sebiaclear Cr\u00e8me Matifiante SPF50+<\/strong>\u00a040ml, un soin 2 en 1 pour assurer une protection solaire adapt\u00e9e aux peaux \u00e0 tendances acn\u00e9iques.<\/p>\n<p>En effet, sa formulation permet d\u2019\u00e9liminer les points noirs et les boutons tout en hydratant et matifiant les couches sup\u00e9rieures des tissus cutan\u00e9s.<\/p>\n<p>Le plus ? Sa texture fine au touche sec et non gras, permet une application rapide et id\u00e9al pour joli teint.<\/p>\n<p><strong>Conditionnement\u00a0:\u00a0<\/strong>Tube de 40 ml<\/p>\n<p><strong>CONSEILS D\u2019UTILISATION<\/strong><\/p>\n<p>Avant de s\u2019exposer au soleil, appliquer uniform\u00e9ment sur le visage. Renouveler fr\u00e9quemment l\u2019application.<\/p>\n<p><strong>COMPOSITION<\/strong><\/p>\n<p>Aqua\/Water\/Eau, Silica, Diethylamino hydroxybenzoyl hexyl benzoate, Disopropyl Adipate, Ethylhexyl triazone, Beheneth-25, Isononyl Isononanoate, Niacinamide, Bis-ethylhexyloxyphenol, Methoxyphenyl triazine, Glycerin, C12-15 Alkyl Benzoate, C15-19 Alkane, Diethylhexyl Butamido Triazone, Glyceryl stearate Citrate, Acrylates\/C12-22 Alkyl Methacrylate Copolymer, Pentylene Glycol, Butylene glycol, Salicylic acid, 1,2-hexanediol, Caprylyl Glycol, Parfum (fragrance), Arginine, Coco-Glucoside, xanthan gum, Tocopherol, Sodium hydroxide, Disodium Lauryl Sulfosuccinate Glycine Soja (Soybean) oil, Lecithin, Sarcosine, Lepidium Sativum (Sprout) extract.<\/p>\n","protected":false},"excerpt":{"rendered":"<p><strong>SVR Sebiaclear Cr\u00e8me Matifiante SPF50+ 40 ml<\/strong> est un 2 en 1 pour le visage : tr\u00e8s haute protection solaire et soin matifiant des peaux grasses \u00e0 tendance acn\u00e9ique.<\/p>\n","protected":false},"featured_media":985,"comment_status":"open","ping_status":"closed","template":"","meta":{"ocean_post_layout":"","ocean_both_sidebars_style":"","ocean_both_sidebars_content_width":0,"ocean_both_sidebars_sidebars_width":0,"ocean_sidebar":"0","ocean_second_sidebar":"0","ocean_disable_margins":"enable","ocean_add_body_class":"","ocean_shortcode_before_top_bar":"","ocean_shortcode_after_top_bar":"","ocean_shortcode_before_header":"","ocean_shortcode_after_header":"","ocean_has_shortcode":"","ocean_shortcode_after_title":"","ocean_shortcode_before_footer_widgets":"","ocean_shortcode_after_footer_widgets":"","ocean_shortcode_before_footer_bottom":"","ocean_shortcode_after_footer_bottom":"","ocean_display_top_bar":"default","ocean_display_header":"default","ocean_header_style":"","ocean_center_header_left_menu":"0","ocean_custom_header_template":"0","ocean_custom_logo":0,"ocean_custom_retina_logo":0,"ocean_custom_logo_max_width":0,"ocean_custom_logo_tablet_max_width":0,"ocean_custom_logo_mobile_max_width":0,"ocean_custom_logo_max_height":0,"ocean_custom_logo_tablet_max_height":0,"ocean_custom_logo_mobile_max_height":0,"ocean_header_custom_menu":"0","ocean_menu_typo_font_family":"0","ocean_menu_typo_font_subset":"","ocean_menu_typo_font_size":0,"ocean_menu_typo_font_size_tablet":0,"ocean_menu_typo_font_size_mobile":0,"ocean_menu_typo_font_size_unit":"px","ocean_menu_typo_font_weight":"","ocean_menu_typo_font_weight_tablet":"","ocean_menu_typo_font_weight_mobile":"","ocean_menu_typo_transform":"","ocean_menu_typo_transform_tablet":"","ocean_menu_typo_transform_mobile":"","ocean_menu_typo_line_height":0,"ocean_menu_typo_line_height_tablet":0,"ocean_menu_typo_line_height_mobile":0,"ocean_menu_typo_line_height_unit":"","ocean_menu_typo_spacing":0,"ocean_menu_typo_spacing_tablet":0,"ocean_menu_typo_spacing_mobile":0,"ocean_menu_typo_spacing_unit":"","ocean_menu_link_color":"","ocean_menu_link_color_hover":"","ocean_menu_link_color_active":"","ocean_menu_link_background":"","ocean_menu_link_hover_background":"","ocean_menu_link_active_background":"","ocean_menu_social_links_bg":"","ocean_menu_social_hover_links_bg":"","ocean_menu_social_links_color":"","ocean_menu_social_hover_links_color":"","ocean_disable_title":"default","ocean_disable_heading":"default","ocean_post_title":"","ocean_post_subheading":"","ocean_post_title_style":"","ocean_post_title_background_color":"","ocean_post_title_background":0,"ocean_post_title_bg_image_position":"","ocean_post_title_bg_image_attachment":"","ocean_post_title_bg_image_repeat":"","ocean_post_title_bg_image_size":"","ocean_post_title_height":0,"ocean_post_title_bg_overlay":0.5,"ocean_post_title_bg_overlay_color":"","ocean_disable_breadcrumbs":"default","ocean_breadcrumbs_color":"","ocean_breadcrumbs_separator_color":"","ocean_breadcrumbs_links_color":"","ocean_breadcrumbs_links_hover_color":"","ocean_display_footer_widgets":"default","ocean_display_footer_bottom":"default","ocean_custom_footer_template":"0"},"product_brand":[],"product_cat":[76,72,20],"product_tag":[],"class_list":{"0":"post-984","1":"product","2":"type-product","3":"status-publish","4":"has-post-thumbnail","6":"product_cat-peaux-mixtes-a-grasses","7":"product_cat-protection-solaire-solaire","8":"product_cat-solaire","10":"entry","11":"has-media","13":"first","14":"instock","15":"taxable","16":"shipping-taxable","17":"purchasable","18":"product-type-simple","19":"has-product-nav","20":"col","21":"span_1_of_3","22":"owp-content-center","23":"owp-thumbs-layout-horizontal","24":"owp-btn-normal","25":"owp-tabs-layout-horizontal"},"_links":{"self":[{"href":"https:\/\/ellypara.com\/index.php\/wp-json\/wp\/v2\/product\/984","targetHints":{"allow":["GET"]}}],"collection":[{"href":"https:\/\/ellypara.com\/index.php\/wp-json\/wp\/v2\/product"}],"about":[{"href":"https:\/\/ellypara.com\/index.php\/wp-json\/wp\/v2\/types\/product"}],"replies":[{"embeddable":true,"href":"https:\/\/ellypara.com\/index.php\/wp-json\/wp\/v2\/comments?post=984"}],"wp:featuredmedia":[{"embeddable":true,"href":"https:\/\/ellypara.com\/index.php\/wp-json\/wp\/v2\/media\/985"}],"wp:attachment":[{"href":"https:\/\/ellypara.com\/index.php\/wp-json\/wp\/v2\/media?parent=984"}],"wp:term":[{"taxonomy":"product_brand","embeddable":true,"href":"https:\/\/ellypara.com\/index.php\/wp-json\/wp\/v2\/product_brand?post=984"},{"taxonomy":"product_cat","embeddable":true,"href":"https:\/\/ellypara.com\/index.php\/wp-json\/wp\/v2\/product_cat?post=984"},{"taxonomy":"product_tag","embeddable":true,"href":"https:\/\/ellypara.com\/index.php\/wp-json\/wp\/v2\/product_tag?post=984"}],"curies":[{"name":"wp","href":"https:\/\/api.w.org\/{rel}","templated":true}]}}