{"id":990,"date":"2025-03-24T14:44:21","date_gmt":"2025-03-24T13:44:21","guid":{"rendered":"https:\/\/ellypara.com\/?post_type=product&#038;p=990"},"modified":"2025-03-24T14:45:31","modified_gmt":"2025-03-24T13:45:31","slug":"svr-ecran-sensifine-ar-cr-spf50-40ml","status":"publish","type":"product","link":"https:\/\/ellypara.com\/index.php\/produit\/svr-ecran-sensifine-ar-cr-spf50-40ml\/","title":{"rendered":"SVR ECRAN SENSIFINE AR CR SPF50+ 40ML"},"content":{"rendered":"<p><strong>SVR Sensifine AR Cr\u00e8me Apaisante Anti-rougeurs SPF50+ 40ml<\/strong>\u00a0associe une tr\u00e8s haute protection \u00e0 des actifs apaisants et anti-rougeurs. M\u00eame expos\u00e9es, vos rougeurs sont att\u00e9nu\u00e9es, vos sensations d\u2019\u00e9chauffement r\u00e9duites.<br \/>\nHypoallerg\u00e9nique. Efficacit\u00e9 prouv\u00e9e sous contr\u00f4le dermatologique.<br \/>\nEfficacit\u00e9 prouv\u00e9e sur peaux sensibles \u00e0 tendance couperosique.<\/p>\n<p>\u2013 96% le produit apaise imm\u00e9diatement la peau.<br \/>\n\u2013 74% le produit att\u00e9nue les rougeurs.\u00a0 \u00a0 \u00a0 \u00a0 \u00a0 \u00a0 \u00a0 \u00a0 \u00a0 \u00a0 \u00a0 \u00a0 \u00a0 \u00a0 \u00a0 \u00a0 \u00a0 \u00a0 \u00a0 \u00a0 \u00a0 \u00a0 \u00a0 \u00a0 \u00a0 \u00a0 \u00a0 \u00a0 \u00a0 \u00a0 \u00a0 \u00a0 \u00a0 \u00a0 \u00a0 \u00a0 \u00a0 \u00a0 \u00a0 \u00a0 \u00a0 \u00a0 \u00a0 \u00a0 \u00a0 \u00a0 \u00a0 \u00a0 \u2013 71% le teint est plus uniforme.<\/p>\n<p>*Auto-\u00e9valuation sur 23 volontaires pendant 21 jours en application bi-quotidienne, % de satisfaction<br \/>\n*Auto-\u00e9valuation sur 21 volontaires pendant 28 jours en application bi-quotidienne, % de satisfaction<\/p>\n<p><strong>Indications :<\/strong><\/p>\n<p>Pour les peaux sujettes aux rougeurs, \u00e0 tendance couperosique. Visage. Adultes.<\/p>\n<p>Test\u00e9e sous contr\u00f4le dermatologique sur peaux \u00e0 tendance couperosique. Hypoallerg\u00e9nique.<\/p>\n<p><strong>Conseils d\u2019utilisation :<\/strong><\/p>\n<p>Avant de s\u2019exposer au soleil, appliquer une dose suffisante et homog\u00e8ne sur le visage. Renouveler fr\u00e9quemment l\u2019application.<\/p>\n<p><strong>Composition :<\/strong><\/p>\n<p>Aqua\/water\/eau, diisopropyl adipate, diethylamino hydroxybenzoyl hexyl benzoate, dicaprylyl ether, ethylhexyl triazone, silica, bis-ethylhexyloxyphenol methoxyphenyl triazine, cetearyl alcohol, c12-15 alkyl benzoate, diethylhexyl butamido triazone, ceteareth-20, hydrogenated vegetable oil, glycerin, pentylene glycol, acrylates\/c12-22 alkyl methacrylate copolymer, 1,2-hexanediol, niacinamide, polyester-7, hydroxyethyl acrylate\/sodium acryloyldimethyl taurate copolymer, dipotassium glycyrrhizate, neopentyl glycol diheptanoate, caprylyl glycol, arginine, xanthan gum, coco-glucoside, tocopherol, citric acid, glycine soja (soybean) oil, disodium lauryl sulfosuccinate, polysorbate 60, sorbitan isostearate, lecithin, rosmarinyl glucoside, caffeyl glucoside, gallyl glucoside, lepidium sativum sprout extract<\/p>\n<p><strong>Conditionnement :<\/strong><\/p>\n<p>1 tube de 40ml.<\/p>\n","protected":false},"excerpt":{"rendered":"<p><strong>SVR Sensifine AR Cr\u00e8me SPF50+ 40 ml<\/strong> est une cr\u00e8me tr\u00e8s haute protection apaisante et anti-rougeurs, sp\u00e9cialement destin\u00e9e aux peaux \u00e0 tendance couperosique.<\/p>\n","protected":false},"featured_media":991,"comment_status":"open","ping_status":"closed","template":"","meta":{"ocean_post_layout":"","ocean_both_sidebars_style":"","ocean_both_sidebars_content_width":0,"ocean_both_sidebars_sidebars_width":0,"ocean_sidebar":"0","ocean_second_sidebar":"0","ocean_disable_margins":"enable","ocean_add_body_class":"","ocean_shortcode_before_top_bar":"","ocean_shortcode_after_top_bar":"","ocean_shortcode_before_header":"","ocean_shortcode_after_header":"","ocean_has_shortcode":"","ocean_shortcode_after_title":"","ocean_shortcode_before_footer_widgets":"","ocean_shortcode_after_footer_widgets":"","ocean_shortcode_before_footer_bottom":"","ocean_shortcode_after_footer_bottom":"","ocean_display_top_bar":"default","ocean_display_header":"default","ocean_header_style":"","ocean_center_header_left_menu":"0","ocean_custom_header_template":"0","ocean_custom_logo":0,"ocean_custom_retina_logo":0,"ocean_custom_logo_max_width":0,"ocean_custom_logo_tablet_max_width":0,"ocean_custom_logo_mobile_max_width":0,"ocean_custom_logo_max_height":0,"ocean_custom_logo_tablet_max_height":0,"ocean_custom_logo_mobile_max_height":0,"ocean_header_custom_menu":"0","ocean_menu_typo_font_family":"0","ocean_menu_typo_font_subset":"","ocean_menu_typo_font_size":0,"ocean_menu_typo_font_size_tablet":0,"ocean_menu_typo_font_size_mobile":0,"ocean_menu_typo_font_size_unit":"px","ocean_menu_typo_font_weight":"","ocean_menu_typo_font_weight_tablet":"","ocean_menu_typo_font_weight_mobile":"","ocean_menu_typo_transform":"","ocean_menu_typo_transform_tablet":"","ocean_menu_typo_transform_mobile":"","ocean_menu_typo_line_height":0,"ocean_menu_typo_line_height_tablet":0,"ocean_menu_typo_line_height_mobile":0,"ocean_menu_typo_line_height_unit":"","ocean_menu_typo_spacing":0,"ocean_menu_typo_spacing_tablet":0,"ocean_menu_typo_spacing_mobile":0,"ocean_menu_typo_spacing_unit":"","ocean_menu_link_color":"","ocean_menu_link_color_hover":"","ocean_menu_link_color_active":"","ocean_menu_link_background":"","ocean_menu_link_hover_background":"","ocean_menu_link_active_background":"","ocean_menu_social_links_bg":"","ocean_menu_social_hover_links_bg":"","ocean_menu_social_links_color":"","ocean_menu_social_hover_links_color":"","ocean_disable_title":"default","ocean_disable_heading":"default","ocean_post_title":"","ocean_post_subheading":"","ocean_post_title_style":"","ocean_post_title_background_color":"","ocean_post_title_background":0,"ocean_post_title_bg_image_position":"","ocean_post_title_bg_image_attachment":"","ocean_post_title_bg_image_repeat":"","ocean_post_title_bg_image_size":"","ocean_post_title_height":0,"ocean_post_title_bg_overlay":0.5,"ocean_post_title_bg_overlay_color":"","ocean_disable_breadcrumbs":"default","ocean_breadcrumbs_color":"","ocean_breadcrumbs_separator_color":"","ocean_breadcrumbs_links_color":"","ocean_breadcrumbs_links_hover_color":"","ocean_display_footer_widgets":"default","ocean_display_footer_bottom":"default","ocean_custom_footer_template":"0"},"product_brand":[],"product_cat":[72,20],"product_tag":[],"class_list":{"0":"post-990","1":"product","2":"type-product","3":"status-publish","4":"has-post-thumbnail","6":"product_cat-protection-solaire-solaire","7":"product_cat-solaire","9":"entry","10":"has-media","12":"first","13":"instock","14":"taxable","15":"shipping-taxable","16":"purchasable","17":"product-type-simple","18":"has-product-nav","19":"col","20":"span_1_of_3","21":"owp-content-center","22":"owp-thumbs-layout-horizontal","23":"owp-btn-normal","24":"owp-tabs-layout-horizontal"},"_links":{"self":[{"href":"https:\/\/ellypara.com\/index.php\/wp-json\/wp\/v2\/product\/990","targetHints":{"allow":["GET"]}}],"collection":[{"href":"https:\/\/ellypara.com\/index.php\/wp-json\/wp\/v2\/product"}],"about":[{"href":"https:\/\/ellypara.com\/index.php\/wp-json\/wp\/v2\/types\/product"}],"replies":[{"embeddable":true,"href":"https:\/\/ellypara.com\/index.php\/wp-json\/wp\/v2\/comments?post=990"}],"wp:featuredmedia":[{"embeddable":true,"href":"https:\/\/ellypara.com\/index.php\/wp-json\/wp\/v2\/media\/991"}],"wp:attachment":[{"href":"https:\/\/ellypara.com\/index.php\/wp-json\/wp\/v2\/media?parent=990"}],"wp:term":[{"taxonomy":"product_brand","embeddable":true,"href":"https:\/\/ellypara.com\/index.php\/wp-json\/wp\/v2\/product_brand?post=990"},{"taxonomy":"product_cat","embeddable":true,"href":"https:\/\/ellypara.com\/index.php\/wp-json\/wp\/v2\/product_cat?post=990"},{"taxonomy":"product_tag","embeddable":true,"href":"https:\/\/ellypara.com\/index.php\/wp-json\/wp\/v2\/product_tag?post=990"}],"curies":[{"name":"wp","href":"https:\/\/api.w.org\/{rel}","templated":true}]}}