{"id":995,"date":"2025-03-24T14:56:51","date_gmt":"2025-03-24T13:56:51","guid":{"rendered":"https:\/\/ellypara.com\/?post_type=product&#038;p=995"},"modified":"2025-03-24T14:56:52","modified_gmt":"2025-03-24T13:56:52","slug":"svr-sun-secure-blur-sans-parfum-spf50-50ml","status":"publish","type":"product","link":"https:\/\/ellypara.com\/index.php\/produit\/svr-sun-secure-blur-sans-parfum-spf50-50ml\/","title":{"rendered":"SVR Sun Secure Blur Sans Parfum SPF50+ 50ml"},"content":{"rendered":"<p><strong>SVR Sun Secure Blur Mousse Flouteur Optique SPF50+ Sans Parfum 50 ml<\/strong> est un \u00e9cran solaire \u00e0 la texture mousse in\u00e9dite qui fond instantan\u00e9ment pour flouter les d\u00e9fauts et unifier la peau visiblement.<br \/>\nElle donne un effet peau nue et un fini incroyablement velout\u00e9.<\/p>\n<p>Le brevet\u00a0Sun Secure\u00a0est une s\u00e9lection exclusive de 4 filtres non \u00e9cotoxiques associ\u00e9e \u00e0 des actifs protecteurs pour cibler les rayons UVB + UVA + Visible + Infrarouges.<\/p>\n<p>Tr\u00e8s r\u00e9sistant \u00e0 l\u2019eau. Non com\u00e9dog\u00e8ne.<br \/>\nConvient aux peaux hypersensibles au soleil.<\/p>\n<p>Non photosensibilisant.<\/p>\n<p>Sans octocryl\u00e8ne. Sans parfum.<\/p>\n<p>Fabriqu\u00e9 en France.<\/p>\n<p><strong>CONSEIL D\u2019UTILISATION<\/strong><\/p>\n<p>Avant de s\u2019exposer au soleil, appliquer une dose suffisante et homog\u00e8ne pour couvrir le visage. Renouveler fr\u00e9quemment l\u2019application.<\/p>\n<p>Ne pas exposer les b\u00e9b\u00e9s et les jeunes enfants directement au soleil.<\/p>\n<p>Indication : \u00c9cran solaire pour la peau hypersensible au soleil.<\/p>\n<p><strong>COMPOSITION<\/strong><\/p>\n<p>Aqua\/Water\/Eau, Silica, Isododecane, Diethylamino Hydroxybenzoyl Hexyl Benzoate, Dicaprylyl Carbonate, Isopropyl Lauroyl Sarcosinate, Ethylhexyl Triazone, Beheneth-25, Diethylhexyl Butamido Triazone, Bis-Ethylhexyloxyphenol Methoxyphenyl Triazine, Coco-Caprylate\/Caprate, Dimethicone\/Bis-isobutyl PPG-20 Crosspolymer, Pentylene Glycol, Cetearyl Alcohol, 1-2-Hexanediol, Niacinamide, CI 15850 (Red 6), Glycine Soja (Soybean) Oil, Lecithin, Lepidium Sativum Sprout Extract, Glycerin, Tocopherol, Caprylyl Glycol, Ethylhexylglycerin, Sodium Polyacrylate Starch, Triethoxycaprylylsilane, Coco-Glucoside, CI 77492 (Iron Oxides).<\/p>\n","protected":false},"excerpt":{"rendered":"<p><strong>SVR SUN SECURE Blur mousse sans parfum SPF50+, 50 ml<\/strong> est une cr\u00e8me au d\u00e9licat parfum d\u2019\u00e9t\u00e9 de tr\u00e8s haute protection, dont la texture mousse est in\u00e9dite, elle fond instantan\u00e9ment pour flouter les d\u00e9fauts et unifier la peau visiblement.<\/p>\n","protected":false},"featured_media":996,"comment_status":"open","ping_status":"closed","template":"","meta":{"ocean_post_layout":"","ocean_both_sidebars_style":"","ocean_both_sidebars_content_width":0,"ocean_both_sidebars_sidebars_width":0,"ocean_sidebar":"0","ocean_second_sidebar":"0","ocean_disable_margins":"enable","ocean_add_body_class":"","ocean_shortcode_before_top_bar":"","ocean_shortcode_after_top_bar":"","ocean_shortcode_before_header":"","ocean_shortcode_after_header":"","ocean_has_shortcode":"","ocean_shortcode_after_title":"","ocean_shortcode_before_footer_widgets":"","ocean_shortcode_after_footer_widgets":"","ocean_shortcode_before_footer_bottom":"","ocean_shortcode_after_footer_bottom":"","ocean_display_top_bar":"default","ocean_display_header":"default","ocean_header_style":"","ocean_center_header_left_menu":"0","ocean_custom_header_template":"0","ocean_custom_logo":0,"ocean_custom_retina_logo":0,"ocean_custom_logo_max_width":0,"ocean_custom_logo_tablet_max_width":0,"ocean_custom_logo_mobile_max_width":0,"ocean_custom_logo_max_height":0,"ocean_custom_logo_tablet_max_height":0,"ocean_custom_logo_mobile_max_height":0,"ocean_header_custom_menu":"0","ocean_menu_typo_font_family":"0","ocean_menu_typo_font_subset":"","ocean_menu_typo_font_size":0,"ocean_menu_typo_font_size_tablet":0,"ocean_menu_typo_font_size_mobile":0,"ocean_menu_typo_font_size_unit":"px","ocean_menu_typo_font_weight":"","ocean_menu_typo_font_weight_tablet":"","ocean_menu_typo_font_weight_mobile":"","ocean_menu_typo_transform":"","ocean_menu_typo_transform_tablet":"","ocean_menu_typo_transform_mobile":"","ocean_menu_typo_line_height":0,"ocean_menu_typo_line_height_tablet":0,"ocean_menu_typo_line_height_mobile":0,"ocean_menu_typo_line_height_unit":"","ocean_menu_typo_spacing":0,"ocean_menu_typo_spacing_tablet":0,"ocean_menu_typo_spacing_mobile":0,"ocean_menu_typo_spacing_unit":"","ocean_menu_link_color":"","ocean_menu_link_color_hover":"","ocean_menu_link_color_active":"","ocean_menu_link_background":"","ocean_menu_link_hover_background":"","ocean_menu_link_active_background":"","ocean_menu_social_links_bg":"","ocean_menu_social_hover_links_bg":"","ocean_menu_social_links_color":"","ocean_menu_social_hover_links_color":"","ocean_disable_title":"default","ocean_disable_heading":"default","ocean_post_title":"","ocean_post_subheading":"","ocean_post_title_style":"","ocean_post_title_background_color":"","ocean_post_title_background":0,"ocean_post_title_bg_image_position":"","ocean_post_title_bg_image_attachment":"","ocean_post_title_bg_image_repeat":"","ocean_post_title_bg_image_size":"","ocean_post_title_height":0,"ocean_post_title_bg_overlay":0.5,"ocean_post_title_bg_overlay_color":"","ocean_disable_breadcrumbs":"default","ocean_breadcrumbs_color":"","ocean_breadcrumbs_separator_color":"","ocean_breadcrumbs_links_color":"","ocean_breadcrumbs_links_hover_color":"","ocean_display_footer_widgets":"default","ocean_display_footer_bottom":"default","ocean_custom_footer_template":"0"},"product_brand":[],"product_cat":[72,20],"product_tag":[],"class_list":{"0":"post-995","1":"product","2":"type-product","3":"status-publish","4":"has-post-thumbnail","6":"product_cat-protection-solaire-solaire","7":"product_cat-solaire","9":"entry","10":"has-media","12":"first","13":"instock","14":"taxable","15":"shipping-taxable","16":"purchasable","17":"product-type-simple","18":"has-product-nav","19":"col","20":"span_1_of_3","21":"owp-content-center","22":"owp-thumbs-layout-horizontal","23":"owp-btn-normal","24":"owp-tabs-layout-horizontal"},"_links":{"self":[{"href":"https:\/\/ellypara.com\/index.php\/wp-json\/wp\/v2\/product\/995","targetHints":{"allow":["GET"]}}],"collection":[{"href":"https:\/\/ellypara.com\/index.php\/wp-json\/wp\/v2\/product"}],"about":[{"href":"https:\/\/ellypara.com\/index.php\/wp-json\/wp\/v2\/types\/product"}],"replies":[{"embeddable":true,"href":"https:\/\/ellypara.com\/index.php\/wp-json\/wp\/v2\/comments?post=995"}],"wp:featuredmedia":[{"embeddable":true,"href":"https:\/\/ellypara.com\/index.php\/wp-json\/wp\/v2\/media\/996"}],"wp:attachment":[{"href":"https:\/\/ellypara.com\/index.php\/wp-json\/wp\/v2\/media?parent=995"}],"wp:term":[{"taxonomy":"product_brand","embeddable":true,"href":"https:\/\/ellypara.com\/index.php\/wp-json\/wp\/v2\/product_brand?post=995"},{"taxonomy":"product_cat","embeddable":true,"href":"https:\/\/ellypara.com\/index.php\/wp-json\/wp\/v2\/product_cat?post=995"},{"taxonomy":"product_tag","embeddable":true,"href":"https:\/\/ellypara.com\/index.php\/wp-json\/wp\/v2\/product_tag?post=995"}],"curies":[{"name":"wp","href":"https:\/\/api.w.org\/{rel}","templated":true}]}}